{"id":432884,"date":"2026-04-05T15:49:19","date_gmt":"2026-04-05T13:49:19","guid":{"rendered":"https:\/\/bogensportdiscount.ch\/produkt\/recurve-strings-gravity-dynagen-6614-strands-white\/"},"modified":"2026-05-14T15:28:02","modified_gmt":"2026-05-14T13:28:02","slug":"flexarchery-recurve-sehne-gravity-dynagen","status":"publish","type":"product","link":"https:\/\/bogensportdiscount.ch\/fr\/produit\/flexarchery-recurve-sehne-gravity-dynagen\/","title":{"rendered":"FLEXARCHERY CORDES POUR ARC CLASSIQUE GRAVITY DYNAGEN"},"content":{"rendered":"<p>La corde pour arc classique FLEXARCHERY Gravity Dynagen est une corde de haute qualit\u00e9 pour arc classique. Elle est propos\u00e9e en diff\u00e9rentes longueurs et permet une adaptation pr\u00e9cise \u00e0 votre arc personnel.<\/p>\n<p>Cette corde se distingue par une fabrication robuste et des performances fiables. La s\u00e9rie Gravity Dynagen de Flex-Archery offre une base solide pour des tirs constants en entra\u00eenement et en comp\u00e9tition.<\/p>","protected":false},"excerpt":{"rendered":"<table>\n<tr>\n<th>Propri\u00e9t\u00e9<\/th>\n<th>Valeur<\/th>\n<\/tr>\n<tr>\n<td>Marque<\/td>\n<td>Flex-Archery<\/td>\n<\/tr>\n<tr>\n<td>Longueurs disponibles<\/td>\n<td>66&#8243;, 68&#8243;, 70&#8243;<\/td>\n<\/tr>\n<tr>\n<td>Pays d'origine<\/td>\n<td>Espagne<\/td>\n<\/tr>\n<\/table>","protected":false},"featured_media":453571,"comment_status":"open","ping_status":"closed","template":"","meta":[],"product_brand":[447],"product_cat":[4638],"product_tag":[],"class_list":{"0":"post-432884","1":"product","2":"type-product","3":"status-publish","4":"has-post-thumbnail","6":"product_brand-flexarchery","7":"product_cat-recurve-strings-sehnen-kabel-bogen-zubehoer","8":"product_shipping_class-bsd-standard","10":"first","11":"instock","12":"shipping-taxable","13":"purchasable","14":"product-type-variable"},"yoast_head":"<!-- This site is optimized with the Yoast SEO plugin v27.6 - https:\/\/yoast.com\/product\/yoast-seo-wordpress\/ -->\n<title>FLEXARCHERY RECURVEBOGEN SEHNEN GRAVITY DYNAGEN - Bogensportdiscount \u2013 B\u00f6gen, Pfeile, Targets &amp; Zubeh\u00f6r<\/title>\n<meta name=\"description\" content=\"FLEXARCHERY RECURVEBOGEN SEHNEN GRAVITY DYNAGEN g\u00fcnstig kaufen bei Bogensportdiscount \u2013 Top-Marken, schneller Versand aus der Schweiz.\" \/>\n<meta name=\"robots\" content=\"index, follow, max-snippet:-1, max-image-preview:large, max-video-preview:-1\" \/>\n<link rel=\"canonical\" href=\"https:\/\/bogensportdiscount.ch\/fr\/produit\/flexarchery-recurve-sehne-gravity-dynagen\/\" \/>\n<meta property=\"og:locale\" content=\"fr_FR\" \/>\n<meta property=\"og:type\" content=\"article\" \/>\n<meta property=\"og:title\" content=\"FLEXARCHERY RECURVEBOGEN SEHNEN GRAVITY DYNAGEN - Bogensportdiscount \u2013 B\u00f6gen, Pfeile, Targets &amp; Zubeh\u00f6r\" \/>\n<meta property=\"og:description\" content=\"FLEXARCHERY RECURVEBOGEN SEHNEN GRAVITY DYNAGEN g\u00fcnstig kaufen bei Bogensportdiscount \u2013 Top-Marken, schneller Versand aus der Schweiz.\" \/>\n<meta property=\"og:url\" content=\"https:\/\/bogensportdiscount.ch\/fr\/produit\/flexarchery-recurve-sehne-gravity-dynagen\/\" \/>\n<meta property=\"og:site_name\" content=\"Bogensportdiscount \u2013 B\u00f6gen, Pfeile, Targets &amp; Zubeh\u00f6r\" \/>\n<meta property=\"article:modified_time\" content=\"2026-05-14T13:28:02+00:00\" \/>\n<meta property=\"og:image\" content=\"https:\/\/bogensportdiscount.ch\/wp-content\/uploads\/bsm-images\/a101711_1.png\" \/>\n\t<meta property=\"og:image:width\" content=\"400\" \/>\n\t<meta property=\"og:image:height\" content=\"150\" \/>\n\t<meta property=\"og:image:type\" content=\"image\/png\" \/>\n<meta name=\"twitter:card\" content=\"summary_large_image\" \/>\n<script type=\"application\/ld+json\" class=\"yoast-schema-graph\">{\"@context\":\"https:\\\/\\\/schema.org\",\"@graph\":[{\"@type\":\"WebPage\",\"@id\":\"https:\\\/\\\/bogensportdiscount.ch\\\/produkt\\\/flexarchery-recurve-sehne-gravity-dynagen\\\/\",\"url\":\"https:\\\/\\\/bogensportdiscount.ch\\\/produkt\\\/flexarchery-recurve-sehne-gravity-dynagen\\\/\",\"name\":\"FLEXARCHERY RECURVEBOGEN SEHNEN GRAVITY DYNAGEN - Bogensportdiscount \u2013 B\u00f6gen, Pfeile, Targets &amp; Zubeh\u00f6r\",\"isPartOf\":{\"@id\":\"https:\\\/\\\/bogensportdiscount.ch\\\/#website\"},\"primaryImageOfPage\":{\"@id\":\"https:\\\/\\\/bogensportdiscount.ch\\\/produkt\\\/flexarchery-recurve-sehne-gravity-dynagen\\\/#primaryimage\"},\"image\":{\"@id\":\"https:\\\/\\\/bogensportdiscount.ch\\\/produkt\\\/flexarchery-recurve-sehne-gravity-dynagen\\\/#primaryimage\"},\"thumbnailUrl\":\"https:\\\/\\\/bogensportdiscount.ch\\\/wp-content\\\/uploads\\\/bsm-images\\\/a101711_1.png\",\"datePublished\":\"2026-04-05T13:49:19+00:00\",\"dateModified\":\"2026-05-14T13:28:02+00:00\",\"description\":\"FLEXARCHERY RECURVEBOGEN SEHNEN GRAVITY DYNAGEN g\u00fcnstig kaufen bei Bogensportdiscount \u2013 Top-Marken, schneller Versand aus der Schweiz.\",\"breadcrumb\":{\"@id\":\"https:\\\/\\\/bogensportdiscount.ch\\\/produkt\\\/flexarchery-recurve-sehne-gravity-dynagen\\\/#breadcrumb\"},\"inLanguage\":\"fr-FR\",\"potentialAction\":[{\"@type\":\"ReadAction\",\"target\":[\"https:\\\/\\\/bogensportdiscount.ch\\\/produkt\\\/flexarchery-recurve-sehne-gravity-dynagen\\\/\"]}]},{\"@type\":\"ImageObject\",\"inLanguage\":\"fr-FR\",\"@id\":\"https:\\\/\\\/bogensportdiscount.ch\\\/produkt\\\/flexarchery-recurve-sehne-gravity-dynagen\\\/#primaryimage\",\"url\":\"https:\\\/\\\/bogensportdiscount.ch\\\/wp-content\\\/uploads\\\/bsm-images\\\/a101711_1.png\",\"contentUrl\":\"https:\\\/\\\/bogensportdiscount.ch\\\/wp-content\\\/uploads\\\/bsm-images\\\/a101711_1.png\",\"width\":400,\"height\":150},{\"@type\":\"BreadcrumbList\",\"@id\":\"https:\\\/\\\/bogensportdiscount.ch\\\/produkt\\\/flexarchery-recurve-sehne-gravity-dynagen\\\/#breadcrumb\",\"itemListElement\":[{\"@type\":\"ListItem\",\"position\":1,\"name\":\"Home\",\"item\":\"https:\\\/\\\/bogensportdiscount.ch\\\/\"},{\"@type\":\"ListItem\",\"position\":2,\"name\":\"Shop\",\"item\":\"https:\\\/\\\/bogensportdiscount.ch\\\/shop\\\/\"},{\"@type\":\"ListItem\",\"position\":3,\"name\":\"FLEXARCHERY RECURVE SEHNEN GRAVITY DYNAGEN\"}]},{\"@type\":\"WebSite\",\"@id\":\"https:\\\/\\\/bogensportdiscount.ch\\\/#website\",\"url\":\"https:\\\/\\\/bogensportdiscount.ch\\\/\",\"name\":\"Bogensportdiscount\",\"description\":\"\",\"potentialAction\":[{\"@type\":\"SearchAction\",\"target\":{\"@type\":\"EntryPoint\",\"urlTemplate\":\"https:\\\/\\\/bogensportdiscount.ch\\\/?s={search_term_string}\"},\"query-input\":{\"@type\":\"PropertyValueSpecification\",\"valueRequired\":true,\"valueName\":\"search_term_string\"}}],\"inLanguage\":\"fr-FR\"}]}<\/script>\n<!-- \/ Yoast SEO plugin. -->","yoast_head_json":{"title":"FLEXARCHERY RECURVEBOGEN SEHNEN GRAVITY DYNAGEN - Bogensportdiscount \u2013 B\u00f6gen, Pfeile, Targets &amp; Zubeh\u00f6r","description":"FLEXARCHERY RECURVEBOGEN SEHNEN GRAVITY DYNAGEN g\u00fcnstig kaufen bei Bogensportdiscount \u2013 Top-Marken, schneller Versand aus der Schweiz.","robots":{"index":"index","follow":"follow","max-snippet":"max-snippet:-1","max-image-preview":"max-image-preview:large","max-video-preview":"max-video-preview:-1"},"canonical":"https:\/\/bogensportdiscount.ch\/fr\/produit\/flexarchery-recurve-sehne-gravity-dynagen\/","og_locale":"fr_FR","og_type":"article","og_title":"FLEXARCHERY RECURVEBOGEN SEHNEN GRAVITY DYNAGEN - Bogensportdiscount \u2013 B\u00f6gen, Pfeile, Targets &amp; Zubeh\u00f6r","og_description":"FLEXARCHERY RECURVEBOGEN SEHNEN GRAVITY DYNAGEN g\u00fcnstig kaufen bei Bogensportdiscount \u2013 Top-Marken, schneller Versand aus der Schweiz.","og_url":"https:\/\/bogensportdiscount.ch\/fr\/produit\/flexarchery-recurve-sehne-gravity-dynagen\/","og_site_name":"Bogensportdiscount \u2013 B\u00f6gen, Pfeile, Targets &amp; Zubeh\u00f6r","article_modified_time":"2026-05-14T13:28:02+00:00","og_image":[{"width":400,"height":150,"url":"https:\/\/bogensportdiscount.ch\/wp-content\/uploads\/bsm-images\/a101711_1.png","type":"image\/png"}],"twitter_card":"summary_large_image","schema":{"@context":"https:\/\/schema.org","@graph":[{"@type":"WebPage","@id":"https:\/\/bogensportdiscount.ch\/produkt\/flexarchery-recurve-sehne-gravity-dynagen\/","url":"https:\/\/bogensportdiscount.ch\/produkt\/flexarchery-recurve-sehne-gravity-dynagen\/","name":"FLEXARCHERY RECURVEBOGEN SEHNEN GRAVITY DYNAGEN - Bogensportdiscount \u2013 B\u00f6gen, Pfeile, Targets &amp; Zubeh\u00f6r","isPartOf":{"@id":"https:\/\/bogensportdiscount.ch\/#website"},"primaryImageOfPage":{"@id":"https:\/\/bogensportdiscount.ch\/produkt\/flexarchery-recurve-sehne-gravity-dynagen\/#primaryimage"},"image":{"@id":"https:\/\/bogensportdiscount.ch\/produkt\/flexarchery-recurve-sehne-gravity-dynagen\/#primaryimage"},"thumbnailUrl":"https:\/\/bogensportdiscount.ch\/wp-content\/uploads\/bsm-images\/a101711_1.png","datePublished":"2026-04-05T13:49:19+00:00","dateModified":"2026-05-14T13:28:02+00:00","description":"FLEXARCHERY RECURVEBOGEN SEHNEN GRAVITY DYNAGEN g\u00fcnstig kaufen bei Bogensportdiscount \u2013 Top-Marken, schneller Versand aus der Schweiz.","breadcrumb":{"@id":"https:\/\/bogensportdiscount.ch\/produkt\/flexarchery-recurve-sehne-gravity-dynagen\/#breadcrumb"},"inLanguage":"fr-FR","potentialAction":[{"@type":"ReadAction","target":["https:\/\/bogensportdiscount.ch\/produkt\/flexarchery-recurve-sehne-gravity-dynagen\/"]}]},{"@type":"ImageObject","inLanguage":"fr-FR","@id":"https:\/\/bogensportdiscount.ch\/produkt\/flexarchery-recurve-sehne-gravity-dynagen\/#primaryimage","url":"https:\/\/bogensportdiscount.ch\/wp-content\/uploads\/bsm-images\/a101711_1.png","contentUrl":"https:\/\/bogensportdiscount.ch\/wp-content\/uploads\/bsm-images\/a101711_1.png","width":400,"height":150},{"@type":"BreadcrumbList","@id":"https:\/\/bogensportdiscount.ch\/produkt\/flexarchery-recurve-sehne-gravity-dynagen\/#breadcrumb","itemListElement":[{"@type":"ListItem","position":1,"name":"Home","item":"https:\/\/bogensportdiscount.ch\/"},{"@type":"ListItem","position":2,"name":"Shop","item":"https:\/\/bogensportdiscount.ch\/shop\/"},{"@type":"ListItem","position":3,"name":"FLEXARCHERY RECURVE SEHNEN GRAVITY DYNAGEN"}]},{"@type":"WebSite","@id":"https:\/\/bogensportdiscount.ch\/#website","url":"https:\/\/bogensportdiscount.ch\/","name":"Bogensportdiscount","description":"","potentialAction":[{"@type":"SearchAction","target":{"@type":"EntryPoint","urlTemplate":"https:\/\/bogensportdiscount.ch\/?s={search_term_string}"},"query-input":{"@type":"PropertyValueSpecification","valueRequired":true,"valueName":"search_term_string"}}],"inLanguage":"fr-FR"}]}},"_links":{"self":[{"href":"https:\/\/bogensportdiscount.ch\/fr\/wp-json\/wp\/v2\/product\/432884","targetHints":{"allow":["GET"]}}],"collection":[{"href":"https:\/\/bogensportdiscount.ch\/fr\/wp-json\/wp\/v2\/product"}],"about":[{"href":"https:\/\/bogensportdiscount.ch\/fr\/wp-json\/wp\/v2\/types\/product"}],"replies":[{"embeddable":true,"href":"https:\/\/bogensportdiscount.ch\/fr\/wp-json\/wp\/v2\/comments?post=432884"}],"wp:featuredmedia":[{"embeddable":true,"href":"https:\/\/bogensportdiscount.ch\/fr\/wp-json\/wp\/v2\/media\/453571"}],"wp:attachment":[{"href":"https:\/\/bogensportdiscount.ch\/fr\/wp-json\/wp\/v2\/media?parent=432884"}],"wp:term":[{"taxonomy":"product_brand","embeddable":true,"href":"https:\/\/bogensportdiscount.ch\/fr\/wp-json\/wp\/v2\/product_brand?post=432884"},{"taxonomy":"product_cat","embeddable":true,"href":"https:\/\/bogensportdiscount.ch\/fr\/wp-json\/wp\/v2\/product_cat?post=432884"},{"taxonomy":"product_tag","embeddable":true,"href":"https:\/\/bogensportdiscount.ch\/fr\/wp-json\/wp\/v2\/product_tag?post=432884"}],"curies":[{"name":"wp","href":"https:\/\/api.w.org\/{rel}","templated":true}]}}