{"id":432667,"date":"2026-04-05T15:48:43","date_gmt":"2026-04-05T13:48:43","guid":{"rendered":"https:\/\/bogensportdiscount.ch\/produkt\/driver-slider-ck-picatinny-accustat-ii-rh-5-pin-019-midnight-cerakote\/"},"modified":"2026-04-21T09:48:41","modified_gmt":"2026-04-21T07:48:41","slug":"axcel-compound-visier-driver-slider-ck-picatinny-accustat-ii-rh-5-pin-019","status":"publish","type":"product","link":"https:\/\/bogensportdiscount.ch\/fr\/produit\/axcel-compound-visier-driver-slider-ck-picatinny-accustat-ii-rh-5-pin-019\/","title":{"rendered":"AXCEL DRIVER SLIDER CK PICATINNY ACCUSTAT II RH 5-PIN .019 -"},"content":{"rendered":"<p>Das Axcel Driver Slider CK Picatinny Accustat II RH ist ein Compound-Visier f\u00fcr Jagd- und 3D-Anwendungen. Die Ausf\u00fchrung mit 5 Pins und einer Faserdicke von .019 Zoll eignet sich f\u00fcr verschiedene Entfernungseinstellungen und bietet eine klare Zielmarkierung unter unterschiedlichen Lichtverh\u00e4ltnissen.<\/p>\n<p>Der Slider-Mechanismus erm\u00f6glicht eine pr\u00e4zise Entfernungseinstellung, w\u00e4hrend die Picatinny-Schiene die Befestigung und Ausrichtung am Bogen erleichtert. Das Visier ist f\u00fcr Rechtsh\u00e4nder (RH) ausgelegt und in den USA gefertigt.<\/p>\n<ul>\n<li>5-Pin-Konfiguration mit .019 Zoll Faserdicke<\/li>\n<li>Slider-Mechanismus f\u00fcr flexible Entfernungseinstellung<\/li>\n<li>Picatinny-Schiene zur pr\u00e4zisen Montage<\/li>\n<li>Accustat-II-System von Axcel, f\u00fcr Rechtsh\u00e4nder<\/li>\n<\/ul>","protected":false},"excerpt":{"rendered":"<p>Das Axcel Driver Slider CK Picatinny Accustat II ist ein rechtsh\u00e4ndiges Compound-Jagd- und 3D-Visier mit 5-Pin-Konfiguration (.019 Faserdicke). Es kombiniert einen Slider-Mechanismus mit Picatinny-Schiene und der bew\u00e4hrten Accustat-II-Technologie von Axcel.<\/p>","protected":false},"featured_media":453631,"comment_status":"open","ping_status":"closed","template":"","meta":[],"product_brand":[467],"product_cat":[4263],"product_tag":[],"class_list":{"0":"post-432667","1":"product","2":"type-product","3":"status-publish","4":"has-post-thumbnail","6":"product_brand-axcel","7":"product_cat-jagd-und-3d-visiere","8":"product_shipping_class-bsd-standard","10":"first","11":"onbackorder","12":"shipping-taxable","13":"purchasable","14":"product-type-variable"},"yoast_head":"<!-- This site is optimized with the Yoast SEO plugin v27.4 - https:\/\/yoast.com\/product\/yoast-seo-wordpress\/ -->\n<title>AXCEL DRIVER SLIDER CK PICATINNY ACCUSTAT II RH 5 broches .019 - Bogensportdiscount \u2013 Arcs, fl\u00e8ches, cibles et accessoires<\/title>\n<meta name=\"description\" content=\"AXCEL DRIVER SLIDER CK PICATINNY ACCUSTAT II RH 5 broches .019 - Achetez au meilleur prix chez Bogensportdiscount \u2013 Les meilleures marques, livraison rapide depuis la Suisse.\" \/>\n<meta name=\"robots\" content=\"index, follow, max-snippet:-1, max-image-preview:large, max-video-preview:-1\" \/>\n<link rel=\"canonical\" href=\"https:\/\/bogensportdiscount.ch\/fr\/produit\/axcel-compound-visier-driver-slider-ck-picatinny-accustat-ii-rh-5-pin-019\/\" \/>\n<meta property=\"og:locale\" content=\"fr_FR\" \/>\n<meta property=\"og:type\" content=\"article\" \/>\n<meta property=\"og:title\" content=\"AXCEL DRIVER SLIDER CK PICATINNY ACCUSTAT II RH 5 broches .019 - Bogensportdiscount \u2013 Arcs, fl\u00e8ches, cibles et accessoires\" \/>\n<meta property=\"og:description\" content=\"AXCEL DRIVER SLIDER CK PICATINNY ACCUSTAT II RH 5 broches .019 - Achetez au meilleur prix chez Bogensportdiscount \u2013 Les meilleures marques, livraison rapide depuis la Suisse.\" \/>\n<meta property=\"og:url\" content=\"https:\/\/bogensportdiscount.ch\/fr\/produit\/axcel-compound-visier-driver-slider-ck-picatinny-accustat-ii-rh-5-pin-019\/\" \/>\n<meta property=\"og:site_name\" content=\"Bogensportdiscount \u2013 B\u00f6gen, Pfeile, Targets &amp; Zubeh\u00f6r\" \/>\n<meta property=\"article:modified_time\" content=\"2026-04-21T07:48:41+00:00\" \/>\n<meta property=\"og:image\" content=\"https:\/\/bogensportdiscount.ch\/wp-content\/uploads\/2026\/04\/bogensportdiscount.ch-pfeile-boegen-zubehoer-fuer-anfaenger-und-profis-zum-besten-preis-Symbolbild-kein-foto-zu-diesem-artikel_01.jpg\" \/>\n\t<meta property=\"og:image:width\" content=\"1080\" \/>\n\t<meta property=\"og:image:height\" content=\"1080\" \/>\n\t<meta property=\"og:image:type\" content=\"image\/jpeg\" \/>\n<meta name=\"twitter:card\" content=\"summary_large_image\" \/>\n<script type=\"application\/ld+json\" class=\"yoast-schema-graph\">{\"@context\":\"https:\\\/\\\/schema.org\",\"@graph\":[{\"@type\":\"WebPage\",\"@id\":\"https:\\\/\\\/bogensportdiscount.ch\\\/produkt\\\/axcel-compound-visier-driver-slider-ck-picatinny-accustat-ii-rh-5-pin-019\\\/\",\"url\":\"https:\\\/\\\/bogensportdiscount.ch\\\/produkt\\\/axcel-compound-visier-driver-slider-ck-picatinny-accustat-ii-rh-5-pin-019\\\/\",\"name\":\"AXCEL DRIVER SLIDER CK PICATINNY ACCUSTAT II RH 5-PIN .019 - Bogensportdiscount \u2013 B\u00f6gen, Pfeile, Targets &amp; Zubeh\u00f6r\",\"isPartOf\":{\"@id\":\"https:\\\/\\\/bogensportdiscount.ch\\\/#website\"},\"primaryImageOfPage\":{\"@id\":\"https:\\\/\\\/bogensportdiscount.ch\\\/produkt\\\/axcel-compound-visier-driver-slider-ck-picatinny-accustat-ii-rh-5-pin-019\\\/#primaryimage\"},\"image\":{\"@id\":\"https:\\\/\\\/bogensportdiscount.ch\\\/produkt\\\/axcel-compound-visier-driver-slider-ck-picatinny-accustat-ii-rh-5-pin-019\\\/#primaryimage\"},\"thumbnailUrl\":\"https:\\\/\\\/bogensportdiscount.ch\\\/wp-content\\\/uploads\\\/2026\\\/04\\\/bogensportdiscount.ch-pfeile-boegen-zubehoer-fuer-anfaenger-und-profis-zum-besten-preis-Symbolbild-kein-foto-zu-diesem-artikel_01.jpg\",\"datePublished\":\"2026-04-05T13:48:43+00:00\",\"dateModified\":\"2026-04-21T07:48:41+00:00\",\"description\":\"AXCEL DRIVER SLIDER CK PICATINNY ACCUSTAT II RH 5-PIN .019 - g\u00fcnstig kaufen bei Bogensportdiscount \u2013 Top-Marken, schneller Versand aus der Schweiz.\",\"breadcrumb\":{\"@id\":\"https:\\\/\\\/bogensportdiscount.ch\\\/produkt\\\/axcel-compound-visier-driver-slider-ck-picatinny-accustat-ii-rh-5-pin-019\\\/#breadcrumb\"},\"inLanguage\":\"fr-FR\",\"potentialAction\":[{\"@type\":\"ReadAction\",\"target\":[\"https:\\\/\\\/bogensportdiscount.ch\\\/produkt\\\/axcel-compound-visier-driver-slider-ck-picatinny-accustat-ii-rh-5-pin-019\\\/\"]}]},{\"@type\":\"ImageObject\",\"inLanguage\":\"fr-FR\",\"@id\":\"https:\\\/\\\/bogensportdiscount.ch\\\/produkt\\\/axcel-compound-visier-driver-slider-ck-picatinny-accustat-ii-rh-5-pin-019\\\/#primaryimage\",\"url\":\"https:\\\/\\\/bogensportdiscount.ch\\\/wp-content\\\/uploads\\\/2026\\\/04\\\/bogensportdiscount.ch-pfeile-boegen-zubehoer-fuer-anfaenger-und-profis-zum-besten-preis-Symbolbild-kein-foto-zu-diesem-artikel_01.jpg\",\"contentUrl\":\"https:\\\/\\\/bogensportdiscount.ch\\\/wp-content\\\/uploads\\\/2026\\\/04\\\/bogensportdiscount.ch-pfeile-boegen-zubehoer-fuer-anfaenger-und-profis-zum-besten-preis-Symbolbild-kein-foto-zu-diesem-artikel_01.jpg\",\"width\":1080,\"height\":1080},{\"@type\":\"BreadcrumbList\",\"@id\":\"https:\\\/\\\/bogensportdiscount.ch\\\/produkt\\\/axcel-compound-visier-driver-slider-ck-picatinny-accustat-ii-rh-5-pin-019\\\/#breadcrumb\",\"itemListElement\":[{\"@type\":\"ListItem\",\"position\":1,\"name\":\"Home\",\"item\":\"https:\\\/\\\/bogensportdiscount.ch\\\/\"},{\"@type\":\"ListItem\",\"position\":2,\"name\":\"Shop\",\"item\":\"https:\\\/\\\/bogensportdiscount.ch\\\/shop\\\/\"},{\"@type\":\"ListItem\",\"position\":3,\"name\":\"AXCEL DRIVER SLIDER CK PICATINNY ACCUSTAT II RH 5-PIN .019 &#8211;\"}]},{\"@type\":\"WebSite\",\"@id\":\"https:\\\/\\\/bogensportdiscount.ch\\\/#website\",\"url\":\"https:\\\/\\\/bogensportdiscount.ch\\\/\",\"name\":\"Bogensportdiscount\",\"description\":\"\",\"potentialAction\":[{\"@type\":\"SearchAction\",\"target\":{\"@type\":\"EntryPoint\",\"urlTemplate\":\"https:\\\/\\\/bogensportdiscount.ch\\\/?s={search_term_string}\"},\"query-input\":{\"@type\":\"PropertyValueSpecification\",\"valueRequired\":true,\"valueName\":\"search_term_string\"}}],\"inLanguage\":\"fr-FR\"}]}<\/script>\n<!-- \/ Yoast SEO plugin. -->","yoast_head_json":{"title":"AXCEL DRIVER SLIDER CK PICATINNY ACCUSTAT II RH 5 broches .019 - Bogensportdiscount \u2013 Arcs, fl\u00e8ches, cibles et accessoires","description":"AXCEL DRIVER SLIDER CK PICATINNY ACCUSTAT II RH 5 broches .019 - Achetez au meilleur prix chez Bogensportdiscount \u2013 Les meilleures marques, livraison rapide depuis la Suisse.","robots":{"index":"index","follow":"follow","max-snippet":"max-snippet:-1","max-image-preview":"max-image-preview:large","max-video-preview":"max-video-preview:-1"},"canonical":"https:\/\/bogensportdiscount.ch\/fr\/produit\/axcel-compound-visier-driver-slider-ck-picatinny-accustat-ii-rh-5-pin-019\/","og_locale":"fr_FR","og_type":"article","og_title":"AXCEL DRIVER SLIDER CK PICATINNY ACCUSTAT II RH 5 broches .019 - Bogensportdiscount \u2013 Arcs, fl\u00e8ches, cibles et accessoires","og_description":"AXCEL DRIVER SLIDER CK PICATINNY ACCUSTAT II RH 5 broches .019 - Achetez au meilleur prix chez Bogensportdiscount \u2013 Les meilleures marques, livraison rapide depuis la Suisse.","og_url":"https:\/\/bogensportdiscount.ch\/fr\/produit\/axcel-compound-visier-driver-slider-ck-picatinny-accustat-ii-rh-5-pin-019\/","og_site_name":"Bogensportdiscount \u2013 B\u00f6gen, Pfeile, Targets &amp; Zubeh\u00f6r","article_modified_time":"2026-04-21T07:48:41+00:00","og_image":[{"width":1080,"height":1080,"url":"https:\/\/bogensportdiscount.ch\/wp-content\/uploads\/2026\/04\/bogensportdiscount.ch-pfeile-boegen-zubehoer-fuer-anfaenger-und-profis-zum-besten-preis-Symbolbild-kein-foto-zu-diesem-artikel_01.jpg","type":"image\/jpeg"}],"twitter_card":"summary_large_image","schema":{"@context":"https:\/\/schema.org","@graph":[{"@type":"WebPage","@id":"https:\/\/bogensportdiscount.ch\/produkt\/axcel-compound-visier-driver-slider-ck-picatinny-accustat-ii-rh-5-pin-019\/","url":"https:\/\/bogensportdiscount.ch\/produkt\/axcel-compound-visier-driver-slider-ck-picatinny-accustat-ii-rh-5-pin-019\/","name":"AXCEL DRIVER SLIDER CK PICATINNY ACCUSTAT II RH 5 broches .019 - Bogensportdiscount \u2013 Arcs, fl\u00e8ches, cibles et accessoires","isPartOf":{"@id":"https:\/\/bogensportdiscount.ch\/#website"},"primaryImageOfPage":{"@id":"https:\/\/bogensportdiscount.ch\/produkt\/axcel-compound-visier-driver-slider-ck-picatinny-accustat-ii-rh-5-pin-019\/#primaryimage"},"image":{"@id":"https:\/\/bogensportdiscount.ch\/produkt\/axcel-compound-visier-driver-slider-ck-picatinny-accustat-ii-rh-5-pin-019\/#primaryimage"},"thumbnailUrl":"https:\/\/bogensportdiscount.ch\/wp-content\/uploads\/2026\/04\/bogensportdiscount.ch-pfeile-boegen-zubehoer-fuer-anfaenger-und-profis-zum-besten-preis-Symbolbild-kein-foto-zu-diesem-artikel_01.jpg","datePublished":"2026-04-05T13:48:43+00:00","dateModified":"2026-04-21T07:48:41+00:00","description":"AXCEL DRIVER SLIDER CK PICATINNY ACCUSTAT II RH 5 broches .019 - Achetez au meilleur prix chez Bogensportdiscount \u2013 Les meilleures marques, livraison rapide depuis la Suisse.","breadcrumb":{"@id":"https:\/\/bogensportdiscount.ch\/produkt\/axcel-compound-visier-driver-slider-ck-picatinny-accustat-ii-rh-5-pin-019\/#breadcrumb"},"inLanguage":"fr-FR","potentialAction":[{"@type":"ReadAction","target":["https:\/\/bogensportdiscount.ch\/produkt\/axcel-compound-visier-driver-slider-ck-picatinny-accustat-ii-rh-5-pin-019\/"]}]},{"@type":"ImageObject","inLanguage":"fr-FR","@id":"https:\/\/bogensportdiscount.ch\/produkt\/axcel-compound-visier-driver-slider-ck-picatinny-accustat-ii-rh-5-pin-019\/#primaryimage","url":"https:\/\/bogensportdiscount.ch\/wp-content\/uploads\/2026\/04\/bogensportdiscount.ch-pfeile-boegen-zubehoer-fuer-anfaenger-und-profis-zum-besten-preis-Symbolbild-kein-foto-zu-diesem-artikel_01.jpg","contentUrl":"https:\/\/bogensportdiscount.ch\/wp-content\/uploads\/2026\/04\/bogensportdiscount.ch-pfeile-boegen-zubehoer-fuer-anfaenger-und-profis-zum-besten-preis-Symbolbild-kein-foto-zu-diesem-artikel_01.jpg","width":1080,"height":1080},{"@type":"BreadcrumbList","@id":"https:\/\/bogensportdiscount.ch\/produkt\/axcel-compound-visier-driver-slider-ck-picatinny-accustat-ii-rh-5-pin-019\/#breadcrumb","itemListElement":[{"@type":"ListItem","position":1,"name":"Home","item":"https:\/\/bogensportdiscount.ch\/"},{"@type":"ListItem","position":2,"name":"Shop","item":"https:\/\/bogensportdiscount.ch\/shop\/"},{"@type":"ListItem","position":3,"name":"AXCEL DRIVER SLIDER CK PICATINNY ACCUSTAT II RH 5-PIN .019 &#8211;"}]},{"@type":"WebSite","@id":"https:\/\/bogensportdiscount.ch\/#website","url":"https:\/\/bogensportdiscount.ch\/","name":"Bogensportdiscount","description":"","potentialAction":[{"@type":"SearchAction","target":{"@type":"EntryPoint","urlTemplate":"https:\/\/bogensportdiscount.ch\/?s={search_term_string}"},"query-input":{"@type":"PropertyValueSpecification","valueRequired":true,"valueName":"search_term_string"}}],"inLanguage":"fr-FR"}]}},"_links":{"self":[{"href":"https:\/\/bogensportdiscount.ch\/fr\/wp-json\/wp\/v2\/product\/432667","targetHints":{"allow":["GET"]}}],"collection":[{"href":"https:\/\/bogensportdiscount.ch\/fr\/wp-json\/wp\/v2\/product"}],"about":[{"href":"https:\/\/bogensportdiscount.ch\/fr\/wp-json\/wp\/v2\/types\/product"}],"replies":[{"embeddable":true,"href":"https:\/\/bogensportdiscount.ch\/fr\/wp-json\/wp\/v2\/comments?post=432667"}],"wp:featuredmedia":[{"embeddable":true,"href":"https:\/\/bogensportdiscount.ch\/fr\/wp-json\/wp\/v2\/media\/453631"}],"wp:attachment":[{"href":"https:\/\/bogensportdiscount.ch\/fr\/wp-json\/wp\/v2\/media?parent=432667"}],"wp:term":[{"taxonomy":"product_brand","embeddable":true,"href":"https:\/\/bogensportdiscount.ch\/fr\/wp-json\/wp\/v2\/product_brand?post=432667"},{"taxonomy":"product_cat","embeddable":true,"href":"https:\/\/bogensportdiscount.ch\/fr\/wp-json\/wp\/v2\/product_cat?post=432667"},{"taxonomy":"product_tag","embeddable":true,"href":"https:\/\/bogensportdiscount.ch\/fr\/wp-json\/wp\/v2\/product_tag?post=432667"}],"curies":[{"name":"wp","href":"https:\/\/api.w.org\/{rel}","templated":true}]}}