{"id":432585,"date":"2026-04-05T15:48:25","date_gmt":"2026-04-05T13:48:25","guid":{"rendered":"https:\/\/bogensportdiscount.ch\/produkt\/driver-plus-slider-ck-standard-pro-bar-avx-31-rh-single-pin-019-green-fiber-midnight-cerakote\/"},"modified":"2026-04-21T09:48:40","modified_gmt":"2026-04-21T07:48:40","slug":"axcel-driver-plus-slider-ck-standard-pro-bar-avx-31-rechtshand-einzel-pin-019","status":"publish","type":"product","link":"https:\/\/bogensportdiscount.ch\/fr\/produit\/axcel-driver-plus-slider-ck-standard-pro-bar-avx-31-rechtshand-einzel-pin-019\/","title":{"rendered":"AXCEL DRIVER PLUS SLIDER CK STANDARD PRO BAR AVX-31 &#8211; RH EINZEL PIN .019"},"content":{"rendered":"<p>Das Axcel Driver Plus Slider CK Standard Pro Bar AVX-31 ist ein Compound-Visier aus dem Jagd- und 3D-Segment, konzipiert f\u00fcr Rechtshandbogensch\u00fctzen. Die Slider-Konstruktion erm\u00f6glicht eine variable Distanzeinstellung, w\u00e4hrend der einzelne .019 Zoll Pin eine klare Zielerfassung gew\u00e4hrleistet.<\/p>\n<p>Das Modell basiert auf dem AVX-31 System mit Standard Pro Bar und ist in den Ausf\u00fchrungen Gr\u00fcn und Rot erh\u00e4ltlich. Es wird in den USA gefertigt und entspricht den Anforderungen an ein robustes Visier f\u00fcr den Feldeinsatz.<\/p>\n<ul>\n<li>Single-Pin-Visier mit .019 Zoll Durchmesser<\/li>\n<li>Slider-Funktion f\u00fcr variable Distanzeinstellung<\/li>\n<li>Ausf\u00fchrung f\u00fcr Rechtshandbogensch\u00fctzen<\/li>\n<li>Disponible en vert et rouge<\/li>\n<\/ul>","protected":false},"excerpt":{"rendered":"<p>Das Axcel Driver Plus Slider CK Standard Pro Bar AVX-31 ist ein Compound-Visier mit Slider-Funktion f\u00fcr Rechtshandbogensch\u00fctzen. Es verf\u00fcgt \u00fcber einen einzelnen Pin mit .019 Zoll Durchmesser und ist f\u00fcr den Einsatz beim Jagd- und 3D-Bogenschiessen ausgelegt. Erh\u00e4ltlich in den Farben Gr\u00fcn und Rot.<\/p>","protected":false},"featured_media":453631,"comment_status":"open","ping_status":"closed","template":"","meta":[],"product_brand":[467],"product_cat":[4263],"product_tag":[],"class_list":{"0":"post-432585","1":"product","2":"type-product","3":"status-publish","4":"has-post-thumbnail","6":"product_brand-axcel","7":"product_cat-jagd-und-3d-visiere","8":"product_shipping_class-bsd-standard","10":"first","11":"onbackorder","12":"shipping-taxable","13":"purchasable","14":"product-type-variable"},"yoast_head":"<!-- This site is optimized with the Yoast SEO plugin v27.4 - https:\/\/yoast.com\/product\/yoast-seo-wordpress\/ -->\n<title>AXCEL DRIVER PLUS SLIDER CK STANDARD PRO BAR AVX-31 - RH \u00c0 BROCHE UNIQUE .019 - Bogensportdiscount \u2013 Arcs, fl\u00e8ches, cibles et accessoires<\/title>\n<meta name=\"description\" content=\"AXCEL DRIVER PLUS SLIDER CK STANDARD PRO BAR AVX-31 - RH PIN UNIQUE .019 : achetez-le \u00e0 prix avantageux chez Bogensportdiscount \u2013 Les meilleures marques, livraison rapide depuis la Suisse.\" \/>\n<meta name=\"robots\" content=\"index, follow, max-snippet:-1, max-image-preview:large, max-video-preview:-1\" \/>\n<link rel=\"canonical\" href=\"https:\/\/bogensportdiscount.ch\/fr\/produit\/axcel-driver-plus-slider-ck-standard-pro-bar-avx-31-rechtshand-einzel-pin-019\/\" \/>\n<meta property=\"og:locale\" content=\"fr_FR\" \/>\n<meta property=\"og:type\" content=\"article\" \/>\n<meta property=\"og:title\" content=\"AXCEL DRIVER PLUS SLIDER CK STANDARD PRO BAR AVX-31 - RH \u00c0 BROCHE UNIQUE .019 - Bogensportdiscount \u2013 Arcs, fl\u00e8ches, cibles et accessoires\" \/>\n<meta property=\"og:description\" content=\"AXCEL DRIVER PLUS SLIDER CK STANDARD PRO BAR AVX-31 - RH PIN UNIQUE .019 : achetez-le \u00e0 prix avantageux chez Bogensportdiscount \u2013 Les meilleures marques, livraison rapide depuis la Suisse.\" \/>\n<meta property=\"og:url\" content=\"https:\/\/bogensportdiscount.ch\/fr\/produit\/axcel-driver-plus-slider-ck-standard-pro-bar-avx-31-rechtshand-einzel-pin-019\/\" \/>\n<meta property=\"og:site_name\" content=\"Bogensportdiscount \u2013 B\u00f6gen, Pfeile, Targets &amp; Zubeh\u00f6r\" \/>\n<meta property=\"article:modified_time\" content=\"2026-04-21T07:48:40+00:00\" \/>\n<meta property=\"og:image\" content=\"https:\/\/bogensportdiscount.ch\/wp-content\/uploads\/2026\/04\/bogensportdiscount.ch-pfeile-boegen-zubehoer-fuer-anfaenger-und-profis-zum-besten-preis-Symbolbild-kein-foto-zu-diesem-artikel_01.jpg\" \/>\n\t<meta property=\"og:image:width\" content=\"1080\" \/>\n\t<meta property=\"og:image:height\" content=\"1080\" \/>\n\t<meta property=\"og:image:type\" content=\"image\/jpeg\" \/>\n<meta name=\"twitter:card\" content=\"summary_large_image\" \/>\n<meta name=\"twitter:label1\" content=\"Dur\u00e9e de lecture estim\u00e9e\" \/>\n\t<meta name=\"twitter:data1\" content=\"1 minute\" \/>\n<script type=\"application\/ld+json\" class=\"yoast-schema-graph\">{\"@context\":\"https:\\\/\\\/schema.org\",\"@graph\":[{\"@type\":\"WebPage\",\"@id\":\"https:\\\/\\\/bogensportdiscount.ch\\\/produkt\\\/axcel-driver-plus-slider-ck-standard-pro-bar-avx-31-rechtshand-einzel-pin-019\\\/\",\"url\":\"https:\\\/\\\/bogensportdiscount.ch\\\/produkt\\\/axcel-driver-plus-slider-ck-standard-pro-bar-avx-31-rechtshand-einzel-pin-019\\\/\",\"name\":\"AXCEL DRIVER PLUS SLIDER CK STANDARD PRO BAR AVX-31 - RH EINZEL PIN .019 - Bogensportdiscount \u2013 B\u00f6gen, Pfeile, Targets &amp; Zubeh\u00f6r\",\"isPartOf\":{\"@id\":\"https:\\\/\\\/bogensportdiscount.ch\\\/#website\"},\"primaryImageOfPage\":{\"@id\":\"https:\\\/\\\/bogensportdiscount.ch\\\/produkt\\\/axcel-driver-plus-slider-ck-standard-pro-bar-avx-31-rechtshand-einzel-pin-019\\\/#primaryimage\"},\"image\":{\"@id\":\"https:\\\/\\\/bogensportdiscount.ch\\\/produkt\\\/axcel-driver-plus-slider-ck-standard-pro-bar-avx-31-rechtshand-einzel-pin-019\\\/#primaryimage\"},\"thumbnailUrl\":\"https:\\\/\\\/bogensportdiscount.ch\\\/wp-content\\\/uploads\\\/2026\\\/04\\\/bogensportdiscount.ch-pfeile-boegen-zubehoer-fuer-anfaenger-und-profis-zum-besten-preis-Symbolbild-kein-foto-zu-diesem-artikel_01.jpg\",\"datePublished\":\"2026-04-05T13:48:25+00:00\",\"dateModified\":\"2026-04-21T07:48:40+00:00\",\"description\":\"AXCEL DRIVER PLUS SLIDER CK STANDARD PRO BAR AVX-31 - RH EINZEL PIN .019 g\u00fcnstig kaufen bei Bogensportdiscount \u2013 Top-Marken, schneller Versand aus der Schweiz.\",\"breadcrumb\":{\"@id\":\"https:\\\/\\\/bogensportdiscount.ch\\\/produkt\\\/axcel-driver-plus-slider-ck-standard-pro-bar-avx-31-rechtshand-einzel-pin-019\\\/#breadcrumb\"},\"inLanguage\":\"fr-FR\",\"potentialAction\":[{\"@type\":\"ReadAction\",\"target\":[\"https:\\\/\\\/bogensportdiscount.ch\\\/produkt\\\/axcel-driver-plus-slider-ck-standard-pro-bar-avx-31-rechtshand-einzel-pin-019\\\/\"]}]},{\"@type\":\"ImageObject\",\"inLanguage\":\"fr-FR\",\"@id\":\"https:\\\/\\\/bogensportdiscount.ch\\\/produkt\\\/axcel-driver-plus-slider-ck-standard-pro-bar-avx-31-rechtshand-einzel-pin-019\\\/#primaryimage\",\"url\":\"https:\\\/\\\/bogensportdiscount.ch\\\/wp-content\\\/uploads\\\/2026\\\/04\\\/bogensportdiscount.ch-pfeile-boegen-zubehoer-fuer-anfaenger-und-profis-zum-besten-preis-Symbolbild-kein-foto-zu-diesem-artikel_01.jpg\",\"contentUrl\":\"https:\\\/\\\/bogensportdiscount.ch\\\/wp-content\\\/uploads\\\/2026\\\/04\\\/bogensportdiscount.ch-pfeile-boegen-zubehoer-fuer-anfaenger-und-profis-zum-besten-preis-Symbolbild-kein-foto-zu-diesem-artikel_01.jpg\",\"width\":1080,\"height\":1080},{\"@type\":\"BreadcrumbList\",\"@id\":\"https:\\\/\\\/bogensportdiscount.ch\\\/produkt\\\/axcel-driver-plus-slider-ck-standard-pro-bar-avx-31-rechtshand-einzel-pin-019\\\/#breadcrumb\",\"itemListElement\":[{\"@type\":\"ListItem\",\"position\":1,\"name\":\"Home\",\"item\":\"https:\\\/\\\/bogensportdiscount.ch\\\/\"},{\"@type\":\"ListItem\",\"position\":2,\"name\":\"Shop\",\"item\":\"https:\\\/\\\/bogensportdiscount.ch\\\/shop\\\/\"},{\"@type\":\"ListItem\",\"position\":3,\"name\":\"AXCEL DRIVER PLUS SLIDER CK STANDARD PRO BAR AVX-31 &#8211; RH EINZEL PIN .019\"}]},{\"@type\":\"WebSite\",\"@id\":\"https:\\\/\\\/bogensportdiscount.ch\\\/#website\",\"url\":\"https:\\\/\\\/bogensportdiscount.ch\\\/\",\"name\":\"Bogensportdiscount\",\"description\":\"\",\"potentialAction\":[{\"@type\":\"SearchAction\",\"target\":{\"@type\":\"EntryPoint\",\"urlTemplate\":\"https:\\\/\\\/bogensportdiscount.ch\\\/?s={search_term_string}\"},\"query-input\":{\"@type\":\"PropertyValueSpecification\",\"valueRequired\":true,\"valueName\":\"search_term_string\"}}],\"inLanguage\":\"fr-FR\"}]}<\/script>\n<!-- \/ Yoast SEO plugin. -->","yoast_head_json":{"title":"AXCEL DRIVER PLUS SLIDER CK STANDARD PRO BAR AVX-31 - RH \u00c0 BROCHE UNIQUE .019 - Bogensportdiscount \u2013 Arcs, fl\u00e8ches, cibles et accessoires","description":"AXCEL DRIVER PLUS SLIDER CK STANDARD PRO BAR AVX-31 - RH PIN UNIQUE .019 : achetez-le \u00e0 prix avantageux chez Bogensportdiscount \u2013 Les meilleures marques, livraison rapide depuis la Suisse.","robots":{"index":"index","follow":"follow","max-snippet":"max-snippet:-1","max-image-preview":"max-image-preview:large","max-video-preview":"max-video-preview:-1"},"canonical":"https:\/\/bogensportdiscount.ch\/fr\/produit\/axcel-driver-plus-slider-ck-standard-pro-bar-avx-31-rechtshand-einzel-pin-019\/","og_locale":"fr_FR","og_type":"article","og_title":"AXCEL DRIVER PLUS SLIDER CK STANDARD PRO BAR AVX-31 - RH \u00c0 BROCHE UNIQUE .019 - Bogensportdiscount \u2013 Arcs, fl\u00e8ches, cibles et accessoires","og_description":"AXCEL DRIVER PLUS SLIDER CK STANDARD PRO BAR AVX-31 - RH PIN UNIQUE .019 : achetez-le \u00e0 prix avantageux chez Bogensportdiscount \u2013 Les meilleures marques, livraison rapide depuis la Suisse.","og_url":"https:\/\/bogensportdiscount.ch\/fr\/produit\/axcel-driver-plus-slider-ck-standard-pro-bar-avx-31-rechtshand-einzel-pin-019\/","og_site_name":"Bogensportdiscount \u2013 B\u00f6gen, Pfeile, Targets &amp; Zubeh\u00f6r","article_modified_time":"2026-04-21T07:48:40+00:00","og_image":[{"width":1080,"height":1080,"url":"https:\/\/bogensportdiscount.ch\/wp-content\/uploads\/2026\/04\/bogensportdiscount.ch-pfeile-boegen-zubehoer-fuer-anfaenger-und-profis-zum-besten-preis-Symbolbild-kein-foto-zu-diesem-artikel_01.jpg","type":"image\/jpeg"}],"twitter_card":"summary_large_image","twitter_misc":{"Dur\u00e9e de lecture estim\u00e9e":"1 minute"},"schema":{"@context":"https:\/\/schema.org","@graph":[{"@type":"WebPage","@id":"https:\/\/bogensportdiscount.ch\/produkt\/axcel-driver-plus-slider-ck-standard-pro-bar-avx-31-rechtshand-einzel-pin-019\/","url":"https:\/\/bogensportdiscount.ch\/produkt\/axcel-driver-plus-slider-ck-standard-pro-bar-avx-31-rechtshand-einzel-pin-019\/","name":"AXCEL DRIVER PLUS SLIDER CK STANDARD PRO BAR AVX-31 - RH \u00c0 BROCHE UNIQUE .019 - Bogensportdiscount \u2013 Arcs, fl\u00e8ches, cibles et accessoires","isPartOf":{"@id":"https:\/\/bogensportdiscount.ch\/#website"},"primaryImageOfPage":{"@id":"https:\/\/bogensportdiscount.ch\/produkt\/axcel-driver-plus-slider-ck-standard-pro-bar-avx-31-rechtshand-einzel-pin-019\/#primaryimage"},"image":{"@id":"https:\/\/bogensportdiscount.ch\/produkt\/axcel-driver-plus-slider-ck-standard-pro-bar-avx-31-rechtshand-einzel-pin-019\/#primaryimage"},"thumbnailUrl":"https:\/\/bogensportdiscount.ch\/wp-content\/uploads\/2026\/04\/bogensportdiscount.ch-pfeile-boegen-zubehoer-fuer-anfaenger-und-profis-zum-besten-preis-Symbolbild-kein-foto-zu-diesem-artikel_01.jpg","datePublished":"2026-04-05T13:48:25+00:00","dateModified":"2026-04-21T07:48:40+00:00","description":"AXCEL DRIVER PLUS SLIDER CK STANDARD PRO BAR AVX-31 - RH PIN UNIQUE .019 : achetez-le \u00e0 prix avantageux chez Bogensportdiscount \u2013 Les meilleures marques, livraison rapide depuis la Suisse.","breadcrumb":{"@id":"https:\/\/bogensportdiscount.ch\/produkt\/axcel-driver-plus-slider-ck-standard-pro-bar-avx-31-rechtshand-einzel-pin-019\/#breadcrumb"},"inLanguage":"fr-FR","potentialAction":[{"@type":"ReadAction","target":["https:\/\/bogensportdiscount.ch\/produkt\/axcel-driver-plus-slider-ck-standard-pro-bar-avx-31-rechtshand-einzel-pin-019\/"]}]},{"@type":"ImageObject","inLanguage":"fr-FR","@id":"https:\/\/bogensportdiscount.ch\/produkt\/axcel-driver-plus-slider-ck-standard-pro-bar-avx-31-rechtshand-einzel-pin-019\/#primaryimage","url":"https:\/\/bogensportdiscount.ch\/wp-content\/uploads\/2026\/04\/bogensportdiscount.ch-pfeile-boegen-zubehoer-fuer-anfaenger-und-profis-zum-besten-preis-Symbolbild-kein-foto-zu-diesem-artikel_01.jpg","contentUrl":"https:\/\/bogensportdiscount.ch\/wp-content\/uploads\/2026\/04\/bogensportdiscount.ch-pfeile-boegen-zubehoer-fuer-anfaenger-und-profis-zum-besten-preis-Symbolbild-kein-foto-zu-diesem-artikel_01.jpg","width":1080,"height":1080},{"@type":"BreadcrumbList","@id":"https:\/\/bogensportdiscount.ch\/produkt\/axcel-driver-plus-slider-ck-standard-pro-bar-avx-31-rechtshand-einzel-pin-019\/#breadcrumb","itemListElement":[{"@type":"ListItem","position":1,"name":"Home","item":"https:\/\/bogensportdiscount.ch\/"},{"@type":"ListItem","position":2,"name":"Shop","item":"https:\/\/bogensportdiscount.ch\/shop\/"},{"@type":"ListItem","position":3,"name":"AXCEL DRIVER PLUS SLIDER CK STANDARD PRO BAR AVX-31 &#8211; RH EINZEL PIN .019"}]},{"@type":"WebSite","@id":"https:\/\/bogensportdiscount.ch\/#website","url":"https:\/\/bogensportdiscount.ch\/","name":"Bogensportdiscount","description":"","potentialAction":[{"@type":"SearchAction","target":{"@type":"EntryPoint","urlTemplate":"https:\/\/bogensportdiscount.ch\/?s={search_term_string}"},"query-input":{"@type":"PropertyValueSpecification","valueRequired":true,"valueName":"search_term_string"}}],"inLanguage":"fr-FR"}]}},"_links":{"self":[{"href":"https:\/\/bogensportdiscount.ch\/fr\/wp-json\/wp\/v2\/product\/432585","targetHints":{"allow":["GET"]}}],"collection":[{"href":"https:\/\/bogensportdiscount.ch\/fr\/wp-json\/wp\/v2\/product"}],"about":[{"href":"https:\/\/bogensportdiscount.ch\/fr\/wp-json\/wp\/v2\/types\/product"}],"replies":[{"embeddable":true,"href":"https:\/\/bogensportdiscount.ch\/fr\/wp-json\/wp\/v2\/comments?post=432585"}],"wp:featuredmedia":[{"embeddable":true,"href":"https:\/\/bogensportdiscount.ch\/fr\/wp-json\/wp\/v2\/media\/453631"}],"wp:attachment":[{"href":"https:\/\/bogensportdiscount.ch\/fr\/wp-json\/wp\/v2\/media?parent=432585"}],"wp:term":[{"taxonomy":"product_brand","embeddable":true,"href":"https:\/\/bogensportdiscount.ch\/fr\/wp-json\/wp\/v2\/product_brand?post=432585"},{"taxonomy":"product_cat","embeddable":true,"href":"https:\/\/bogensportdiscount.ch\/fr\/wp-json\/wp\/v2\/product_cat?post=432585"},{"taxonomy":"product_tag","embeddable":true,"href":"https:\/\/bogensportdiscount.ch\/fr\/wp-json\/wp\/v2\/product_tag?post=432585"}],"curies":[{"name":"wp","href":"https:\/\/api.w.org\/{rel}","templated":true}]}}