{"id":432405,"date":"2026-04-05T15:47:53","date_gmt":"2026-04-05T13:47:53","guid":{"rendered":"https:\/\/bogensportdiscount.ch\/produkt\/x-vibe-hunter-stabilizer-rod-adjustable-weight-dampener-2oz-dia-550-sst-midnight-cerakote\/"},"modified":"2026-05-14T15:27:59","modified_gmt":"2026-05-14T13:27:59","slug":"axcel-x-vibe-hunter-stabilisator-stab-verstellbarer-gewichtsdaempfer-2oz-dia-550-sst","status":"publish","type":"product","link":"https:\/\/bogensportdiscount.ch\/fr\/produit\/axcel-x-vibe-hunter-stabilisator-stab-verstellbarer-gewichtsdaempfer-2oz-dia-550-sst\/","title":{"rendered":"AXCEL X-VIBE HUNTER STABILISATEUR TIGE AMORTISSEUR DE POIDS R\u00c9GLABLE 2oz &#8211; DIA 550 &#8211; SST"},"content":{"rendered":"<p>La tige stabilisateur AXCEL X-Vibe Hunter est \u00e9quip\u00e9e d'un amortisseur de poids r\u00e9glable offrant un poids de 2 oz. La version SST avec le diam\u00e8tre 550 permet une adaptation individuelle \u00e0 diff\u00e9rents arcs et habitudes de tir.<\/p>\n<p>Gr\u00e2ce \u00e0 l'amortisseur int\u00e9gr\u00e9, les vibrations et les chocs apr\u00e8s le tir sont absorb\u00e9s, ce qui am\u00e9liore le confort de maintien et soutient la pr\u00e9cision. Le produit est fabriqu\u00e9 aux \u00c9tats-Unis.<\/p>\n<ul>\n<li>Amortisseur de poids r\u00e9glable de 2 oz<\/li>\n<li>Diam\u00e8tre 550, version SST<\/li>\n<li>R\u00e9duit efficacement les vibrations et les chocs<\/li>\n<li>Convient pour la chasse et le tir 3D \u00e0 l'arc<\/li>\n<\/ul>","protected":false},"excerpt":{"rendered":"<table>\n<tr>\n<th>Propri\u00e9t\u00e9<\/th>\n<th>Valeur<\/th>\n<\/tr>\n<tr>\n<td>Marque<\/td>\n<td>Axcel<\/td>\n<\/tr>\n<tr>\n<td>Pays d'origine<\/td>\n<td>USA<\/td>\n<\/tr>\n<\/table>","protected":false},"featured_media":522807,"comment_status":"open","ping_status":"closed","template":"","meta":[],"product_brand":[467],"product_cat":[4197],"product_tag":[],"class_list":{"0":"post-432405","1":"product","2":"type-product","3":"status-publish","4":"has-post-thumbnail","6":"product_brand-axcel","7":"product_cat-stabilisations-daempfer","8":"product_shipping_class-bsd-standard","10":"first","11":"instock","12":"shipping-taxable","13":"purchasable","14":"product-type-variable"},"yoast_head":"<!-- This site is optimized with the Yoast SEO plugin v27.6 - https:\/\/yoast.com\/product\/yoast-seo-wordpress\/ -->\n<title>AXCEL X-VIBE HUNTER STABILISATOR STAB VERSTELLBARER GEWICHTSD\u00c4MPFER 2oz - DIA 550 - SST - Bogensportdiscount \u2013 B\u00f6gen, Pfeile, Targets &amp; Zubeh\u00f6r<\/title>\n<meta name=\"description\" content=\"AXCEL X-VIBE HUNTER STABILISATOR STAB VERSTELLBARER GEWICHTSD\u00c4MPFER 2oz - DIA 550 - SST g\u00fcnstig kaufen bei Bogensportdiscount \u2013 Top-Marken, schneller Versand aus der Schweiz.\" \/>\n<meta name=\"robots\" content=\"index, follow, max-snippet:-1, max-image-preview:large, max-video-preview:-1\" \/>\n<link rel=\"canonical\" href=\"https:\/\/bogensportdiscount.ch\/fr\/produit\/axcel-x-vibe-hunter-stabilisator-stab-verstellbarer-gewichtsdaempfer-2oz-dia-550-sst\/\" \/>\n<meta property=\"og:locale\" content=\"fr_FR\" \/>\n<meta property=\"og:type\" content=\"article\" \/>\n<meta property=\"og:title\" content=\"AXCEL X-VIBE HUNTER STABILISATOR STAB VERSTELLBARER GEWICHTSD\u00c4MPFER 2oz - DIA 550 - SST - Bogensportdiscount \u2013 B\u00f6gen, Pfeile, Targets &amp; Zubeh\u00f6r\" \/>\n<meta property=\"og:description\" content=\"AXCEL X-VIBE HUNTER STABILISATOR STAB VERSTELLBARER GEWICHTSD\u00c4MPFER 2oz - DIA 550 - SST g\u00fcnstig kaufen bei Bogensportdiscount \u2013 Top-Marken, schneller Versand aus der Schweiz.\" \/>\n<meta property=\"og:url\" content=\"https:\/\/bogensportdiscount.ch\/fr\/produit\/axcel-x-vibe-hunter-stabilisator-stab-verstellbarer-gewichtsdaempfer-2oz-dia-550-sst\/\" \/>\n<meta property=\"og:site_name\" content=\"Bogensportdiscount \u2013 B\u00f6gen, Pfeile, Targets &amp; Zubeh\u00f6r\" \/>\n<meta property=\"article:modified_time\" content=\"2026-05-14T13:27:59+00:00\" \/>\n<meta property=\"og:image\" content=\"https:\/\/bogensportdiscount.ch\/wp-content\/uploads\/2026\/04\/bogensportdiscount.ch-pfeile-boegen-zubehoer-fuer-anfaenger-und-profis-zum-besten-preis-Symbolbild-kein-foto-zu-diesem-artikel_01.jpg\" \/>\n\t<meta property=\"og:image:width\" content=\"1080\" \/>\n\t<meta property=\"og:image:height\" content=\"1080\" \/>\n\t<meta property=\"og:image:type\" content=\"image\/jpeg\" \/>\n<meta name=\"twitter:card\" content=\"summary_large_image\" \/>\n<script type=\"application\/ld+json\" class=\"yoast-schema-graph\">{\"@context\":\"https:\\\/\\\/schema.org\",\"@graph\":[{\"@type\":\"WebPage\",\"@id\":\"https:\\\/\\\/bogensportdiscount.ch\\\/produkt\\\/axcel-x-vibe-hunter-stabilisator-stab-verstellbarer-gewichtsdaempfer-2oz-dia-550-sst\\\/\",\"url\":\"https:\\\/\\\/bogensportdiscount.ch\\\/produkt\\\/axcel-x-vibe-hunter-stabilisator-stab-verstellbarer-gewichtsdaempfer-2oz-dia-550-sst\\\/\",\"name\":\"AXCEL X-VIBE HUNTER STABILISATOR STAB VERSTELLBARER GEWICHTSD\u00c4MPFER 2oz - DIA 550 - SST - Bogensportdiscount \u2013 B\u00f6gen, Pfeile, Targets &amp; Zubeh\u00f6r\",\"isPartOf\":{\"@id\":\"https:\\\/\\\/bogensportdiscount.ch\\\/#website\"},\"primaryImageOfPage\":{\"@id\":\"https:\\\/\\\/bogensportdiscount.ch\\\/produkt\\\/axcel-x-vibe-hunter-stabilisator-stab-verstellbarer-gewichtsdaempfer-2oz-dia-550-sst\\\/#primaryimage\"},\"image\":{\"@id\":\"https:\\\/\\\/bogensportdiscount.ch\\\/produkt\\\/axcel-x-vibe-hunter-stabilisator-stab-verstellbarer-gewichtsdaempfer-2oz-dia-550-sst\\\/#primaryimage\"},\"thumbnailUrl\":\"https:\\\/\\\/bogensportdiscount.ch\\\/wp-content\\\/uploads\\\/2026\\\/04\\\/a101022_1.png\",\"datePublished\":\"2026-04-05T13:47:53+00:00\",\"dateModified\":\"2026-05-14T13:27:59+00:00\",\"description\":\"AXCEL X-VIBE HUNTER STABILISATOR STAB VERSTELLBARER GEWICHTSD\u00c4MPFER 2oz - DIA 550 - SST g\u00fcnstig kaufen bei Bogensportdiscount \u2013 Top-Marken, schneller Versand aus der Schweiz.\",\"breadcrumb\":{\"@id\":\"https:\\\/\\\/bogensportdiscount.ch\\\/produkt\\\/axcel-x-vibe-hunter-stabilisator-stab-verstellbarer-gewichtsdaempfer-2oz-dia-550-sst\\\/#breadcrumb\"},\"inLanguage\":\"fr-FR\",\"potentialAction\":[{\"@type\":\"ReadAction\",\"target\":[\"https:\\\/\\\/bogensportdiscount.ch\\\/produkt\\\/axcel-x-vibe-hunter-stabilisator-stab-verstellbarer-gewichtsdaempfer-2oz-dia-550-sst\\\/\"]}]},{\"@type\":\"ImageObject\",\"inLanguage\":\"fr-FR\",\"@id\":\"https:\\\/\\\/bogensportdiscount.ch\\\/produkt\\\/axcel-x-vibe-hunter-stabilisator-stab-verstellbarer-gewichtsdaempfer-2oz-dia-550-sst\\\/#primaryimage\",\"url\":\"https:\\\/\\\/bogensportdiscount.ch\\\/wp-content\\\/uploads\\\/2026\\\/04\\\/a101022_1.png\",\"contentUrl\":\"https:\\\/\\\/bogensportdiscount.ch\\\/wp-content\\\/uploads\\\/2026\\\/04\\\/a101022_1.png\",\"width\":84,\"height\":79},{\"@type\":\"BreadcrumbList\",\"@id\":\"https:\\\/\\\/bogensportdiscount.ch\\\/produkt\\\/axcel-x-vibe-hunter-stabilisator-stab-verstellbarer-gewichtsdaempfer-2oz-dia-550-sst\\\/#breadcrumb\",\"itemListElement\":[{\"@type\":\"ListItem\",\"position\":1,\"name\":\"Home\",\"item\":\"https:\\\/\\\/bogensportdiscount.ch\\\/\"},{\"@type\":\"ListItem\",\"position\":2,\"name\":\"Shop\",\"item\":\"https:\\\/\\\/bogensportdiscount.ch\\\/shop\\\/\"},{\"@type\":\"ListItem\",\"position\":3,\"name\":\"AXCEL X-VIBE HUNTER STABILIZER ROD ADJUSTABLE WEIGHT DAMPENER 2oz &#8211; DIA 550 &#8211; SST\"}]},{\"@type\":\"WebSite\",\"@id\":\"https:\\\/\\\/bogensportdiscount.ch\\\/#website\",\"url\":\"https:\\\/\\\/bogensportdiscount.ch\\\/\",\"name\":\"Bogensportdiscount\",\"description\":\"\",\"potentialAction\":[{\"@type\":\"SearchAction\",\"target\":{\"@type\":\"EntryPoint\",\"urlTemplate\":\"https:\\\/\\\/bogensportdiscount.ch\\\/?s={search_term_string}\"},\"query-input\":{\"@type\":\"PropertyValueSpecification\",\"valueRequired\":true,\"valueName\":\"search_term_string\"}}],\"inLanguage\":\"fr-FR\"}]}<\/script>\n<!-- \/ Yoast SEO plugin. -->","yoast_head_json":{"title":"AXCEL X-VIBE HUNTER STABILISATOR STAB VERSTELLBARER GEWICHTSD\u00c4MPFER 2oz - DIA 550 - SST - Bogensportdiscount \u2013 B\u00f6gen, Pfeile, Targets &amp; Zubeh\u00f6r","description":"AXCEL X-VIBE HUNTER STABILISATOR STAB VERSTELLBARER GEWICHTSD\u00c4MPFER 2oz - DIA 550 - SST g\u00fcnstig kaufen bei Bogensportdiscount \u2013 Top-Marken, schneller Versand aus der Schweiz.","robots":{"index":"index","follow":"follow","max-snippet":"max-snippet:-1","max-image-preview":"max-image-preview:large","max-video-preview":"max-video-preview:-1"},"canonical":"https:\/\/bogensportdiscount.ch\/fr\/produit\/axcel-x-vibe-hunter-stabilisator-stab-verstellbarer-gewichtsdaempfer-2oz-dia-550-sst\/","og_locale":"fr_FR","og_type":"article","og_title":"AXCEL X-VIBE HUNTER STABILISATOR STAB VERSTELLBARER GEWICHTSD\u00c4MPFER 2oz - DIA 550 - SST - Bogensportdiscount \u2013 B\u00f6gen, Pfeile, Targets &amp; Zubeh\u00f6r","og_description":"AXCEL X-VIBE HUNTER STABILISATOR STAB VERSTELLBARER GEWICHTSD\u00c4MPFER 2oz - DIA 550 - SST g\u00fcnstig kaufen bei Bogensportdiscount \u2013 Top-Marken, schneller Versand aus der Schweiz.","og_url":"https:\/\/bogensportdiscount.ch\/fr\/produit\/axcel-x-vibe-hunter-stabilisator-stab-verstellbarer-gewichtsdaempfer-2oz-dia-550-sst\/","og_site_name":"Bogensportdiscount \u2013 B\u00f6gen, Pfeile, Targets &amp; Zubeh\u00f6r","article_modified_time":"2026-05-14T13:27:59+00:00","og_image":[{"width":1080,"height":1080,"url":"https:\/\/bogensportdiscount.ch\/wp-content\/uploads\/2026\/04\/bogensportdiscount.ch-pfeile-boegen-zubehoer-fuer-anfaenger-und-profis-zum-besten-preis-Symbolbild-kein-foto-zu-diesem-artikel_01.jpg","type":"image\/jpeg"}],"twitter_card":"summary_large_image","schema":{"@context":"https:\/\/schema.org","@graph":[{"@type":"WebPage","@id":"https:\/\/bogensportdiscount.ch\/produkt\/axcel-x-vibe-hunter-stabilisator-stab-verstellbarer-gewichtsdaempfer-2oz-dia-550-sst\/","url":"https:\/\/bogensportdiscount.ch\/produkt\/axcel-x-vibe-hunter-stabilisator-stab-verstellbarer-gewichtsdaempfer-2oz-dia-550-sst\/","name":"AXCEL X-VIBE HUNTER STABILISATOR STAB VERSTELLBARER GEWICHTSD\u00c4MPFER 2oz - DIA 550 - SST - Bogensportdiscount \u2013 B\u00f6gen, Pfeile, Targets &amp; Zubeh\u00f6r","isPartOf":{"@id":"https:\/\/bogensportdiscount.ch\/#website"},"primaryImageOfPage":{"@id":"https:\/\/bogensportdiscount.ch\/produkt\/axcel-x-vibe-hunter-stabilisator-stab-verstellbarer-gewichtsdaempfer-2oz-dia-550-sst\/#primaryimage"},"image":{"@id":"https:\/\/bogensportdiscount.ch\/produkt\/axcel-x-vibe-hunter-stabilisator-stab-verstellbarer-gewichtsdaempfer-2oz-dia-550-sst\/#primaryimage"},"thumbnailUrl":"https:\/\/bogensportdiscount.ch\/wp-content\/uploads\/2026\/04\/a101022_1.png","datePublished":"2026-04-05T13:47:53+00:00","dateModified":"2026-05-14T13:27:59+00:00","description":"AXCEL X-VIBE HUNTER STABILISATOR STAB VERSTELLBARER GEWICHTSD\u00c4MPFER 2oz - DIA 550 - SST g\u00fcnstig kaufen bei Bogensportdiscount \u2013 Top-Marken, schneller Versand aus der Schweiz.","breadcrumb":{"@id":"https:\/\/bogensportdiscount.ch\/produkt\/axcel-x-vibe-hunter-stabilisator-stab-verstellbarer-gewichtsdaempfer-2oz-dia-550-sst\/#breadcrumb"},"inLanguage":"fr-FR","potentialAction":[{"@type":"ReadAction","target":["https:\/\/bogensportdiscount.ch\/produkt\/axcel-x-vibe-hunter-stabilisator-stab-verstellbarer-gewichtsdaempfer-2oz-dia-550-sst\/"]}]},{"@type":"ImageObject","inLanguage":"fr-FR","@id":"https:\/\/bogensportdiscount.ch\/produkt\/axcel-x-vibe-hunter-stabilisator-stab-verstellbarer-gewichtsdaempfer-2oz-dia-550-sst\/#primaryimage","url":"https:\/\/bogensportdiscount.ch\/wp-content\/uploads\/2026\/04\/a101022_1.png","contentUrl":"https:\/\/bogensportdiscount.ch\/wp-content\/uploads\/2026\/04\/a101022_1.png","width":84,"height":79},{"@type":"BreadcrumbList","@id":"https:\/\/bogensportdiscount.ch\/produkt\/axcel-x-vibe-hunter-stabilisator-stab-verstellbarer-gewichtsdaempfer-2oz-dia-550-sst\/#breadcrumb","itemListElement":[{"@type":"ListItem","position":1,"name":"Home","item":"https:\/\/bogensportdiscount.ch\/"},{"@type":"ListItem","position":2,"name":"Shop","item":"https:\/\/bogensportdiscount.ch\/shop\/"},{"@type":"ListItem","position":3,"name":"AXCEL X-VIBE HUNTER STABILIZER ROD ADJUSTABLE WEIGHT DAMPENER 2oz &#8211; DIA 550 &#8211; SST"}]},{"@type":"WebSite","@id":"https:\/\/bogensportdiscount.ch\/#website","url":"https:\/\/bogensportdiscount.ch\/","name":"Bogensportdiscount","description":"","potentialAction":[{"@type":"SearchAction","target":{"@type":"EntryPoint","urlTemplate":"https:\/\/bogensportdiscount.ch\/?s={search_term_string}"},"query-input":{"@type":"PropertyValueSpecification","valueRequired":true,"valueName":"search_term_string"}}],"inLanguage":"fr-FR"}]}},"_links":{"self":[{"href":"https:\/\/bogensportdiscount.ch\/fr\/wp-json\/wp\/v2\/product\/432405","targetHints":{"allow":["GET"]}}],"collection":[{"href":"https:\/\/bogensportdiscount.ch\/fr\/wp-json\/wp\/v2\/product"}],"about":[{"href":"https:\/\/bogensportdiscount.ch\/fr\/wp-json\/wp\/v2\/types\/product"}],"replies":[{"embeddable":true,"href":"https:\/\/bogensportdiscount.ch\/fr\/wp-json\/wp\/v2\/comments?post=432405"}],"wp:featuredmedia":[{"embeddable":true,"href":"https:\/\/bogensportdiscount.ch\/fr\/wp-json\/wp\/v2\/media\/522807"}],"wp:attachment":[{"href":"https:\/\/bogensportdiscount.ch\/fr\/wp-json\/wp\/v2\/media?parent=432405"}],"wp:term":[{"taxonomy":"product_brand","embeddable":true,"href":"https:\/\/bogensportdiscount.ch\/fr\/wp-json\/wp\/v2\/product_brand?post=432405"},{"taxonomy":"product_cat","embeddable":true,"href":"https:\/\/bogensportdiscount.ch\/fr\/wp-json\/wp\/v2\/product_cat?post=432405"},{"taxonomy":"product_tag","embeddable":true,"href":"https:\/\/bogensportdiscount.ch\/fr\/wp-json\/wp\/v2\/product_tag?post=432405"}],"curies":[{"name":"wp","href":"https:\/\/api.w.org\/{rel}","templated":true}]}}