{"id":430592,"date":"2026-04-05T15:43:01","date_gmt":"2026-04-05T13:43:01","guid":{"rendered":"https:\/\/bogensportdiscount.ch\/produkt\/limbs-wiawis-ns-g2-foam-25-short-66-28-lbs\/"},"modified":"2026-04-17T13:50:17","modified_gmt":"2026-04-17T11:50:17","slug":"wiawis-recurvebogen-wurfarme-ns-g2-foam-25","status":"publish","type":"product","link":"https:\/\/bogensportdiscount.ch\/fr\/produit\/wiawis-recurvebogen-wurfarme-ns-g2-foam-25\/","title":{"rendered":"LIMBS WIAWIS NS-G2 FOAM 25\u2033"},"content":{"rendered":"<p>Die WIAWIS NS-G2 Foam Wurfarme (25&#8243;) sind Recurvebogen-Wurfarme des s\u00fcdkoreanischen Herstellers WIAWIS. Sie eignen sich f\u00fcr den Einsatz an Recurveb\u00f6gen der L\u00e4ngen 66&#8243;, 68&#8243; und 70&#8243; und sind in Zuggewichten von 28 bis 48 lbs (in 2-lbs-Schritten) erh\u00e4ltlich.<\/p>\n<p>Die Foam-Konstruktion der Wurfarme beeinflusst die Schwingungsd\u00e4mpfung und das Abschussverhalten. Die breite Auswahl an Zuggewichten und Bogenl\u00e4ngen erm\u00f6glicht eine individuelle Abstimmung auf den jeweiligen Sch\u00fctzen.<\/p>\n<ul>\n<li>Bogenl\u00e4nge: 66&#8243;, 68&#8243; und 70&#8243; (25&#8243;-Wurfarme)<\/li>\n<li>Zuggewichte: 28\u201348 lbs in 2-lbs-Schritten<\/li>\n<li>Herstellungsland: S\u00fcdkorea (WIAWIS)<\/li>\n<li>Geeignet f\u00fcr Recurveb\u00f6gen<\/li>\n<\/ul>","protected":false},"excerpt":{"rendered":"<p>Die WIAWIS NS-G2 Foam Wurfarme in der L\u00e4nge 25&#8243; sind f\u00fcr Recurveb\u00f6gen ausgelegt und werden in S\u00fcdkorea gefertigt. Sie sind in zahlreichen Bogenl\u00e4ngen- und Zuggewichtskombinationen von 28 bis 48 lbs erh\u00e4ltlich und decken damit ein breites Leistungsspektrum ab.<\/p>","protected":false},"featured_media":447782,"comment_status":"open","ping_status":"closed","template":"","meta":[],"product_brand":[473],"product_cat":[4520],"product_tag":[],"class_list":{"0":"post-430592","1":"product","2":"type-product","3":"status-publish","4":"has-post-thumbnail","6":"product_brand-wiawis","7":"product_cat-recurve-wurfarme-recurve-boegen","9":"first","10":"instock","11":"shipping-taxable","12":"purchasable","13":"product-type-variable"},"_links":{"self":[{"href":"https:\/\/bogensportdiscount.ch\/fr\/wp-json\/wp\/v2\/product\/430592","targetHints":{"allow":["GET"]}}],"collection":[{"href":"https:\/\/bogensportdiscount.ch\/fr\/wp-json\/wp\/v2\/product"}],"about":[{"href":"https:\/\/bogensportdiscount.ch\/fr\/wp-json\/wp\/v2\/types\/product"}],"replies":[{"embeddable":true,"href":"https:\/\/bogensportdiscount.ch\/fr\/wp-json\/wp\/v2\/comments?post=430592"}],"wp:featuredmedia":[{"embeddable":true,"href":"https:\/\/bogensportdiscount.ch\/fr\/wp-json\/wp\/v2\/media\/447782"}],"wp:attachment":[{"href":"https:\/\/bogensportdiscount.ch\/fr\/wp-json\/wp\/v2\/media?parent=430592"}],"wp:term":[{"taxonomy":"product_brand","embeddable":true,"href":"https:\/\/bogensportdiscount.ch\/fr\/wp-json\/wp\/v2\/product_brand?post=430592"},{"taxonomy":"product_cat","embeddable":true,"href":"https:\/\/bogensportdiscount.ch\/fr\/wp-json\/wp\/v2\/product_cat?post=430592"},{"taxonomy":"product_tag","embeddable":true,"href":"https:\/\/bogensportdiscount.ch\/fr\/wp-json\/wp\/v2\/product_tag?post=430592"}],"curies":[{"name":"wp","href":"https:\/\/api.w.org\/{rel}","templated":true}]}}