{"id":430558,"date":"2026-04-05T15:42:58","date_gmt":"2026-04-05T13:42:58","guid":{"rendered":"https:\/\/bogensportdiscount.ch\/produkt\/limbs-wiawis-ns-g2-wood-25-short-66-28-lbs\/"},"modified":"2026-04-17T13:50:17","modified_gmt":"2026-04-17T11:50:17","slug":"wiawis-recurve-wurfarme-ns-g2-wood-25","status":"publish","type":"product","link":"https:\/\/bogensportdiscount.ch\/fr\/produit\/wiawis-recurve-wurfarme-ns-g2-wood-25\/","title":{"rendered":"WIAWIS bras de tir recurve NS-G2 Wood 25\u2033"},"content":{"rendered":"<p>Die WIAWIS NS-G2 Wood Recurve-Wurfarme in der 25-Zoll-Ausf\u00fchrung sind f\u00fcr den Einsatz an olympischen Recurveb\u00f6gen konzipiert. Die Holzkonstruktion verleiht den Wurfarm-Bl\u00e4ttern eine nat\u00fcrliche D\u00e4mpfung und ein klassisches Erscheinungsbild, das bei traditionell orientierten Sch\u00fctzinnen und Sch\u00fctzen gesch\u00e4tzt wird.<\/p>\n<p>Die Wurfarme sind in einer breiten Palette von Zuggewichten zwischen 28 und 48 lbs erh\u00e4ltlich und passen an Mittelteile f\u00fcr 68- und 70-Zoll-B\u00f6gen. Damit decken sie einen grossen Bereich ab \u2014 von leichten Einsteiger- bis hin zu wettkampftauglichen Zuggewichten.<\/p>\n<ul>\n<li>Wurfarm-L\u00e4nge: 25 Zoll<\/li>\n<li>Zuggewichtsbereich: 28\u201348 lbs<\/li>\n<li>Kompatibel mit 68&#8243; und 70&#8243; Bogenl\u00e4ngen<\/li>\n<li>Hergestellt in S\u00fcdkorea<\/li>\n<\/ul>","protected":false},"excerpt":{"rendered":"<table>\n<tr>\n<th>Propri\u00e9t\u00e9<\/th>\n<th>Valeur<\/th>\n<\/tr>\n<tr>\n<td>Marque<\/td>\n<td>WIAWIS<\/td>\n<\/tr>\n<tr>\n<td>Modell<\/td>\n<td>NS-G2 Wood<\/td>\n<\/tr>\n<tr>\n<td>Longueur<\/td>\n<td>25&#8243;<\/td>\n<\/tr>\n<tr>\n<td>Verf\u00fcgbare Zuggewichte<\/td>\n<td>28\u201348 lbs (in 2-lbs-Schritten, f\u00fcr 68&#8243; und 70&#8243; B\u00f6gen)<\/td>\n<\/tr>\n<tr>\n<td>Mat\u00e9riau<\/td>\n<td>Holz<\/td>\n<\/tr>\n<tr>\n<td>Herkunftsland<\/td>\n<td>S\u00fcdkorea<\/td>\n<\/tr>\n<\/table>","protected":false},"featured_media":447783,"comment_status":"open","ping_status":"closed","template":"","meta":[],"product_brand":[473],"product_cat":[4520],"product_tag":[],"class_list":{"0":"post-430558","1":"product","2":"type-product","3":"status-publish","4":"has-post-thumbnail","6":"product_brand-wiawis","7":"product_cat-recurve-wurfarme-recurve-boegen","9":"first","10":"instock","11":"shipping-taxable","12":"purchasable","13":"product-type-variable"},"_links":{"self":[{"href":"https:\/\/bogensportdiscount.ch\/fr\/wp-json\/wp\/v2\/product\/430558","targetHints":{"allow":["GET"]}}],"collection":[{"href":"https:\/\/bogensportdiscount.ch\/fr\/wp-json\/wp\/v2\/product"}],"about":[{"href":"https:\/\/bogensportdiscount.ch\/fr\/wp-json\/wp\/v2\/types\/product"}],"replies":[{"embeddable":true,"href":"https:\/\/bogensportdiscount.ch\/fr\/wp-json\/wp\/v2\/comments?post=430558"}],"wp:featuredmedia":[{"embeddable":true,"href":"https:\/\/bogensportdiscount.ch\/fr\/wp-json\/wp\/v2\/media\/447783"}],"wp:attachment":[{"href":"https:\/\/bogensportdiscount.ch\/fr\/wp-json\/wp\/v2\/media?parent=430558"}],"wp:term":[{"taxonomy":"product_brand","embeddable":true,"href":"https:\/\/bogensportdiscount.ch\/fr\/wp-json\/wp\/v2\/product_brand?post=430558"},{"taxonomy":"product_cat","embeddable":true,"href":"https:\/\/bogensportdiscount.ch\/fr\/wp-json\/wp\/v2\/product_cat?post=430558"},{"taxonomy":"product_tag","embeddable":true,"href":"https:\/\/bogensportdiscount.ch\/fr\/wp-json\/wp\/v2\/product_tag?post=430558"}],"curies":[{"name":"wp","href":"https:\/\/api.w.org\/{rel}","templated":true}]}}