{"id":430174,"date":"2026-04-05T15:42:12","date_gmt":"2026-04-05T13:42:12","guid":{"rendered":"https:\/\/bogensportdiscount.ch\/produkt\/top-module-large-29-for-compound-bow-hero-10-ii-40\/"},"modified":"2026-05-14T15:27:52","modified_gmt":"2026-05-14T13:27:52","slug":"sanlida-top-modul-large-29-compoundbogen-hero-10-ii-40","status":"publish","type":"product","link":"https:\/\/bogensportdiscount.ch\/fr\/produit\/sanlida-top-modul-large-29-compoundbogen-hero-10-ii-40\/","title":{"rendered":"SANLIDA MODULE SUP\u00c9RIEUR LARGE-29&#8243; POUR ARC \u00c0 POULIES HERO 10 II 40&#8243;"},"content":{"rendered":"<p>Le module sup\u00e9rieur Sanlida Large 29&#8243; est un module de remplacement et de r\u00e9glage pour l'arc \u00e0 poulies Hero 10 II (40&#8243;). Les modules de ce type permettent l'adaptation de l'allonge sur l'arc \u00e0 poulies et constituent un \u00e9l\u00e9ment important pour un r\u00e9glage correct selon le tireur.<\/p>\n<p>Le module est disponible en taille Large et couvre une allonge de 29&#8243;. En rempla\u00e7ant le module, il est possible de r\u00e9gler l'arc sur diff\u00e9rentes allonges sans n\u00e9cessiter de modifications importantes.<\/p>\n<ul>\n<li>Compatible avec le Sanlida Hero 10 II 40&#8243;<\/li>\n<li>Taille: Large<\/li>\n<li>Allonge : 29&#8243;<\/li>\n<li>Adaptation facile de l'allonge sur l'arc \u00e0 poulies<\/li>\n<\/ul>","protected":false},"excerpt":{"rendered":"<table>\n<tr>\n<th>Propri\u00e9t\u00e9<\/th>\n<th>Valeur<\/th>\n<\/tr>\n<tr>\n<td>Marque<\/td>\n<td>Sanlida<\/td>\n<\/tr>\n<tr>\n<td>TAILLE<\/td>\n<td>Large<\/td>\n<\/tr>\n<tr>\n<td>Longueur de tir<\/td>\n<td>29&#8243;<\/td>\n<\/tr>\n<tr>\n<td>Compatible avec<\/td>\n<td>Sanlida Hero 10 II 40&#8243;<\/td>\n<\/tr>\n<tr>\n<td>Pays d'origine<\/td>\n<td>Chine<\/td>\n<\/tr>\n<\/table>","protected":false},"featured_media":531035,"comment_status":"open","ping_status":"closed","template":"","meta":[],"product_brand":[459],"product_cat":[4526],"product_tag":[],"class_list":{"0":"post-430174","1":"product","2":"type-product","3":"status-publish","4":"has-post-thumbnail","6":"product_brand-sanlida","7":"product_cat-einzelteile-fuer-compound-boegen","8":"product_shipping_class-bsd-standard","10":"first","11":"onbackorder","12":"shipping-taxable","13":"purchasable","14":"product-type-variable"},"yoast_head":"<!-- This site is optimized with the Yoast SEO plugin v27.6 - https:\/\/yoast.com\/product\/yoast-seo-wordpress\/ -->\n<title>SANLIDA TOP MODUL LARGE-29&quot; F\u00dcR COMPOUNDBOGEN HERO 10 II 40&quot; - Bogensportdiscount \u2013 B\u00f6gen, Pfeile, Targets &amp; Zubeh\u00f6r<\/title>\n<meta name=\"description\" content=\"SANLIDA TOP MODUL LARGE-29&quot; F\u00dcR COMPOUNDBOGEN HERO 10 II 40&quot; g\u00fcnstig kaufen bei Bogensportdiscount \u2013 Top-Marken, schneller Versand aus der Schweiz.\" \/>\n<meta name=\"robots\" content=\"index, follow, max-snippet:-1, max-image-preview:large, max-video-preview:-1\" \/>\n<link rel=\"canonical\" href=\"https:\/\/bogensportdiscount.ch\/fr\/produit\/sanlida-top-modul-large-29-compoundbogen-hero-10-ii-40\/\" \/>\n<meta property=\"og:locale\" content=\"fr_FR\" \/>\n<meta property=\"og:type\" content=\"article\" \/>\n<meta property=\"og:title\" content=\"SANLIDA TOP MODUL LARGE-29&quot; F\u00dcR COMPOUNDBOGEN HERO 10 II 40&quot; - Bogensportdiscount \u2013 B\u00f6gen, Pfeile, Targets &amp; Zubeh\u00f6r\" \/>\n<meta property=\"og:description\" content=\"SANLIDA TOP MODUL LARGE-29&quot; F\u00dcR COMPOUNDBOGEN HERO 10 II 40&quot; g\u00fcnstig kaufen bei Bogensportdiscount \u2013 Top-Marken, schneller Versand aus der Schweiz.\" \/>\n<meta property=\"og:url\" content=\"https:\/\/bogensportdiscount.ch\/fr\/produit\/sanlida-top-modul-large-29-compoundbogen-hero-10-ii-40\/\" \/>\n<meta property=\"og:site_name\" content=\"Bogensportdiscount \u2013 B\u00f6gen, Pfeile, Targets &amp; Zubeh\u00f6r\" \/>\n<meta property=\"article:modified_time\" content=\"2026-05-14T13:27:52+00:00\" \/>\n<meta property=\"og:image\" content=\"https:\/\/bogensportdiscount.ch\/wp-content\/uploads\/2026\/04\/bogensportdiscount.ch-pfeile-boegen-zubehoer-fuer-anfaenger-und-profis-zum-besten-preis-Symbolbild-kein-foto-zu-diesem-artikel_01.jpg\" \/>\n\t<meta property=\"og:image:width\" content=\"1080\" \/>\n\t<meta property=\"og:image:height\" content=\"1080\" \/>\n\t<meta property=\"og:image:type\" content=\"image\/jpeg\" \/>\n<meta name=\"twitter:card\" content=\"summary_large_image\" \/>\n<script type=\"application\/ld+json\" class=\"yoast-schema-graph\">{\"@context\":\"https:\\\/\\\/schema.org\",\"@graph\":[{\"@type\":\"WebPage\",\"@id\":\"https:\\\/\\\/bogensportdiscount.ch\\\/produkt\\\/sanlida-top-modul-large-29-compoundbogen-hero-10-ii-40\\\/\",\"url\":\"https:\\\/\\\/bogensportdiscount.ch\\\/produkt\\\/sanlida-top-modul-large-29-compoundbogen-hero-10-ii-40\\\/\",\"name\":\"SANLIDA TOP MODUL LARGE-29\\\" F\u00dcR COMPOUNDBOGEN HERO 10 II 40\\\" - Bogensportdiscount \u2013 B\u00f6gen, Pfeile, Targets &amp; Zubeh\u00f6r\",\"isPartOf\":{\"@id\":\"https:\\\/\\\/bogensportdiscount.ch\\\/#website\"},\"primaryImageOfPage\":{\"@id\":\"https:\\\/\\\/bogensportdiscount.ch\\\/produkt\\\/sanlida-top-modul-large-29-compoundbogen-hero-10-ii-40\\\/#primaryimage\"},\"image\":{\"@id\":\"https:\\\/\\\/bogensportdiscount.ch\\\/produkt\\\/sanlida-top-modul-large-29-compoundbogen-hero-10-ii-40\\\/#primaryimage\"},\"thumbnailUrl\":\"https:\\\/\\\/bogensportdiscount.ch\\\/wp-content\\\/uploads\\\/2026\\\/05\\\/a098313_1.png\",\"datePublished\":\"2026-04-05T13:42:12+00:00\",\"dateModified\":\"2026-05-14T13:27:52+00:00\",\"description\":\"SANLIDA TOP MODUL LARGE-29\\\" F\u00dcR COMPOUNDBOGEN HERO 10 II 40\\\" g\u00fcnstig kaufen bei Bogensportdiscount \u2013 Top-Marken, schneller Versand aus der Schweiz.\",\"breadcrumb\":{\"@id\":\"https:\\\/\\\/bogensportdiscount.ch\\\/produkt\\\/sanlida-top-modul-large-29-compoundbogen-hero-10-ii-40\\\/#breadcrumb\"},\"inLanguage\":\"fr-FR\",\"potentialAction\":[{\"@type\":\"ReadAction\",\"target\":[\"https:\\\/\\\/bogensportdiscount.ch\\\/produkt\\\/sanlida-top-modul-large-29-compoundbogen-hero-10-ii-40\\\/\"]}]},{\"@type\":\"ImageObject\",\"inLanguage\":\"fr-FR\",\"@id\":\"https:\\\/\\\/bogensportdiscount.ch\\\/produkt\\\/sanlida-top-modul-large-29-compoundbogen-hero-10-ii-40\\\/#primaryimage\",\"url\":\"https:\\\/\\\/bogensportdiscount.ch\\\/wp-content\\\/uploads\\\/2026\\\/05\\\/a098313_1.png\",\"contentUrl\":\"https:\\\/\\\/bogensportdiscount.ch\\\/wp-content\\\/uploads\\\/2026\\\/05\\\/a098313_1.png\",\"width\":400,\"height\":283},{\"@type\":\"BreadcrumbList\",\"@id\":\"https:\\\/\\\/bogensportdiscount.ch\\\/produkt\\\/sanlida-top-modul-large-29-compoundbogen-hero-10-ii-40\\\/#breadcrumb\",\"itemListElement\":[{\"@type\":\"ListItem\",\"position\":1,\"name\":\"Home\",\"item\":\"https:\\\/\\\/bogensportdiscount.ch\\\/\"},{\"@type\":\"ListItem\",\"position\":2,\"name\":\"Shop\",\"item\":\"https:\\\/\\\/bogensportdiscount.ch\\\/shop\\\/\"},{\"@type\":\"ListItem\",\"position\":3,\"name\":\"SANLIDA TOP MODUL LARGE-29&#8243; FUER COMPOUND BOGEN HERO 10 II 40&#8243;\"}]},{\"@type\":\"WebSite\",\"@id\":\"https:\\\/\\\/bogensportdiscount.ch\\\/#website\",\"url\":\"https:\\\/\\\/bogensportdiscount.ch\\\/\",\"name\":\"Bogensportdiscount\",\"description\":\"\",\"potentialAction\":[{\"@type\":\"SearchAction\",\"target\":{\"@type\":\"EntryPoint\",\"urlTemplate\":\"https:\\\/\\\/bogensportdiscount.ch\\\/?s={search_term_string}\"},\"query-input\":{\"@type\":\"PropertyValueSpecification\",\"valueRequired\":true,\"valueName\":\"search_term_string\"}}],\"inLanguage\":\"fr-FR\"}]}<\/script>\n<!-- \/ Yoast SEO plugin. -->","yoast_head_json":{"title":"SANLIDA TOP MODUL LARGE-29\" F\u00dcR COMPOUNDBOGEN HERO 10 II 40\" - Bogensportdiscount \u2013 B\u00f6gen, Pfeile, Targets &amp; Zubeh\u00f6r","description":"SANLIDA TOP MODUL LARGE-29\" F\u00dcR COMPOUNDBOGEN HERO 10 II 40\" g\u00fcnstig kaufen bei Bogensportdiscount \u2013 Top-Marken, schneller Versand aus der Schweiz.","robots":{"index":"index","follow":"follow","max-snippet":"max-snippet:-1","max-image-preview":"max-image-preview:large","max-video-preview":"max-video-preview:-1"},"canonical":"https:\/\/bogensportdiscount.ch\/fr\/produit\/sanlida-top-modul-large-29-compoundbogen-hero-10-ii-40\/","og_locale":"fr_FR","og_type":"article","og_title":"SANLIDA TOP MODUL LARGE-29\" F\u00dcR COMPOUNDBOGEN HERO 10 II 40\" - Bogensportdiscount \u2013 B\u00f6gen, Pfeile, Targets &amp; Zubeh\u00f6r","og_description":"SANLIDA TOP MODUL LARGE-29\" F\u00dcR COMPOUNDBOGEN HERO 10 II 40\" g\u00fcnstig kaufen bei Bogensportdiscount \u2013 Top-Marken, schneller Versand aus der Schweiz.","og_url":"https:\/\/bogensportdiscount.ch\/fr\/produit\/sanlida-top-modul-large-29-compoundbogen-hero-10-ii-40\/","og_site_name":"Bogensportdiscount \u2013 B\u00f6gen, Pfeile, Targets &amp; Zubeh\u00f6r","article_modified_time":"2026-05-14T13:27:52+00:00","og_image":[{"width":1080,"height":1080,"url":"https:\/\/bogensportdiscount.ch\/wp-content\/uploads\/2026\/04\/bogensportdiscount.ch-pfeile-boegen-zubehoer-fuer-anfaenger-und-profis-zum-besten-preis-Symbolbild-kein-foto-zu-diesem-artikel_01.jpg","type":"image\/jpeg"}],"twitter_card":"summary_large_image","schema":{"@context":"https:\/\/schema.org","@graph":[{"@type":"WebPage","@id":"https:\/\/bogensportdiscount.ch\/produkt\/sanlida-top-modul-large-29-compoundbogen-hero-10-ii-40\/","url":"https:\/\/bogensportdiscount.ch\/produkt\/sanlida-top-modul-large-29-compoundbogen-hero-10-ii-40\/","name":"SANLIDA TOP MODUL LARGE-29\" F\u00dcR COMPOUNDBOGEN HERO 10 II 40\" - Bogensportdiscount \u2013 B\u00f6gen, Pfeile, Targets &amp; Zubeh\u00f6r","isPartOf":{"@id":"https:\/\/bogensportdiscount.ch\/#website"},"primaryImageOfPage":{"@id":"https:\/\/bogensportdiscount.ch\/produkt\/sanlida-top-modul-large-29-compoundbogen-hero-10-ii-40\/#primaryimage"},"image":{"@id":"https:\/\/bogensportdiscount.ch\/produkt\/sanlida-top-modul-large-29-compoundbogen-hero-10-ii-40\/#primaryimage"},"thumbnailUrl":"https:\/\/bogensportdiscount.ch\/wp-content\/uploads\/2026\/05\/a098313_1.png","datePublished":"2026-04-05T13:42:12+00:00","dateModified":"2026-05-14T13:27:52+00:00","description":"SANLIDA TOP MODUL LARGE-29\" F\u00dcR COMPOUNDBOGEN HERO 10 II 40\" g\u00fcnstig kaufen bei Bogensportdiscount \u2013 Top-Marken, schneller Versand aus der Schweiz.","breadcrumb":{"@id":"https:\/\/bogensportdiscount.ch\/produkt\/sanlida-top-modul-large-29-compoundbogen-hero-10-ii-40\/#breadcrumb"},"inLanguage":"fr-FR","potentialAction":[{"@type":"ReadAction","target":["https:\/\/bogensportdiscount.ch\/produkt\/sanlida-top-modul-large-29-compoundbogen-hero-10-ii-40\/"]}]},{"@type":"ImageObject","inLanguage":"fr-FR","@id":"https:\/\/bogensportdiscount.ch\/produkt\/sanlida-top-modul-large-29-compoundbogen-hero-10-ii-40\/#primaryimage","url":"https:\/\/bogensportdiscount.ch\/wp-content\/uploads\/2026\/05\/a098313_1.png","contentUrl":"https:\/\/bogensportdiscount.ch\/wp-content\/uploads\/2026\/05\/a098313_1.png","width":400,"height":283},{"@type":"BreadcrumbList","@id":"https:\/\/bogensportdiscount.ch\/produkt\/sanlida-top-modul-large-29-compoundbogen-hero-10-ii-40\/#breadcrumb","itemListElement":[{"@type":"ListItem","position":1,"name":"Home","item":"https:\/\/bogensportdiscount.ch\/"},{"@type":"ListItem","position":2,"name":"Shop","item":"https:\/\/bogensportdiscount.ch\/shop\/"},{"@type":"ListItem","position":3,"name":"SANLIDA TOP MODUL LARGE-29&#8243; FUER COMPOUND BOGEN HERO 10 II 40&#8243;"}]},{"@type":"WebSite","@id":"https:\/\/bogensportdiscount.ch\/#website","url":"https:\/\/bogensportdiscount.ch\/","name":"Bogensportdiscount","description":"","potentialAction":[{"@type":"SearchAction","target":{"@type":"EntryPoint","urlTemplate":"https:\/\/bogensportdiscount.ch\/?s={search_term_string}"},"query-input":{"@type":"PropertyValueSpecification","valueRequired":true,"valueName":"search_term_string"}}],"inLanguage":"fr-FR"}]}},"_links":{"self":[{"href":"https:\/\/bogensportdiscount.ch\/fr\/wp-json\/wp\/v2\/product\/430174","targetHints":{"allow":["GET"]}}],"collection":[{"href":"https:\/\/bogensportdiscount.ch\/fr\/wp-json\/wp\/v2\/product"}],"about":[{"href":"https:\/\/bogensportdiscount.ch\/fr\/wp-json\/wp\/v2\/types\/product"}],"replies":[{"embeddable":true,"href":"https:\/\/bogensportdiscount.ch\/fr\/wp-json\/wp\/v2\/comments?post=430174"}],"wp:featuredmedia":[{"embeddable":true,"href":"https:\/\/bogensportdiscount.ch\/fr\/wp-json\/wp\/v2\/media\/531035"}],"wp:attachment":[{"href":"https:\/\/bogensportdiscount.ch\/fr\/wp-json\/wp\/v2\/media?parent=430174"}],"wp:term":[{"taxonomy":"product_brand","embeddable":true,"href":"https:\/\/bogensportdiscount.ch\/fr\/wp-json\/wp\/v2\/product_brand?post=430174"},{"taxonomy":"product_cat","embeddable":true,"href":"https:\/\/bogensportdiscount.ch\/fr\/wp-json\/wp\/v2\/product_cat?post=430174"},{"taxonomy":"product_tag","embeddable":true,"href":"https:\/\/bogensportdiscount.ch\/fr\/wp-json\/wp\/v2\/product_tag?post=430174"}],"curies":[{"name":"wp","href":"https:\/\/api.w.org\/{rel}","templated":true}]}}