{"id":430154,"date":"2026-04-05T15:42:08","date_gmt":"2026-04-05T13:42:08","guid":{"rendered":"https:\/\/bogensportdiscount.ch\/produkt\/screw-in-points-combo-stainless-steel-5-16-60-grains-12-pk\/"},"modified":"2026-05-14T15:27:52","modified_gmt":"2026-05-14T13:27:52","slug":"tipping-point-archery-schraubspitzen-combo-edelstahl-5-16","status":"publish","type":"product","link":"https:\/\/bogensportdiscount.ch\/fr\/produit\/tipping-point-archery-schraubspitzen-combo-edelstahl-5-16\/","title":{"rendered":"TIPPINGPOINTARCHERY KOMBINATIONSSCHRAUBENKOPF AUS EDELSTAHL 5\/16 12\/PK"},"content":{"rendered":"<p>Les pointes \u00e0 vis combo Tipping Point Archery en acier inoxydable sont con\u00e7ues pour les fl\u00e8ches en carbone avec filetage 5\/16. Le kit combo comprend diff\u00e9rentes variantes de poids (60, 80, 90, 100 et 125 Grain), permettant aux archers d'adapter pr\u00e9cis\u00e9ment leurs fl\u00e8ches \u00e0 diff\u00e9rentes exigences.<\/p>\n<p>Les pointes en acier inoxydable offrent une durabilit\u00e9 solide pour une utilisation r\u00e9guli\u00e8re \u00e0 l'entra\u00eenement. Gr\u00e2ce au syst\u00e8me \u00e0 vis, elles se changent facilement et permettent un ajustement flexible du poids des fl\u00e8ches sans effort important.<\/p>\n<ul>\n<li>Mat\u00e9riau : acier inoxydable<\/li>\n<li>Filetage : 5\/16 (standard pour de nombreuses fl\u00e8ches en carbone)<\/li>\n<li>Kit combo avec 5 variantes de poids (60\u2013125 Grain)<\/li>\n<li>Fabriqu\u00e9 en Italie<\/li>\n<\/ul>","protected":false},"excerpt":{"rendered":"<table>\n<tr>\n<th>Propri\u00e9t\u00e9<\/th>\n<th>Valeur<\/th>\n<\/tr>\n<tr>\n<td>Marque<\/td>\n<td>Tipping Point Archery<\/td>\n<\/tr>\n<tr>\n<td>Mat\u00e9riau<\/td>\n<td>Acier inoxydable<\/td>\n<\/tr>\n<tr>\n<td>Filetage<\/td>\n<td>5\/16<\/td>\n<\/tr>\n<tr>\n<td>Pays d'origine<\/td>\n<td>Italie<\/td>\n<\/tr>\n<tr>\n<td>Poids disponibles<\/td>\n<td>60 GR, 80 GR, 90 GR, 100 GR, 125 GR<\/td>\n<\/tr>\n<\/table>","protected":false},"featured_media":453505,"comment_status":"open","ping_status":"closed","template":"","meta":[],"product_brand":[846],"product_cat":[4545],"product_tag":[],"class_list":{"0":"post-430154","1":"product","2":"type-product","3":"status-publish","4":"has-post-thumbnail","6":"product_brand-tippingpointarchery","7":"product_cat-einschraube-spitzen","8":"product_shipping_class-bsd-standard","10":"first","11":"instock","12":"shipping-taxable","13":"purchasable","14":"product-type-variable"},"yoast_head":"<!-- This site is optimized with the Yoast SEO plugin v27.6 - https:\/\/yoast.com\/product\/yoast-seo-wordpress\/ -->\n<title>TIPPINGPOINTARCHERY KOMBINATIONSSCHRAUBENKOPF AUS EDELSTAHL 5\/16 12\/PK - Bogensportdiscount \u2013 B\u00f6gen, Pfeile, Targets &amp; Zubeh\u00f6r<\/title>\n<meta name=\"description\" content=\"TIPPINGPOINTARCHERY KOMBINATIONSSCHRAUBENKOPF AUS EDELSTAHL 5\/16 12\/PK g\u00fcnstig kaufen bei Bogensportdiscount \u2013 Top-Marken, schneller Versand aus der Schweiz.\" \/>\n<meta name=\"robots\" content=\"index, follow, max-snippet:-1, max-image-preview:large, max-video-preview:-1\" \/>\n<link rel=\"canonical\" href=\"https:\/\/bogensportdiscount.ch\/fr\/produit\/tipping-point-archery-schraubspitzen-combo-edelstahl-5-16\/\" \/>\n<meta property=\"og:locale\" content=\"fr_FR\" \/>\n<meta property=\"og:type\" content=\"article\" \/>\n<meta property=\"og:title\" content=\"TIPPINGPOINTARCHERY KOMBINATIONSSCHRAUBENKOPF AUS EDELSTAHL 5\/16 12\/PK - Bogensportdiscount \u2013 B\u00f6gen, Pfeile, Targets &amp; Zubeh\u00f6r\" \/>\n<meta property=\"og:description\" content=\"TIPPINGPOINTARCHERY KOMBINATIONSSCHRAUBENKOPF AUS EDELSTAHL 5\/16 12\/PK g\u00fcnstig kaufen bei Bogensportdiscount \u2013 Top-Marken, schneller Versand aus der Schweiz.\" \/>\n<meta property=\"og:url\" content=\"https:\/\/bogensportdiscount.ch\/fr\/produit\/tipping-point-archery-schraubspitzen-combo-edelstahl-5-16\/\" \/>\n<meta property=\"og:site_name\" content=\"Bogensportdiscount \u2013 B\u00f6gen, Pfeile, Targets &amp; Zubeh\u00f6r\" \/>\n<meta property=\"article:modified_time\" content=\"2026-05-14T13:27:52+00:00\" \/>\n<meta property=\"og:image\" content=\"https:\/\/bogensportdiscount.ch\/wp-content\/uploads\/bsm-images\/a098269_1.png\" \/>\n\t<meta property=\"og:image:width\" content=\"400\" \/>\n\t<meta property=\"og:image:height\" content=\"400\" \/>\n\t<meta property=\"og:image:type\" content=\"image\/png\" \/>\n<meta name=\"twitter:card\" content=\"summary_large_image\" \/>\n<script type=\"application\/ld+json\" class=\"yoast-schema-graph\">{\"@context\":\"https:\\\/\\\/schema.org\",\"@graph\":[{\"@type\":\"WebPage\",\"@id\":\"https:\\\/\\\/bogensportdiscount.ch\\\/produkt\\\/tipping-point-archery-schraubspitzen-combo-edelstahl-5-16\\\/\",\"url\":\"https:\\\/\\\/bogensportdiscount.ch\\\/produkt\\\/tipping-point-archery-schraubspitzen-combo-edelstahl-5-16\\\/\",\"name\":\"TIPPINGPOINTARCHERY KOMBINATIONSSCHRAUBENKOPF AUS EDELSTAHL 5\\\/16 12\\\/PK - Bogensportdiscount \u2013 B\u00f6gen, Pfeile, Targets &amp; Zubeh\u00f6r\",\"isPartOf\":{\"@id\":\"https:\\\/\\\/bogensportdiscount.ch\\\/#website\"},\"primaryImageOfPage\":{\"@id\":\"https:\\\/\\\/bogensportdiscount.ch\\\/produkt\\\/tipping-point-archery-schraubspitzen-combo-edelstahl-5-16\\\/#primaryimage\"},\"image\":{\"@id\":\"https:\\\/\\\/bogensportdiscount.ch\\\/produkt\\\/tipping-point-archery-schraubspitzen-combo-edelstahl-5-16\\\/#primaryimage\"},\"thumbnailUrl\":\"https:\\\/\\\/bogensportdiscount.ch\\\/wp-content\\\/uploads\\\/bsm-images\\\/a098269_1.png\",\"datePublished\":\"2026-04-05T13:42:08+00:00\",\"dateModified\":\"2026-05-14T13:27:52+00:00\",\"description\":\"TIPPINGPOINTARCHERY KOMBINATIONSSCHRAUBENKOPF AUS EDELSTAHL 5\\\/16 12\\\/PK g\u00fcnstig kaufen bei Bogensportdiscount \u2013 Top-Marken, schneller Versand aus der Schweiz.\",\"breadcrumb\":{\"@id\":\"https:\\\/\\\/bogensportdiscount.ch\\\/produkt\\\/tipping-point-archery-schraubspitzen-combo-edelstahl-5-16\\\/#breadcrumb\"},\"inLanguage\":\"fr-FR\",\"potentialAction\":[{\"@type\":\"ReadAction\",\"target\":[\"https:\\\/\\\/bogensportdiscount.ch\\\/produkt\\\/tipping-point-archery-schraubspitzen-combo-edelstahl-5-16\\\/\"]}]},{\"@type\":\"ImageObject\",\"inLanguage\":\"fr-FR\",\"@id\":\"https:\\\/\\\/bogensportdiscount.ch\\\/produkt\\\/tipping-point-archery-schraubspitzen-combo-edelstahl-5-16\\\/#primaryimage\",\"url\":\"https:\\\/\\\/bogensportdiscount.ch\\\/wp-content\\\/uploads\\\/bsm-images\\\/a098269_1.png\",\"contentUrl\":\"https:\\\/\\\/bogensportdiscount.ch\\\/wp-content\\\/uploads\\\/bsm-images\\\/a098269_1.png\",\"width\":400,\"height\":400},{\"@type\":\"BreadcrumbList\",\"@id\":\"https:\\\/\\\/bogensportdiscount.ch\\\/produkt\\\/tipping-point-archery-schraubspitzen-combo-edelstahl-5-16\\\/#breadcrumb\",\"itemListElement\":[{\"@type\":\"ListItem\",\"position\":1,\"name\":\"Home\",\"item\":\"https:\\\/\\\/bogensportdiscount.ch\\\/\"},{\"@type\":\"ListItem\",\"position\":2,\"name\":\"Shop\",\"item\":\"https:\\\/\\\/bogensportdiscount.ch\\\/shop\\\/\"},{\"@type\":\"ListItem\",\"position\":3,\"name\":\"TIPPINGPOINTARCHERY KOMBINATIONSSCHRAUBENKOPF AUS EDELSTAHL 5\\\/16 12\\\/PK\"}]},{\"@type\":\"WebSite\",\"@id\":\"https:\\\/\\\/bogensportdiscount.ch\\\/#website\",\"url\":\"https:\\\/\\\/bogensportdiscount.ch\\\/\",\"name\":\"Bogensportdiscount\",\"description\":\"\",\"potentialAction\":[{\"@type\":\"SearchAction\",\"target\":{\"@type\":\"EntryPoint\",\"urlTemplate\":\"https:\\\/\\\/bogensportdiscount.ch\\\/?s={search_term_string}\"},\"query-input\":{\"@type\":\"PropertyValueSpecification\",\"valueRequired\":true,\"valueName\":\"search_term_string\"}}],\"inLanguage\":\"fr-FR\"}]}<\/script>\n<!-- \/ Yoast SEO plugin. -->","yoast_head_json":{"title":"TIPPINGPOINTARCHERY KOMBINATIONSSCHRAUBENKOPF AUS EDELSTAHL 5\/16 12\/PK - Bogensportdiscount \u2013 B\u00f6gen, Pfeile, Targets &amp; Zubeh\u00f6r","description":"TIPPINGPOINTARCHERY KOMBINATIONSSCHRAUBENKOPF AUS EDELSTAHL 5\/16 12\/PK g\u00fcnstig kaufen bei Bogensportdiscount \u2013 Top-Marken, schneller Versand aus der Schweiz.","robots":{"index":"index","follow":"follow","max-snippet":"max-snippet:-1","max-image-preview":"max-image-preview:large","max-video-preview":"max-video-preview:-1"},"canonical":"https:\/\/bogensportdiscount.ch\/fr\/produit\/tipping-point-archery-schraubspitzen-combo-edelstahl-5-16\/","og_locale":"fr_FR","og_type":"article","og_title":"TIPPINGPOINTARCHERY KOMBINATIONSSCHRAUBENKOPF AUS EDELSTAHL 5\/16 12\/PK - Bogensportdiscount \u2013 B\u00f6gen, Pfeile, Targets &amp; Zubeh\u00f6r","og_description":"TIPPINGPOINTARCHERY KOMBINATIONSSCHRAUBENKOPF AUS EDELSTAHL 5\/16 12\/PK g\u00fcnstig kaufen bei Bogensportdiscount \u2013 Top-Marken, schneller Versand aus der Schweiz.","og_url":"https:\/\/bogensportdiscount.ch\/fr\/produit\/tipping-point-archery-schraubspitzen-combo-edelstahl-5-16\/","og_site_name":"Bogensportdiscount \u2013 B\u00f6gen, Pfeile, Targets &amp; Zubeh\u00f6r","article_modified_time":"2026-05-14T13:27:52+00:00","og_image":[{"width":400,"height":400,"url":"https:\/\/bogensportdiscount.ch\/wp-content\/uploads\/bsm-images\/a098269_1.png","type":"image\/png"}],"twitter_card":"summary_large_image","schema":{"@context":"https:\/\/schema.org","@graph":[{"@type":"WebPage","@id":"https:\/\/bogensportdiscount.ch\/produkt\/tipping-point-archery-schraubspitzen-combo-edelstahl-5-16\/","url":"https:\/\/bogensportdiscount.ch\/produkt\/tipping-point-archery-schraubspitzen-combo-edelstahl-5-16\/","name":"TIPPINGPOINTARCHERY KOMBINATIONSSCHRAUBENKOPF AUS EDELSTAHL 5\/16 12\/PK - Bogensportdiscount \u2013 B\u00f6gen, Pfeile, Targets &amp; Zubeh\u00f6r","isPartOf":{"@id":"https:\/\/bogensportdiscount.ch\/#website"},"primaryImageOfPage":{"@id":"https:\/\/bogensportdiscount.ch\/produkt\/tipping-point-archery-schraubspitzen-combo-edelstahl-5-16\/#primaryimage"},"image":{"@id":"https:\/\/bogensportdiscount.ch\/produkt\/tipping-point-archery-schraubspitzen-combo-edelstahl-5-16\/#primaryimage"},"thumbnailUrl":"https:\/\/bogensportdiscount.ch\/wp-content\/uploads\/bsm-images\/a098269_1.png","datePublished":"2026-04-05T13:42:08+00:00","dateModified":"2026-05-14T13:27:52+00:00","description":"TIPPINGPOINTARCHERY KOMBINATIONSSCHRAUBENKOPF AUS EDELSTAHL 5\/16 12\/PK g\u00fcnstig kaufen bei Bogensportdiscount \u2013 Top-Marken, schneller Versand aus der Schweiz.","breadcrumb":{"@id":"https:\/\/bogensportdiscount.ch\/produkt\/tipping-point-archery-schraubspitzen-combo-edelstahl-5-16\/#breadcrumb"},"inLanguage":"fr-FR","potentialAction":[{"@type":"ReadAction","target":["https:\/\/bogensportdiscount.ch\/produkt\/tipping-point-archery-schraubspitzen-combo-edelstahl-5-16\/"]}]},{"@type":"ImageObject","inLanguage":"fr-FR","@id":"https:\/\/bogensportdiscount.ch\/produkt\/tipping-point-archery-schraubspitzen-combo-edelstahl-5-16\/#primaryimage","url":"https:\/\/bogensportdiscount.ch\/wp-content\/uploads\/bsm-images\/a098269_1.png","contentUrl":"https:\/\/bogensportdiscount.ch\/wp-content\/uploads\/bsm-images\/a098269_1.png","width":400,"height":400},{"@type":"BreadcrumbList","@id":"https:\/\/bogensportdiscount.ch\/produkt\/tipping-point-archery-schraubspitzen-combo-edelstahl-5-16\/#breadcrumb","itemListElement":[{"@type":"ListItem","position":1,"name":"Home","item":"https:\/\/bogensportdiscount.ch\/"},{"@type":"ListItem","position":2,"name":"Shop","item":"https:\/\/bogensportdiscount.ch\/shop\/"},{"@type":"ListItem","position":3,"name":"TIPPINGPOINTARCHERY KOMBINATIONSSCHRAUBENKOPF AUS EDELSTAHL 5\/16 12\/PK"}]},{"@type":"WebSite","@id":"https:\/\/bogensportdiscount.ch\/#website","url":"https:\/\/bogensportdiscount.ch\/","name":"Bogensportdiscount","description":"","potentialAction":[{"@type":"SearchAction","target":{"@type":"EntryPoint","urlTemplate":"https:\/\/bogensportdiscount.ch\/?s={search_term_string}"},"query-input":{"@type":"PropertyValueSpecification","valueRequired":true,"valueName":"search_term_string"}}],"inLanguage":"fr-FR"}]}},"_links":{"self":[{"href":"https:\/\/bogensportdiscount.ch\/fr\/wp-json\/wp\/v2\/product\/430154","targetHints":{"allow":["GET"]}}],"collection":[{"href":"https:\/\/bogensportdiscount.ch\/fr\/wp-json\/wp\/v2\/product"}],"about":[{"href":"https:\/\/bogensportdiscount.ch\/fr\/wp-json\/wp\/v2\/types\/product"}],"replies":[{"embeddable":true,"href":"https:\/\/bogensportdiscount.ch\/fr\/wp-json\/wp\/v2\/comments?post=430154"}],"wp:featuredmedia":[{"embeddable":true,"href":"https:\/\/bogensportdiscount.ch\/fr\/wp-json\/wp\/v2\/media\/453505"}],"wp:attachment":[{"href":"https:\/\/bogensportdiscount.ch\/fr\/wp-json\/wp\/v2\/media?parent=430154"}],"wp:term":[{"taxonomy":"product_brand","embeddable":true,"href":"https:\/\/bogensportdiscount.ch\/fr\/wp-json\/wp\/v2\/product_brand?post=430154"},{"taxonomy":"product_cat","embeddable":true,"href":"https:\/\/bogensportdiscount.ch\/fr\/wp-json\/wp\/v2\/product_cat?post=430154"},{"taxonomy":"product_tag","embeddable":true,"href":"https:\/\/bogensportdiscount.ch\/fr\/wp-json\/wp\/v2\/product_tag?post=430154"}],"curies":[{"name":"wp","href":"https:\/\/api.w.org\/{rel}","templated":true}]}}