{"id":430140,"date":"2026-04-05T15:42:06","date_gmt":"2026-04-05T13:42:06","guid":{"rendered":"https:\/\/bogensportdiscount.ch\/produkt\/glue-on-points-for-wooden-arrows-bullet-burnished-steel-w-thread-5-16-60gr-12-pk\/"},"modified":"2026-04-17T12:25:46","modified_gmt":"2026-04-17T10:25:46","slug":"tipping-point-archery-glue-on-points-bullet-burnished-steel-gewinde","status":"publish","type":"product","link":"https:\/\/bogensportdiscount.ch\/fr\/produit\/tipping-point-archery-glue-on-points-bullet-burnished-steel-gewinde\/","title":{"rendered":"TIPPING POINT ARCHERY BULLET BURNISHED STEEL GLUE-ON POINT"},"content":{"rendered":"<p>Die Glue-On Points von Tipping Point Archery sind hochwertige Bogenpfeilspitzen aus burnished steel f\u00fcr Holzsch\u00e4fte. Mit Gewindebefestigung und verf\u00fcgbar in mehreren Gewichtsvarianten (60, 80, 100 und 125 Grain) bieten diese Spitzen Flexibilit\u00e4t f\u00fcr unterschiedliche Pfeilkonfigurationen.<\/p>\n<p>Die Spitzen sind in den Durchmessern 5\/16&#8243; und 11\/32&#8243; erh\u00e4ltlich und eignen sich ideal f\u00fcr traditionelle Bogensch\u00fctzen, die Wert auf qualitatives Material und pr\u00e4zise Verarbeitung legen.<\/p>","protected":false},"excerpt":{"rendered":"<table>\n<tr>\n<th>Propri\u00e9t\u00e9<\/th>\n<th>Valeur<\/th>\n<\/tr>\n<tr>\n<td>Poids<\/td>\n<td>60 GR, 80 GR, 100 GR, 125 GR<\/td>\n<\/tr>\n<tr>\n<td>Durchmesser<\/td>\n<td>5\/16&#8243;, 11\/32&#8243;<\/td>\n<\/tr>\n<tr>\n<td>Mat\u00e9riau<\/td>\n<td>Burnished Steel<\/td>\n<\/tr>\n<tr>\n<td>Befestigung<\/td>\n<td>Glue-On mit Gewinde<\/td>\n<\/tr>\n<\/table>","protected":false},"featured_media":453503,"comment_status":"open","ping_status":"closed","template":"","meta":[],"product_brand":[846],"product_cat":[4549],"product_tag":[],"class_list":{"0":"post-430140","1":"product","2":"type-product","3":"status-publish","4":"has-post-thumbnail","6":"product_brand-tippingpointarchery","7":"product_cat-spitzen-holz-schaefte-pfeil-komponenten","9":"first","10":"instock","11":"shipping-taxable","12":"purchasable","13":"product-type-variable"},"_links":{"self":[{"href":"https:\/\/bogensportdiscount.ch\/fr\/wp-json\/wp\/v2\/product\/430140","targetHints":{"allow":["GET"]}}],"collection":[{"href":"https:\/\/bogensportdiscount.ch\/fr\/wp-json\/wp\/v2\/product"}],"about":[{"href":"https:\/\/bogensportdiscount.ch\/fr\/wp-json\/wp\/v2\/types\/product"}],"replies":[{"embeddable":true,"href":"https:\/\/bogensportdiscount.ch\/fr\/wp-json\/wp\/v2\/comments?post=430140"}],"wp:featuredmedia":[{"embeddable":true,"href":"https:\/\/bogensportdiscount.ch\/fr\/wp-json\/wp\/v2\/media\/453503"}],"wp:attachment":[{"href":"https:\/\/bogensportdiscount.ch\/fr\/wp-json\/wp\/v2\/media?parent=430140"}],"wp:term":[{"taxonomy":"product_brand","embeddable":true,"href":"https:\/\/bogensportdiscount.ch\/fr\/wp-json\/wp\/v2\/product_brand?post=430140"},{"taxonomy":"product_cat","embeddable":true,"href":"https:\/\/bogensportdiscount.ch\/fr\/wp-json\/wp\/v2\/product_cat?post=430140"},{"taxonomy":"product_tag","embeddable":true,"href":"https:\/\/bogensportdiscount.ch\/fr\/wp-json\/wp\/v2\/product_tag?post=430140"}],"curies":[{"name":"wp","href":"https:\/\/api.w.org\/{rel}","templated":true}]}}