{"id":430073,"date":"2026-04-05T15:41:57","date_gmt":"2026-04-05T13:41:57","guid":{"rendered":"https:\/\/bogensportdiscount.ch\/produkt\/3d-target-hen-brown-l36-x-w15-x-h28cm-group-4\/"},"modified":"2026-04-17T13:50:13","modified_gmt":"2026-04-17T11:50:13","slug":"beier-3d-ziel-huhn-braun-l36-b15-h28cm-gruppe-4","status":"publish","type":"product","link":"https:\/\/bogensportdiscount.ch\/fr\/produit\/beier-3d-ziel-huhn-braun-l36-b15-h28cm-gruppe-4\/","title":{"rendered":"BEIER 3D TARGET HEN - BROWN : L36 x W15 x H28cm GROUPE 4"},"content":{"rendered":"<p>Das BEIER 3D-Ziel Huhn ist ein realit\u00e4tsnahes \u00dcbungsziel f\u00fcr das 3D-Bogenschiessen. Mit den Abmessungen 36 x 15 x 28 cm (L x B x H) eignet es sich f\u00fcr den Einsatz im Freien sowie in der Trainingshalle.<\/p>\n<p>Das Ziel wird der Gruppe 4 zugeordnet, was bei 3D-Turnieren die Wertungszone und Zielgr\u00f6sse definiert. Es ist in den Farben Schwarz, Braun und Weiss erh\u00e4ltlich. Das Produkt wird in Deutschland hergestellt.<\/p>\n<ul>\n<li>Realistische Tierdarstellung f\u00fcr praxisnahes Training<\/li>\n<li>Gruppe 4 \u2013 geeignet f\u00fcr Turniere und Trainingseinheiten<\/li>\n<li>Abmessungen: L36 x B15 x H28 cm<\/li>\n<li>Erh\u00e4ltlich in Schwarz, Braun und Weiss<\/li>\n<\/ul>","protected":false},"excerpt":{"rendered":"<p>BEIER 3D-Ziel in Form eines Huhns in der Farbe Braun. Abmessungen: L36 x B15 x H28 cm, Gruppe 4. Erh\u00e4ltlich in den Farben Schwarz, Braun und Weiss.<\/p>","protected":false},"featured_media":447795,"comment_status":"open","ping_status":"closed","template":"","meta":[],"product_brand":[831],"product_cat":[4148],"product_tag":[],"class_list":{"0":"post-430073","1":"product","2":"type-product","3":"status-publish","4":"has-post-thumbnail","6":"product_brand-beier","7":"product_cat-voegel-3d-ziele-ziele-auflagen","9":"first","10":"instock","11":"shipping-taxable","12":"purchasable","13":"product-type-variable"},"_links":{"self":[{"href":"https:\/\/bogensportdiscount.ch\/fr\/wp-json\/wp\/v2\/product\/430073","targetHints":{"allow":["GET"]}}],"collection":[{"href":"https:\/\/bogensportdiscount.ch\/fr\/wp-json\/wp\/v2\/product"}],"about":[{"href":"https:\/\/bogensportdiscount.ch\/fr\/wp-json\/wp\/v2\/types\/product"}],"replies":[{"embeddable":true,"href":"https:\/\/bogensportdiscount.ch\/fr\/wp-json\/wp\/v2\/comments?post=430073"}],"wp:featuredmedia":[{"embeddable":true,"href":"https:\/\/bogensportdiscount.ch\/fr\/wp-json\/wp\/v2\/media\/447795"}],"wp:attachment":[{"href":"https:\/\/bogensportdiscount.ch\/fr\/wp-json\/wp\/v2\/media?parent=430073"}],"wp:term":[{"taxonomy":"product_brand","embeddable":true,"href":"https:\/\/bogensportdiscount.ch\/fr\/wp-json\/wp\/v2\/product_brand?post=430073"},{"taxonomy":"product_cat","embeddable":true,"href":"https:\/\/bogensportdiscount.ch\/fr\/wp-json\/wp\/v2\/product_cat?post=430073"},{"taxonomy":"product_tag","embeddable":true,"href":"https:\/\/bogensportdiscount.ch\/fr\/wp-json\/wp\/v2\/product_tag?post=430073"}],"curies":[{"name":"wp","href":"https:\/\/api.w.org\/{rel}","templated":true}]}}