{"id":429776,"date":"2026-04-05T15:41:25","date_gmt":"2026-04-05T13:41:25","guid":{"rendered":"https:\/\/bogensportdiscount.ch\/produkt\/compound-package-infinite-edge-pro-legacy-dual-cam-w-rot-mod-rh-5-65lbs-13-31-smoke-grey\/"},"modified":"2026-05-14T15:27:51","modified_gmt":"2026-05-14T13:27:51","slug":"diamond-compound-set-infinite-edge-pro-legacy-dual-cam-rotating-module","status":"publish","type":"product","link":"https:\/\/bogensportdiscount.ch\/fr\/produit\/diamond-compound-set-infinite-edge-pro-legacy-dual-cam-rotating-module\/","title":{"rendered":"DIAMOND Kit arc \u00e0 poulies Infinite Edge Pro Legacy Dual Cam avec Mod. Rot. 5-65lbs 13-31&#8243;"},"content":{"rendered":"<p>Le Diamond Infinite Edge Pro Legacy est un arc \u00e0 poulies polyvalent de la maison Diamond by Bowtech, livr\u00e9 en kit complet. Avec un entraxe de 31 pouces et une brace height de 7 pouces, il offre une combinaison \u00e9quilibr\u00e9e de compacit\u00e9 et de confort de tir.<\/p>\n<p>Le syst\u00e8me Dual-Cam associ\u00e9 au module rotatif permet un r\u00e9glage flexible de la puissance et de l'allonge, ce qui rend cet arc adapt\u00e9 \u00e0 un large \u00e9ventail d'archers et d'arch\u00e8res. Le kit est disponible pour droitiers et gauchers, et d\u00e9clin\u00e9 dans les couleurs Grey ainsi que MOSSY OAK Bottomland.<\/p>\n<ul>\n<li>Entraxe : 31 pouces<\/li>\n<li>Brace height : 7 pouces<\/li>\n<li>Syst\u00e8me Dual-Cam avec module rotatif pour un r\u00e9glage flexible<\/li>\n<li>Disponible pour droitiers et gauchers en deux variantes de couleur<\/li>\n<\/ul>","protected":false},"excerpt":{"rendered":"<table>\n<tr>\n<th>Propri\u00e9t\u00e9<\/th>\n<th>Valeur<\/th>\n<\/tr>\n<tr>\n<td>Marque<\/td>\n<td>Diamond by BOWTECH<\/td>\n<\/tr>\n<tr>\n<td>Entre-axes (pouces)<\/td>\n<td>31<\/td>\n<\/tr>\n<tr>\n<td>Hauteur d'encoche (pouces)<\/td>\n<td>7<\/td>\n<\/tr>\n<tr>\n<td>Module<\/td>\n<td>Rotating Mod<\/td>\n<\/tr>\n<tr>\n<td>Pays d'origine<\/td>\n<td>USA<\/td>\n<\/tr>\n<\/table>","protected":false},"featured_media":448939,"comment_status":"open","ping_status":"closed","template":"","meta":[],"product_brand":[621],"product_cat":[4525],"product_tag":[],"class_list":{"0":"post-429776","1":"product","2":"type-product","3":"status-publish","4":"has-post-thumbnail","6":"product_brand-diamond","7":"product_cat-compound-boegen-sets","8":"product_shipping_class-bsd-standard","10":"first","11":"instock","12":"shipping-taxable","13":"purchasable","14":"product-type-variable"},"yoast_head":"<!-- This site is optimized with the Yoast SEO plugin v27.6 - https:\/\/yoast.com\/product\/yoast-seo-wordpress\/ -->\n<title>DIAMOND COMPOUNDBOGEN Paket Infinite Edge Pro Legacy Dual Cam mit Rot.Mod 5-65lbs 13-31&quot; - Bogensportdiscount \u2013 B\u00f6gen, Pfeile, Targets &amp; Zubeh\u00f6r<\/title>\n<meta name=\"description\" content=\"DIAMOND COMPOUNDBOGEN Paket Infinite Edge Pro Legacy Dual Cam mit Rot.Mod 5-65lbs 13-31&quot; g\u00fcnstig kaufen bei Bogensportdiscount \u2013 Top-Marken, schneller Versand aus der Schweiz.\" \/>\n<meta name=\"robots\" content=\"index, follow, max-snippet:-1, max-image-preview:large, max-video-preview:-1\" \/>\n<link rel=\"canonical\" href=\"https:\/\/bogensportdiscount.ch\/fr\/produit\/diamond-compound-set-infinite-edge-pro-legacy-dual-cam-rotating-module\/\" \/>\n<meta property=\"og:locale\" content=\"fr_FR\" \/>\n<meta property=\"og:type\" content=\"article\" \/>\n<meta property=\"og:title\" content=\"DIAMOND COMPOUNDBOGEN Paket Infinite Edge Pro Legacy Dual Cam mit Rot.Mod 5-65lbs 13-31&quot; - Bogensportdiscount \u2013 B\u00f6gen, Pfeile, Targets &amp; Zubeh\u00f6r\" \/>\n<meta property=\"og:description\" content=\"DIAMOND COMPOUNDBOGEN Paket Infinite Edge Pro Legacy Dual Cam mit Rot.Mod 5-65lbs 13-31&quot; g\u00fcnstig kaufen bei Bogensportdiscount \u2013 Top-Marken, schneller Versand aus der Schweiz.\" \/>\n<meta property=\"og:url\" content=\"https:\/\/bogensportdiscount.ch\/fr\/produit\/diamond-compound-set-infinite-edge-pro-legacy-dual-cam-rotating-module\/\" \/>\n<meta property=\"og:site_name\" content=\"Bogensportdiscount \u2013 B\u00f6gen, Pfeile, Targets &amp; Zubeh\u00f6r\" \/>\n<meta property=\"article:modified_time\" content=\"2026-05-14T13:27:51+00:00\" \/>\n<meta property=\"og:image\" content=\"https:\/\/bogensportdiscount.ch\/wp-content\/uploads\/bsm-images\/A097849_1.png\" \/>\n\t<meta property=\"og:image:width\" content=\"1000\" \/>\n\t<meta property=\"og:image:height\" content=\"1000\" \/>\n\t<meta property=\"og:image:type\" content=\"image\/png\" \/>\n<meta name=\"twitter:card\" content=\"summary_large_image\" \/>\n<meta name=\"twitter:label1\" content=\"Dur\u00e9e de lecture estim\u00e9e\" \/>\n\t<meta name=\"twitter:data1\" content=\"1 minute\" \/>\n<script type=\"application\/ld+json\" class=\"yoast-schema-graph\">{\"@context\":\"https:\\\/\\\/schema.org\",\"@graph\":[{\"@type\":\"WebPage\",\"@id\":\"https:\\\/\\\/bogensportdiscount.ch\\\/produkt\\\/diamond-compound-set-infinite-edge-pro-legacy-dual-cam-rotating-module\\\/\",\"url\":\"https:\\\/\\\/bogensportdiscount.ch\\\/produkt\\\/diamond-compound-set-infinite-edge-pro-legacy-dual-cam-rotating-module\\\/\",\"name\":\"DIAMOND COMPOUNDBOGEN Paket Infinite Edge Pro Legacy Dual Cam mit Rot.Mod 5-65lbs 13-31\\\" - Bogensportdiscount \u2013 B\u00f6gen, Pfeile, Targets &amp; Zubeh\u00f6r\",\"isPartOf\":{\"@id\":\"https:\\\/\\\/bogensportdiscount.ch\\\/#website\"},\"primaryImageOfPage\":{\"@id\":\"https:\\\/\\\/bogensportdiscount.ch\\\/produkt\\\/diamond-compound-set-infinite-edge-pro-legacy-dual-cam-rotating-module\\\/#primaryimage\"},\"image\":{\"@id\":\"https:\\\/\\\/bogensportdiscount.ch\\\/produkt\\\/diamond-compound-set-infinite-edge-pro-legacy-dual-cam-rotating-module\\\/#primaryimage\"},\"thumbnailUrl\":\"https:\\\/\\\/bogensportdiscount.ch\\\/wp-content\\\/uploads\\\/bsm-images\\\/A097849_1.png\",\"datePublished\":\"2026-04-05T13:41:25+00:00\",\"dateModified\":\"2026-05-14T13:27:51+00:00\",\"description\":\"DIAMOND COMPOUNDBOGEN Paket Infinite Edge Pro Legacy Dual Cam mit Rot.Mod 5-65lbs 13-31\\\" g\u00fcnstig kaufen bei Bogensportdiscount \u2013 Top-Marken, schneller Versand aus der Schweiz.\",\"breadcrumb\":{\"@id\":\"https:\\\/\\\/bogensportdiscount.ch\\\/produkt\\\/diamond-compound-set-infinite-edge-pro-legacy-dual-cam-rotating-module\\\/#breadcrumb\"},\"inLanguage\":\"fr-FR\",\"potentialAction\":[{\"@type\":\"ReadAction\",\"target\":[\"https:\\\/\\\/bogensportdiscount.ch\\\/produkt\\\/diamond-compound-set-infinite-edge-pro-legacy-dual-cam-rotating-module\\\/\"]}]},{\"@type\":\"ImageObject\",\"inLanguage\":\"fr-FR\",\"@id\":\"https:\\\/\\\/bogensportdiscount.ch\\\/produkt\\\/diamond-compound-set-infinite-edge-pro-legacy-dual-cam-rotating-module\\\/#primaryimage\",\"url\":\"https:\\\/\\\/bogensportdiscount.ch\\\/wp-content\\\/uploads\\\/bsm-images\\\/A097849_1.png\",\"contentUrl\":\"https:\\\/\\\/bogensportdiscount.ch\\\/wp-content\\\/uploads\\\/bsm-images\\\/A097849_1.png\",\"width\":1000,\"height\":1000},{\"@type\":\"BreadcrumbList\",\"@id\":\"https:\\\/\\\/bogensportdiscount.ch\\\/produkt\\\/diamond-compound-set-infinite-edge-pro-legacy-dual-cam-rotating-module\\\/#breadcrumb\",\"itemListElement\":[{\"@type\":\"ListItem\",\"position\":1,\"name\":\"Home\",\"item\":\"https:\\\/\\\/bogensportdiscount.ch\\\/\"},{\"@type\":\"ListItem\",\"position\":2,\"name\":\"Shop\",\"item\":\"https:\\\/\\\/bogensportdiscount.ch\\\/shop\\\/\"},{\"@type\":\"ListItem\",\"position\":3,\"name\":\"DIAMOND COMPOUND PACKAGE INFINITE EDGE PRO LEGACY DUAL CAM W\\\/ ROT.MOD 5-65LBS 13-31&#8243;\"}]},{\"@type\":\"WebSite\",\"@id\":\"https:\\\/\\\/bogensportdiscount.ch\\\/#website\",\"url\":\"https:\\\/\\\/bogensportdiscount.ch\\\/\",\"name\":\"Bogensportdiscount\",\"description\":\"\",\"potentialAction\":[{\"@type\":\"SearchAction\",\"target\":{\"@type\":\"EntryPoint\",\"urlTemplate\":\"https:\\\/\\\/bogensportdiscount.ch\\\/?s={search_term_string}\"},\"query-input\":{\"@type\":\"PropertyValueSpecification\",\"valueRequired\":true,\"valueName\":\"search_term_string\"}}],\"inLanguage\":\"fr-FR\"}]}<\/script>\n<!-- \/ Yoast SEO plugin. -->","yoast_head_json":{"title":"DIAMOND COMPOUNDBOGEN Paket Infinite Edge Pro Legacy Dual Cam mit Rot.Mod 5-65lbs 13-31\" - Bogensportdiscount \u2013 B\u00f6gen, Pfeile, Targets &amp; Zubeh\u00f6r","description":"DIAMOND COMPOUNDBOGEN Paket Infinite Edge Pro Legacy Dual Cam mit Rot.Mod 5-65lbs 13-31\" g\u00fcnstig kaufen bei Bogensportdiscount \u2013 Top-Marken, schneller Versand aus der Schweiz.","robots":{"index":"index","follow":"follow","max-snippet":"max-snippet:-1","max-image-preview":"max-image-preview:large","max-video-preview":"max-video-preview:-1"},"canonical":"https:\/\/bogensportdiscount.ch\/fr\/produit\/diamond-compound-set-infinite-edge-pro-legacy-dual-cam-rotating-module\/","og_locale":"fr_FR","og_type":"article","og_title":"DIAMOND COMPOUNDBOGEN Paket Infinite Edge Pro Legacy Dual Cam mit Rot.Mod 5-65lbs 13-31\" - Bogensportdiscount \u2013 B\u00f6gen, Pfeile, Targets &amp; Zubeh\u00f6r","og_description":"DIAMOND COMPOUNDBOGEN Paket Infinite Edge Pro Legacy Dual Cam mit Rot.Mod 5-65lbs 13-31\" g\u00fcnstig kaufen bei Bogensportdiscount \u2013 Top-Marken, schneller Versand aus der Schweiz.","og_url":"https:\/\/bogensportdiscount.ch\/fr\/produit\/diamond-compound-set-infinite-edge-pro-legacy-dual-cam-rotating-module\/","og_site_name":"Bogensportdiscount \u2013 B\u00f6gen, Pfeile, Targets &amp; Zubeh\u00f6r","article_modified_time":"2026-05-14T13:27:51+00:00","og_image":[{"width":1000,"height":1000,"url":"https:\/\/bogensportdiscount.ch\/wp-content\/uploads\/bsm-images\/A097849_1.png","type":"image\/png"}],"twitter_card":"summary_large_image","twitter_misc":{"Dur\u00e9e de lecture estim\u00e9e":"1 minute"},"schema":{"@context":"https:\/\/schema.org","@graph":[{"@type":"WebPage","@id":"https:\/\/bogensportdiscount.ch\/produkt\/diamond-compound-set-infinite-edge-pro-legacy-dual-cam-rotating-module\/","url":"https:\/\/bogensportdiscount.ch\/produkt\/diamond-compound-set-infinite-edge-pro-legacy-dual-cam-rotating-module\/","name":"DIAMOND COMPOUNDBOGEN Paket Infinite Edge Pro Legacy Dual Cam mit Rot.Mod 5-65lbs 13-31\" - Bogensportdiscount \u2013 B\u00f6gen, Pfeile, Targets &amp; Zubeh\u00f6r","isPartOf":{"@id":"https:\/\/bogensportdiscount.ch\/#website"},"primaryImageOfPage":{"@id":"https:\/\/bogensportdiscount.ch\/produkt\/diamond-compound-set-infinite-edge-pro-legacy-dual-cam-rotating-module\/#primaryimage"},"image":{"@id":"https:\/\/bogensportdiscount.ch\/produkt\/diamond-compound-set-infinite-edge-pro-legacy-dual-cam-rotating-module\/#primaryimage"},"thumbnailUrl":"https:\/\/bogensportdiscount.ch\/wp-content\/uploads\/bsm-images\/A097849_1.png","datePublished":"2026-04-05T13:41:25+00:00","dateModified":"2026-05-14T13:27:51+00:00","description":"DIAMOND COMPOUNDBOGEN Paket Infinite Edge Pro Legacy Dual Cam mit Rot.Mod 5-65lbs 13-31\" g\u00fcnstig kaufen bei Bogensportdiscount \u2013 Top-Marken, schneller Versand aus der Schweiz.","breadcrumb":{"@id":"https:\/\/bogensportdiscount.ch\/produkt\/diamond-compound-set-infinite-edge-pro-legacy-dual-cam-rotating-module\/#breadcrumb"},"inLanguage":"fr-FR","potentialAction":[{"@type":"ReadAction","target":["https:\/\/bogensportdiscount.ch\/produkt\/diamond-compound-set-infinite-edge-pro-legacy-dual-cam-rotating-module\/"]}]},{"@type":"ImageObject","inLanguage":"fr-FR","@id":"https:\/\/bogensportdiscount.ch\/produkt\/diamond-compound-set-infinite-edge-pro-legacy-dual-cam-rotating-module\/#primaryimage","url":"https:\/\/bogensportdiscount.ch\/wp-content\/uploads\/bsm-images\/A097849_1.png","contentUrl":"https:\/\/bogensportdiscount.ch\/wp-content\/uploads\/bsm-images\/A097849_1.png","width":1000,"height":1000},{"@type":"BreadcrumbList","@id":"https:\/\/bogensportdiscount.ch\/produkt\/diamond-compound-set-infinite-edge-pro-legacy-dual-cam-rotating-module\/#breadcrumb","itemListElement":[{"@type":"ListItem","position":1,"name":"Home","item":"https:\/\/bogensportdiscount.ch\/"},{"@type":"ListItem","position":2,"name":"Shop","item":"https:\/\/bogensportdiscount.ch\/shop\/"},{"@type":"ListItem","position":3,"name":"DIAMOND COMPOUND PACKAGE INFINITE EDGE PRO LEGACY DUAL CAM W\/ ROT.MOD 5-65LBS 13-31&#8243;"}]},{"@type":"WebSite","@id":"https:\/\/bogensportdiscount.ch\/#website","url":"https:\/\/bogensportdiscount.ch\/","name":"Bogensportdiscount","description":"","potentialAction":[{"@type":"SearchAction","target":{"@type":"EntryPoint","urlTemplate":"https:\/\/bogensportdiscount.ch\/?s={search_term_string}"},"query-input":{"@type":"PropertyValueSpecification","valueRequired":true,"valueName":"search_term_string"}}],"inLanguage":"fr-FR"}]}},"_links":{"self":[{"href":"https:\/\/bogensportdiscount.ch\/fr\/wp-json\/wp\/v2\/product\/429776","targetHints":{"allow":["GET"]}}],"collection":[{"href":"https:\/\/bogensportdiscount.ch\/fr\/wp-json\/wp\/v2\/product"}],"about":[{"href":"https:\/\/bogensportdiscount.ch\/fr\/wp-json\/wp\/v2\/types\/product"}],"replies":[{"embeddable":true,"href":"https:\/\/bogensportdiscount.ch\/fr\/wp-json\/wp\/v2\/comments?post=429776"}],"wp:featuredmedia":[{"embeddable":true,"href":"https:\/\/bogensportdiscount.ch\/fr\/wp-json\/wp\/v2\/media\/448939"}],"wp:attachment":[{"href":"https:\/\/bogensportdiscount.ch\/fr\/wp-json\/wp\/v2\/media?parent=429776"}],"wp:term":[{"taxonomy":"product_brand","embeddable":true,"href":"https:\/\/bogensportdiscount.ch\/fr\/wp-json\/wp\/v2\/product_brand?post=429776"},{"taxonomy":"product_cat","embeddable":true,"href":"https:\/\/bogensportdiscount.ch\/fr\/wp-json\/wp\/v2\/product_cat?post=429776"},{"taxonomy":"product_tag","embeddable":true,"href":"https:\/\/bogensportdiscount.ch\/fr\/wp-json\/wp\/v2\/product_tag?post=429776"}],"curies":[{"name":"wp","href":"https:\/\/api.w.org\/{rel}","templated":true}]}}