{"id":429747,"date":"2026-04-05T15:41:21","date_gmt":"2026-04-05T13:41:21","guid":{"rendered":"https:\/\/bogensportdiscount.ch\/produkt\/hbc-aileron-index-finger-tab-plates-black-medium\/"},"modified":"2026-05-14T15:27:51","modified_gmt":"2026-05-14T13:27:51","slug":"truball-hbc-aileron-zeigefinger-tab-platten-rot-medium","status":"publish","type":"product","link":"https:\/\/bogensportdiscount.ch\/fr\/produit\/truball-hbc-aileron-zeigefinger-tab-platten-rot-medium\/","title":{"rendered":"TRUBALL HBC AILERON INDEX FINGER TAB PLATTEN ROT MITTEL"},"content":{"rendered":"<p>Les plaques T.R.U. BALL HBC Aileron Index Finger Tab sont des pi\u00e8ces de rechange et des accessoires pour le d\u00e9cocheur HBC Aileron Tab de T.R.U. BALL. Elles sont sp\u00e9cialement con\u00e7ues pour le d\u00e9clenchement \u00e0 l'index et disponibles en taille Medium.<\/p>\n<p>Les plaques sont disponibles en plusieurs couleurs, notamment noir, bleu, or, vert, orange, violet, rouge et argent. Ce kit comprend la version en rouge. Fabriqu\u00e9 aux \u00c9tats-Unis.<\/p>\n<ul>\n<li>Compatible avec le T.R.U. BALL HBC Aileron Index Finger Tab<\/li>\n<li>Taille : Medium<\/li>\n<li>Couleur : Rouge<\/li>\n<li>Disponible en diff\u00e9rentes couleurs<\/li>\n<\/ul>","protected":false},"excerpt":{"rendered":"<table>\n<tr>\n<th>Propri\u00e9t\u00e9<\/th>\n<th>Valeur<\/th>\n<\/tr>\n<tr>\n<td>Marque<\/td>\n<td>T.R.U. Ball<\/td>\n<\/tr>\n<tr>\n<td>Pays d'origine<\/td>\n<td>USA<\/td>\n<\/tr>\n<\/table>","protected":false},"featured_media":523236,"comment_status":"open","ping_status":"closed","template":"","meta":[],"product_brand":[578],"product_cat":[4211],"product_tag":[],"class_list":{"0":"post-429747","1":"product","2":"type-product","3":"status-publish","4":"has-post-thumbnail","6":"product_brand-truball","7":"product_cat-einzelteile-fuer-release","8":"product_shipping_class-bsd-standard","10":"first","11":"instock","12":"shipping-taxable","13":"purchasable","14":"product-type-variable"},"yoast_head":"<!-- This site is optimized with the Yoast SEO plugin v27.6 - https:\/\/yoast.com\/product\/yoast-seo-wordpress\/ -->\n<title>TRUBALL HBC AILERON INDEX FINGER TAB PLATES ROUGE CENTRE - Bogensportdiscount \u2013 Arcs, fl\u00e8ches, cibles et accessoires<\/title>\n<meta name=\"description\" content=\"Achetez les plaques TRUBALL HBC AILERON INDEX FINGER TAB ROUGE CENTRALE \u00e0 prix avantageux chez Bogensportdiscount \u2013 Grandes marques, livraison rapide depuis la Suisse.\" \/>\n<meta name=\"robots\" content=\"index, follow, max-snippet:-1, max-image-preview:large, max-video-preview:-1\" \/>\n<link rel=\"canonical\" href=\"https:\/\/bogensportdiscount.ch\/fr\/produit\/truball-hbc-aileron-zeigefinger-tab-platten-rot-medium\/\" \/>\n<meta property=\"og:locale\" content=\"fr_FR\" \/>\n<meta property=\"og:type\" content=\"article\" \/>\n<meta property=\"og:title\" content=\"TRUBALL HBC AILERON INDEX FINGER TAB PLATES ROUGE CENTRE - Bogensportdiscount \u2013 Arcs, fl\u00e8ches, cibles et accessoires\" \/>\n<meta property=\"og:description\" content=\"Achetez les plaques TRUBALL HBC AILERON INDEX FINGER TAB ROUGE CENTRALE \u00e0 prix avantageux chez Bogensportdiscount \u2013 Grandes marques, livraison rapide depuis la Suisse.\" \/>\n<meta property=\"og:url\" content=\"https:\/\/bogensportdiscount.ch\/fr\/produit\/truball-hbc-aileron-zeigefinger-tab-platten-rot-medium\/\" \/>\n<meta property=\"og:site_name\" content=\"Bogensportdiscount \u2013 B\u00f6gen, Pfeile, Targets &amp; Zubeh\u00f6r\" \/>\n<meta property=\"article:modified_time\" content=\"2026-05-14T13:27:51+00:00\" \/>\n<meta property=\"og:image\" content=\"https:\/\/bogensportdiscount.ch\/wp-content\/uploads\/bsm-images\/A097780_1.png\" \/>\n\t<meta property=\"og:image:width\" content=\"1500\" \/>\n\t<meta property=\"og:image:height\" content=\"1500\" \/>\n\t<meta property=\"og:image:type\" content=\"image\/png\" \/>\n<meta name=\"twitter:card\" content=\"summary_large_image\" \/>\n<script type=\"application\/ld+json\" class=\"yoast-schema-graph\">{\"@context\":\"https:\\\/\\\/schema.org\",\"@graph\":[{\"@type\":\"WebPage\",\"@id\":\"https:\\\/\\\/bogensportdiscount.ch\\\/produkt\\\/truball-hbc-aileron-zeigefinger-tab-platten-rot-medium\\\/\",\"url\":\"https:\\\/\\\/bogensportdiscount.ch\\\/produkt\\\/truball-hbc-aileron-zeigefinger-tab-platten-rot-medium\\\/\",\"name\":\"TRUBALL HBC AILERON INDEX FINGER TAB PLATTEN ROT MITTEL - Bogensportdiscount \u2013 B\u00f6gen, Pfeile, Targets &amp; Zubeh\u00f6r\",\"isPartOf\":{\"@id\":\"https:\\\/\\\/bogensportdiscount.ch\\\/#website\"},\"primaryImageOfPage\":{\"@id\":\"https:\\\/\\\/bogensportdiscount.ch\\\/produkt\\\/truball-hbc-aileron-zeigefinger-tab-platten-rot-medium\\\/#primaryimage\"},\"image\":{\"@id\":\"https:\\\/\\\/bogensportdiscount.ch\\\/produkt\\\/truball-hbc-aileron-zeigefinger-tab-platten-rot-medium\\\/#primaryimage\"},\"thumbnailUrl\":\"https:\\\/\\\/bogensportdiscount.ch\\\/wp-content\\\/uploads\\\/bsm-images\\\/A097780_1.png\",\"datePublished\":\"2026-04-05T13:41:21+00:00\",\"dateModified\":\"2026-05-14T13:27:51+00:00\",\"description\":\"TRUBALL HBC AILERON INDEX FINGER TAB PLATTEN ROT MITTEL g\u00fcnstig kaufen bei Bogensportdiscount \u2013 Top-Marken, schneller Versand aus der Schweiz.\",\"breadcrumb\":{\"@id\":\"https:\\\/\\\/bogensportdiscount.ch\\\/produkt\\\/truball-hbc-aileron-zeigefinger-tab-platten-rot-medium\\\/#breadcrumb\"},\"inLanguage\":\"fr-FR\",\"potentialAction\":[{\"@type\":\"ReadAction\",\"target\":[\"https:\\\/\\\/bogensportdiscount.ch\\\/produkt\\\/truball-hbc-aileron-zeigefinger-tab-platten-rot-medium\\\/\"]}]},{\"@type\":\"ImageObject\",\"inLanguage\":\"fr-FR\",\"@id\":\"https:\\\/\\\/bogensportdiscount.ch\\\/produkt\\\/truball-hbc-aileron-zeigefinger-tab-platten-rot-medium\\\/#primaryimage\",\"url\":\"https:\\\/\\\/bogensportdiscount.ch\\\/wp-content\\\/uploads\\\/bsm-images\\\/A097780_1.png\",\"contentUrl\":\"https:\\\/\\\/bogensportdiscount.ch\\\/wp-content\\\/uploads\\\/bsm-images\\\/A097780_1.png\",\"width\":1500,\"height\":1500},{\"@type\":\"BreadcrumbList\",\"@id\":\"https:\\\/\\\/bogensportdiscount.ch\\\/produkt\\\/truball-hbc-aileron-zeigefinger-tab-platten-rot-medium\\\/#breadcrumb\",\"itemListElement\":[{\"@type\":\"ListItem\",\"position\":1,\"name\":\"Home\",\"item\":\"https:\\\/\\\/bogensportdiscount.ch\\\/\"},{\"@type\":\"ListItem\",\"position\":2,\"name\":\"Shop\",\"item\":\"https:\\\/\\\/bogensportdiscount.ch\\\/shop\\\/\"},{\"@type\":\"ListItem\",\"position\":3,\"name\":\"TRUBALL HBC AILERON INDEX FINGER TAB PLATTEN ROT MITTEL\"}]},{\"@type\":\"WebSite\",\"@id\":\"https:\\\/\\\/bogensportdiscount.ch\\\/#website\",\"url\":\"https:\\\/\\\/bogensportdiscount.ch\\\/\",\"name\":\"Bogensportdiscount\",\"description\":\"\",\"potentialAction\":[{\"@type\":\"SearchAction\",\"target\":{\"@type\":\"EntryPoint\",\"urlTemplate\":\"https:\\\/\\\/bogensportdiscount.ch\\\/?s={search_term_string}\"},\"query-input\":{\"@type\":\"PropertyValueSpecification\",\"valueRequired\":true,\"valueName\":\"search_term_string\"}}],\"inLanguage\":\"fr-FR\"}]}<\/script>\n<!-- \/ Yoast SEO plugin. -->","yoast_head_json":{"title":"TRUBALL HBC AILERON INDEX FINGER TAB PLATES ROUGE CENTRE - Bogensportdiscount \u2013 Arcs, fl\u00e8ches, cibles et accessoires","description":"Achetez les plaques TRUBALL HBC AILERON INDEX FINGER TAB ROUGE CENTRALE \u00e0 prix avantageux chez Bogensportdiscount \u2013 Grandes marques, livraison rapide depuis la Suisse.","robots":{"index":"index","follow":"follow","max-snippet":"max-snippet:-1","max-image-preview":"max-image-preview:large","max-video-preview":"max-video-preview:-1"},"canonical":"https:\/\/bogensportdiscount.ch\/fr\/produit\/truball-hbc-aileron-zeigefinger-tab-platten-rot-medium\/","og_locale":"fr_FR","og_type":"article","og_title":"TRUBALL HBC AILERON INDEX FINGER TAB PLATES ROUGE CENTRE - Bogensportdiscount \u2013 Arcs, fl\u00e8ches, cibles et accessoires","og_description":"Achetez les plaques TRUBALL HBC AILERON INDEX FINGER TAB ROUGE CENTRALE \u00e0 prix avantageux chez Bogensportdiscount \u2013 Grandes marques, livraison rapide depuis la Suisse.","og_url":"https:\/\/bogensportdiscount.ch\/fr\/produit\/truball-hbc-aileron-zeigefinger-tab-platten-rot-medium\/","og_site_name":"Bogensportdiscount \u2013 B\u00f6gen, Pfeile, Targets &amp; Zubeh\u00f6r","article_modified_time":"2026-05-14T13:27:51+00:00","og_image":[{"width":1500,"height":1500,"url":"https:\/\/bogensportdiscount.ch\/wp-content\/uploads\/bsm-images\/A097780_1.png","type":"image\/png"}],"twitter_card":"summary_large_image","schema":{"@context":"https:\/\/schema.org","@graph":[{"@type":"WebPage","@id":"https:\/\/bogensportdiscount.ch\/produkt\/truball-hbc-aileron-zeigefinger-tab-platten-rot-medium\/","url":"https:\/\/bogensportdiscount.ch\/produkt\/truball-hbc-aileron-zeigefinger-tab-platten-rot-medium\/","name":"TRUBALL HBC AILERON INDEX FINGER TAB PLATES ROUGE CENTRE - Bogensportdiscount \u2013 Arcs, fl\u00e8ches, cibles et accessoires","isPartOf":{"@id":"https:\/\/bogensportdiscount.ch\/#website"},"primaryImageOfPage":{"@id":"https:\/\/bogensportdiscount.ch\/produkt\/truball-hbc-aileron-zeigefinger-tab-platten-rot-medium\/#primaryimage"},"image":{"@id":"https:\/\/bogensportdiscount.ch\/produkt\/truball-hbc-aileron-zeigefinger-tab-platten-rot-medium\/#primaryimage"},"thumbnailUrl":"https:\/\/bogensportdiscount.ch\/wp-content\/uploads\/bsm-images\/A097780_1.png","datePublished":"2026-04-05T13:41:21+00:00","dateModified":"2026-05-14T13:27:51+00:00","description":"Achetez les plaques TRUBALL HBC AILERON INDEX FINGER TAB ROUGE CENTRALE \u00e0 prix avantageux chez Bogensportdiscount \u2013 Grandes marques, livraison rapide depuis la Suisse.","breadcrumb":{"@id":"https:\/\/bogensportdiscount.ch\/produkt\/truball-hbc-aileron-zeigefinger-tab-platten-rot-medium\/#breadcrumb"},"inLanguage":"fr-FR","potentialAction":[{"@type":"ReadAction","target":["https:\/\/bogensportdiscount.ch\/produkt\/truball-hbc-aileron-zeigefinger-tab-platten-rot-medium\/"]}]},{"@type":"ImageObject","inLanguage":"fr-FR","@id":"https:\/\/bogensportdiscount.ch\/produkt\/truball-hbc-aileron-zeigefinger-tab-platten-rot-medium\/#primaryimage","url":"https:\/\/bogensportdiscount.ch\/wp-content\/uploads\/bsm-images\/A097780_1.png","contentUrl":"https:\/\/bogensportdiscount.ch\/wp-content\/uploads\/bsm-images\/A097780_1.png","width":1500,"height":1500},{"@type":"BreadcrumbList","@id":"https:\/\/bogensportdiscount.ch\/produkt\/truball-hbc-aileron-zeigefinger-tab-platten-rot-medium\/#breadcrumb","itemListElement":[{"@type":"ListItem","position":1,"name":"Home","item":"https:\/\/bogensportdiscount.ch\/"},{"@type":"ListItem","position":2,"name":"Shop","item":"https:\/\/bogensportdiscount.ch\/shop\/"},{"@type":"ListItem","position":3,"name":"TRUBALL HBC AILERON INDEX FINGER TAB PLATTEN ROT MITTEL"}]},{"@type":"WebSite","@id":"https:\/\/bogensportdiscount.ch\/#website","url":"https:\/\/bogensportdiscount.ch\/","name":"Bogensportdiscount","description":"","potentialAction":[{"@type":"SearchAction","target":{"@type":"EntryPoint","urlTemplate":"https:\/\/bogensportdiscount.ch\/?s={search_term_string}"},"query-input":{"@type":"PropertyValueSpecification","valueRequired":true,"valueName":"search_term_string"}}],"inLanguage":"fr-FR"}]}},"_links":{"self":[{"href":"https:\/\/bogensportdiscount.ch\/fr\/wp-json\/wp\/v2\/product\/429747","targetHints":{"allow":["GET"]}}],"collection":[{"href":"https:\/\/bogensportdiscount.ch\/fr\/wp-json\/wp\/v2\/product"}],"about":[{"href":"https:\/\/bogensportdiscount.ch\/fr\/wp-json\/wp\/v2\/types\/product"}],"replies":[{"embeddable":true,"href":"https:\/\/bogensportdiscount.ch\/fr\/wp-json\/wp\/v2\/comments?post=429747"}],"wp:featuredmedia":[{"embeddable":true,"href":"https:\/\/bogensportdiscount.ch\/fr\/wp-json\/wp\/v2\/media\/523236"}],"wp:attachment":[{"href":"https:\/\/bogensportdiscount.ch\/fr\/wp-json\/wp\/v2\/media?parent=429747"}],"wp:term":[{"taxonomy":"product_brand","embeddable":true,"href":"https:\/\/bogensportdiscount.ch\/fr\/wp-json\/wp\/v2\/product_brand?post=429747"},{"taxonomy":"product_cat","embeddable":true,"href":"https:\/\/bogensportdiscount.ch\/fr\/wp-json\/wp\/v2\/product_cat?post=429747"},{"taxonomy":"product_tag","embeddable":true,"href":"https:\/\/bogensportdiscount.ch\/fr\/wp-json\/wp\/v2\/product_tag?post=429747"}],"curies":[{"name":"wp","href":"https:\/\/api.w.org\/{rel}","templated":true}]}}