{"id":429734,"date":"2026-04-05T15:41:19","date_gmt":"2026-04-05T13:41:19","guid":{"rendered":"https:\/\/bogensportdiscount.ch\/produkt\/compound-dlx-package-ascend-deadlock-lite-cam-rotating-mod-lh-45-60lbs-24-5%c2%94-30-stealth-grey\/"},"modified":"2026-05-14T15:27:51","modified_gmt":"2026-05-14T13:27:51","slug":"bowtech-compound-set-dlx-ascend-deadlock-lite-cam-rotating-mod","status":"publish","type":"product","link":"https:\/\/bogensportdiscount.ch\/fr\/produit\/bowtech-compound-set-dlx-ascend-deadlock-lite-cam-rotating-mod\/","title":{"rendered":"BOWTECH COMPOUNDBOGEN DLX PAKET ASCEND DEADLOCK LITE CAM ROTATING MOD"},"content":{"rendered":"<p>Le BOWTECH Ascend DLX est un kit arc \u00e0 poulies de la gamme Ascend de BOWTECH, destin\u00e9 aux archers recherchant un ensemble complet. Avec une longueur axe-\u00e0-axe de 31 pouces et un poids de 4,2 lbs, l'arc offre une combinaison \u00e9quilibr\u00e9e de maniabilit\u00e9 et de stabilit\u00e9.<\/p>\n<p>Le syst\u00e8me DeadLock\u00ae Lite Cam avec Rotating Mod permet un r\u00e9glage pr\u00e9cis de l'allonge entre 24,5 et 30 pouces sans avoir \u00e0 envoyer l'arc en atelier. La vitesse IBO de 340 FPS garantit de solides performances pour la chasse et le tir 3D.<\/p>\n<ul>\n<li>DeadLock\u00ae Lite Cam avec Rotating Mod pour un r\u00e9glage facile de l'allonge<\/li>\n<li>Puissance au choix : 45\u201360 lbs ou 55\u201370 lbs<\/li>\n<li>Disponible pour droitiers et gauchers<\/li>\n<li>Disponible dans les couleurs Forest, OD Green et Stealth Grey<\/li>\n<\/ul>","protected":false},"excerpt":{"rendered":"<table>\n<tr>\n<th>Propri\u00e9t\u00e9<\/th>\n<th>Valeur<\/th>\n<\/tr>\n<tr>\n<td>Poids<\/td>\n<td>4,2 lbs<\/td>\n<\/tr>\n<tr>\n<td>Plage de longueur de tirage<\/td>\n<td>24,5&#8243;\u201330&#8243;<\/td>\n<\/tr>\n<tr>\n<td>Poids de traction<\/td>\n<td>45\u201360 lbs \/ 55\u201370 lbs<\/td>\n<\/tr>\n<tr>\n<td>Vitesse IBO<\/td>\n<td>340 FPS<\/td>\n<\/tr>\n<tr>\n<td>Axe \u00e0 axe<\/td>\n<td>31&#8243;<\/td>\n<\/tr>\n<tr>\n<td>Brace Height<\/td>\n<td>6,5&#8243;<\/td>\n<\/tr>\n<tr>\n<td>Syst\u00e8me de came<\/td>\n<td>DeadLock\u00ae Lite<\/td>\n<\/tr>\n<tr>\n<td>Main<\/td>\n<td>main gauche \/ main droite<\/td>\n<\/tr>\n<tr>\n<td>Couleur<\/td>\n<td>Forest, OD Green, Stealth Grey<\/td>\n<\/tr>\n<\/table>","protected":false},"featured_media":523237,"comment_status":"open","ping_status":"closed","template":"","meta":[],"product_brand":[451],"product_cat":[4525],"product_tag":[],"class_list":{"0":"post-429734","1":"product","2":"type-product","3":"status-publish","4":"has-post-thumbnail","6":"product_brand-bowtech","7":"product_cat-compound-boegen-sets","8":"product_shipping_class-bsd-standard","10":"first","11":"instock","12":"shipping-taxable","13":"purchasable","14":"product-type-variable"},"yoast_head":"<!-- This site is optimized with the Yoast SEO plugin v27.6 - https:\/\/yoast.com\/product\/yoast-seo-wordpress\/ -->\n<title>BOWTECH COMPOUNDBOGEN DLX PAKET ASCEND DEADLOCK LITE CAM ROTATING MOD - Bogensportdiscount \u2013 B\u00f6gen, Pfeile, Targets &amp; Zubeh\u00f6r<\/title>\n<meta name=\"description\" content=\"BOWTECH COMPOUNDBOGEN DLX PAKET ASCEND DEADLOCK LITE CAM ROTATING MOD g\u00fcnstig kaufen bei Bogensportdiscount \u2013 Top-Marken, schneller Versand aus der Schweiz.\" \/>\n<meta name=\"robots\" content=\"index, follow, max-snippet:-1, max-image-preview:large, max-video-preview:-1\" \/>\n<link rel=\"canonical\" href=\"https:\/\/bogensportdiscount.ch\/fr\/produit\/bowtech-compound-set-dlx-ascend-deadlock-lite-cam-rotating-mod\/\" \/>\n<meta property=\"og:locale\" content=\"fr_FR\" \/>\n<meta property=\"og:type\" content=\"article\" \/>\n<meta property=\"og:title\" content=\"BOWTECH COMPOUNDBOGEN DLX PAKET ASCEND DEADLOCK LITE CAM ROTATING MOD - Bogensportdiscount \u2013 B\u00f6gen, Pfeile, Targets &amp; Zubeh\u00f6r\" \/>\n<meta property=\"og:description\" content=\"BOWTECH COMPOUNDBOGEN DLX PAKET ASCEND DEADLOCK LITE CAM ROTATING MOD g\u00fcnstig kaufen bei Bogensportdiscount \u2013 Top-Marken, schneller Versand aus der Schweiz.\" \/>\n<meta property=\"og:url\" content=\"https:\/\/bogensportdiscount.ch\/fr\/produit\/bowtech-compound-set-dlx-ascend-deadlock-lite-cam-rotating-mod\/\" \/>\n<meta property=\"og:site_name\" content=\"Bogensportdiscount \u2013 B\u00f6gen, Pfeile, Targets &amp; Zubeh\u00f6r\" \/>\n<meta property=\"article:modified_time\" content=\"2026-05-14T13:27:51+00:00\" \/>\n<meta property=\"og:image\" content=\"https:\/\/bogensportdiscount.ch\/wp-content\/uploads\/bsm-images\/A097715_1.png\" \/>\n\t<meta property=\"og:image:width\" content=\"2440\" \/>\n\t<meta property=\"og:image:height\" content=\"5325\" \/>\n\t<meta property=\"og:image:type\" content=\"image\/png\" \/>\n<meta name=\"twitter:card\" content=\"summary_large_image\" \/>\n<meta name=\"twitter:label1\" content=\"Dur\u00e9e de lecture estim\u00e9e\" \/>\n\t<meta name=\"twitter:data1\" content=\"1 minute\" \/>\n<script type=\"application\/ld+json\" class=\"yoast-schema-graph\">{\"@context\":\"https:\\\/\\\/schema.org\",\"@graph\":[{\"@type\":\"WebPage\",\"@id\":\"https:\\\/\\\/bogensportdiscount.ch\\\/produkt\\\/bowtech-compound-set-dlx-ascend-deadlock-lite-cam-rotating-mod\\\/\",\"url\":\"https:\\\/\\\/bogensportdiscount.ch\\\/produkt\\\/bowtech-compound-set-dlx-ascend-deadlock-lite-cam-rotating-mod\\\/\",\"name\":\"BOWTECH COMPOUNDBOGEN DLX PAKET ASCEND DEADLOCK LITE CAM ROTATING MOD - Bogensportdiscount \u2013 B\u00f6gen, Pfeile, Targets &amp; Zubeh\u00f6r\",\"isPartOf\":{\"@id\":\"https:\\\/\\\/bogensportdiscount.ch\\\/#website\"},\"primaryImageOfPage\":{\"@id\":\"https:\\\/\\\/bogensportdiscount.ch\\\/produkt\\\/bowtech-compound-set-dlx-ascend-deadlock-lite-cam-rotating-mod\\\/#primaryimage\"},\"image\":{\"@id\":\"https:\\\/\\\/bogensportdiscount.ch\\\/produkt\\\/bowtech-compound-set-dlx-ascend-deadlock-lite-cam-rotating-mod\\\/#primaryimage\"},\"thumbnailUrl\":\"https:\\\/\\\/bogensportdiscount.ch\\\/wp-content\\\/uploads\\\/bsm-images\\\/A097715_1.png\",\"datePublished\":\"2026-04-05T13:41:19+00:00\",\"dateModified\":\"2026-05-14T13:27:51+00:00\",\"description\":\"BOWTECH COMPOUNDBOGEN DLX PAKET ASCEND DEADLOCK LITE CAM ROTATING MOD g\u00fcnstig kaufen bei Bogensportdiscount \u2013 Top-Marken, schneller Versand aus der Schweiz.\",\"breadcrumb\":{\"@id\":\"https:\\\/\\\/bogensportdiscount.ch\\\/produkt\\\/bowtech-compound-set-dlx-ascend-deadlock-lite-cam-rotating-mod\\\/#breadcrumb\"},\"inLanguage\":\"fr-FR\",\"potentialAction\":[{\"@type\":\"ReadAction\",\"target\":[\"https:\\\/\\\/bogensportdiscount.ch\\\/produkt\\\/bowtech-compound-set-dlx-ascend-deadlock-lite-cam-rotating-mod\\\/\"]}]},{\"@type\":\"ImageObject\",\"inLanguage\":\"fr-FR\",\"@id\":\"https:\\\/\\\/bogensportdiscount.ch\\\/produkt\\\/bowtech-compound-set-dlx-ascend-deadlock-lite-cam-rotating-mod\\\/#primaryimage\",\"url\":\"https:\\\/\\\/bogensportdiscount.ch\\\/wp-content\\\/uploads\\\/bsm-images\\\/A097715_1.png\",\"contentUrl\":\"https:\\\/\\\/bogensportdiscount.ch\\\/wp-content\\\/uploads\\\/bsm-images\\\/A097715_1.png\",\"width\":2440,\"height\":5325},{\"@type\":\"BreadcrumbList\",\"@id\":\"https:\\\/\\\/bogensportdiscount.ch\\\/produkt\\\/bowtech-compound-set-dlx-ascend-deadlock-lite-cam-rotating-mod\\\/#breadcrumb\",\"itemListElement\":[{\"@type\":\"ListItem\",\"position\":1,\"name\":\"Home\",\"item\":\"https:\\\/\\\/bogensportdiscount.ch\\\/\"},{\"@type\":\"ListItem\",\"position\":2,\"name\":\"Shop\",\"item\":\"https:\\\/\\\/bogensportdiscount.ch\\\/shop\\\/\"},{\"@type\":\"ListItem\",\"position\":3,\"name\":\"BOWTECH COMPOUND DLX PACKAGE ASCEND DEADLOCK LITE CAM ROTATING MOD\"}]},{\"@type\":\"WebSite\",\"@id\":\"https:\\\/\\\/bogensportdiscount.ch\\\/#website\",\"url\":\"https:\\\/\\\/bogensportdiscount.ch\\\/\",\"name\":\"Bogensportdiscount\",\"description\":\"\",\"potentialAction\":[{\"@type\":\"SearchAction\",\"target\":{\"@type\":\"EntryPoint\",\"urlTemplate\":\"https:\\\/\\\/bogensportdiscount.ch\\\/?s={search_term_string}\"},\"query-input\":{\"@type\":\"PropertyValueSpecification\",\"valueRequired\":true,\"valueName\":\"search_term_string\"}}],\"inLanguage\":\"fr-FR\"}]}<\/script>\n<!-- \/ Yoast SEO plugin. -->","yoast_head_json":{"title":"BOWTECH COMPOUNDBOGEN DLX PAKET ASCEND DEADLOCK LITE CAM ROTATING MOD - Bogensportdiscount \u2013 B\u00f6gen, Pfeile, Targets &amp; Zubeh\u00f6r","description":"BOWTECH COMPOUNDBOGEN DLX PAKET ASCEND DEADLOCK LITE CAM ROTATING MOD g\u00fcnstig kaufen bei Bogensportdiscount \u2013 Top-Marken, schneller Versand aus der Schweiz.","robots":{"index":"index","follow":"follow","max-snippet":"max-snippet:-1","max-image-preview":"max-image-preview:large","max-video-preview":"max-video-preview:-1"},"canonical":"https:\/\/bogensportdiscount.ch\/fr\/produit\/bowtech-compound-set-dlx-ascend-deadlock-lite-cam-rotating-mod\/","og_locale":"fr_FR","og_type":"article","og_title":"BOWTECH COMPOUNDBOGEN DLX PAKET ASCEND DEADLOCK LITE CAM ROTATING MOD - Bogensportdiscount \u2013 B\u00f6gen, Pfeile, Targets &amp; Zubeh\u00f6r","og_description":"BOWTECH COMPOUNDBOGEN DLX PAKET ASCEND DEADLOCK LITE CAM ROTATING MOD g\u00fcnstig kaufen bei Bogensportdiscount \u2013 Top-Marken, schneller Versand aus der Schweiz.","og_url":"https:\/\/bogensportdiscount.ch\/fr\/produit\/bowtech-compound-set-dlx-ascend-deadlock-lite-cam-rotating-mod\/","og_site_name":"Bogensportdiscount \u2013 B\u00f6gen, Pfeile, Targets &amp; Zubeh\u00f6r","article_modified_time":"2026-05-14T13:27:51+00:00","og_image":[{"url":"https:\/\/bogensportdiscount.ch\/wp-content\/uploads\/bsm-images\/A097715_1.png","width":2440,"height":5325,"type":"image\/png"}],"twitter_card":"summary_large_image","twitter_misc":{"Dur\u00e9e de lecture estim\u00e9e":"1 minute"},"schema":{"@context":"https:\/\/schema.org","@graph":[{"@type":"WebPage","@id":"https:\/\/bogensportdiscount.ch\/produkt\/bowtech-compound-set-dlx-ascend-deadlock-lite-cam-rotating-mod\/","url":"https:\/\/bogensportdiscount.ch\/produkt\/bowtech-compound-set-dlx-ascend-deadlock-lite-cam-rotating-mod\/","name":"BOWTECH COMPOUNDBOGEN DLX PAKET ASCEND DEADLOCK LITE CAM ROTATING MOD - Bogensportdiscount \u2013 B\u00f6gen, Pfeile, Targets &amp; Zubeh\u00f6r","isPartOf":{"@id":"https:\/\/bogensportdiscount.ch\/#website"},"primaryImageOfPage":{"@id":"https:\/\/bogensportdiscount.ch\/produkt\/bowtech-compound-set-dlx-ascend-deadlock-lite-cam-rotating-mod\/#primaryimage"},"image":{"@id":"https:\/\/bogensportdiscount.ch\/produkt\/bowtech-compound-set-dlx-ascend-deadlock-lite-cam-rotating-mod\/#primaryimage"},"thumbnailUrl":"https:\/\/bogensportdiscount.ch\/wp-content\/uploads\/bsm-images\/A097715_1.png","datePublished":"2026-04-05T13:41:19+00:00","dateModified":"2026-05-14T13:27:51+00:00","description":"BOWTECH COMPOUNDBOGEN DLX PAKET ASCEND DEADLOCK LITE CAM ROTATING MOD g\u00fcnstig kaufen bei Bogensportdiscount \u2013 Top-Marken, schneller Versand aus der Schweiz.","breadcrumb":{"@id":"https:\/\/bogensportdiscount.ch\/produkt\/bowtech-compound-set-dlx-ascend-deadlock-lite-cam-rotating-mod\/#breadcrumb"},"inLanguage":"fr-FR","potentialAction":[{"@type":"ReadAction","target":["https:\/\/bogensportdiscount.ch\/produkt\/bowtech-compound-set-dlx-ascend-deadlock-lite-cam-rotating-mod\/"]}]},{"@type":"ImageObject","inLanguage":"fr-FR","@id":"https:\/\/bogensportdiscount.ch\/produkt\/bowtech-compound-set-dlx-ascend-deadlock-lite-cam-rotating-mod\/#primaryimage","url":"https:\/\/bogensportdiscount.ch\/wp-content\/uploads\/bsm-images\/A097715_1.png","contentUrl":"https:\/\/bogensportdiscount.ch\/wp-content\/uploads\/bsm-images\/A097715_1.png","width":2440,"height":5325},{"@type":"BreadcrumbList","@id":"https:\/\/bogensportdiscount.ch\/produkt\/bowtech-compound-set-dlx-ascend-deadlock-lite-cam-rotating-mod\/#breadcrumb","itemListElement":[{"@type":"ListItem","position":1,"name":"Home","item":"https:\/\/bogensportdiscount.ch\/"},{"@type":"ListItem","position":2,"name":"Shop","item":"https:\/\/bogensportdiscount.ch\/shop\/"},{"@type":"ListItem","position":3,"name":"BOWTECH COMPOUND DLX PACKAGE ASCEND DEADLOCK LITE CAM ROTATING MOD"}]},{"@type":"WebSite","@id":"https:\/\/bogensportdiscount.ch\/#website","url":"https:\/\/bogensportdiscount.ch\/","name":"Bogensportdiscount","description":"","potentialAction":[{"@type":"SearchAction","target":{"@type":"EntryPoint","urlTemplate":"https:\/\/bogensportdiscount.ch\/?s={search_term_string}"},"query-input":{"@type":"PropertyValueSpecification","valueRequired":true,"valueName":"search_term_string"}}],"inLanguage":"fr-FR"}]}},"_links":{"self":[{"href":"https:\/\/bogensportdiscount.ch\/fr\/wp-json\/wp\/v2\/product\/429734","targetHints":{"allow":["GET"]}}],"collection":[{"href":"https:\/\/bogensportdiscount.ch\/fr\/wp-json\/wp\/v2\/product"}],"about":[{"href":"https:\/\/bogensportdiscount.ch\/fr\/wp-json\/wp\/v2\/types\/product"}],"replies":[{"embeddable":true,"href":"https:\/\/bogensportdiscount.ch\/fr\/wp-json\/wp\/v2\/comments?post=429734"}],"wp:featuredmedia":[{"embeddable":true,"href":"https:\/\/bogensportdiscount.ch\/fr\/wp-json\/wp\/v2\/media\/523237"}],"wp:attachment":[{"href":"https:\/\/bogensportdiscount.ch\/fr\/wp-json\/wp\/v2\/media?parent=429734"}],"wp:term":[{"taxonomy":"product_brand","embeddable":true,"href":"https:\/\/bogensportdiscount.ch\/fr\/wp-json\/wp\/v2\/product_brand?post=429734"},{"taxonomy":"product_cat","embeddable":true,"href":"https:\/\/bogensportdiscount.ch\/fr\/wp-json\/wp\/v2\/product_cat?post=429734"},{"taxonomy":"product_tag","embeddable":true,"href":"https:\/\/bogensportdiscount.ch\/fr\/wp-json\/wp\/v2\/product_tag?post=429734"}],"curies":[{"name":"wp","href":"https:\/\/api.w.org\/{rel}","templated":true}]}}