{"id":429715,"date":"2026-04-05T15:41:16","date_gmt":"2026-04-05T13:41:16","guid":{"rendered":"https:\/\/bogensportdiscount.ch\/produkt\/meta-dx-stainless-steel-tiller-bolt-13mm-silver-1each\/"},"modified":"2026-04-17T13:50:12","modified_gmt":"2026-04-17T11:50:12","slug":"wiawis-meta-dx-tiller-schraube-edelstahl-13mm","status":"publish","type":"product","link":"https:\/\/bogensportdiscount.ch\/fr\/produit\/wiawis-meta-dx-tiller-schraube-edelstahl-13mm\/","title":{"rendered":"WIAWIS META-DX STAINLESS STEEL TILLER BOLT 13MM"},"content":{"rendered":"<p>Die WIAWIS Meta-DX Tiller-Schraube aus Edelstahl ist ein Ersatz- und Zubeh\u00f6rteil speziell f\u00fcr den WIAWIS Meta-DX Recurvebogen. Mit einem Durchmesser von 13mm passt sie pr\u00e4zise in die vorgesehene Aufnahme des Bogens.<\/p>\n<p>Der Tiller bezeichnet den Abstand zwischen Sehne und den Wurfarmans\u00e4tzen und beeinflusst direkt die Balance und das Abschussverhalten des Bogens. Eine hochwertige Tiller-Schraube aus Edelstahl gew\u00e4hrleistet eine zuverl\u00e4ssige und dauerhafte Einstellung.<\/p>\n<ul>\n<li>Material: Edelstahl<\/li>\n<li>Durchmesser: 13mm<\/li>\n<li>Kompatibel mit WIAWIS Meta-DX<\/li>\n<li>Erh\u00e4ltlich in Schwarz und Silber<\/li>\n<\/ul>","protected":false},"excerpt":{"rendered":"<p>Tiller-Schraube aus Edelstahl f\u00fcr den WIAWIS Meta-DX Recurvebogen. Durchmesser 13mm, erh\u00e4ltlich in den Farben Schwarz und Silber.<\/p>","protected":false},"featured_media":453631,"comment_status":"open","ping_status":"closed","template":"","meta":[],"product_brand":[473],"product_cat":[4522],"product_tag":[],"class_list":{"0":"post-429715","1":"product","2":"type-product","3":"status-publish","4":"has-post-thumbnail","6":"product_brand-wiawis","7":"product_cat-einzelteile-fuer-recurve-boegen-recurve-boegen","9":"first","10":"outofstock","11":"shipping-taxable","12":"purchasable","13":"product-type-variable"},"_links":{"self":[{"href":"https:\/\/bogensportdiscount.ch\/fr\/wp-json\/wp\/v2\/product\/429715","targetHints":{"allow":["GET"]}}],"collection":[{"href":"https:\/\/bogensportdiscount.ch\/fr\/wp-json\/wp\/v2\/product"}],"about":[{"href":"https:\/\/bogensportdiscount.ch\/fr\/wp-json\/wp\/v2\/types\/product"}],"replies":[{"embeddable":true,"href":"https:\/\/bogensportdiscount.ch\/fr\/wp-json\/wp\/v2\/comments?post=429715"}],"wp:featuredmedia":[{"embeddable":true,"href":"https:\/\/bogensportdiscount.ch\/fr\/wp-json\/wp\/v2\/media\/453631"}],"wp:attachment":[{"href":"https:\/\/bogensportdiscount.ch\/fr\/wp-json\/wp\/v2\/media?parent=429715"}],"wp:term":[{"taxonomy":"product_brand","embeddable":true,"href":"https:\/\/bogensportdiscount.ch\/fr\/wp-json\/wp\/v2\/product_brand?post=429715"},{"taxonomy":"product_cat","embeddable":true,"href":"https:\/\/bogensportdiscount.ch\/fr\/wp-json\/wp\/v2\/product_cat?post=429715"},{"taxonomy":"product_tag","embeddable":true,"href":"https:\/\/bogensportdiscount.ch\/fr\/wp-json\/wp\/v2\/product_tag?post=429715"}],"curies":[{"name":"wp","href":"https:\/\/api.w.org\/{rel}","templated":true}]}}