{"id":429679,"date":"2026-04-05T15:41:10","date_gmt":"2026-04-05T13:41:10","guid":{"rendered":"https:\/\/bogensportdiscount.ch\/produkt\/s-o-s-hunter-elite-with-quick-disconnect-stability-optimization-system-black\/"},"modified":"2026-05-14T15:27:50","modified_gmt":"2026-05-14T13:27:50","slug":"acuarchery-sos-hunter-elite-stabilisations-daempfer-quick-disconnect","status":"publish","type":"product","link":"https:\/\/bogensportdiscount.ch\/fr\/produit\/acuarchery-sos-hunter-elite-stabilisations-daempfer-quick-disconnect\/","title":{"rendered":"ACUARCHERY S.O.S. HUNTER ELITE AVEC QUICK DISCONNECT &#8211; STABILITY OPTIMIZATION SYSTEM &#8211;"},"content":{"rendered":"<p>Le ACUARCHERY S.O.S. Hunter Elite est un amortisseur de stabilisation haut de gamme avec un syst\u00e8me Quick Disconnect innovant. Le Stability Optimization System (S.O.S.) offre une absorption pr\u00e9cise des vibrations et une stabilisation pour des tirs plus pr\u00e9cis.<\/p>\n<p>Le syst\u00e8me Quick Disconnect permet un montage et un d\u00e9montage rapides et sans outil sur l'arc. Le Hunter Elite est con\u00e7u pour les archers ambitieux et les chasseurs qui appr\u00e9cient un contr\u00f4le et une fiabilit\u00e9 maximaux.<\/p>\n<ul>\n<li>Stability Optimization System pour une absorption optimale des vibrations<\/li>\n<li>Quick Disconnect pour une manipulation facile<\/li>\n<li>Plusieurs variantes de couleur disponibles<\/li>\n<li>Made in USA<\/li>\n<\/ul>","protected":false},"excerpt":{"rendered":"<table>\n<tr>\n<th>Propri\u00e9t\u00e9<\/th>\n<th>Valeur<\/th>\n<\/tr>\n<tr>\n<td>Marque<\/td>\n<td>ACUARCHERY<\/td>\n<\/tr>\n<tr>\n<td>Mod\u00e8le<\/td>\n<td>S.O.S. Hunter Elite<\/td>\n<\/tr>\n<tr>\n<td>Particularit\u00e9<\/td>\n<td>Quick Disconnect<\/td>\n<\/tr>\n<tr>\n<td>Couleurs<\/td>\n<td>Noir, Gris, OD Vert, Tan<\/td>\n<\/tr>\n<tr>\n<td>Pays d'origine<\/td>\n<td>USA<\/td>\n<\/tr>\n<\/table>","protected":false},"featured_media":523244,"comment_status":"open","ping_status":"closed","template":"","meta":[],"product_brand":[856],"product_cat":[4197],"product_tag":[],"class_list":{"0":"post-429679","1":"product","2":"type-product","3":"status-publish","4":"has-post-thumbnail","6":"product_brand-acuarchery","7":"product_cat-stabilisations-daempfer","8":"product_shipping_class-bsd-standard","10":"first","11":"instock","12":"shipping-taxable","13":"purchasable","14":"product-type-variable"},"yoast_head":"<!-- This site is optimized with the Yoast SEO plugin v27.6 - https:\/\/yoast.com\/product\/yoast-seo-wordpress\/ -->\n<title>ACUARCHERY S.O.S. HUNTER ELITE AVEC QUICK DISCONNECT - SYST\u00c8ME D&#x27;OPTIMISATION DE LA STABILIT\u00c9 - Bogensportdiscount \u2013 Arcs, fl\u00e8ches, cibles et accessoires<\/title>\n<meta name=\"description\" content=\"ACUARCHERY S.O.S. HUNTER ELITE AVEC QUICK DISCONNECT - STABILITY OPTIMIZATION SYSTEM - \u00e0 acheter au meilleur prix chez Bogensportdiscount \u2013 Grandes marques, livraison rapide depuis la Suisse.\" \/>\n<meta name=\"robots\" content=\"index, follow, max-snippet:-1, max-image-preview:large, max-video-preview:-1\" \/>\n<link rel=\"canonical\" href=\"https:\/\/bogensportdiscount.ch\/fr\/produit\/acuarchery-sos-hunter-elite-stabilisations-daempfer-quick-disconnect\/\" \/>\n<meta property=\"og:locale\" content=\"fr_FR\" \/>\n<meta property=\"og:type\" content=\"article\" \/>\n<meta property=\"og:title\" content=\"ACUARCHERY S.O.S. HUNTER ELITE AVEC QUICK DISCONNECT - SYST\u00c8ME D&#x27;OPTIMISATION DE LA STABILIT\u00c9 - Bogensportdiscount \u2013 Arcs, fl\u00e8ches, cibles et accessoires\" \/>\n<meta property=\"og:description\" content=\"ACUARCHERY S.O.S. HUNTER ELITE AVEC QUICK DISCONNECT - STABILITY OPTIMIZATION SYSTEM - \u00e0 acheter au meilleur prix chez Bogensportdiscount \u2013 Grandes marques, livraison rapide depuis la Suisse.\" \/>\n<meta property=\"og:url\" content=\"https:\/\/bogensportdiscount.ch\/fr\/produit\/acuarchery-sos-hunter-elite-stabilisations-daempfer-quick-disconnect\/\" \/>\n<meta property=\"og:site_name\" content=\"Bogensportdiscount \u2013 B\u00f6gen, Pfeile, Targets &amp; Zubeh\u00f6r\" \/>\n<meta property=\"article:modified_time\" content=\"2026-05-14T13:27:50+00:00\" \/>\n<meta property=\"og:image\" content=\"https:\/\/bogensportdiscount.ch\/wp-content\/uploads\/bsm-images\/A097574_1.png\" \/>\n\t<meta property=\"og:image:width\" content=\"1500\" \/>\n\t<meta property=\"og:image:height\" content=\"1500\" \/>\n\t<meta property=\"og:image:type\" content=\"image\/png\" \/>\n<meta name=\"twitter:card\" content=\"summary_large_image\" \/>\n<script type=\"application\/ld+json\" class=\"yoast-schema-graph\">{\"@context\":\"https:\\\/\\\/schema.org\",\"@graph\":[{\"@type\":\"WebPage\",\"@id\":\"https:\\\/\\\/bogensportdiscount.ch\\\/produkt\\\/acuarchery-sos-hunter-elite-stabilisations-daempfer-quick-disconnect\\\/\",\"url\":\"https:\\\/\\\/bogensportdiscount.ch\\\/produkt\\\/acuarchery-sos-hunter-elite-stabilisations-daempfer-quick-disconnect\\\/\",\"name\":\"ACUARCHERY S.O.S. HUNTER ELITE MIT QUICK DISCONNECT - STABILITY OPTIMIZATION SYSTEM - Bogensportdiscount \u2013 B\u00f6gen, Pfeile, Targets &amp; Zubeh\u00f6r\",\"isPartOf\":{\"@id\":\"https:\\\/\\\/bogensportdiscount.ch\\\/#website\"},\"primaryImageOfPage\":{\"@id\":\"https:\\\/\\\/bogensportdiscount.ch\\\/produkt\\\/acuarchery-sos-hunter-elite-stabilisations-daempfer-quick-disconnect\\\/#primaryimage\"},\"image\":{\"@id\":\"https:\\\/\\\/bogensportdiscount.ch\\\/produkt\\\/acuarchery-sos-hunter-elite-stabilisations-daempfer-quick-disconnect\\\/#primaryimage\"},\"thumbnailUrl\":\"https:\\\/\\\/bogensportdiscount.ch\\\/wp-content\\\/uploads\\\/bsm-images\\\/A097574_1.png\",\"datePublished\":\"2026-04-05T13:41:10+00:00\",\"dateModified\":\"2026-05-14T13:27:50+00:00\",\"description\":\"ACUARCHERY S.O.S. HUNTER ELITE MIT QUICK DISCONNECT - STABILITY OPTIMIZATION SYSTEM - g\u00fcnstig kaufen bei Bogensportdiscount \u2013 Top-Marken, schneller Versand aus der Schweiz.\",\"breadcrumb\":{\"@id\":\"https:\\\/\\\/bogensportdiscount.ch\\\/produkt\\\/acuarchery-sos-hunter-elite-stabilisations-daempfer-quick-disconnect\\\/#breadcrumb\"},\"inLanguage\":\"fr-FR\",\"potentialAction\":[{\"@type\":\"ReadAction\",\"target\":[\"https:\\\/\\\/bogensportdiscount.ch\\\/produkt\\\/acuarchery-sos-hunter-elite-stabilisations-daempfer-quick-disconnect\\\/\"]}]},{\"@type\":\"ImageObject\",\"inLanguage\":\"fr-FR\",\"@id\":\"https:\\\/\\\/bogensportdiscount.ch\\\/produkt\\\/acuarchery-sos-hunter-elite-stabilisations-daempfer-quick-disconnect\\\/#primaryimage\",\"url\":\"https:\\\/\\\/bogensportdiscount.ch\\\/wp-content\\\/uploads\\\/bsm-images\\\/A097574_1.png\",\"contentUrl\":\"https:\\\/\\\/bogensportdiscount.ch\\\/wp-content\\\/uploads\\\/bsm-images\\\/A097574_1.png\",\"width\":1500,\"height\":1500},{\"@type\":\"BreadcrumbList\",\"@id\":\"https:\\\/\\\/bogensportdiscount.ch\\\/produkt\\\/acuarchery-sos-hunter-elite-stabilisations-daempfer-quick-disconnect\\\/#breadcrumb\",\"itemListElement\":[{\"@type\":\"ListItem\",\"position\":1,\"name\":\"Home\",\"item\":\"https:\\\/\\\/bogensportdiscount.ch\\\/\"},{\"@type\":\"ListItem\",\"position\":2,\"name\":\"Shop\",\"item\":\"https:\\\/\\\/bogensportdiscount.ch\\\/shop\\\/\"},{\"@type\":\"ListItem\",\"position\":3,\"name\":\"ACUARCHERY S.O.S. HUNTER ELITE MIT QUICK DISCONNECT &#8211; STABILITY OPTIMIZATION SYSTEM &#8211;\"}]},{\"@type\":\"WebSite\",\"@id\":\"https:\\\/\\\/bogensportdiscount.ch\\\/#website\",\"url\":\"https:\\\/\\\/bogensportdiscount.ch\\\/\",\"name\":\"Bogensportdiscount\",\"description\":\"\",\"potentialAction\":[{\"@type\":\"SearchAction\",\"target\":{\"@type\":\"EntryPoint\",\"urlTemplate\":\"https:\\\/\\\/bogensportdiscount.ch\\\/?s={search_term_string}\"},\"query-input\":{\"@type\":\"PropertyValueSpecification\",\"valueRequired\":true,\"valueName\":\"search_term_string\"}}],\"inLanguage\":\"fr-FR\"}]}<\/script>\n<!-- \/ Yoast SEO plugin. -->","yoast_head_json":{"title":"ACUARCHERY S.O.S. HUNTER ELITE AVEC QUICK DISCONNECT - SYST\u00c8ME D&#x27;OPTIMISATION DE LA STABILIT\u00c9 - Bogensportdiscount \u2013 Arcs, fl\u00e8ches, cibles et accessoires","description":"ACUARCHERY S.O.S. HUNTER ELITE AVEC QUICK DISCONNECT - STABILITY OPTIMIZATION SYSTEM - \u00e0 acheter au meilleur prix chez Bogensportdiscount \u2013 Grandes marques, livraison rapide depuis la Suisse.","robots":{"index":"index","follow":"follow","max-snippet":"max-snippet:-1","max-image-preview":"max-image-preview:large","max-video-preview":"max-video-preview:-1"},"canonical":"https:\/\/bogensportdiscount.ch\/fr\/produit\/acuarchery-sos-hunter-elite-stabilisations-daempfer-quick-disconnect\/","og_locale":"fr_FR","og_type":"article","og_title":"ACUARCHERY S.O.S. HUNTER ELITE AVEC QUICK DISCONNECT - SYST\u00c8ME D&#x27;OPTIMISATION DE LA STABILIT\u00c9 - Bogensportdiscount \u2013 Arcs, fl\u00e8ches, cibles et accessoires","og_description":"ACUARCHERY S.O.S. HUNTER ELITE AVEC QUICK DISCONNECT - STABILITY OPTIMIZATION SYSTEM - \u00e0 acheter au meilleur prix chez Bogensportdiscount \u2013 Grandes marques, livraison rapide depuis la Suisse.","og_url":"https:\/\/bogensportdiscount.ch\/fr\/produit\/acuarchery-sos-hunter-elite-stabilisations-daempfer-quick-disconnect\/","og_site_name":"Bogensportdiscount \u2013 B\u00f6gen, Pfeile, Targets &amp; Zubeh\u00f6r","article_modified_time":"2026-05-14T13:27:50+00:00","og_image":[{"width":1500,"height":1500,"url":"https:\/\/bogensportdiscount.ch\/wp-content\/uploads\/bsm-images\/A097574_1.png","type":"image\/png"}],"twitter_card":"summary_large_image","schema":{"@context":"https:\/\/schema.org","@graph":[{"@type":"WebPage","@id":"https:\/\/bogensportdiscount.ch\/produkt\/acuarchery-sos-hunter-elite-stabilisations-daempfer-quick-disconnect\/","url":"https:\/\/bogensportdiscount.ch\/produkt\/acuarchery-sos-hunter-elite-stabilisations-daempfer-quick-disconnect\/","name":"ACUARCHERY S.O.S. HUNTER ELITE AVEC QUICK DISCONNECT - SYST\u00c8ME D&#x27;OPTIMISATION DE LA STABILIT\u00c9 - Bogensportdiscount \u2013 Arcs, fl\u00e8ches, cibles et accessoires","isPartOf":{"@id":"https:\/\/bogensportdiscount.ch\/#website"},"primaryImageOfPage":{"@id":"https:\/\/bogensportdiscount.ch\/produkt\/acuarchery-sos-hunter-elite-stabilisations-daempfer-quick-disconnect\/#primaryimage"},"image":{"@id":"https:\/\/bogensportdiscount.ch\/produkt\/acuarchery-sos-hunter-elite-stabilisations-daempfer-quick-disconnect\/#primaryimage"},"thumbnailUrl":"https:\/\/bogensportdiscount.ch\/wp-content\/uploads\/bsm-images\/A097574_1.png","datePublished":"2026-04-05T13:41:10+00:00","dateModified":"2026-05-14T13:27:50+00:00","description":"ACUARCHERY S.O.S. HUNTER ELITE AVEC QUICK DISCONNECT - STABILITY OPTIMIZATION SYSTEM - \u00e0 acheter au meilleur prix chez Bogensportdiscount \u2013 Grandes marques, livraison rapide depuis la Suisse.","breadcrumb":{"@id":"https:\/\/bogensportdiscount.ch\/produkt\/acuarchery-sos-hunter-elite-stabilisations-daempfer-quick-disconnect\/#breadcrumb"},"inLanguage":"fr-FR","potentialAction":[{"@type":"ReadAction","target":["https:\/\/bogensportdiscount.ch\/produkt\/acuarchery-sos-hunter-elite-stabilisations-daempfer-quick-disconnect\/"]}]},{"@type":"ImageObject","inLanguage":"fr-FR","@id":"https:\/\/bogensportdiscount.ch\/produkt\/acuarchery-sos-hunter-elite-stabilisations-daempfer-quick-disconnect\/#primaryimage","url":"https:\/\/bogensportdiscount.ch\/wp-content\/uploads\/bsm-images\/A097574_1.png","contentUrl":"https:\/\/bogensportdiscount.ch\/wp-content\/uploads\/bsm-images\/A097574_1.png","width":1500,"height":1500},{"@type":"BreadcrumbList","@id":"https:\/\/bogensportdiscount.ch\/produkt\/acuarchery-sos-hunter-elite-stabilisations-daempfer-quick-disconnect\/#breadcrumb","itemListElement":[{"@type":"ListItem","position":1,"name":"Home","item":"https:\/\/bogensportdiscount.ch\/"},{"@type":"ListItem","position":2,"name":"Shop","item":"https:\/\/bogensportdiscount.ch\/shop\/"},{"@type":"ListItem","position":3,"name":"ACUARCHERY S.O.S. HUNTER ELITE MIT QUICK DISCONNECT &#8211; STABILITY OPTIMIZATION SYSTEM &#8211;"}]},{"@type":"WebSite","@id":"https:\/\/bogensportdiscount.ch\/#website","url":"https:\/\/bogensportdiscount.ch\/","name":"Bogensportdiscount","description":"","potentialAction":[{"@type":"SearchAction","target":{"@type":"EntryPoint","urlTemplate":"https:\/\/bogensportdiscount.ch\/?s={search_term_string}"},"query-input":{"@type":"PropertyValueSpecification","valueRequired":true,"valueName":"search_term_string"}}],"inLanguage":"fr-FR"}]}},"_links":{"self":[{"href":"https:\/\/bogensportdiscount.ch\/fr\/wp-json\/wp\/v2\/product\/429679","targetHints":{"allow":["GET"]}}],"collection":[{"href":"https:\/\/bogensportdiscount.ch\/fr\/wp-json\/wp\/v2\/product"}],"about":[{"href":"https:\/\/bogensportdiscount.ch\/fr\/wp-json\/wp\/v2\/types\/product"}],"replies":[{"embeddable":true,"href":"https:\/\/bogensportdiscount.ch\/fr\/wp-json\/wp\/v2\/comments?post=429679"}],"wp:featuredmedia":[{"embeddable":true,"href":"https:\/\/bogensportdiscount.ch\/fr\/wp-json\/wp\/v2\/media\/523244"}],"wp:attachment":[{"href":"https:\/\/bogensportdiscount.ch\/fr\/wp-json\/wp\/v2\/media?parent=429679"}],"wp:term":[{"taxonomy":"product_brand","embeddable":true,"href":"https:\/\/bogensportdiscount.ch\/fr\/wp-json\/wp\/v2\/product_brand?post=429679"},{"taxonomy":"product_cat","embeddable":true,"href":"https:\/\/bogensportdiscount.ch\/fr\/wp-json\/wp\/v2\/product_cat?post=429679"},{"taxonomy":"product_tag","embeddable":true,"href":"https:\/\/bogensportdiscount.ch\/fr\/wp-json\/wp\/v2\/product_tag?post=429679"}],"curies":[{"name":"wp","href":"https:\/\/api.w.org\/{rel}","templated":true}]}}