{"id":429676,"date":"2026-04-05T15:41:09","date_gmt":"2026-04-05T13:41:09","guid":{"rendered":"https:\/\/bogensportdiscount.ch\/produkt\/s-o-s-heavy-medal-3oz-stability-optimization-system\/"},"modified":"2026-05-14T15:27:50","modified_gmt":"2026-05-14T13:27:50","slug":"acuarchery-sos-heavy-medal-3oz-stabilisations-daempfer","status":"publish","type":"product","link":"https:\/\/bogensportdiscount.ch\/fr\/produit\/acuarchery-sos-heavy-medal-3oz-stabilisations-daempfer\/","title":{"rendered":"ACUARCHERY S.O.S. HEAVY MEDAL &#8211; 3OZ &#8211; STABILITY OPTIMIZATION SYSTEM"},"content":{"rendered":"<p>L'ACUARCHERY S.O.S. Heavy Medal est un amortisseur de stabilisation d'un poids de 3 oz, con\u00e7u selon le Stability Optimization System. Il offre une att\u00e9nuation efficace des vibrations et une stabilisation pour les arcs classiques et les arcs \u00e0 poulies.<\/p>\n<p>Le syst\u00e8me a \u00e9t\u00e9 d\u00e9velopp\u00e9 pour aider les archers \u00e0 am\u00e9liorer leur pr\u00e9cision de tir et \u00e0 r\u00e9duire les vibrations ind\u00e9sirables apr\u00e8s le tir. Le Heavy Medal offre, gr\u00e2ce \u00e0 son poids plus \u00e9lev\u00e9, une stabilit\u00e9 et un contr\u00f4le suppl\u00e9mentaires pendant le processus de tir.<\/p>","protected":false},"excerpt":{"rendered":"<table>\n<tr>\n<th>Propri\u00e9t\u00e9<\/th>\n<th>Valeur<\/th>\n<\/tr>\n<tr>\n<td>Marque<\/td>\n<td>ACU Archery<\/td>\n<\/tr>\n<tr>\n<td>Poids<\/td>\n<td>3 oz<\/td>\n<\/tr>\n<tr>\n<td>Pays d'origine<\/td>\n<td>USA<\/td>\n<\/tr>\n<\/table>","protected":false},"featured_media":523245,"comment_status":"open","ping_status":"closed","template":"","meta":[],"product_brand":[856],"product_cat":[4197],"product_tag":[],"class_list":{"0":"post-429676","1":"product","2":"type-product","3":"status-publish","4":"has-post-thumbnail","6":"product_brand-acuarchery","7":"product_cat-stabilisations-daempfer","8":"product_shipping_class-bsd-standard","10":"first","11":"instock","12":"shipping-taxable","13":"purchasable","14":"product-type-variable"},"yoast_head":"<!-- This site is optimized with the Yoast SEO plugin v27.6 - https:\/\/yoast.com\/product\/yoast-seo-wordpress\/ -->\n<title>ACUARCHERY S.O.S. HEAVY MEDAL - 85 g - SYST\u00c8ME D&#x27;OPTIMISATION DE LA STABILIT\u00c9 - Bogensportdiscount \u2013 Arcs, fl\u00e8ches, cibles et accessoires<\/title>\n<meta name=\"description\" content=\"ACUARCHERY S.O.S. HEAVY MEDAL - 3 oz - STABILITY OPTIMIZATION SYSTEM : achetez-le \u00e0 prix avantageux chez Bogensportdiscount \u2013 Les meilleures marques, livraison rapide depuis la Suisse.\" \/>\n<meta name=\"robots\" content=\"index, follow, max-snippet:-1, max-image-preview:large, max-video-preview:-1\" \/>\n<link rel=\"canonical\" href=\"https:\/\/bogensportdiscount.ch\/fr\/produit\/acuarchery-sos-heavy-medal-3oz-stabilisations-daempfer\/\" \/>\n<meta property=\"og:locale\" content=\"fr_FR\" \/>\n<meta property=\"og:type\" content=\"article\" \/>\n<meta property=\"og:title\" content=\"ACUARCHERY S.O.S. HEAVY MEDAL - 3 oz - SYST\u00c8ME D&#x27;OPTIMISATION DE LA STABILIT\u00c9 - Bogensportdiscount \u2013 Arcs, fl\u00e8ches, cibles et accessoires\" \/>\n<meta property=\"og:description\" content=\"ACUARCHERY S.O.S. HEAVY MEDAL - 3 oz - STABILITY OPTIMIZATION SYSTEM : achetez-le \u00e0 prix avantageux chez Bogensportdiscount \u2013 Les meilleures marques, livraison rapide depuis la Suisse.\" \/>\n<meta property=\"og:url\" content=\"https:\/\/bogensportdiscount.ch\/fr\/produit\/acuarchery-sos-heavy-medal-3oz-stabilisations-daempfer\/\" \/>\n<meta property=\"og:site_name\" content=\"Bogensportdiscount \u2013 B\u00f6gen, Pfeile, Targets &amp; Zubeh\u00f6r\" \/>\n<meta property=\"article:modified_time\" content=\"2026-05-14T13:27:50+00:00\" \/>\n<meta property=\"og:image\" content=\"https:\/\/bogensportdiscount.ch\/wp-content\/uploads\/bsm-images\/A097571_1.png\" \/>\n\t<meta property=\"og:image:width\" content=\"800\" \/>\n\t<meta property=\"og:image:height\" content=\"800\" \/>\n\t<meta property=\"og:image:type\" content=\"image\/png\" \/>\n<meta name=\"twitter:card\" content=\"summary_large_image\" \/>\n<script type=\"application\/ld+json\" class=\"yoast-schema-graph\">{\"@context\":\"https:\\\/\\\/schema.org\",\"@graph\":[{\"@type\":\"WebPage\",\"@id\":\"https:\\\/\\\/bogensportdiscount.ch\\\/produkt\\\/acuarchery-sos-heavy-medal-3oz-stabilisations-daempfer\\\/\",\"url\":\"https:\\\/\\\/bogensportdiscount.ch\\\/produkt\\\/acuarchery-sos-heavy-medal-3oz-stabilisations-daempfer\\\/\",\"name\":\"ACUARCHERY S.O.S. HEAVY MEDAL - 3OZ - STABILITY OPTIMIZATION SYSTEM - Bogensportdiscount \u2013 B\u00f6gen, Pfeile, Targets &amp; Zubeh\u00f6r\",\"isPartOf\":{\"@id\":\"https:\\\/\\\/bogensportdiscount.ch\\\/#website\"},\"primaryImageOfPage\":{\"@id\":\"https:\\\/\\\/bogensportdiscount.ch\\\/produkt\\\/acuarchery-sos-heavy-medal-3oz-stabilisations-daempfer\\\/#primaryimage\"},\"image\":{\"@id\":\"https:\\\/\\\/bogensportdiscount.ch\\\/produkt\\\/acuarchery-sos-heavy-medal-3oz-stabilisations-daempfer\\\/#primaryimage\"},\"thumbnailUrl\":\"https:\\\/\\\/bogensportdiscount.ch\\\/wp-content\\\/uploads\\\/bsm-images\\\/A097571_1.png\",\"datePublished\":\"2026-04-05T13:41:09+00:00\",\"dateModified\":\"2026-05-14T13:27:50+00:00\",\"description\":\"ACUARCHERY S.O.S. HEAVY MEDAL - 3OZ - STABILITY OPTIMIZATION SYSTEM g\u00fcnstig kaufen bei Bogensportdiscount \u2013 Top-Marken, schneller Versand aus der Schweiz.\",\"breadcrumb\":{\"@id\":\"https:\\\/\\\/bogensportdiscount.ch\\\/produkt\\\/acuarchery-sos-heavy-medal-3oz-stabilisations-daempfer\\\/#breadcrumb\"},\"inLanguage\":\"fr-FR\",\"potentialAction\":[{\"@type\":\"ReadAction\",\"target\":[\"https:\\\/\\\/bogensportdiscount.ch\\\/produkt\\\/acuarchery-sos-heavy-medal-3oz-stabilisations-daempfer\\\/\"]}]},{\"@type\":\"ImageObject\",\"inLanguage\":\"fr-FR\",\"@id\":\"https:\\\/\\\/bogensportdiscount.ch\\\/produkt\\\/acuarchery-sos-heavy-medal-3oz-stabilisations-daempfer\\\/#primaryimage\",\"url\":\"https:\\\/\\\/bogensportdiscount.ch\\\/wp-content\\\/uploads\\\/bsm-images\\\/A097571_1.png\",\"contentUrl\":\"https:\\\/\\\/bogensportdiscount.ch\\\/wp-content\\\/uploads\\\/bsm-images\\\/A097571_1.png\",\"width\":800,\"height\":800},{\"@type\":\"BreadcrumbList\",\"@id\":\"https:\\\/\\\/bogensportdiscount.ch\\\/produkt\\\/acuarchery-sos-heavy-medal-3oz-stabilisations-daempfer\\\/#breadcrumb\",\"itemListElement\":[{\"@type\":\"ListItem\",\"position\":1,\"name\":\"Home\",\"item\":\"https:\\\/\\\/bogensportdiscount.ch\\\/\"},{\"@type\":\"ListItem\",\"position\":2,\"name\":\"Shop\",\"item\":\"https:\\\/\\\/bogensportdiscount.ch\\\/shop\\\/\"},{\"@type\":\"ListItem\",\"position\":3,\"name\":\"ACUARCHERY S.O.S. HEAVY MEDAL &#8211; 3OZ &#8211; STABILITY OPTIMIZATION SYSTEM\"}]},{\"@type\":\"WebSite\",\"@id\":\"https:\\\/\\\/bogensportdiscount.ch\\\/#website\",\"url\":\"https:\\\/\\\/bogensportdiscount.ch\\\/\",\"name\":\"Bogensportdiscount\",\"description\":\"\",\"potentialAction\":[{\"@type\":\"SearchAction\",\"target\":{\"@type\":\"EntryPoint\",\"urlTemplate\":\"https:\\\/\\\/bogensportdiscount.ch\\\/?s={search_term_string}\"},\"query-input\":{\"@type\":\"PropertyValueSpecification\",\"valueRequired\":true,\"valueName\":\"search_term_string\"}}],\"inLanguage\":\"fr-FR\"}]}<\/script>\n<!-- \/ Yoast SEO plugin. -->","yoast_head_json":{"title":"ACUARCHERY S.O.S. HEAVY MEDAL - 85 g - SYST\u00c8ME D&#x27;OPTIMISATION DE LA STABILIT\u00c9 - Bogensportdiscount \u2013 Arcs, fl\u00e8ches, cibles et accessoires","description":"ACUARCHERY S.O.S. HEAVY MEDAL - 3 oz - STABILITY OPTIMIZATION SYSTEM : achetez-le \u00e0 prix avantageux chez Bogensportdiscount \u2013 Les meilleures marques, livraison rapide depuis la Suisse.","robots":{"index":"index","follow":"follow","max-snippet":"max-snippet:-1","max-image-preview":"max-image-preview:large","max-video-preview":"max-video-preview:-1"},"canonical":"https:\/\/bogensportdiscount.ch\/fr\/produit\/acuarchery-sos-heavy-medal-3oz-stabilisations-daempfer\/","og_locale":"fr_FR","og_type":"article","og_title":"ACUARCHERY S.O.S. HEAVY MEDAL - 3 oz - SYST\u00c8ME D&#x27;OPTIMISATION DE LA STABILIT\u00c9 - Bogensportdiscount \u2013 Arcs, fl\u00e8ches, cibles et accessoires","og_description":"ACUARCHERY S.O.S. HEAVY MEDAL - 3 oz - STABILITY OPTIMIZATION SYSTEM : achetez-le \u00e0 prix avantageux chez Bogensportdiscount \u2013 Les meilleures marques, livraison rapide depuis la Suisse.","og_url":"https:\/\/bogensportdiscount.ch\/fr\/produit\/acuarchery-sos-heavy-medal-3oz-stabilisations-daempfer\/","og_site_name":"Bogensportdiscount \u2013 B\u00f6gen, Pfeile, Targets &amp; Zubeh\u00f6r","article_modified_time":"2026-05-14T13:27:50+00:00","og_image":[{"width":800,"height":800,"url":"https:\/\/bogensportdiscount.ch\/wp-content\/uploads\/bsm-images\/A097571_1.png","type":"image\/png"}],"twitter_card":"summary_large_image","schema":{"@context":"https:\/\/schema.org","@graph":[{"@type":"WebPage","@id":"https:\/\/bogensportdiscount.ch\/produkt\/acuarchery-sos-heavy-medal-3oz-stabilisations-daempfer\/","url":"https:\/\/bogensportdiscount.ch\/produkt\/acuarchery-sos-heavy-medal-3oz-stabilisations-daempfer\/","name":"ACUARCHERY S.O.S. HEAVY MEDAL - 3 oz - SYST\u00c8ME D&#x27;OPTIMISATION DE LA STABILIT\u00c9 - Bogensportdiscount \u2013 Arcs, fl\u00e8ches, cibles et accessoires","isPartOf":{"@id":"https:\/\/bogensportdiscount.ch\/#website"},"primaryImageOfPage":{"@id":"https:\/\/bogensportdiscount.ch\/produkt\/acuarchery-sos-heavy-medal-3oz-stabilisations-daempfer\/#primaryimage"},"image":{"@id":"https:\/\/bogensportdiscount.ch\/produkt\/acuarchery-sos-heavy-medal-3oz-stabilisations-daempfer\/#primaryimage"},"thumbnailUrl":"https:\/\/bogensportdiscount.ch\/wp-content\/uploads\/bsm-images\/A097571_1.png","datePublished":"2026-04-05T13:41:09+00:00","dateModified":"2026-05-14T13:27:50+00:00","description":"ACUARCHERY S.O.S. HEAVY MEDAL - 3 oz - STABILITY OPTIMIZATION SYSTEM : achetez-le \u00e0 prix avantageux chez Bogensportdiscount \u2013 Les meilleures marques, livraison rapide depuis la Suisse.","breadcrumb":{"@id":"https:\/\/bogensportdiscount.ch\/produkt\/acuarchery-sos-heavy-medal-3oz-stabilisations-daempfer\/#breadcrumb"},"inLanguage":"fr-FR","potentialAction":[{"@type":"ReadAction","target":["https:\/\/bogensportdiscount.ch\/produkt\/acuarchery-sos-heavy-medal-3oz-stabilisations-daempfer\/"]}]},{"@type":"ImageObject","inLanguage":"fr-FR","@id":"https:\/\/bogensportdiscount.ch\/produkt\/acuarchery-sos-heavy-medal-3oz-stabilisations-daempfer\/#primaryimage","url":"https:\/\/bogensportdiscount.ch\/wp-content\/uploads\/bsm-images\/A097571_1.png","contentUrl":"https:\/\/bogensportdiscount.ch\/wp-content\/uploads\/bsm-images\/A097571_1.png","width":800,"height":800},{"@type":"BreadcrumbList","@id":"https:\/\/bogensportdiscount.ch\/produkt\/acuarchery-sos-heavy-medal-3oz-stabilisations-daempfer\/#breadcrumb","itemListElement":[{"@type":"ListItem","position":1,"name":"Home","item":"https:\/\/bogensportdiscount.ch\/"},{"@type":"ListItem","position":2,"name":"Shop","item":"https:\/\/bogensportdiscount.ch\/shop\/"},{"@type":"ListItem","position":3,"name":"ACUARCHERY S.O.S. HEAVY MEDAL &#8211; 3OZ &#8211; STABILITY OPTIMIZATION SYSTEM"}]},{"@type":"WebSite","@id":"https:\/\/bogensportdiscount.ch\/#website","url":"https:\/\/bogensportdiscount.ch\/","name":"Bogensportdiscount","description":"","potentialAction":[{"@type":"SearchAction","target":{"@type":"EntryPoint","urlTemplate":"https:\/\/bogensportdiscount.ch\/?s={search_term_string}"},"query-input":{"@type":"PropertyValueSpecification","valueRequired":true,"valueName":"search_term_string"}}],"inLanguage":"fr-FR"}]}},"_links":{"self":[{"href":"https:\/\/bogensportdiscount.ch\/fr\/wp-json\/wp\/v2\/product\/429676","targetHints":{"allow":["GET"]}}],"collection":[{"href":"https:\/\/bogensportdiscount.ch\/fr\/wp-json\/wp\/v2\/product"}],"about":[{"href":"https:\/\/bogensportdiscount.ch\/fr\/wp-json\/wp\/v2\/types\/product"}],"replies":[{"embeddable":true,"href":"https:\/\/bogensportdiscount.ch\/fr\/wp-json\/wp\/v2\/comments?post=429676"}],"wp:featuredmedia":[{"embeddable":true,"href":"https:\/\/bogensportdiscount.ch\/fr\/wp-json\/wp\/v2\/media\/523245"}],"wp:attachment":[{"href":"https:\/\/bogensportdiscount.ch\/fr\/wp-json\/wp\/v2\/media?parent=429676"}],"wp:term":[{"taxonomy":"product_brand","embeddable":true,"href":"https:\/\/bogensportdiscount.ch\/fr\/wp-json\/wp\/v2\/product_brand?post=429676"},{"taxonomy":"product_cat","embeddable":true,"href":"https:\/\/bogensportdiscount.ch\/fr\/wp-json\/wp\/v2\/product_cat?post=429676"},{"taxonomy":"product_tag","embeddable":true,"href":"https:\/\/bogensportdiscount.ch\/fr\/wp-json\/wp\/v2\/product_tag?post=429676"}],"curies":[{"name":"wp","href":"https:\/\/api.w.org\/{rel}","templated":true}]}}