{"id":429612,"date":"2026-04-05T15:41:02","date_gmt":"2026-04-05T13:41:02","guid":{"rendered":"https:\/\/bogensportdiscount.ch\/produkt\/compound-lazer-x-nf-cam-rotating-mod-lh-30-40lbs-24-30-5-black-cherry\/"},"modified":"2026-05-14T15:27:50","modified_gmt":"2026-05-14T13:27:50","slug":"pse-compound-bogen-lazer-x-nf-cam-rotating-mod","status":"publish","type":"product","link":"https:\/\/bogensportdiscount.ch\/fr\/produit\/pse-compound-bogen-lazer-x-nf-cam-rotating-mod\/","title":{"rendered":"PSE COMPOUNDBOGEN LAZER X NF CAM ROTATING MOD"},"content":{"rendered":"<p>Le PSE Lazer X est un arc \u00e0 poulies avec un axe \u00e0 axe de 37&#8243; et appartient donc \u00e0 la cat\u00e9gorie des arcs \u00e0 poulies longs de plus de 35&#8243;. Le syst\u00e8me NF-Cam avec Rotating Mod permet un r\u00e9glage de l'allonge dans une plage de 23.5&#8243; \u00e0 30&#8243;, offrant ainsi de larges possibilit\u00e9s d'utilisation pour diff\u00e9rents types de tireurs.<\/p>\n<p>Avec un let-off de 75% et une vitesse IBO de 327 FPS, le Lazer X offre de solides performances pour une utilisation \u00e0 la chasse ou en comp\u00e9tition. La puissance est disponible en trois niveaux (40, 50 et 60 lbs), l'arc est disponible aussi bien pour les droitiers que pour les gauchers.<\/p>\n<ul>\n<li>Syst\u00e8me NF-Cam avec Rotating Mod pour le r\u00e9glage de l'allonge<\/li>\n<li>Allonge r\u00e9glable de 23.5&#8243; \u00e0 30&#8243;<\/li>\n<li>Axe \u00e0 axe 37&#8243; \u2013 stable et \u00e9quilibr\u00e9<\/li>\n<li>Disponible en trois niveaux de puissance et pour les deux mains<\/li>\n<\/ul>","protected":false},"excerpt":{"rendered":"<table>\n<tr>\n<th>Propri\u00e9t\u00e9<\/th>\n<th>Valeur<\/th>\n<\/tr>\n<tr>\n<td>Syst\u00e8me de came<\/td>\n<td>NF<\/td>\n<\/tr>\n<tr>\n<td>Brace Height<\/td>\n<td>6-3\/4&#8243;<\/td>\n<\/tr>\n<tr>\n<td>D&#x27;essieu \u00e0 essieu<\/td>\n<td>37&#8243;<\/td>\n<\/tr>\n<tr>\n<td>Vitesse IBO<\/td>\n<td>327 FPS<\/td>\n<\/tr>\n<tr>\n<td>Let-Off<\/td>\n<td>75%<\/td>\n<\/tr>\n<tr>\n<td>Poids<\/td>\n<td>4.4 lbs<\/td>\n<\/tr>\n<tr>\n<td>Plage de longueur de tirage<\/td>\n<td>23.5&#8243;\u201330&#8243;<\/td>\n<\/tr>\n<tr>\n<td>Poids de traction<\/td>\n<td>40, 50, 60 lbs<\/td>\n<\/tr>\n<tr>\n<td>Limb Bolt Turns<\/td>\n<td>10<\/td>\n<\/tr>\n<\/table>","protected":false},"featured_media":522859,"comment_status":"open","ping_status":"closed","template":"","meta":[],"product_brand":[450],"product_cat":[4523],"product_tag":[],"class_list":{"0":"post-429612","1":"product","2":"type-product","3":"status-publish","4":"has-post-thumbnail","6":"product_brand-pse","7":"product_cat-compound-boegen--35","8":"product_shipping_class-bsd-sperrgut","10":"first","11":"instock","12":"shipping-taxable","13":"purchasable","14":"product-type-variable"},"yoast_head":"<!-- This site is optimized with the Yoast SEO plugin v27.6 - https:\/\/yoast.com\/product\/yoast-seo-wordpress\/ -->\n<title>PSE COMPOUNDBOGEN LAZER X NF CAM ROTATING MOD - Bogensportdiscount \u2013 B\u00f6gen, Pfeile, Targets &amp; Zubeh\u00f6r<\/title>\n<meta name=\"description\" content=\"PSE COMPOUNDBOGEN LAZER X NF CAM ROTATING MOD g\u00fcnstig kaufen bei Bogensportdiscount \u2013 Top-Marken, schneller Versand aus der Schweiz.\" \/>\n<meta name=\"robots\" content=\"index, follow, max-snippet:-1, max-image-preview:large, max-video-preview:-1\" \/>\n<link rel=\"canonical\" href=\"https:\/\/bogensportdiscount.ch\/fr\/produit\/pse-compound-bogen-lazer-x-nf-cam-rotating-mod\/\" \/>\n<meta property=\"og:locale\" content=\"fr_FR\" \/>\n<meta property=\"og:type\" content=\"article\" \/>\n<meta property=\"og:title\" content=\"PSE COMPOUNDBOGEN LAZER X NF CAM ROTATING MOD - Bogensportdiscount \u2013 B\u00f6gen, Pfeile, Targets &amp; Zubeh\u00f6r\" \/>\n<meta property=\"og:description\" content=\"PSE COMPOUNDBOGEN LAZER X NF CAM ROTATING MOD g\u00fcnstig kaufen bei Bogensportdiscount \u2013 Top-Marken, schneller Versand aus der Schweiz.\" \/>\n<meta property=\"og:url\" content=\"https:\/\/bogensportdiscount.ch\/fr\/produit\/pse-compound-bogen-lazer-x-nf-cam-rotating-mod\/\" \/>\n<meta property=\"og:site_name\" content=\"Bogensportdiscount \u2013 B\u00f6gen, Pfeile, Targets &amp; Zubeh\u00f6r\" \/>\n<meta property=\"article:modified_time\" content=\"2026-05-14T13:27:50+00:00\" \/>\n<meta property=\"og:image\" content=\"https:\/\/bogensportdiscount.ch\/wp-content\/uploads\/bsm-images\/A097506_1.png\" \/>\n\t<meta property=\"og:image:width\" content=\"182\" \/>\n\t<meta property=\"og:image:height\" content=\"1024\" \/>\n\t<meta property=\"og:image:type\" content=\"image\/png\" \/>\n<meta name=\"twitter:card\" content=\"summary_large_image\" \/>\n<meta name=\"twitter:label1\" content=\"Dur\u00e9e de lecture estim\u00e9e\" \/>\n\t<meta name=\"twitter:data1\" content=\"1 minute\" \/>\n<script type=\"application\/ld+json\" class=\"yoast-schema-graph\">{\"@context\":\"https:\\\/\\\/schema.org\",\"@graph\":[{\"@type\":\"WebPage\",\"@id\":\"https:\\\/\\\/bogensportdiscount.ch\\\/produkt\\\/pse-compound-bogen-lazer-x-nf-cam-rotating-mod\\\/\",\"url\":\"https:\\\/\\\/bogensportdiscount.ch\\\/produkt\\\/pse-compound-bogen-lazer-x-nf-cam-rotating-mod\\\/\",\"name\":\"PSE COMPOUNDBOGEN LAZER X NF CAM ROTATING MOD - Bogensportdiscount \u2013 B\u00f6gen, Pfeile, Targets &amp; Zubeh\u00f6r\",\"isPartOf\":{\"@id\":\"https:\\\/\\\/bogensportdiscount.ch\\\/#website\"},\"primaryImageOfPage\":{\"@id\":\"https:\\\/\\\/bogensportdiscount.ch\\\/produkt\\\/pse-compound-bogen-lazer-x-nf-cam-rotating-mod\\\/#primaryimage\"},\"image\":{\"@id\":\"https:\\\/\\\/bogensportdiscount.ch\\\/produkt\\\/pse-compound-bogen-lazer-x-nf-cam-rotating-mod\\\/#primaryimage\"},\"thumbnailUrl\":\"https:\\\/\\\/bogensportdiscount.ch\\\/wp-content\\\/uploads\\\/bsm-images\\\/A097506_1.png\",\"datePublished\":\"2026-04-05T13:41:02+00:00\",\"dateModified\":\"2026-05-14T13:27:50+00:00\",\"description\":\"PSE COMPOUNDBOGEN LAZER X NF CAM ROTATING MOD g\u00fcnstig kaufen bei Bogensportdiscount \u2013 Top-Marken, schneller Versand aus der Schweiz.\",\"breadcrumb\":{\"@id\":\"https:\\\/\\\/bogensportdiscount.ch\\\/produkt\\\/pse-compound-bogen-lazer-x-nf-cam-rotating-mod\\\/#breadcrumb\"},\"inLanguage\":\"fr-FR\",\"potentialAction\":[{\"@type\":\"ReadAction\",\"target\":[\"https:\\\/\\\/bogensportdiscount.ch\\\/produkt\\\/pse-compound-bogen-lazer-x-nf-cam-rotating-mod\\\/\"]}]},{\"@type\":\"ImageObject\",\"inLanguage\":\"fr-FR\",\"@id\":\"https:\\\/\\\/bogensportdiscount.ch\\\/produkt\\\/pse-compound-bogen-lazer-x-nf-cam-rotating-mod\\\/#primaryimage\",\"url\":\"https:\\\/\\\/bogensportdiscount.ch\\\/wp-content\\\/uploads\\\/bsm-images\\\/A097506_1.png\",\"contentUrl\":\"https:\\\/\\\/bogensportdiscount.ch\\\/wp-content\\\/uploads\\\/bsm-images\\\/A097506_1.png\",\"width\":182,\"height\":1024},{\"@type\":\"BreadcrumbList\",\"@id\":\"https:\\\/\\\/bogensportdiscount.ch\\\/produkt\\\/pse-compound-bogen-lazer-x-nf-cam-rotating-mod\\\/#breadcrumb\",\"itemListElement\":[{\"@type\":\"ListItem\",\"position\":1,\"name\":\"Home\",\"item\":\"https:\\\/\\\/bogensportdiscount.ch\\\/\"},{\"@type\":\"ListItem\",\"position\":2,\"name\":\"Shop\",\"item\":\"https:\\\/\\\/bogensportdiscount.ch\\\/shop\\\/\"},{\"@type\":\"ListItem\",\"position\":3,\"name\":\"PSE COMPOUND LAZER X NF CAM ROTATING MOD\"}]},{\"@type\":\"WebSite\",\"@id\":\"https:\\\/\\\/bogensportdiscount.ch\\\/#website\",\"url\":\"https:\\\/\\\/bogensportdiscount.ch\\\/\",\"name\":\"Bogensportdiscount\",\"description\":\"\",\"potentialAction\":[{\"@type\":\"SearchAction\",\"target\":{\"@type\":\"EntryPoint\",\"urlTemplate\":\"https:\\\/\\\/bogensportdiscount.ch\\\/?s={search_term_string}\"},\"query-input\":{\"@type\":\"PropertyValueSpecification\",\"valueRequired\":true,\"valueName\":\"search_term_string\"}}],\"inLanguage\":\"fr-FR\"}]}<\/script>\n<!-- \/ Yoast SEO plugin. -->","yoast_head_json":{"title":"PSE COMPOUNDBOGEN LAZER X NF CAM ROTATING MOD - Bogensportdiscount \u2013 B\u00f6gen, Pfeile, Targets &amp; Zubeh\u00f6r","description":"PSE COMPOUNDBOGEN LAZER X NF CAM ROTATING MOD g\u00fcnstig kaufen bei Bogensportdiscount \u2013 Top-Marken, schneller Versand aus der Schweiz.","robots":{"index":"index","follow":"follow","max-snippet":"max-snippet:-1","max-image-preview":"max-image-preview:large","max-video-preview":"max-video-preview:-1"},"canonical":"https:\/\/bogensportdiscount.ch\/fr\/produit\/pse-compound-bogen-lazer-x-nf-cam-rotating-mod\/","og_locale":"fr_FR","og_type":"article","og_title":"PSE COMPOUNDBOGEN LAZER X NF CAM ROTATING MOD - Bogensportdiscount \u2013 B\u00f6gen, Pfeile, Targets &amp; Zubeh\u00f6r","og_description":"PSE COMPOUNDBOGEN LAZER X NF CAM ROTATING MOD g\u00fcnstig kaufen bei Bogensportdiscount \u2013 Top-Marken, schneller Versand aus der Schweiz.","og_url":"https:\/\/bogensportdiscount.ch\/fr\/produit\/pse-compound-bogen-lazer-x-nf-cam-rotating-mod\/","og_site_name":"Bogensportdiscount \u2013 B\u00f6gen, Pfeile, Targets &amp; Zubeh\u00f6r","article_modified_time":"2026-05-14T13:27:50+00:00","og_image":[{"width":182,"height":1024,"url":"https:\/\/bogensportdiscount.ch\/wp-content\/uploads\/bsm-images\/A097506_1.png","type":"image\/png"}],"twitter_card":"summary_large_image","twitter_misc":{"Dur\u00e9e de lecture estim\u00e9e":"1 minute"},"schema":{"@context":"https:\/\/schema.org","@graph":[{"@type":"WebPage","@id":"https:\/\/bogensportdiscount.ch\/produkt\/pse-compound-bogen-lazer-x-nf-cam-rotating-mod\/","url":"https:\/\/bogensportdiscount.ch\/produkt\/pse-compound-bogen-lazer-x-nf-cam-rotating-mod\/","name":"PSE COMPOUNDBOGEN LAZER X NF CAM ROTATING MOD - Bogensportdiscount \u2013 B\u00f6gen, Pfeile, Targets &amp; Zubeh\u00f6r","isPartOf":{"@id":"https:\/\/bogensportdiscount.ch\/#website"},"primaryImageOfPage":{"@id":"https:\/\/bogensportdiscount.ch\/produkt\/pse-compound-bogen-lazer-x-nf-cam-rotating-mod\/#primaryimage"},"image":{"@id":"https:\/\/bogensportdiscount.ch\/produkt\/pse-compound-bogen-lazer-x-nf-cam-rotating-mod\/#primaryimage"},"thumbnailUrl":"https:\/\/bogensportdiscount.ch\/wp-content\/uploads\/bsm-images\/A097506_1.png","datePublished":"2026-04-05T13:41:02+00:00","dateModified":"2026-05-14T13:27:50+00:00","description":"PSE COMPOUNDBOGEN LAZER X NF CAM ROTATING MOD g\u00fcnstig kaufen bei Bogensportdiscount \u2013 Top-Marken, schneller Versand aus der Schweiz.","breadcrumb":{"@id":"https:\/\/bogensportdiscount.ch\/produkt\/pse-compound-bogen-lazer-x-nf-cam-rotating-mod\/#breadcrumb"},"inLanguage":"fr-FR","potentialAction":[{"@type":"ReadAction","target":["https:\/\/bogensportdiscount.ch\/produkt\/pse-compound-bogen-lazer-x-nf-cam-rotating-mod\/"]}]},{"@type":"ImageObject","inLanguage":"fr-FR","@id":"https:\/\/bogensportdiscount.ch\/produkt\/pse-compound-bogen-lazer-x-nf-cam-rotating-mod\/#primaryimage","url":"https:\/\/bogensportdiscount.ch\/wp-content\/uploads\/bsm-images\/A097506_1.png","contentUrl":"https:\/\/bogensportdiscount.ch\/wp-content\/uploads\/bsm-images\/A097506_1.png","width":182,"height":1024},{"@type":"BreadcrumbList","@id":"https:\/\/bogensportdiscount.ch\/produkt\/pse-compound-bogen-lazer-x-nf-cam-rotating-mod\/#breadcrumb","itemListElement":[{"@type":"ListItem","position":1,"name":"Home","item":"https:\/\/bogensportdiscount.ch\/"},{"@type":"ListItem","position":2,"name":"Shop","item":"https:\/\/bogensportdiscount.ch\/shop\/"},{"@type":"ListItem","position":3,"name":"PSE COMPOUND LAZER X NF CAM ROTATING MOD"}]},{"@type":"WebSite","@id":"https:\/\/bogensportdiscount.ch\/#website","url":"https:\/\/bogensportdiscount.ch\/","name":"Bogensportdiscount","description":"","potentialAction":[{"@type":"SearchAction","target":{"@type":"EntryPoint","urlTemplate":"https:\/\/bogensportdiscount.ch\/?s={search_term_string}"},"query-input":{"@type":"PropertyValueSpecification","valueRequired":true,"valueName":"search_term_string"}}],"inLanguage":"fr-FR"}]}},"_links":{"self":[{"href":"https:\/\/bogensportdiscount.ch\/fr\/wp-json\/wp\/v2\/product\/429612","targetHints":{"allow":["GET"]}}],"collection":[{"href":"https:\/\/bogensportdiscount.ch\/fr\/wp-json\/wp\/v2\/product"}],"about":[{"href":"https:\/\/bogensportdiscount.ch\/fr\/wp-json\/wp\/v2\/types\/product"}],"replies":[{"embeddable":true,"href":"https:\/\/bogensportdiscount.ch\/fr\/wp-json\/wp\/v2\/comments?post=429612"}],"wp:featuredmedia":[{"embeddable":true,"href":"https:\/\/bogensportdiscount.ch\/fr\/wp-json\/wp\/v2\/media\/522859"}],"wp:attachment":[{"href":"https:\/\/bogensportdiscount.ch\/fr\/wp-json\/wp\/v2\/media?parent=429612"}],"wp:term":[{"taxonomy":"product_brand","embeddable":true,"href":"https:\/\/bogensportdiscount.ch\/fr\/wp-json\/wp\/v2\/product_brand?post=429612"},{"taxonomy":"product_cat","embeddable":true,"href":"https:\/\/bogensportdiscount.ch\/fr\/wp-json\/wp\/v2\/product_cat?post=429612"},{"taxonomy":"product_tag","embeddable":true,"href":"https:\/\/bogensportdiscount.ch\/fr\/wp-json\/wp\/v2\/product_tag?post=429612"}],"curies":[{"name":"wp","href":"https:\/\/api.w.org\/{rel}","templated":true}]}}