{"id":429276,"date":"2026-04-05T15:40:27","date_gmt":"2026-04-05T13:40:27","guid":{"rendered":"https:\/\/bogensportdiscount.ch\/produkt\/nocks-gold-tip-246-accu-lite-8gr-black-100pk\/"},"modified":"2026-05-14T15:27:49","modified_gmt":"2026-05-14T13:27:49","slug":"gold-tip-innennocke-accu-lite-246","status":"publish","type":"product","link":"https:\/\/bogensportdiscount.ch\/fr\/produit\/gold-tip-innennocke-accu-lite-246\/","title":{"rendered":"GOLDTIP Nock GOLD TIP .246 ACCU-LITE"},"content":{"rendered":"<p>L'encoche interne GOLD TIP Accu-Lite poss\u00e8de un diam\u00e8tre int\u00e9rieur de .246&#8243; (6,2 mm) et est ainsi compatible avec les tubes de fl\u00e8che GOLD TIP correspondants. Elle s'ins\u00e8re par l'int\u00e9rieur dans le tube et offre une connexion fiable \u00e0 la corde de l'arc.<\/p>\n<p>L'encoche est disponible en plusieurs couleurs \u2013 dont Noir, Bleu, Vert, Orange, Rose, Fum\u00e9, Blanc et Jaune \u2013 permettant ainsi une personnalisation individuelle. L'Accu-Lite convient aux tireurs \u00e0 l'arc \u00e0 poulies et \u00e0 l'arc classique utilisant des tubes GOLD TIP adapt\u00e9s.<\/p>\n<ul>\n<li>Diam\u00e8tre int\u00e9rieur .246&#8243; (6,2 mm)<\/li>\n<li>Encoche interne pour un montage facile dans le tube<\/li>\n<li>Disponible en 8 couleurs<\/li>\n<li>Compatible avec les tubes de fl\u00e8che GOLD TIP correspondants<\/li>\n<\/ul>","protected":false},"excerpt":{"rendered":"<table>\n<tr>\n<th>Propri\u00e9t\u00e9<\/th>\n<th>Valeur<\/th>\n<\/tr>\n<tr>\n<td>Marque<\/td>\n<td>Gold Tip<\/td>\n<\/tr>\n<tr>\n<td>Diam\u00e8tre int\u00e9rieur<\/td>\n<td>.246&#8243; (6,2 mm)<\/td>\n<\/tr>\n<tr>\n<td>Type<\/td>\n<td>Encoche int\u00e9rieure<\/td>\n<\/tr>\n<tr>\n<td>Origine<\/td>\n<td>Mexique<\/td>\n<\/tr>\n<\/table>","protected":false},"featured_media":523249,"comment_status":"open","ping_status":"closed","template":"","meta":[],"product_brand":[855],"product_cat":[4238],"product_tag":[],"class_list":{"0":"post-429276","1":"product","2":"type-product","3":"status-publish","4":"has-post-thumbnail","6":"product_brand-goldtip","7":"product_cat-innere-nocken","8":"product_shipping_class-bsd-standard","10":"first","11":"onbackorder","12":"shipping-taxable","13":"purchasable","14":"product-type-variable"},"yoast_head":"<!-- This site is optimized with the Yoast SEO plugin v27.6 - https:\/\/yoast.com\/product\/yoast-seo-wordpress\/ -->\n<title>GOLDTIP Nock GOLD TIP .246 ACCU-LITE - Bogensportdiscount \u2013 Arcs, fl\u00e8ches, cibles et accessoires<\/title>\n<meta name=\"description\" content=\"Achetez la pointe GOLDTIP Nock GOLD TIP .246 ACCU-LITE \u00e0 un prix avantageux chez Bogensportdiscount \u2013 Les meilleures marques, livraison rapide depuis la Suisse.\" \/>\n<meta name=\"robots\" content=\"index, follow, max-snippet:-1, max-image-preview:large, max-video-preview:-1\" \/>\n<link rel=\"canonical\" href=\"https:\/\/bogensportdiscount.ch\/fr\/produit\/gold-tip-innennocke-accu-lite-246\/\" \/>\n<meta property=\"og:locale\" content=\"fr_FR\" \/>\n<meta property=\"og:type\" content=\"article\" \/>\n<meta property=\"og:title\" content=\"GOLDTIP Nock GOLD TIP .246 ACCU-LITE - Bogensportdiscount \u2013 Arcs, fl\u00e8ches, cibles et accessoires\" \/>\n<meta property=\"og:description\" content=\"Achetez la pointe GOLDTIP Nock GOLD TIP .246 ACCU-LITE \u00e0 un prix avantageux chez Bogensportdiscount \u2013 Les meilleures marques, livraison rapide depuis la Suisse.\" \/>\n<meta property=\"og:url\" content=\"https:\/\/bogensportdiscount.ch\/fr\/produit\/gold-tip-innennocke-accu-lite-246\/\" \/>\n<meta property=\"og:site_name\" content=\"Bogensportdiscount \u2013 B\u00f6gen, Pfeile, Targets &amp; Zubeh\u00f6r\" \/>\n<meta property=\"article:modified_time\" content=\"2026-05-14T13:27:49+00:00\" \/>\n<meta property=\"og:image\" content=\"https:\/\/bogensportdiscount.ch\/wp-content\/uploads\/bsm-images\/A096922_1.png\" \/>\n\t<meta property=\"og:image:width\" content=\"800\" \/>\n\t<meta property=\"og:image:height\" content=\"800\" \/>\n\t<meta property=\"og:image:type\" content=\"image\/png\" \/>\n<meta name=\"twitter:card\" content=\"summary_large_image\" \/>\n<script type=\"application\/ld+json\" class=\"yoast-schema-graph\">{\"@context\":\"https:\\\/\\\/schema.org\",\"@graph\":[{\"@type\":\"WebPage\",\"@id\":\"https:\\\/\\\/bogensportdiscount.ch\\\/produkt\\\/gold-tip-innennocke-accu-lite-246\\\/\",\"url\":\"https:\\\/\\\/bogensportdiscount.ch\\\/produkt\\\/gold-tip-innennocke-accu-lite-246\\\/\",\"name\":\"GOLDTIP Nock GOLD TIP .246 ACCU-LITE - Bogensportdiscount \u2013 B\u00f6gen, Pfeile, Targets &amp; Zubeh\u00f6r\",\"isPartOf\":{\"@id\":\"https:\\\/\\\/bogensportdiscount.ch\\\/#website\"},\"primaryImageOfPage\":{\"@id\":\"https:\\\/\\\/bogensportdiscount.ch\\\/produkt\\\/gold-tip-innennocke-accu-lite-246\\\/#primaryimage\"},\"image\":{\"@id\":\"https:\\\/\\\/bogensportdiscount.ch\\\/produkt\\\/gold-tip-innennocke-accu-lite-246\\\/#primaryimage\"},\"thumbnailUrl\":\"https:\\\/\\\/bogensportdiscount.ch\\\/wp-content\\\/uploads\\\/bsm-images\\\/A096922_1.png\",\"datePublished\":\"2026-04-05T13:40:27+00:00\",\"dateModified\":\"2026-05-14T13:27:49+00:00\",\"description\":\"GOLDTIP Nock GOLD TIP .246 ACCU-LITE g\u00fcnstig kaufen bei Bogensportdiscount \u2013 Top-Marken, schneller Versand aus der Schweiz.\",\"breadcrumb\":{\"@id\":\"https:\\\/\\\/bogensportdiscount.ch\\\/produkt\\\/gold-tip-innennocke-accu-lite-246\\\/#breadcrumb\"},\"inLanguage\":\"fr-FR\",\"potentialAction\":[{\"@type\":\"ReadAction\",\"target\":[\"https:\\\/\\\/bogensportdiscount.ch\\\/produkt\\\/gold-tip-innennocke-accu-lite-246\\\/\"]}]},{\"@type\":\"ImageObject\",\"inLanguage\":\"fr-FR\",\"@id\":\"https:\\\/\\\/bogensportdiscount.ch\\\/produkt\\\/gold-tip-innennocke-accu-lite-246\\\/#primaryimage\",\"url\":\"https:\\\/\\\/bogensportdiscount.ch\\\/wp-content\\\/uploads\\\/bsm-images\\\/A096922_1.png\",\"contentUrl\":\"https:\\\/\\\/bogensportdiscount.ch\\\/wp-content\\\/uploads\\\/bsm-images\\\/A096922_1.png\",\"width\":800,\"height\":800},{\"@type\":\"BreadcrumbList\",\"@id\":\"https:\\\/\\\/bogensportdiscount.ch\\\/produkt\\\/gold-tip-innennocke-accu-lite-246\\\/#breadcrumb\",\"itemListElement\":[{\"@type\":\"ListItem\",\"position\":1,\"name\":\"Home\",\"item\":\"https:\\\/\\\/bogensportdiscount.ch\\\/\"},{\"@type\":\"ListItem\",\"position\":2,\"name\":\"Shop\",\"item\":\"https:\\\/\\\/bogensportdiscount.ch\\\/shop\\\/\"},{\"@type\":\"ListItem\",\"position\":3,\"name\":\"GOLDTIP Nock GOLD TIP .246 ACCU-LITE\"}]},{\"@type\":\"WebSite\",\"@id\":\"https:\\\/\\\/bogensportdiscount.ch\\\/#website\",\"url\":\"https:\\\/\\\/bogensportdiscount.ch\\\/\",\"name\":\"Bogensportdiscount\",\"description\":\"\",\"potentialAction\":[{\"@type\":\"SearchAction\",\"target\":{\"@type\":\"EntryPoint\",\"urlTemplate\":\"https:\\\/\\\/bogensportdiscount.ch\\\/?s={search_term_string}\"},\"query-input\":{\"@type\":\"PropertyValueSpecification\",\"valueRequired\":true,\"valueName\":\"search_term_string\"}}],\"inLanguage\":\"fr-FR\"}]}<\/script>\n<!-- \/ Yoast SEO plugin. -->","yoast_head_json":{"title":"GOLDTIP Nock GOLD TIP .246 ACCU-LITE - Bogensportdiscount \u2013 Arcs, fl\u00e8ches, cibles et accessoires","description":"Achetez la pointe GOLDTIP Nock GOLD TIP .246 ACCU-LITE \u00e0 un prix avantageux chez Bogensportdiscount \u2013 Les meilleures marques, livraison rapide depuis la Suisse.","robots":{"index":"index","follow":"follow","max-snippet":"max-snippet:-1","max-image-preview":"max-image-preview:large","max-video-preview":"max-video-preview:-1"},"canonical":"https:\/\/bogensportdiscount.ch\/fr\/produit\/gold-tip-innennocke-accu-lite-246\/","og_locale":"fr_FR","og_type":"article","og_title":"GOLDTIP Nock GOLD TIP .246 ACCU-LITE - Bogensportdiscount \u2013 Arcs, fl\u00e8ches, cibles et accessoires","og_description":"Achetez la pointe GOLDTIP Nock GOLD TIP .246 ACCU-LITE \u00e0 un prix avantageux chez Bogensportdiscount \u2013 Les meilleures marques, livraison rapide depuis la Suisse.","og_url":"https:\/\/bogensportdiscount.ch\/fr\/produit\/gold-tip-innennocke-accu-lite-246\/","og_site_name":"Bogensportdiscount \u2013 B\u00f6gen, Pfeile, Targets &amp; Zubeh\u00f6r","article_modified_time":"2026-05-14T13:27:49+00:00","og_image":[{"width":800,"height":800,"url":"https:\/\/bogensportdiscount.ch\/wp-content\/uploads\/bsm-images\/A096922_1.png","type":"image\/png"}],"twitter_card":"summary_large_image","schema":{"@context":"https:\/\/schema.org","@graph":[{"@type":"WebPage","@id":"https:\/\/bogensportdiscount.ch\/produkt\/gold-tip-innennocke-accu-lite-246\/","url":"https:\/\/bogensportdiscount.ch\/produkt\/gold-tip-innennocke-accu-lite-246\/","name":"GOLDTIP Nock GOLD TIP .246 ACCU-LITE - Bogensportdiscount \u2013 Arcs, fl\u00e8ches, cibles et accessoires","isPartOf":{"@id":"https:\/\/bogensportdiscount.ch\/#website"},"primaryImageOfPage":{"@id":"https:\/\/bogensportdiscount.ch\/produkt\/gold-tip-innennocke-accu-lite-246\/#primaryimage"},"image":{"@id":"https:\/\/bogensportdiscount.ch\/produkt\/gold-tip-innennocke-accu-lite-246\/#primaryimage"},"thumbnailUrl":"https:\/\/bogensportdiscount.ch\/wp-content\/uploads\/bsm-images\/A096922_1.png","datePublished":"2026-04-05T13:40:27+00:00","dateModified":"2026-05-14T13:27:49+00:00","description":"Achetez la pointe GOLDTIP Nock GOLD TIP .246 ACCU-LITE \u00e0 un prix avantageux chez Bogensportdiscount \u2013 Les meilleures marques, livraison rapide depuis la Suisse.","breadcrumb":{"@id":"https:\/\/bogensportdiscount.ch\/produkt\/gold-tip-innennocke-accu-lite-246\/#breadcrumb"},"inLanguage":"fr-FR","potentialAction":[{"@type":"ReadAction","target":["https:\/\/bogensportdiscount.ch\/produkt\/gold-tip-innennocke-accu-lite-246\/"]}]},{"@type":"ImageObject","inLanguage":"fr-FR","@id":"https:\/\/bogensportdiscount.ch\/produkt\/gold-tip-innennocke-accu-lite-246\/#primaryimage","url":"https:\/\/bogensportdiscount.ch\/wp-content\/uploads\/bsm-images\/A096922_1.png","contentUrl":"https:\/\/bogensportdiscount.ch\/wp-content\/uploads\/bsm-images\/A096922_1.png","width":800,"height":800},{"@type":"BreadcrumbList","@id":"https:\/\/bogensportdiscount.ch\/produkt\/gold-tip-innennocke-accu-lite-246\/#breadcrumb","itemListElement":[{"@type":"ListItem","position":1,"name":"Home","item":"https:\/\/bogensportdiscount.ch\/"},{"@type":"ListItem","position":2,"name":"Shop","item":"https:\/\/bogensportdiscount.ch\/shop\/"},{"@type":"ListItem","position":3,"name":"GOLDTIP Nock GOLD TIP .246 ACCU-LITE"}]},{"@type":"WebSite","@id":"https:\/\/bogensportdiscount.ch\/#website","url":"https:\/\/bogensportdiscount.ch\/","name":"Bogensportdiscount","description":"","potentialAction":[{"@type":"SearchAction","target":{"@type":"EntryPoint","urlTemplate":"https:\/\/bogensportdiscount.ch\/?s={search_term_string}"},"query-input":{"@type":"PropertyValueSpecification","valueRequired":true,"valueName":"search_term_string"}}],"inLanguage":"fr-FR"}]}},"_links":{"self":[{"href":"https:\/\/bogensportdiscount.ch\/fr\/wp-json\/wp\/v2\/product\/429276","targetHints":{"allow":["GET"]}}],"collection":[{"href":"https:\/\/bogensportdiscount.ch\/fr\/wp-json\/wp\/v2\/product"}],"about":[{"href":"https:\/\/bogensportdiscount.ch\/fr\/wp-json\/wp\/v2\/types\/product"}],"replies":[{"embeddable":true,"href":"https:\/\/bogensportdiscount.ch\/fr\/wp-json\/wp\/v2\/comments?post=429276"}],"wp:featuredmedia":[{"embeddable":true,"href":"https:\/\/bogensportdiscount.ch\/fr\/wp-json\/wp\/v2\/media\/523249"}],"wp:attachment":[{"href":"https:\/\/bogensportdiscount.ch\/fr\/wp-json\/wp\/v2\/media?parent=429276"}],"wp:term":[{"taxonomy":"product_brand","embeddable":true,"href":"https:\/\/bogensportdiscount.ch\/fr\/wp-json\/wp\/v2\/product_brand?post=429276"},{"taxonomy":"product_cat","embeddable":true,"href":"https:\/\/bogensportdiscount.ch\/fr\/wp-json\/wp\/v2\/product_cat?post=429276"},{"taxonomy":"product_tag","embeddable":true,"href":"https:\/\/bogensportdiscount.ch\/fr\/wp-json\/wp\/v2\/product_tag?post=429276"}],"curies":[{"name":"wp","href":"https:\/\/api.w.org\/{rel}","templated":true}]}}