{"id":429256,"date":"2026-04-05T15:40:24","date_gmt":"2026-04-05T13:40:24","guid":{"rendered":"https:\/\/bogensportdiscount.ch\/produkt\/nocks-gold-tip-204-accu-tough-12gr-black-100pk\/"},"modified":"2026-05-14T15:27:49","modified_gmt":"2026-05-14T13:27:49","slug":"goldtip-innennocken-204-accu-tough-12gr-2","status":"publish","type":"product","link":"https:\/\/bogensportdiscount.ch\/fr\/produit\/goldtip-innennocken-204-accu-tough-12gr-2\/","title":{"rendered":"GOLDTIP Nock GOLD TIP .204 ACCU-TOUGH 12 g"},"content":{"rendered":"<p>Les encoches int\u00e9rieures GOLDTIP Accu-Tough au format .204 sont con\u00e7ues pour les fl\u00e8ches avec un diam\u00e8tre int\u00e9rieur de 5,2 mm. Avec un poids de 12 grain, elles compl\u00e8tent la configuration de la fl\u00e8che sans influence notable sur le poids total.<\/p>\n<p>Les encoches sont disponibles en six couleurs diff\u00e9rentes \u2013 noir, vert, orange, rose, blanc et jaune \u2013 permettant ainsi un codage couleur facile des sets de fl\u00e8ches.<\/p>\n<ul>\n<li>Compatible avec les fl\u00e8ches \u00e0 encoche int\u00e9rieure .204 (ID 5,2 mm)<\/li>\n<li>Poids : 12 grain par encoche<\/li>\n<li>Disponible en 6 couleurs pour le codage couleur<\/li>\n<li>Compatible avec les tubes de fl\u00e8che GOLD TIP courants<\/li>\n<\/ul>","protected":false},"excerpt":{"rendered":"<table>\n<tr>\n<th>Propri\u00e9t\u00e9<\/th>\n<th>Valeur<\/th>\n<\/tr>\n<tr>\n<td>Marque<\/td>\n<td>Gold Tip<\/td>\n<\/tr>\n<tr>\n<td>Diam\u00e8tre int\u00e9rieur<\/td>\n<td>.204 (ID 5,2 mm)<\/td>\n<\/tr>\n<tr>\n<td>Poids<\/td>\n<td>12 grain<\/td>\n<\/tr>\n<tr>\n<td>Pays d'origine<\/td>\n<td>Mexique<\/td>\n<\/tr>\n<tr>\n<td>Couleurs disponibles<\/td>\n<td>Noir, vert, orange, rose, blanc, jaune<\/td>\n<\/tr>\n<\/table>","protected":false},"featured_media":523251,"comment_status":"open","ping_status":"closed","template":"","meta":[],"product_brand":[855],"product_cat":[4238],"product_tag":[],"class_list":{"0":"post-429256","1":"product","2":"type-product","3":"status-publish","4":"has-post-thumbnail","6":"product_brand-goldtip","7":"product_cat-innere-nocken","8":"product_shipping_class-bsd-standard","10":"first","11":"onbackorder","12":"shipping-taxable","13":"purchasable","14":"product-type-variable"},"yoast_head":"<!-- This site is optimized with the Yoast SEO plugin v27.6 - https:\/\/yoast.com\/product\/yoast-seo-wordpress\/ -->\n<title>GOLDTIP Nock GOLD TIP .204 ACCU-TOUGH 12 g - Bogensportdiscount \u2013 Arcs, fl\u00e8ches, cibles et accessoires<\/title>\n<meta name=\"description\" content=\"Achetez les pointes GOLDTIP Nock GOLD TIP .204 ACCU-TOUGH 12 g \u00e0 un prix avantageux chez Bogensportdiscount \u2013 Les meilleures marques, livraison rapide depuis la Suisse.\" \/>\n<meta name=\"robots\" content=\"index, follow, max-snippet:-1, max-image-preview:large, max-video-preview:-1\" \/>\n<link rel=\"canonical\" href=\"https:\/\/bogensportdiscount.ch\/fr\/produit\/goldtip-innennocken-204-accu-tough-12gr-2\/\" \/>\n<meta property=\"og:locale\" content=\"fr_FR\" \/>\n<meta property=\"og:type\" content=\"article\" \/>\n<meta property=\"og:title\" content=\"GOLDTIP Nock GOLD TIP .204 ACCU-TOUGH 12 g - Bogensportdiscount \u2013 Arcs, fl\u00e8ches, cibles et accessoires\" \/>\n<meta property=\"og:description\" content=\"Achetez les pointes GOLDTIP Nock GOLD TIP .204 ACCU-TOUGH 12 g \u00e0 un prix avantageux chez Bogensportdiscount \u2013 Les meilleures marques, livraison rapide depuis la Suisse.\" \/>\n<meta property=\"og:url\" content=\"https:\/\/bogensportdiscount.ch\/fr\/produit\/goldtip-innennocken-204-accu-tough-12gr-2\/\" \/>\n<meta property=\"og:site_name\" content=\"Bogensportdiscount \u2013 B\u00f6gen, Pfeile, Targets &amp; Zubeh\u00f6r\" \/>\n<meta property=\"article:modified_time\" content=\"2026-05-14T13:27:49+00:00\" \/>\n<meta property=\"og:image\" content=\"https:\/\/bogensportdiscount.ch\/wp-content\/uploads\/bsm-images\/A096902_1.png\" \/>\n\t<meta property=\"og:image:width\" content=\"800\" \/>\n\t<meta property=\"og:image:height\" content=\"800\" \/>\n\t<meta property=\"og:image:type\" content=\"image\/png\" \/>\n<meta name=\"twitter:card\" content=\"summary_large_image\" \/>\n<script type=\"application\/ld+json\" class=\"yoast-schema-graph\">{\"@context\":\"https:\\\/\\\/schema.org\",\"@graph\":[{\"@type\":\"WebPage\",\"@id\":\"https:\\\/\\\/bogensportdiscount.ch\\\/produkt\\\/goldtip-innennocken-204-accu-tough-12gr-2\\\/\",\"url\":\"https:\\\/\\\/bogensportdiscount.ch\\\/produkt\\\/goldtip-innennocken-204-accu-tough-12gr-2\\\/\",\"name\":\"GOLDTIP Nock GOLD TIP .204 ACCU-TOUGH 12 g - Bogensportdiscount \u2013 B\u00f6gen, Pfeile, Targets &amp; Zubeh\u00f6r\",\"isPartOf\":{\"@id\":\"https:\\\/\\\/bogensportdiscount.ch\\\/#website\"},\"primaryImageOfPage\":{\"@id\":\"https:\\\/\\\/bogensportdiscount.ch\\\/produkt\\\/goldtip-innennocken-204-accu-tough-12gr-2\\\/#primaryimage\"},\"image\":{\"@id\":\"https:\\\/\\\/bogensportdiscount.ch\\\/produkt\\\/goldtip-innennocken-204-accu-tough-12gr-2\\\/#primaryimage\"},\"thumbnailUrl\":\"https:\\\/\\\/bogensportdiscount.ch\\\/wp-content\\\/uploads\\\/bsm-images\\\/A096902_1.png\",\"datePublished\":\"2026-04-05T13:40:24+00:00\",\"dateModified\":\"2026-05-14T13:27:49+00:00\",\"description\":\"GOLDTIP Nock GOLD TIP .204 ACCU-TOUGH 12 g g\u00fcnstig kaufen bei Bogensportdiscount \u2013 Top-Marken, schneller Versand aus der Schweiz.\",\"breadcrumb\":{\"@id\":\"https:\\\/\\\/bogensportdiscount.ch\\\/produkt\\\/goldtip-innennocken-204-accu-tough-12gr-2\\\/#breadcrumb\"},\"inLanguage\":\"fr-FR\",\"potentialAction\":[{\"@type\":\"ReadAction\",\"target\":[\"https:\\\/\\\/bogensportdiscount.ch\\\/produkt\\\/goldtip-innennocken-204-accu-tough-12gr-2\\\/\"]}]},{\"@type\":\"ImageObject\",\"inLanguage\":\"fr-FR\",\"@id\":\"https:\\\/\\\/bogensportdiscount.ch\\\/produkt\\\/goldtip-innennocken-204-accu-tough-12gr-2\\\/#primaryimage\",\"url\":\"https:\\\/\\\/bogensportdiscount.ch\\\/wp-content\\\/uploads\\\/bsm-images\\\/A096902_1.png\",\"contentUrl\":\"https:\\\/\\\/bogensportdiscount.ch\\\/wp-content\\\/uploads\\\/bsm-images\\\/A096902_1.png\",\"width\":800,\"height\":800},{\"@type\":\"BreadcrumbList\",\"@id\":\"https:\\\/\\\/bogensportdiscount.ch\\\/produkt\\\/goldtip-innennocken-204-accu-tough-12gr-2\\\/#breadcrumb\",\"itemListElement\":[{\"@type\":\"ListItem\",\"position\":1,\"name\":\"Home\",\"item\":\"https:\\\/\\\/bogensportdiscount.ch\\\/\"},{\"@type\":\"ListItem\",\"position\":2,\"name\":\"Shop\",\"item\":\"https:\\\/\\\/bogensportdiscount.ch\\\/shop\\\/\"},{\"@type\":\"ListItem\",\"position\":3,\"name\":\"GOLDTIP Nock GOLD TIP .204 ACCU-TOUGH 12 g\"}]},{\"@type\":\"WebSite\",\"@id\":\"https:\\\/\\\/bogensportdiscount.ch\\\/#website\",\"url\":\"https:\\\/\\\/bogensportdiscount.ch\\\/\",\"name\":\"Bogensportdiscount\",\"description\":\"\",\"potentialAction\":[{\"@type\":\"SearchAction\",\"target\":{\"@type\":\"EntryPoint\",\"urlTemplate\":\"https:\\\/\\\/bogensportdiscount.ch\\\/?s={search_term_string}\"},\"query-input\":{\"@type\":\"PropertyValueSpecification\",\"valueRequired\":true,\"valueName\":\"search_term_string\"}}],\"inLanguage\":\"fr-FR\"}]}<\/script>\n<!-- \/ Yoast SEO plugin. -->","yoast_head_json":{"title":"GOLDTIP Nock GOLD TIP .204 ACCU-TOUGH 12 g - Bogensportdiscount \u2013 Arcs, fl\u00e8ches, cibles et accessoires","description":"Achetez les pointes GOLDTIP Nock GOLD TIP .204 ACCU-TOUGH 12 g \u00e0 un prix avantageux chez Bogensportdiscount \u2013 Les meilleures marques, livraison rapide depuis la Suisse.","robots":{"index":"index","follow":"follow","max-snippet":"max-snippet:-1","max-image-preview":"max-image-preview:large","max-video-preview":"max-video-preview:-1"},"canonical":"https:\/\/bogensportdiscount.ch\/fr\/produit\/goldtip-innennocken-204-accu-tough-12gr-2\/","og_locale":"fr_FR","og_type":"article","og_title":"GOLDTIP Nock GOLD TIP .204 ACCU-TOUGH 12 g - Bogensportdiscount \u2013 Arcs, fl\u00e8ches, cibles et accessoires","og_description":"Achetez les pointes GOLDTIP Nock GOLD TIP .204 ACCU-TOUGH 12 g \u00e0 un prix avantageux chez Bogensportdiscount \u2013 Les meilleures marques, livraison rapide depuis la Suisse.","og_url":"https:\/\/bogensportdiscount.ch\/fr\/produit\/goldtip-innennocken-204-accu-tough-12gr-2\/","og_site_name":"Bogensportdiscount \u2013 B\u00f6gen, Pfeile, Targets &amp; Zubeh\u00f6r","article_modified_time":"2026-05-14T13:27:49+00:00","og_image":[{"width":800,"height":800,"url":"https:\/\/bogensportdiscount.ch\/wp-content\/uploads\/bsm-images\/A096902_1.png","type":"image\/png"}],"twitter_card":"summary_large_image","schema":{"@context":"https:\/\/schema.org","@graph":[{"@type":"WebPage","@id":"https:\/\/bogensportdiscount.ch\/produkt\/goldtip-innennocken-204-accu-tough-12gr-2\/","url":"https:\/\/bogensportdiscount.ch\/produkt\/goldtip-innennocken-204-accu-tough-12gr-2\/","name":"GOLDTIP Nock GOLD TIP .204 ACCU-TOUGH 12 g - Bogensportdiscount \u2013 Arcs, fl\u00e8ches, cibles et accessoires","isPartOf":{"@id":"https:\/\/bogensportdiscount.ch\/#website"},"primaryImageOfPage":{"@id":"https:\/\/bogensportdiscount.ch\/produkt\/goldtip-innennocken-204-accu-tough-12gr-2\/#primaryimage"},"image":{"@id":"https:\/\/bogensportdiscount.ch\/produkt\/goldtip-innennocken-204-accu-tough-12gr-2\/#primaryimage"},"thumbnailUrl":"https:\/\/bogensportdiscount.ch\/wp-content\/uploads\/bsm-images\/A096902_1.png","datePublished":"2026-04-05T13:40:24+00:00","dateModified":"2026-05-14T13:27:49+00:00","description":"Achetez les pointes GOLDTIP Nock GOLD TIP .204 ACCU-TOUGH 12 g \u00e0 un prix avantageux chez Bogensportdiscount \u2013 Les meilleures marques, livraison rapide depuis la Suisse.","breadcrumb":{"@id":"https:\/\/bogensportdiscount.ch\/produkt\/goldtip-innennocken-204-accu-tough-12gr-2\/#breadcrumb"},"inLanguage":"fr-FR","potentialAction":[{"@type":"ReadAction","target":["https:\/\/bogensportdiscount.ch\/produkt\/goldtip-innennocken-204-accu-tough-12gr-2\/"]}]},{"@type":"ImageObject","inLanguage":"fr-FR","@id":"https:\/\/bogensportdiscount.ch\/produkt\/goldtip-innennocken-204-accu-tough-12gr-2\/#primaryimage","url":"https:\/\/bogensportdiscount.ch\/wp-content\/uploads\/bsm-images\/A096902_1.png","contentUrl":"https:\/\/bogensportdiscount.ch\/wp-content\/uploads\/bsm-images\/A096902_1.png","width":800,"height":800},{"@type":"BreadcrumbList","@id":"https:\/\/bogensportdiscount.ch\/produkt\/goldtip-innennocken-204-accu-tough-12gr-2\/#breadcrumb","itemListElement":[{"@type":"ListItem","position":1,"name":"Home","item":"https:\/\/bogensportdiscount.ch\/"},{"@type":"ListItem","position":2,"name":"Shop","item":"https:\/\/bogensportdiscount.ch\/shop\/"},{"@type":"ListItem","position":3,"name":"GOLDTIP Nock GOLD TIP .204 ACCU-TOUGH 12 g"}]},{"@type":"WebSite","@id":"https:\/\/bogensportdiscount.ch\/#website","url":"https:\/\/bogensportdiscount.ch\/","name":"Bogensportdiscount","description":"","potentialAction":[{"@type":"SearchAction","target":{"@type":"EntryPoint","urlTemplate":"https:\/\/bogensportdiscount.ch\/?s={search_term_string}"},"query-input":{"@type":"PropertyValueSpecification","valueRequired":true,"valueName":"search_term_string"}}],"inLanguage":"fr-FR"}]}},"_links":{"self":[{"href":"https:\/\/bogensportdiscount.ch\/fr\/wp-json\/wp\/v2\/product\/429256","targetHints":{"allow":["GET"]}}],"collection":[{"href":"https:\/\/bogensportdiscount.ch\/fr\/wp-json\/wp\/v2\/product"}],"about":[{"href":"https:\/\/bogensportdiscount.ch\/fr\/wp-json\/wp\/v2\/types\/product"}],"replies":[{"embeddable":true,"href":"https:\/\/bogensportdiscount.ch\/fr\/wp-json\/wp\/v2\/comments?post=429256"}],"wp:featuredmedia":[{"embeddable":true,"href":"https:\/\/bogensportdiscount.ch\/fr\/wp-json\/wp\/v2\/media\/523251"}],"wp:attachment":[{"href":"https:\/\/bogensportdiscount.ch\/fr\/wp-json\/wp\/v2\/media?parent=429256"}],"wp:term":[{"taxonomy":"product_brand","embeddable":true,"href":"https:\/\/bogensportdiscount.ch\/fr\/wp-json\/wp\/v2\/product_brand?post=429256"},{"taxonomy":"product_cat","embeddable":true,"href":"https:\/\/bogensportdiscount.ch\/fr\/wp-json\/wp\/v2\/product_cat?post=429256"},{"taxonomy":"product_tag","embeddable":true,"href":"https:\/\/bogensportdiscount.ch\/fr\/wp-json\/wp\/v2\/product_tag?post=429256"}],"curies":[{"name":"wp","href":"https:\/\/api.w.org\/{rel}","templated":true}]}}