{"id":429227,"date":"2026-04-05T15:40:21","date_gmt":"2026-04-05T13:40:21","guid":{"rendered":"https:\/\/bogensportdiscount.ch\/produkt\/spin-vanes-parabolic-soft-2-ultra-rh-black\/"},"modified":"2026-04-17T13:50:06","modified_gmt":"2026-04-17T11:50:06","slug":"gaspro-spin-vanes-parabolic-soft-plus-2-ultra","status":"publish","type":"product","link":"https:\/\/bogensportdiscount.ch\/fr\/produit\/gaspro-spin-vanes-parabolic-soft-plus-2-ultra\/","title":{"rendered":"GAS PRO SPIN VANES PARABOLIC SOFT+ 2\u2033 ULTRA"},"content":{"rendered":"<p>Die GASPRO Spin Vanes Parabolic Soft+ 2&#8243; Ultra sind Spin-Wings aus flexiblem Kunststoff mit parabolischem Profil. Dank der Soft+-Technologie bieten sie eine gleichm\u00e4ssige Rotation des Pfeils in der Flugbahn, was eine stabile und pr\u00e4zise Flugkurve unterst\u00fctzt.<\/p>\n<p>Mit einer L\u00e4nge von 2 Zoll eignen sich diese Vanes sowohl f\u00fcr den Sport- als auch f\u00fcr den Freizeitbereich. Sie sind in einer Rechtshand- und einer Linkshand-Ausf\u00fchrung erh\u00e4ltlich und lassen sich auf Standard-Pfeilsch\u00e4fte aufkleben.<\/p>\n<ul>\n<li>Parabolisches Profil f\u00fcr stabilen Pfeilflug<\/li>\n<li>Flexible Soft+-Ausf\u00fchrung<\/li>\n<li>Erh\u00e4ltlich f\u00fcr Rechts- und Linkshand<\/li>\n<li>Sieben Farben zur Auswahl: Schwarz, Blau, Gr\u00fcn, Pink, Rot, Weiss, Gelb<\/li>\n<\/ul>","protected":false},"excerpt":{"rendered":"<p><strong>Length:<\/strong> 54 mm (2\u2033)<br \/><strong>Height:<\/strong> 12 mm<br \/><strong>mat\u00e9riel :<\/strong> Gas Pro Soft+<br \/><strong>Type:<\/strong> Spin Vane<br \/><strong>Use:<\/strong> Recurve and Barebow (Indoor &amp; Outdoor)<\/p>","protected":false},"featured_media":447816,"comment_status":"open","ping_status":"closed","template":"","meta":[],"product_brand":[452],"product_cat":[4257],"product_tag":[],"class_list":{"0":"post-429227","1":"product","2":"type-product","3":"status-publish","4":"has-post-thumbnail","6":"product_brand-gaspro","7":"product_cat-spin-vanes","9":"first","10":"instock","11":"shipping-taxable","12":"purchasable","13":"product-type-variable"},"_links":{"self":[{"href":"https:\/\/bogensportdiscount.ch\/fr\/wp-json\/wp\/v2\/product\/429227","targetHints":{"allow":["GET"]}}],"collection":[{"href":"https:\/\/bogensportdiscount.ch\/fr\/wp-json\/wp\/v2\/product"}],"about":[{"href":"https:\/\/bogensportdiscount.ch\/fr\/wp-json\/wp\/v2\/types\/product"}],"replies":[{"embeddable":true,"href":"https:\/\/bogensportdiscount.ch\/fr\/wp-json\/wp\/v2\/comments?post=429227"}],"wp:featuredmedia":[{"embeddable":true,"href":"https:\/\/bogensportdiscount.ch\/fr\/wp-json\/wp\/v2\/media\/447816"}],"wp:attachment":[{"href":"https:\/\/bogensportdiscount.ch\/fr\/wp-json\/wp\/v2\/media?parent=429227"}],"wp:term":[{"taxonomy":"product_brand","embeddable":true,"href":"https:\/\/bogensportdiscount.ch\/fr\/wp-json\/wp\/v2\/product_brand?post=429227"},{"taxonomy":"product_cat","embeddable":true,"href":"https:\/\/bogensportdiscount.ch\/fr\/wp-json\/wp\/v2\/product_cat?post=429227"},{"taxonomy":"product_tag","embeddable":true,"href":"https:\/\/bogensportdiscount.ch\/fr\/wp-json\/wp\/v2\/product_tag?post=429227"}],"curies":[{"name":"wp","href":"https:\/\/api.w.org\/{rel}","templated":true}]}}