{"id":429113,"date":"2026-04-05T15:40:09","date_gmt":"2026-04-05T13:40:09","guid":{"rendered":"https:\/\/bogensportdiscount.ch\/produkt\/compound-pro-reliance-36-large-cam-rotating-mod-50-60lbs-26-5-29-5-rh-anodized-black\/"},"modified":"2026-05-14T15:27:49","modified_gmt":"2026-05-14T13:27:49","slug":"topoint-compoundbogen-pro-reliance-36-small-cam-rotating-mod-30-40lbs-24-27-rh-anodized-red","status":"publish","type":"product","link":"https:\/\/bogensportdiscount.ch\/fr\/produit\/topoint-compoundbogen-pro-reliance-36-small-cam-rotating-mod-30-40lbs-24-27-rh-anodized-red\/","title":{"rendered":"TOPOINT COMPOUNDBOGEN PRO RELIANCE 36 RH"},"content":{"rendered":"<p>Le TOPOINT Pro Reliance 36 est un arc \u00e0 poulies avec un entraxe de 38 pouces et une brace height de 7,5 pouces. Gr\u00e2ce au syst\u00e8me Rotating Mod, l'allonge peut \u00eatre ajust\u00e9e de mani\u00e8re flexible entre 24 et 27 pouces, ce qui rend l'arc adapt\u00e9 \u00e0 diff\u00e9rents tireurs. Le cadre est en aluminium et est con\u00e7u dans la variante Small Cam pour une puissance de 30 \u00e0 40 lbs.<\/p>\n<p>Le mod\u00e8le est disponible en version droitier et est livr\u00e9 avec une finition anodis\u00e9e rouge (Anodized Red). La surface anodis\u00e9e offre une bonne r\u00e9sistance \u00e0 l'abrasion et aux intemp\u00e9ries.<\/p>\n<ul>\n<li>Entraxe : 38 pouces<\/li>\n<li>Brace Height : 7,5 pouces<\/li>\n<li>Rotating Mod pour une allonge flexible (24\u201327&#8243;)<\/li>\n<li>Cadre aluminium, surface anodis\u00e9e<\/li>\n<\/ul>","protected":false},"excerpt":{"rendered":"<table>\n<tr>\n<th>Propri\u00e9t\u00e9<\/th>\n<th>Valeur<\/th>\n<\/tr>\n<tr>\n<td>Marque<\/td>\n<td>Topoint<\/td>\n<\/tr>\n<tr>\n<td>Entre-axes (pouces)<\/td>\n<td>38<\/td>\n<\/tr>\n<tr>\n<td>Hauteur d'encoche (pouces)<\/td>\n<td>7,5<\/td>\n<\/tr>\n<tr>\n<td>Module<\/td>\n<td>Rotating Mod<\/td>\n<\/tr>\n<tr>\n<td>Mat\u00e9riau<\/td>\n<td>Aluminium<\/td>\n<\/tr>\n<tr>\n<td>Poids de traction<\/td>\n<td>30\u201340 lbs<\/td>\n<\/tr>\n<tr>\n<td>longueur de course<\/td>\n<td>24\u201327&#8243;<\/td>\n<\/tr>\n<tr>\n<td>Main<\/td>\n<td>Droitier (RH)<\/td>\n<\/tr>\n<tr>\n<td>Couleur<\/td>\n<td>Anodized Red<\/td>\n<\/tr>\n<tr>\n<td>Pays d'origine<\/td>\n<td>Chine<\/td>\n<\/tr>\n<\/table>","protected":false},"featured_media":523255,"comment_status":"open","ping_status":"closed","template":"","meta":[],"product_brand":[436],"product_cat":[4523],"product_tag":[],"class_list":{"0":"post-429113","1":"product","2":"type-product","3":"status-publish","4":"has-post-thumbnail","6":"product_brand-topoint","7":"product_cat-compound-boegen--35","8":"product_shipping_class-bsd-sperrgut","10":"first","11":"onbackorder","12":"shipping-taxable","13":"purchasable","14":"product-type-variable"},"yoast_head":"<!-- This site is optimized with the Yoast SEO plugin v27.6 - https:\/\/yoast.com\/product\/yoast-seo-wordpress\/ -->\n<title>TOPOINT COMPOUNDBOGEN PRO RELIANCE 36 RH - Bogensportdiscount \u2013 B\u00f6gen, Pfeile, Targets &amp; Zubeh\u00f6r<\/title>\n<meta name=\"description\" content=\"TOPOINT COMPOUNDBOGEN PRO RELIANCE 36 RH g\u00fcnstig kaufen bei Bogensportdiscount \u2013 Top-Marken, schneller Versand aus der Schweiz.\" \/>\n<meta name=\"robots\" content=\"index, follow, max-snippet:-1, max-image-preview:large, max-video-preview:-1\" \/>\n<link rel=\"canonical\" href=\"https:\/\/bogensportdiscount.ch\/fr\/produit\/topoint-compoundbogen-pro-reliance-36-small-cam-rotating-mod-30-40lbs-24-27-rh-anodized-red\/\" \/>\n<meta property=\"og:locale\" content=\"fr_FR\" \/>\n<meta property=\"og:type\" content=\"article\" \/>\n<meta property=\"og:title\" content=\"TOPOINT COMPOUNDBOGEN PRO RELIANCE 36 RH - Bogensportdiscount \u2013 B\u00f6gen, Pfeile, Targets &amp; Zubeh\u00f6r\" \/>\n<meta property=\"og:description\" content=\"TOPOINT COMPOUNDBOGEN PRO RELIANCE 36 RH g\u00fcnstig kaufen bei Bogensportdiscount \u2013 Top-Marken, schneller Versand aus der Schweiz.\" \/>\n<meta property=\"og:url\" content=\"https:\/\/bogensportdiscount.ch\/fr\/produit\/topoint-compoundbogen-pro-reliance-36-small-cam-rotating-mod-30-40lbs-24-27-rh-anodized-red\/\" \/>\n<meta property=\"og:site_name\" content=\"Bogensportdiscount \u2013 B\u00f6gen, Pfeile, Targets &amp; Zubeh\u00f6r\" \/>\n<meta property=\"article:modified_time\" content=\"2026-05-14T13:27:49+00:00\" \/>\n<meta property=\"og:image\" content=\"https:\/\/bogensportdiscount.ch\/wp-content\/uploads\/bsm-images\/A096773_1.png\" \/>\n\t<meta property=\"og:image:width\" content=\"4288\" \/>\n\t<meta property=\"og:image:height\" content=\"2848\" \/>\n\t<meta property=\"og:image:type\" content=\"image\/png\" \/>\n<meta name=\"twitter:card\" content=\"summary_large_image\" \/>\n<meta name=\"twitter:label1\" content=\"Dur\u00e9e de lecture estim\u00e9e\" \/>\n\t<meta name=\"twitter:data1\" content=\"1 minute\" \/>\n<script type=\"application\/ld+json\" class=\"yoast-schema-graph\">{\"@context\":\"https:\\\/\\\/schema.org\",\"@graph\":[{\"@type\":\"WebPage\",\"@id\":\"https:\\\/\\\/bogensportdiscount.ch\\\/produkt\\\/topoint-compoundbogen-pro-reliance-36-small-cam-rotating-mod-30-40lbs-24-27-rh-anodized-red\\\/\",\"url\":\"https:\\\/\\\/bogensportdiscount.ch\\\/produkt\\\/topoint-compoundbogen-pro-reliance-36-small-cam-rotating-mod-30-40lbs-24-27-rh-anodized-red\\\/\",\"name\":\"TOPOINT COMPOUNDBOGEN PRO RELIANCE 36 RH - Bogensportdiscount \u2013 B\u00f6gen, Pfeile, Targets &amp; Zubeh\u00f6r\",\"isPartOf\":{\"@id\":\"https:\\\/\\\/bogensportdiscount.ch\\\/#website\"},\"primaryImageOfPage\":{\"@id\":\"https:\\\/\\\/bogensportdiscount.ch\\\/produkt\\\/topoint-compoundbogen-pro-reliance-36-small-cam-rotating-mod-30-40lbs-24-27-rh-anodized-red\\\/#primaryimage\"},\"image\":{\"@id\":\"https:\\\/\\\/bogensportdiscount.ch\\\/produkt\\\/topoint-compoundbogen-pro-reliance-36-small-cam-rotating-mod-30-40lbs-24-27-rh-anodized-red\\\/#primaryimage\"},\"thumbnailUrl\":\"https:\\\/\\\/bogensportdiscount.ch\\\/wp-content\\\/uploads\\\/bsm-images\\\/A096773_1.png\",\"datePublished\":\"2026-04-05T13:40:09+00:00\",\"dateModified\":\"2026-05-14T13:27:49+00:00\",\"description\":\"TOPOINT COMPOUNDBOGEN PRO RELIANCE 36 RH g\u00fcnstig kaufen bei Bogensportdiscount \u2013 Top-Marken, schneller Versand aus der Schweiz.\",\"breadcrumb\":{\"@id\":\"https:\\\/\\\/bogensportdiscount.ch\\\/produkt\\\/topoint-compoundbogen-pro-reliance-36-small-cam-rotating-mod-30-40lbs-24-27-rh-anodized-red\\\/#breadcrumb\"},\"inLanguage\":\"fr-FR\",\"potentialAction\":[{\"@type\":\"ReadAction\",\"target\":[\"https:\\\/\\\/bogensportdiscount.ch\\\/produkt\\\/topoint-compoundbogen-pro-reliance-36-small-cam-rotating-mod-30-40lbs-24-27-rh-anodized-red\\\/\"]}]},{\"@type\":\"ImageObject\",\"inLanguage\":\"fr-FR\",\"@id\":\"https:\\\/\\\/bogensportdiscount.ch\\\/produkt\\\/topoint-compoundbogen-pro-reliance-36-small-cam-rotating-mod-30-40lbs-24-27-rh-anodized-red\\\/#primaryimage\",\"url\":\"https:\\\/\\\/bogensportdiscount.ch\\\/wp-content\\\/uploads\\\/bsm-images\\\/A096773_1.png\",\"contentUrl\":\"https:\\\/\\\/bogensportdiscount.ch\\\/wp-content\\\/uploads\\\/bsm-images\\\/A096773_1.png\",\"width\":4288,\"height\":2848},{\"@type\":\"BreadcrumbList\",\"@id\":\"https:\\\/\\\/bogensportdiscount.ch\\\/produkt\\\/topoint-compoundbogen-pro-reliance-36-small-cam-rotating-mod-30-40lbs-24-27-rh-anodized-red\\\/#breadcrumb\",\"itemListElement\":[{\"@type\":\"ListItem\",\"position\":1,\"name\":\"Home\",\"item\":\"https:\\\/\\\/bogensportdiscount.ch\\\/\"},{\"@type\":\"ListItem\",\"position\":2,\"name\":\"Shop\",\"item\":\"https:\\\/\\\/bogensportdiscount.ch\\\/shop\\\/\"},{\"@type\":\"ListItem\",\"position\":3,\"name\":\"TOPOINT COMPOUND PRO RELIANCE 36 RH\"}]},{\"@type\":\"WebSite\",\"@id\":\"https:\\\/\\\/bogensportdiscount.ch\\\/#website\",\"url\":\"https:\\\/\\\/bogensportdiscount.ch\\\/\",\"name\":\"Bogensportdiscount\",\"description\":\"\",\"potentialAction\":[{\"@type\":\"SearchAction\",\"target\":{\"@type\":\"EntryPoint\",\"urlTemplate\":\"https:\\\/\\\/bogensportdiscount.ch\\\/?s={search_term_string}\"},\"query-input\":{\"@type\":\"PropertyValueSpecification\",\"valueRequired\":true,\"valueName\":\"search_term_string\"}}],\"inLanguage\":\"fr-FR\"}]}<\/script>\n<!-- \/ Yoast SEO plugin. -->","yoast_head_json":{"title":"TOPOINT COMPOUNDBOGEN PRO RELIANCE 36 RH - Bogensportdiscount \u2013 B\u00f6gen, Pfeile, Targets &amp; Zubeh\u00f6r","description":"TOPOINT COMPOUNDBOGEN PRO RELIANCE 36 RH g\u00fcnstig kaufen bei Bogensportdiscount \u2013 Top-Marken, schneller Versand aus der Schweiz.","robots":{"index":"index","follow":"follow","max-snippet":"max-snippet:-1","max-image-preview":"max-image-preview:large","max-video-preview":"max-video-preview:-1"},"canonical":"https:\/\/bogensportdiscount.ch\/fr\/produit\/topoint-compoundbogen-pro-reliance-36-small-cam-rotating-mod-30-40lbs-24-27-rh-anodized-red\/","og_locale":"fr_FR","og_type":"article","og_title":"TOPOINT COMPOUNDBOGEN PRO RELIANCE 36 RH - Bogensportdiscount \u2013 B\u00f6gen, Pfeile, Targets &amp; Zubeh\u00f6r","og_description":"TOPOINT COMPOUNDBOGEN PRO RELIANCE 36 RH g\u00fcnstig kaufen bei Bogensportdiscount \u2013 Top-Marken, schneller Versand aus der Schweiz.","og_url":"https:\/\/bogensportdiscount.ch\/fr\/produit\/topoint-compoundbogen-pro-reliance-36-small-cam-rotating-mod-30-40lbs-24-27-rh-anodized-red\/","og_site_name":"Bogensportdiscount \u2013 B\u00f6gen, Pfeile, Targets &amp; Zubeh\u00f6r","article_modified_time":"2026-05-14T13:27:49+00:00","og_image":[{"url":"https:\/\/bogensportdiscount.ch\/wp-content\/uploads\/bsm-images\/A096773_1.png","width":4288,"height":2848,"type":"image\/png"}],"twitter_card":"summary_large_image","twitter_misc":{"Dur\u00e9e de lecture estim\u00e9e":"1 minute"},"schema":{"@context":"https:\/\/schema.org","@graph":[{"@type":"WebPage","@id":"https:\/\/bogensportdiscount.ch\/produkt\/topoint-compoundbogen-pro-reliance-36-small-cam-rotating-mod-30-40lbs-24-27-rh-anodized-red\/","url":"https:\/\/bogensportdiscount.ch\/produkt\/topoint-compoundbogen-pro-reliance-36-small-cam-rotating-mod-30-40lbs-24-27-rh-anodized-red\/","name":"TOPOINT COMPOUNDBOGEN PRO RELIANCE 36 RH - Bogensportdiscount \u2013 B\u00f6gen, Pfeile, Targets &amp; Zubeh\u00f6r","isPartOf":{"@id":"https:\/\/bogensportdiscount.ch\/#website"},"primaryImageOfPage":{"@id":"https:\/\/bogensportdiscount.ch\/produkt\/topoint-compoundbogen-pro-reliance-36-small-cam-rotating-mod-30-40lbs-24-27-rh-anodized-red\/#primaryimage"},"image":{"@id":"https:\/\/bogensportdiscount.ch\/produkt\/topoint-compoundbogen-pro-reliance-36-small-cam-rotating-mod-30-40lbs-24-27-rh-anodized-red\/#primaryimage"},"thumbnailUrl":"https:\/\/bogensportdiscount.ch\/wp-content\/uploads\/bsm-images\/A096773_1.png","datePublished":"2026-04-05T13:40:09+00:00","dateModified":"2026-05-14T13:27:49+00:00","description":"TOPOINT COMPOUNDBOGEN PRO RELIANCE 36 RH g\u00fcnstig kaufen bei Bogensportdiscount \u2013 Top-Marken, schneller Versand aus der Schweiz.","breadcrumb":{"@id":"https:\/\/bogensportdiscount.ch\/produkt\/topoint-compoundbogen-pro-reliance-36-small-cam-rotating-mod-30-40lbs-24-27-rh-anodized-red\/#breadcrumb"},"inLanguage":"fr-FR","potentialAction":[{"@type":"ReadAction","target":["https:\/\/bogensportdiscount.ch\/produkt\/topoint-compoundbogen-pro-reliance-36-small-cam-rotating-mod-30-40lbs-24-27-rh-anodized-red\/"]}]},{"@type":"ImageObject","inLanguage":"fr-FR","@id":"https:\/\/bogensportdiscount.ch\/produkt\/topoint-compoundbogen-pro-reliance-36-small-cam-rotating-mod-30-40lbs-24-27-rh-anodized-red\/#primaryimage","url":"https:\/\/bogensportdiscount.ch\/wp-content\/uploads\/bsm-images\/A096773_1.png","contentUrl":"https:\/\/bogensportdiscount.ch\/wp-content\/uploads\/bsm-images\/A096773_1.png","width":4288,"height":2848},{"@type":"BreadcrumbList","@id":"https:\/\/bogensportdiscount.ch\/produkt\/topoint-compoundbogen-pro-reliance-36-small-cam-rotating-mod-30-40lbs-24-27-rh-anodized-red\/#breadcrumb","itemListElement":[{"@type":"ListItem","position":1,"name":"Home","item":"https:\/\/bogensportdiscount.ch\/"},{"@type":"ListItem","position":2,"name":"Shop","item":"https:\/\/bogensportdiscount.ch\/shop\/"},{"@type":"ListItem","position":3,"name":"TOPOINT COMPOUND PRO RELIANCE 36 RH"}]},{"@type":"WebSite","@id":"https:\/\/bogensportdiscount.ch\/#website","url":"https:\/\/bogensportdiscount.ch\/","name":"Bogensportdiscount","description":"","potentialAction":[{"@type":"SearchAction","target":{"@type":"EntryPoint","urlTemplate":"https:\/\/bogensportdiscount.ch\/?s={search_term_string}"},"query-input":{"@type":"PropertyValueSpecification","valueRequired":true,"valueName":"search_term_string"}}],"inLanguage":"fr-FR"}]}},"_links":{"self":[{"href":"https:\/\/bogensportdiscount.ch\/fr\/wp-json\/wp\/v2\/product\/429113","targetHints":{"allow":["GET"]}}],"collection":[{"href":"https:\/\/bogensportdiscount.ch\/fr\/wp-json\/wp\/v2\/product"}],"about":[{"href":"https:\/\/bogensportdiscount.ch\/fr\/wp-json\/wp\/v2\/types\/product"}],"replies":[{"embeddable":true,"href":"https:\/\/bogensportdiscount.ch\/fr\/wp-json\/wp\/v2\/comments?post=429113"}],"wp:featuredmedia":[{"embeddable":true,"href":"https:\/\/bogensportdiscount.ch\/fr\/wp-json\/wp\/v2\/media\/523255"}],"wp:attachment":[{"href":"https:\/\/bogensportdiscount.ch\/fr\/wp-json\/wp\/v2\/media?parent=429113"}],"wp:term":[{"taxonomy":"product_brand","embeddable":true,"href":"https:\/\/bogensportdiscount.ch\/fr\/wp-json\/wp\/v2\/product_brand?post=429113"},{"taxonomy":"product_cat","embeddable":true,"href":"https:\/\/bogensportdiscount.ch\/fr\/wp-json\/wp\/v2\/product_cat?post=429113"},{"taxonomy":"product_tag","embeddable":true,"href":"https:\/\/bogensportdiscount.ch\/fr\/wp-json\/wp\/v2\/product_tag?post=429113"}],"curies":[{"name":"wp","href":"https:\/\/api.w.org\/{rel}","templated":true}]}}