{"id":428851,"date":"2026-04-05T15:39:25","date_gmt":"2026-04-05T13:39:25","guid":{"rendered":"https:\/\/bogensportdiscount.ch\/produkt\/hero-x6-compound-package-15-30lbs-19-28-rh-pink\/"},"modified":"2026-04-19T11:54:50","modified_gmt":"2026-04-19T09:54:50","slug":"sanlida-hero-x6-compound-paket-15-30lbs-19-28-rh","status":"publish","type":"product","link":"https:\/\/bogensportdiscount.ch\/fr\/produit\/sanlida-hero-x6-compound-paket-15-30lbs-19-28-rh\/","title":{"rendered":"SANLIDA HERO X6 COMPOUND PAKET 15-30LBS 19&#8243;-28&#8243; RH"},"content":{"rendered":"<p>Das SANLIDA Hero X6 Compound-Paket richtet sich an Einsteiger und j\u00fcngere Bogensch\u00fctzen, die einen einstiegsfreundlichen Compound-Bogen mit anpassbarem Zuggewicht und Zugweite suchen. Mit einem Zuggewichtsbereich von 15 bis 30 lbs und einer Zugweite von 19&#8243; bis 28&#8243; l\u00e4sst sich der Bogen an verschiedene K\u00f6rpergr\u00f6ssen und Entwicklungsstufen anpassen.<\/p>\n<p>Als vollst\u00e4ndiges Paket enth\u00e4lt das Set alle notwendigen Komponenten f\u00fcr den direkten Einstieg in den Bogensport. Das kompakte Format macht den Hero X6 auch f\u00fcr den Transport und den Einsatz in der Halle gut geeignet. Der Bogen ist f\u00fcr Rechtsh\u00e4nder ausgelegt und in den Farben Blau und Pink erh\u00e4ltlich.<\/p>\n<ul>\n<li>Zuggewicht: 15\u201330 lbs \u2013 stufenlos anpassbar<\/li>\n<li>Zugweite: 19&#8243;\u201328&#8243; \u2013 geeignet f\u00fcr verschiedene K\u00f6rpergr\u00f6ssen<\/li>\n<li>Pour droitiers (RH)<\/li>\n<li>Erh\u00e4ltlich in Blau und Pink<\/li>\n<\/ul>","protected":false},"excerpt":{"rendered":"<p>Das SANLIDA Hero X6 Compound-Paket ist ein kompaktes Einsteiger-Set mit einem Zuggewicht von 15\u201330 lbs und einer Zugl\u00e4nge von 19&#8243;\u201328&#8243;. Ausgelegt f\u00fcr Rechtsh\u00e4nder (RH), eignet sich dieses Paket besonders f\u00fcr Jugendliche und Bogensport-Einsteiger. Erh\u00e4ltlich in den Farben Blau und Pink.<\/p>","protected":false},"featured_media":453631,"comment_status":"open","ping_status":"closed","template":"","meta":[],"product_brand":[459],"product_cat":[4350],"product_tag":[],"class_list":{"0":"post-428851","1":"product","2":"type-product","3":"status-publish","4":"has-post-thumbnail","6":"product_brand-sanlida","7":"product_cat-freizeit-boegen-sets","9":"first","10":"instock","11":"shipping-taxable","12":"purchasable","13":"product-type-variable"},"_links":{"self":[{"href":"https:\/\/bogensportdiscount.ch\/fr\/wp-json\/wp\/v2\/product\/428851","targetHints":{"allow":["GET"]}}],"collection":[{"href":"https:\/\/bogensportdiscount.ch\/fr\/wp-json\/wp\/v2\/product"}],"about":[{"href":"https:\/\/bogensportdiscount.ch\/fr\/wp-json\/wp\/v2\/types\/product"}],"replies":[{"embeddable":true,"href":"https:\/\/bogensportdiscount.ch\/fr\/wp-json\/wp\/v2\/comments?post=428851"}],"wp:featuredmedia":[{"embeddable":true,"href":"https:\/\/bogensportdiscount.ch\/fr\/wp-json\/wp\/v2\/media\/453631"}],"wp:attachment":[{"href":"https:\/\/bogensportdiscount.ch\/fr\/wp-json\/wp\/v2\/media?parent=428851"}],"wp:term":[{"taxonomy":"product_brand","embeddable":true,"href":"https:\/\/bogensportdiscount.ch\/fr\/wp-json\/wp\/v2\/product_brand?post=428851"},{"taxonomy":"product_cat","embeddable":true,"href":"https:\/\/bogensportdiscount.ch\/fr\/wp-json\/wp\/v2\/product_cat?post=428851"},{"taxonomy":"product_tag","embeddable":true,"href":"https:\/\/bogensportdiscount.ch\/fr\/wp-json\/wp\/v2\/product_tag?post=428851"}],"curies":[{"name":"wp","href":"https:\/\/api.w.org\/{rel}","templated":true}]}}