{"id":428727,"date":"2026-04-05T15:39:10","date_gmt":"2026-04-05T13:39:10","guid":{"rendered":"https:\/\/bogensportdiscount.ch\/produkt\/limbs-ilf-invelta-plus-fiber-bamboo-25-66-16-lbs-23-64-18-lbs-27-68-14-lbs\/"},"modified":"2026-05-14T15:27:47","modified_gmt":"2026-05-14T13:27:47","slug":"kinetic-wurfarme-ilf-invelta-plus-fiber-bamboo-25","status":"publish","type":"product","link":"https:\/\/bogensportdiscount.ch\/fr\/produit\/kinetic-wurfarme-ilf-invelta-plus-fiber-bamboo-25\/","title":{"rendered":"KINETIC branches ILF INVELTA PLUS FIBER BAMBOO"},"content":{"rendered":"<p>Les branches KINETIC Invelta Plus Fiber Bamboo en 25&#8243; sont des branches recurve compatibles ILF destin\u00e9es \u00e0 \u00eatre utilis\u00e9es avec des poign\u00e9es et parties centrales ILF de fabricants courants. Gr\u00e2ce au noyau en bambou double couche combin\u00e9 \u00e0 une couche de surface en fiber, les branches offrent une combinaison \u00e9quilibr\u00e9e d'amortissement et d'\u00e9nergie de tir.<\/p>\n<p>Le poids de tir est disponible par paliers de 2 lbs de 16 \u00e0 42 lbs, ce qui rend les branches adapt\u00e9es aussi bien aux d\u00e9butants qu'aux archers exp\u00e9riment\u00e9s. Le poids de tir indiqu\u00e9 est mesur\u00e9 \u00e0 une longueur de tir\u00e9 de 26&#8243;.<\/p>\n<ul>\n<li>Connexion ILF pour une large compatibilit\u00e9<\/li>\n<li>Noyau en bambou double couche pour de bonnes propri\u00e9t\u00e9s d'amortissement<\/li>\n<li>Large choix de poids de tir : 16\u201342 lbs<\/li>\n<li>Longueur : 25&#8243;<\/li>\n<\/ul>","protected":false},"excerpt":{"rendered":"<table>\n<tr>\n<th>Propri\u00e9t\u00e9<\/th>\n<th>Valeur<\/th>\n<\/tr>\n<tr>\n<td>Mat\u00e9riau<\/td>\n<td>Fiber avec noyau en bambou double couche<\/td>\n<\/tr>\n<tr>\n<td>Poids de traction<\/td>\n<td>16\u201342 lbs (par paliers de 2 lbs)<\/td>\n<\/tr>\n<tr>\n<td>Connexion<\/td>\n<td>ILF<\/td>\n<\/tr>\n<tr>\n<td>Poids de tir mesur\u00e9 \u00e0<\/td>\n<td>26&#8243;<\/td>\n<\/tr>\n<tr>\n<td>Longueur<\/td>\n<td>25&#8243;<\/td>\n<\/tr>\n<\/table>","protected":false},"featured_media":523267,"comment_status":"open","ping_status":"closed","template":"","meta":[],"product_brand":[439],"product_cat":[4520],"product_tag":[],"class_list":{"0":"post-428727","1":"product","2":"type-product","3":"status-publish","4":"has-post-thumbnail","6":"product_brand-kinetic","7":"product_cat-recurve-wurfarme","8":"product_shipping_class-bsd-standard","10":"first","11":"instock","12":"shipping-taxable","13":"purchasable","14":"product-type-variable"},"yoast_head":"<!-- This site is optimized with the Yoast SEO plugin v27.6 - https:\/\/yoast.com\/product\/yoast-seo-wordpress\/ -->\n<title>KINETIC Wurfarme ILF INVELTA PLUS FIBER BAMBOO - Bogensportdiscount \u2013 B\u00f6gen, Pfeile, Targets &amp; Zubeh\u00f6r<\/title>\n<meta name=\"description\" content=\"KINETIC Wurfarme ILF INVELTA PLUS FIBER BAMBOO g\u00fcnstig kaufen bei Bogensportdiscount \u2013 Top-Marken, schneller Versand aus der Schweiz.\" \/>\n<meta name=\"robots\" content=\"index, follow, max-snippet:-1, max-image-preview:large, max-video-preview:-1\" \/>\n<link rel=\"canonical\" href=\"https:\/\/bogensportdiscount.ch\/fr\/produit\/kinetic-wurfarme-ilf-invelta-plus-fiber-bamboo-25\/\" \/>\n<meta property=\"og:locale\" content=\"fr_FR\" \/>\n<meta property=\"og:type\" content=\"article\" \/>\n<meta property=\"og:title\" content=\"KINETIC Wurfarme ILF INVELTA PLUS FIBER BAMBOO - Bogensportdiscount \u2013 B\u00f6gen, Pfeile, Targets &amp; Zubeh\u00f6r\" \/>\n<meta property=\"og:description\" content=\"KINETIC Wurfarme ILF INVELTA PLUS FIBER BAMBOO g\u00fcnstig kaufen bei Bogensportdiscount \u2013 Top-Marken, schneller Versand aus der Schweiz.\" \/>\n<meta property=\"og:url\" content=\"https:\/\/bogensportdiscount.ch\/fr\/produit\/kinetic-wurfarme-ilf-invelta-plus-fiber-bamboo-25\/\" \/>\n<meta property=\"og:site_name\" content=\"Bogensportdiscount \u2013 B\u00f6gen, Pfeile, Targets &amp; Zubeh\u00f6r\" \/>\n<meta property=\"article:modified_time\" content=\"2026-05-14T13:27:47+00:00\" \/>\n<meta property=\"og:image\" content=\"https:\/\/bogensportdiscount.ch\/wp-content\/uploads\/bsm-images\/A096268_1.png\" \/>\n\t<meta property=\"og:image:width\" content=\"5545\" \/>\n\t<meta property=\"og:image:height\" content=\"1402\" \/>\n\t<meta property=\"og:image:type\" content=\"image\/png\" \/>\n<meta name=\"twitter:card\" content=\"summary_large_image\" \/>\n<script type=\"application\/ld+json\" class=\"yoast-schema-graph\">{\"@context\":\"https:\\\/\\\/schema.org\",\"@graph\":[{\"@type\":\"WebPage\",\"@id\":\"https:\\\/\\\/bogensportdiscount.ch\\\/produkt\\\/kinetic-wurfarme-ilf-invelta-plus-fiber-bamboo-25\\\/\",\"url\":\"https:\\\/\\\/bogensportdiscount.ch\\\/produkt\\\/kinetic-wurfarme-ilf-invelta-plus-fiber-bamboo-25\\\/\",\"name\":\"KINETIC Wurfarme ILF INVELTA PLUS FIBER BAMBOO - Bogensportdiscount \u2013 B\u00f6gen, Pfeile, Targets &amp; Zubeh\u00f6r\",\"isPartOf\":{\"@id\":\"https:\\\/\\\/bogensportdiscount.ch\\\/#website\"},\"primaryImageOfPage\":{\"@id\":\"https:\\\/\\\/bogensportdiscount.ch\\\/produkt\\\/kinetic-wurfarme-ilf-invelta-plus-fiber-bamboo-25\\\/#primaryimage\"},\"image\":{\"@id\":\"https:\\\/\\\/bogensportdiscount.ch\\\/produkt\\\/kinetic-wurfarme-ilf-invelta-plus-fiber-bamboo-25\\\/#primaryimage\"},\"thumbnailUrl\":\"https:\\\/\\\/bogensportdiscount.ch\\\/wp-content\\\/uploads\\\/bsm-images\\\/A096268_1.png\",\"datePublished\":\"2026-04-05T13:39:10+00:00\",\"dateModified\":\"2026-05-14T13:27:47+00:00\",\"description\":\"KINETIC Wurfarme ILF INVELTA PLUS FIBER BAMBOO g\u00fcnstig kaufen bei Bogensportdiscount \u2013 Top-Marken, schneller Versand aus der Schweiz.\",\"breadcrumb\":{\"@id\":\"https:\\\/\\\/bogensportdiscount.ch\\\/produkt\\\/kinetic-wurfarme-ilf-invelta-plus-fiber-bamboo-25\\\/#breadcrumb\"},\"inLanguage\":\"fr-FR\",\"potentialAction\":[{\"@type\":\"ReadAction\",\"target\":[\"https:\\\/\\\/bogensportdiscount.ch\\\/produkt\\\/kinetic-wurfarme-ilf-invelta-plus-fiber-bamboo-25\\\/\"]}]},{\"@type\":\"ImageObject\",\"inLanguage\":\"fr-FR\",\"@id\":\"https:\\\/\\\/bogensportdiscount.ch\\\/produkt\\\/kinetic-wurfarme-ilf-invelta-plus-fiber-bamboo-25\\\/#primaryimage\",\"url\":\"https:\\\/\\\/bogensportdiscount.ch\\\/wp-content\\\/uploads\\\/bsm-images\\\/A096268_1.png\",\"contentUrl\":\"https:\\\/\\\/bogensportdiscount.ch\\\/wp-content\\\/uploads\\\/bsm-images\\\/A096268_1.png\",\"width\":5545,\"height\":1402},{\"@type\":\"BreadcrumbList\",\"@id\":\"https:\\\/\\\/bogensportdiscount.ch\\\/produkt\\\/kinetic-wurfarme-ilf-invelta-plus-fiber-bamboo-25\\\/#breadcrumb\",\"itemListElement\":[{\"@type\":\"ListItem\",\"position\":1,\"name\":\"Home\",\"item\":\"https:\\\/\\\/bogensportdiscount.ch\\\/\"},{\"@type\":\"ListItem\",\"position\":2,\"name\":\"Shop\",\"item\":\"https:\\\/\\\/bogensportdiscount.ch\\\/shop\\\/\"},{\"@type\":\"ListItem\",\"position\":3,\"name\":\"KINETIC Wurfarme ILF INVELTA PLUS FIBER BAMBOO 25&#8243;\"}]},{\"@type\":\"WebSite\",\"@id\":\"https:\\\/\\\/bogensportdiscount.ch\\\/#website\",\"url\":\"https:\\\/\\\/bogensportdiscount.ch\\\/\",\"name\":\"Bogensportdiscount\",\"description\":\"\",\"potentialAction\":[{\"@type\":\"SearchAction\",\"target\":{\"@type\":\"EntryPoint\",\"urlTemplate\":\"https:\\\/\\\/bogensportdiscount.ch\\\/?s={search_term_string}\"},\"query-input\":{\"@type\":\"PropertyValueSpecification\",\"valueRequired\":true,\"valueName\":\"search_term_string\"}}],\"inLanguage\":\"fr-FR\"}]}<\/script>\n<!-- \/ Yoast SEO plugin. -->","yoast_head_json":{"title":"KINETIC Wurfarme ILF INVELTA PLUS FIBER BAMBOO - Bogensportdiscount \u2013 B\u00f6gen, Pfeile, Targets &amp; Zubeh\u00f6r","description":"KINETIC Wurfarme ILF INVELTA PLUS FIBER BAMBOO g\u00fcnstig kaufen bei Bogensportdiscount \u2013 Top-Marken, schneller Versand aus der Schweiz.","robots":{"index":"index","follow":"follow","max-snippet":"max-snippet:-1","max-image-preview":"max-image-preview:large","max-video-preview":"max-video-preview:-1"},"canonical":"https:\/\/bogensportdiscount.ch\/fr\/produit\/kinetic-wurfarme-ilf-invelta-plus-fiber-bamboo-25\/","og_locale":"fr_FR","og_type":"article","og_title":"KINETIC Wurfarme ILF INVELTA PLUS FIBER BAMBOO - Bogensportdiscount \u2013 B\u00f6gen, Pfeile, Targets &amp; Zubeh\u00f6r","og_description":"KINETIC Wurfarme ILF INVELTA PLUS FIBER BAMBOO g\u00fcnstig kaufen bei Bogensportdiscount \u2013 Top-Marken, schneller Versand aus der Schweiz.","og_url":"https:\/\/bogensportdiscount.ch\/fr\/produit\/kinetic-wurfarme-ilf-invelta-plus-fiber-bamboo-25\/","og_site_name":"Bogensportdiscount \u2013 B\u00f6gen, Pfeile, Targets &amp; Zubeh\u00f6r","article_modified_time":"2026-05-14T13:27:47+00:00","og_image":[{"url":"https:\/\/bogensportdiscount.ch\/wp-content\/uploads\/bsm-images\/A096268_1.png","width":5545,"height":1402,"type":"image\/png"}],"twitter_card":"summary_large_image","schema":{"@context":"https:\/\/schema.org","@graph":[{"@type":"WebPage","@id":"https:\/\/bogensportdiscount.ch\/produkt\/kinetic-wurfarme-ilf-invelta-plus-fiber-bamboo-25\/","url":"https:\/\/bogensportdiscount.ch\/produkt\/kinetic-wurfarme-ilf-invelta-plus-fiber-bamboo-25\/","name":"KINETIC Wurfarme ILF INVELTA PLUS FIBER BAMBOO - Bogensportdiscount \u2013 B\u00f6gen, Pfeile, Targets &amp; Zubeh\u00f6r","isPartOf":{"@id":"https:\/\/bogensportdiscount.ch\/#website"},"primaryImageOfPage":{"@id":"https:\/\/bogensportdiscount.ch\/produkt\/kinetic-wurfarme-ilf-invelta-plus-fiber-bamboo-25\/#primaryimage"},"image":{"@id":"https:\/\/bogensportdiscount.ch\/produkt\/kinetic-wurfarme-ilf-invelta-plus-fiber-bamboo-25\/#primaryimage"},"thumbnailUrl":"https:\/\/bogensportdiscount.ch\/wp-content\/uploads\/bsm-images\/A096268_1.png","datePublished":"2026-04-05T13:39:10+00:00","dateModified":"2026-05-14T13:27:47+00:00","description":"KINETIC Wurfarme ILF INVELTA PLUS FIBER BAMBOO g\u00fcnstig kaufen bei Bogensportdiscount \u2013 Top-Marken, schneller Versand aus der Schweiz.","breadcrumb":{"@id":"https:\/\/bogensportdiscount.ch\/produkt\/kinetic-wurfarme-ilf-invelta-plus-fiber-bamboo-25\/#breadcrumb"},"inLanguage":"fr-FR","potentialAction":[{"@type":"ReadAction","target":["https:\/\/bogensportdiscount.ch\/produkt\/kinetic-wurfarme-ilf-invelta-plus-fiber-bamboo-25\/"]}]},{"@type":"ImageObject","inLanguage":"fr-FR","@id":"https:\/\/bogensportdiscount.ch\/produkt\/kinetic-wurfarme-ilf-invelta-plus-fiber-bamboo-25\/#primaryimage","url":"https:\/\/bogensportdiscount.ch\/wp-content\/uploads\/bsm-images\/A096268_1.png","contentUrl":"https:\/\/bogensportdiscount.ch\/wp-content\/uploads\/bsm-images\/A096268_1.png","width":5545,"height":1402},{"@type":"BreadcrumbList","@id":"https:\/\/bogensportdiscount.ch\/produkt\/kinetic-wurfarme-ilf-invelta-plus-fiber-bamboo-25\/#breadcrumb","itemListElement":[{"@type":"ListItem","position":1,"name":"Home","item":"https:\/\/bogensportdiscount.ch\/"},{"@type":"ListItem","position":2,"name":"Shop","item":"https:\/\/bogensportdiscount.ch\/shop\/"},{"@type":"ListItem","position":3,"name":"KINETIC Wurfarme ILF INVELTA PLUS FIBER BAMBOO 25&#8243;"}]},{"@type":"WebSite","@id":"https:\/\/bogensportdiscount.ch\/#website","url":"https:\/\/bogensportdiscount.ch\/","name":"Bogensportdiscount","description":"","potentialAction":[{"@type":"SearchAction","target":{"@type":"EntryPoint","urlTemplate":"https:\/\/bogensportdiscount.ch\/?s={search_term_string}"},"query-input":{"@type":"PropertyValueSpecification","valueRequired":true,"valueName":"search_term_string"}}],"inLanguage":"fr-FR"}]}},"_links":{"self":[{"href":"https:\/\/bogensportdiscount.ch\/fr\/wp-json\/wp\/v2\/product\/428727","targetHints":{"allow":["GET"]}}],"collection":[{"href":"https:\/\/bogensportdiscount.ch\/fr\/wp-json\/wp\/v2\/product"}],"about":[{"href":"https:\/\/bogensportdiscount.ch\/fr\/wp-json\/wp\/v2\/types\/product"}],"replies":[{"embeddable":true,"href":"https:\/\/bogensportdiscount.ch\/fr\/wp-json\/wp\/v2\/comments?post=428727"}],"wp:featuredmedia":[{"embeddable":true,"href":"https:\/\/bogensportdiscount.ch\/fr\/wp-json\/wp\/v2\/media\/523267"}],"wp:attachment":[{"href":"https:\/\/bogensportdiscount.ch\/fr\/wp-json\/wp\/v2\/media?parent=428727"}],"wp:term":[{"taxonomy":"product_brand","embeddable":true,"href":"https:\/\/bogensportdiscount.ch\/fr\/wp-json\/wp\/v2\/product_brand?post=428727"},{"taxonomy":"product_cat","embeddable":true,"href":"https:\/\/bogensportdiscount.ch\/fr\/wp-json\/wp\/v2\/product_cat?post=428727"},{"taxonomy":"product_tag","embeddable":true,"href":"https:\/\/bogensportdiscount.ch\/fr\/wp-json\/wp\/v2\/product_tag?post=428727"}],"curies":[{"name":"wp","href":"https:\/\/api.w.org\/{rel}","templated":true}]}}