{"id":428555,"date":"2026-04-05T15:38:48","date_gmt":"2026-04-05T13:38:48","guid":{"rendered":"https:\/\/bogensportdiscount.ch\/produkt\/point-collars-id5-2-alu-7075-0-titanium-gray-12-pk\/"},"modified":"2026-04-13T20:22:17","modified_gmt":"2026-04-13T18:22:17","slug":"skylon-point-collars-id5-2-alu-7075","status":"publish","type":"product","link":"https:\/\/bogensportdiscount.ch\/fr\/produit\/skylon-point-collars-id5-2-alu-7075\/","title":{"rendered":"SKYLON Point Collars ID5.2 ALU-7075"},"content":{"rendered":"<p>Die SKYLON Point Collars ID5.2 sind hochwertige Pfeilschaftkolben aus Aluminium 7075. Sie bieten optimale Passgenauigkeit und Zuverl\u00e4ssigkeit f\u00fcr den ambitionierten Bogensch\u00fctzen.<\/p>\n<p>Mit dem Innendurchmesser ID5.2 eignen sich diese Collars f\u00fcr Standard-Pfeilsch\u00e4fte und gew\u00e4hrleisten einen sicheren Halt bei jedem Schuss. Das robuste Aluminium-Material 7075 verspricht Langlebigkeit und Widerstandsf\u00e4higkeit bei intensiver Nutzung.<\/p>","protected":false},"excerpt":{"rendered":"<table>\n<tr>\n<th>Propri\u00e9t\u00e9<\/th>\n<th>Valeur<\/th>\n<\/tr>\n<tr>\n<td>Marque<\/td>\n<td>Skylon<\/td>\n<\/tr>\n<tr>\n<td>Type<\/td>\n<td>Point Collar<\/td>\n<\/tr>\n<tr>\n<td>Modell<\/td>\n<td>ID5.2<\/td>\n<\/tr>\n<tr>\n<td>Mat\u00e9riau<\/td>\n<td>Aluminium 7075<\/td>\n<\/tr>\n<\/table>","protected":false},"featured_media":448915,"comment_status":"open","ping_status":"closed","template":"","meta":[],"product_brand":[457],"product_cat":[4551],"product_tag":[],"class_list":{"0":"post-428555","1":"product","2":"type-product","3":"status-publish","4":"has-post-thumbnail","6":"product_brand-skylon","7":"product_cat-collars","9":"first","10":"instock","11":"shipping-taxable","12":"purchasable","13":"product-type-variable"},"_links":{"self":[{"href":"https:\/\/bogensportdiscount.ch\/fr\/wp-json\/wp\/v2\/product\/428555","targetHints":{"allow":["GET"]}}],"collection":[{"href":"https:\/\/bogensportdiscount.ch\/fr\/wp-json\/wp\/v2\/product"}],"about":[{"href":"https:\/\/bogensportdiscount.ch\/fr\/wp-json\/wp\/v2\/types\/product"}],"replies":[{"embeddable":true,"href":"https:\/\/bogensportdiscount.ch\/fr\/wp-json\/wp\/v2\/comments?post=428555"}],"wp:featuredmedia":[{"embeddable":true,"href":"https:\/\/bogensportdiscount.ch\/fr\/wp-json\/wp\/v2\/media\/448915"}],"wp:attachment":[{"href":"https:\/\/bogensportdiscount.ch\/fr\/wp-json\/wp\/v2\/media?parent=428555"}],"wp:term":[{"taxonomy":"product_brand","embeddable":true,"href":"https:\/\/bogensportdiscount.ch\/fr\/wp-json\/wp\/v2\/product_brand?post=428555"},{"taxonomy":"product_cat","embeddable":true,"href":"https:\/\/bogensportdiscount.ch\/fr\/wp-json\/wp\/v2\/product_cat?post=428555"},{"taxonomy":"product_tag","embeddable":true,"href":"https:\/\/bogensportdiscount.ch\/fr\/wp-json\/wp\/v2\/product_tag?post=428555"}],"curies":[{"name":"wp","href":"https:\/\/api.w.org\/{rel}","templated":true}]}}