{"id":428409,"date":"2026-04-05T15:38:26","date_gmt":"2026-04-05T13:38:26","guid":{"rendered":"https:\/\/bogensportdiscount.ch\/produkt\/wraps-5-5-standard-dia-7-54mm-19-64-kryptek-blue-13-pk\/"},"modified":"2026-04-17T12:27:34","modified_gmt":"2026-04-17T10:27:34","slug":"bohning-wraps-5-5-zoll-standard-durchmesser-7-54mm-kryptek","status":"publish","type":"product","link":"https:\/\/bogensportdiscount.ch\/fr\/produit\/bohning-wraps-5-5-zoll-standard-durchmesser-7-54mm-kryptek\/","title":{"rendered":"BOHNING 5.5\u2033 19\/64\u2033 KRYPTEK ARROW WRAP"},"content":{"rendered":"<p>Die BOHNING Wraps 5.5&#8243; im Kryptek-Design sind speziell f\u00fcr Standard-Pfeile mit einem Schaftdurchmesser von 7.54 mm (19\/64&#8243;) entwickelt. Sie werden vor dem Befedern auf den Pfeilschaft aufgebracht und bilden eine gleichm\u00e4ssige Oberfl\u00e4che, die eine bessere Haftung des Klebers gew\u00e4hrleistet.<\/p>\n<p>Wraps erf\u00fcllen gleichzeitig eine dekorative und funktionale Funktion: Sie sch\u00fctzen den Schaft im Befiederungsbereich und erm\u00f6glichen ein sauberes, gleichm\u00e4ssiges Erscheinungsbild. Das Kryptek-Muster verleiht den Pfeilen ein markantes Aussehen.<\/p>\n<ul>\n<li>Gr\u00f6sse: 5.5&#8243; \u2013 passend f\u00fcr Standard-Schaftdurchmesser<\/li>\n<li>Durchmesser: 7.54 mm \/ 19\/64&#8243;<\/li>\n<li>Design: Kryptek-Muster<\/li>\n<li>Erh\u00e4ltlich in mehreren Farben<\/li>\n<\/ul>","protected":false},"excerpt":{"rendered":"<p>BOHNING Wraps in der Gr\u00f6sse 5.5&#8243; f\u00fcr Standard-Sch\u00e4fte mit einem Durchmesser von 7.54 mm (19\/64&#8243;). Die Kryptek-Wraps sind in verschiedenen Farben erh\u00e4ltlich und dienen als Untergrund f\u00fcr die Befiederung von Pfeilen.<\/p>","protected":false},"featured_media":453463,"comment_status":"open","ping_status":"closed","template":"","meta":[],"product_brand":[444],"product_cat":[4268],"product_tag":[],"class_list":{"0":"post-428409","1":"product","2":"type-product","3":"status-publish","4":"has-post-thumbnail","6":"product_brand-bohning","7":"product_cat-wraps-vanes-nocks-wraps","9":"first","10":"onbackorder","11":"shipping-taxable","12":"purchasable","13":"product-type-variable"},"_links":{"self":[{"href":"https:\/\/bogensportdiscount.ch\/fr\/wp-json\/wp\/v2\/product\/428409","targetHints":{"allow":["GET"]}}],"collection":[{"href":"https:\/\/bogensportdiscount.ch\/fr\/wp-json\/wp\/v2\/product"}],"about":[{"href":"https:\/\/bogensportdiscount.ch\/fr\/wp-json\/wp\/v2\/types\/product"}],"replies":[{"embeddable":true,"href":"https:\/\/bogensportdiscount.ch\/fr\/wp-json\/wp\/v2\/comments?post=428409"}],"wp:featuredmedia":[{"embeddable":true,"href":"https:\/\/bogensportdiscount.ch\/fr\/wp-json\/wp\/v2\/media\/453463"}],"wp:attachment":[{"href":"https:\/\/bogensportdiscount.ch\/fr\/wp-json\/wp\/v2\/media?parent=428409"}],"wp:term":[{"taxonomy":"product_brand","embeddable":true,"href":"https:\/\/bogensportdiscount.ch\/fr\/wp-json\/wp\/v2\/product_brand?post=428409"},{"taxonomy":"product_cat","embeddable":true,"href":"https:\/\/bogensportdiscount.ch\/fr\/wp-json\/wp\/v2\/product_cat?post=428409"},{"taxonomy":"product_tag","embeddable":true,"href":"https:\/\/bogensportdiscount.ch\/fr\/wp-json\/wp\/v2\/product_tag?post=428409"}],"curies":[{"name":"wp","href":"https:\/\/api.w.org\/{rel}","templated":true}]}}