{"id":427737,"date":"2026-04-05T15:37:10","date_gmt":"2026-04-05T13:37:10","guid":{"rendered":"https:\/\/bogensportdiscount.ch\/produkt\/limbs-luna-fiber-foam-25-66-16-lbs-23-64-18-lbs\/"},"modified":"2026-05-14T15:27:44","modified_gmt":"2026-05-14T13:27:44","slug":"mybo-recurve-wurfarme-luna-fiber-foam-25","status":"publish","type":"product","link":"https:\/\/bogensportdiscount.ch\/fr\/produit\/mybo-recurve-wurfarme-luna-fiber-foam-25\/","title":{"rendered":"MYBO branches LUNA FIBER FOAM"},"content":{"rendered":"<p>Les branches MYBO Luna en version 25&#8243; sont fabriqu\u00e9es en mat\u00e9riau composite Fiber Foam et conviennent \u00e0 une utilisation sur un arc recurve. Le mat\u00e9riau combine les propri\u00e9t\u00e9s de la fibre de verre et d'un noyau en mousse, offrant ainsi un bon rapport entre poids, stabilit\u00e9 et comportement de tir.<\/p>\n<p>Les branches Luna sont disponibles dans un large choix de poids de tir \u2013 de 16 \u00e0 38 LBS \u2013 couvrant ainsi les niveaux d\u00e9butants et avanc\u00e9s. Les longueurs d'arc disponibles de 66&#8243;, 68&#8243; et 70&#8243; permettent une combinaison flexible avec diff\u00e9rentes parties centrales.<\/p>\n<ul>\n<li>Mat\u00e9riau : Fiber Foam (noyau en mousse de fibre de verre)<\/li>\n<li>Poids de tir : 16\u201338 LBS en plusieurs paliers<\/li>\n<li>Longueurs d'arc : 66&#8243;, 68&#8243;, 70&#8243;<\/li>\n<li>Longueur de branche : 25&#8243;<\/li>\n<\/ul>","protected":false},"excerpt":{"rendered":"<table>\n<tr>\n<th>Propri\u00e9t\u00e9<\/th>\n<th>Valeur<\/th>\n<\/tr>\n<tr>\n<td>Marque<\/td>\n<td>MYBO<\/td>\n<\/tr>\n<tr>\n<td>Mat\u00e9riau<\/td>\n<td>Fiber Foam<\/td>\n<\/tr>\n<tr>\n<td>Longueur<\/td>\n<td>25&#8243;<\/td>\n<\/tr>\n<tr>\n<td>Origine<\/td>\n<td>Grande-Bretagne<\/td>\n<\/tr>\n<\/table>","protected":false},"featured_media":450010,"comment_status":"open","ping_status":"closed","template":"","meta":[],"product_brand":[430],"product_cat":[4520],"product_tag":[],"class_list":{"0":"post-427737","1":"product","2":"type-product","3":"status-publish","4":"has-post-thumbnail","6":"product_brand-mybo","7":"product_cat-recurve-wurfarme","8":"product_shipping_class-bsd-standard","10":"first","11":"instock","12":"shipping-taxable","13":"purchasable","14":"product-type-variable"},"yoast_head":"<!-- This site is optimized with the Yoast SEO plugin v27.6 - https:\/\/yoast.com\/product\/yoast-seo-wordpress\/ -->\n<title>MYBO Wurfarme LUNA FIBER FOAM - Bogensportdiscount \u2013 B\u00f6gen, Pfeile, Targets &amp; Zubeh\u00f6r<\/title>\n<meta name=\"description\" content=\"MYBO Wurfarme LUNA FIBER FOAM g\u00fcnstig kaufen bei Bogensportdiscount \u2013 Top-Marken, schneller Versand aus der Schweiz.\" \/>\n<meta name=\"robots\" content=\"index, follow, max-snippet:-1, max-image-preview:large, max-video-preview:-1\" \/>\n<link rel=\"canonical\" href=\"https:\/\/bogensportdiscount.ch\/fr\/produit\/mybo-recurve-wurfarme-luna-fiber-foam-25\/\" \/>\n<meta property=\"og:locale\" content=\"fr_FR\" \/>\n<meta property=\"og:type\" content=\"article\" \/>\n<meta property=\"og:title\" content=\"MYBO Wurfarme LUNA FIBER FOAM - Bogensportdiscount \u2013 B\u00f6gen, Pfeile, Targets &amp; Zubeh\u00f6r\" \/>\n<meta property=\"og:description\" content=\"MYBO Wurfarme LUNA FIBER FOAM g\u00fcnstig kaufen bei Bogensportdiscount \u2013 Top-Marken, schneller Versand aus der Schweiz.\" \/>\n<meta property=\"og:url\" content=\"https:\/\/bogensportdiscount.ch\/fr\/produit\/mybo-recurve-wurfarme-luna-fiber-foam-25\/\" \/>\n<meta property=\"og:site_name\" content=\"Bogensportdiscount \u2013 B\u00f6gen, Pfeile, Targets &amp; Zubeh\u00f6r\" \/>\n<meta property=\"article:modified_time\" content=\"2026-05-14T13:27:44+00:00\" \/>\n<meta property=\"og:image\" content=\"https:\/\/bogensportdiscount.ch\/wp-content\/uploads\/bsm-images\/A094935_1.jpg\" \/>\n\t<meta property=\"og:image:width\" content=\"1000\" \/>\n\t<meta property=\"og:image:height\" content=\"1000\" \/>\n\t<meta property=\"og:image:type\" content=\"image\/jpeg\" \/>\n<meta name=\"twitter:card\" content=\"summary_large_image\" \/>\n<script type=\"application\/ld+json\" class=\"yoast-schema-graph\">{\"@context\":\"https:\\\/\\\/schema.org\",\"@graph\":[{\"@type\":\"WebPage\",\"@id\":\"https:\\\/\\\/bogensportdiscount.ch\\\/produkt\\\/mybo-recurve-wurfarme-luna-fiber-foam-25\\\/\",\"url\":\"https:\\\/\\\/bogensportdiscount.ch\\\/produkt\\\/mybo-recurve-wurfarme-luna-fiber-foam-25\\\/\",\"name\":\"MYBO Wurfarme LUNA FIBER FOAM - Bogensportdiscount \u2013 B\u00f6gen, Pfeile, Targets &amp; Zubeh\u00f6r\",\"isPartOf\":{\"@id\":\"https:\\\/\\\/bogensportdiscount.ch\\\/#website\"},\"primaryImageOfPage\":{\"@id\":\"https:\\\/\\\/bogensportdiscount.ch\\\/produkt\\\/mybo-recurve-wurfarme-luna-fiber-foam-25\\\/#primaryimage\"},\"image\":{\"@id\":\"https:\\\/\\\/bogensportdiscount.ch\\\/produkt\\\/mybo-recurve-wurfarme-luna-fiber-foam-25\\\/#primaryimage\"},\"thumbnailUrl\":\"https:\\\/\\\/bogensportdiscount.ch\\\/wp-content\\\/uploads\\\/bsm-images\\\/A094935_1.jpg\",\"datePublished\":\"2026-04-05T13:37:10+00:00\",\"dateModified\":\"2026-05-14T13:27:44+00:00\",\"description\":\"MYBO Wurfarme LUNA FIBER FOAM g\u00fcnstig kaufen bei Bogensportdiscount \u2013 Top-Marken, schneller Versand aus der Schweiz.\",\"breadcrumb\":{\"@id\":\"https:\\\/\\\/bogensportdiscount.ch\\\/produkt\\\/mybo-recurve-wurfarme-luna-fiber-foam-25\\\/#breadcrumb\"},\"inLanguage\":\"fr-FR\",\"potentialAction\":[{\"@type\":\"ReadAction\",\"target\":[\"https:\\\/\\\/bogensportdiscount.ch\\\/produkt\\\/mybo-recurve-wurfarme-luna-fiber-foam-25\\\/\"]}]},{\"@type\":\"ImageObject\",\"inLanguage\":\"fr-FR\",\"@id\":\"https:\\\/\\\/bogensportdiscount.ch\\\/produkt\\\/mybo-recurve-wurfarme-luna-fiber-foam-25\\\/#primaryimage\",\"url\":\"https:\\\/\\\/bogensportdiscount.ch\\\/wp-content\\\/uploads\\\/bsm-images\\\/A094935_1.jpg\",\"contentUrl\":\"https:\\\/\\\/bogensportdiscount.ch\\\/wp-content\\\/uploads\\\/bsm-images\\\/A094935_1.jpg\",\"width\":1000,\"height\":1000},{\"@type\":\"BreadcrumbList\",\"@id\":\"https:\\\/\\\/bogensportdiscount.ch\\\/produkt\\\/mybo-recurve-wurfarme-luna-fiber-foam-25\\\/#breadcrumb\",\"itemListElement\":[{\"@type\":\"ListItem\",\"position\":1,\"name\":\"Home\",\"item\":\"https:\\\/\\\/bogensportdiscount.ch\\\/\"},{\"@type\":\"ListItem\",\"position\":2,\"name\":\"Shop\",\"item\":\"https:\\\/\\\/bogensportdiscount.ch\\\/shop\\\/\"},{\"@type\":\"ListItem\",\"position\":3,\"name\":\"MYBO Wurfarme LUNA FIBER FOAM 25&#8243;\"}]},{\"@type\":\"WebSite\",\"@id\":\"https:\\\/\\\/bogensportdiscount.ch\\\/#website\",\"url\":\"https:\\\/\\\/bogensportdiscount.ch\\\/\",\"name\":\"Bogensportdiscount\",\"description\":\"\",\"potentialAction\":[{\"@type\":\"SearchAction\",\"target\":{\"@type\":\"EntryPoint\",\"urlTemplate\":\"https:\\\/\\\/bogensportdiscount.ch\\\/?s={search_term_string}\"},\"query-input\":{\"@type\":\"PropertyValueSpecification\",\"valueRequired\":true,\"valueName\":\"search_term_string\"}}],\"inLanguage\":\"fr-FR\"}]}<\/script>\n<!-- \/ Yoast SEO plugin. -->","yoast_head_json":{"title":"MYBO Wurfarme LUNA FIBER FOAM - Bogensportdiscount \u2013 B\u00f6gen, Pfeile, Targets &amp; Zubeh\u00f6r","description":"MYBO Wurfarme LUNA FIBER FOAM g\u00fcnstig kaufen bei Bogensportdiscount \u2013 Top-Marken, schneller Versand aus der Schweiz.","robots":{"index":"index","follow":"follow","max-snippet":"max-snippet:-1","max-image-preview":"max-image-preview:large","max-video-preview":"max-video-preview:-1"},"canonical":"https:\/\/bogensportdiscount.ch\/fr\/produit\/mybo-recurve-wurfarme-luna-fiber-foam-25\/","og_locale":"fr_FR","og_type":"article","og_title":"MYBO Wurfarme LUNA FIBER FOAM - Bogensportdiscount \u2013 B\u00f6gen, Pfeile, Targets &amp; Zubeh\u00f6r","og_description":"MYBO Wurfarme LUNA FIBER FOAM g\u00fcnstig kaufen bei Bogensportdiscount \u2013 Top-Marken, schneller Versand aus der Schweiz.","og_url":"https:\/\/bogensportdiscount.ch\/fr\/produit\/mybo-recurve-wurfarme-luna-fiber-foam-25\/","og_site_name":"Bogensportdiscount \u2013 B\u00f6gen, Pfeile, Targets &amp; Zubeh\u00f6r","article_modified_time":"2026-05-14T13:27:44+00:00","og_image":[{"width":1000,"height":1000,"url":"https:\/\/bogensportdiscount.ch\/wp-content\/uploads\/bsm-images\/A094935_1.jpg","type":"image\/jpeg"}],"twitter_card":"summary_large_image","schema":{"@context":"https:\/\/schema.org","@graph":[{"@type":"WebPage","@id":"https:\/\/bogensportdiscount.ch\/produkt\/mybo-recurve-wurfarme-luna-fiber-foam-25\/","url":"https:\/\/bogensportdiscount.ch\/produkt\/mybo-recurve-wurfarme-luna-fiber-foam-25\/","name":"MYBO Wurfarme LUNA FIBER FOAM - Bogensportdiscount \u2013 B\u00f6gen, Pfeile, Targets &amp; Zubeh\u00f6r","isPartOf":{"@id":"https:\/\/bogensportdiscount.ch\/#website"},"primaryImageOfPage":{"@id":"https:\/\/bogensportdiscount.ch\/produkt\/mybo-recurve-wurfarme-luna-fiber-foam-25\/#primaryimage"},"image":{"@id":"https:\/\/bogensportdiscount.ch\/produkt\/mybo-recurve-wurfarme-luna-fiber-foam-25\/#primaryimage"},"thumbnailUrl":"https:\/\/bogensportdiscount.ch\/wp-content\/uploads\/bsm-images\/A094935_1.jpg","datePublished":"2026-04-05T13:37:10+00:00","dateModified":"2026-05-14T13:27:44+00:00","description":"MYBO Wurfarme LUNA FIBER FOAM g\u00fcnstig kaufen bei Bogensportdiscount \u2013 Top-Marken, schneller Versand aus der Schweiz.","breadcrumb":{"@id":"https:\/\/bogensportdiscount.ch\/produkt\/mybo-recurve-wurfarme-luna-fiber-foam-25\/#breadcrumb"},"inLanguage":"fr-FR","potentialAction":[{"@type":"ReadAction","target":["https:\/\/bogensportdiscount.ch\/produkt\/mybo-recurve-wurfarme-luna-fiber-foam-25\/"]}]},{"@type":"ImageObject","inLanguage":"fr-FR","@id":"https:\/\/bogensportdiscount.ch\/produkt\/mybo-recurve-wurfarme-luna-fiber-foam-25\/#primaryimage","url":"https:\/\/bogensportdiscount.ch\/wp-content\/uploads\/bsm-images\/A094935_1.jpg","contentUrl":"https:\/\/bogensportdiscount.ch\/wp-content\/uploads\/bsm-images\/A094935_1.jpg","width":1000,"height":1000},{"@type":"BreadcrumbList","@id":"https:\/\/bogensportdiscount.ch\/produkt\/mybo-recurve-wurfarme-luna-fiber-foam-25\/#breadcrumb","itemListElement":[{"@type":"ListItem","position":1,"name":"Home","item":"https:\/\/bogensportdiscount.ch\/"},{"@type":"ListItem","position":2,"name":"Shop","item":"https:\/\/bogensportdiscount.ch\/shop\/"},{"@type":"ListItem","position":3,"name":"MYBO Wurfarme LUNA FIBER FOAM 25&#8243;"}]},{"@type":"WebSite","@id":"https:\/\/bogensportdiscount.ch\/#website","url":"https:\/\/bogensportdiscount.ch\/","name":"Bogensportdiscount","description":"","potentialAction":[{"@type":"SearchAction","target":{"@type":"EntryPoint","urlTemplate":"https:\/\/bogensportdiscount.ch\/?s={search_term_string}"},"query-input":{"@type":"PropertyValueSpecification","valueRequired":true,"valueName":"search_term_string"}}],"inLanguage":"fr-FR"}]}},"_links":{"self":[{"href":"https:\/\/bogensportdiscount.ch\/fr\/wp-json\/wp\/v2\/product\/427737","targetHints":{"allow":["GET"]}}],"collection":[{"href":"https:\/\/bogensportdiscount.ch\/fr\/wp-json\/wp\/v2\/product"}],"about":[{"href":"https:\/\/bogensportdiscount.ch\/fr\/wp-json\/wp\/v2\/types\/product"}],"replies":[{"embeddable":true,"href":"https:\/\/bogensportdiscount.ch\/fr\/wp-json\/wp\/v2\/comments?post=427737"}],"wp:featuredmedia":[{"embeddable":true,"href":"https:\/\/bogensportdiscount.ch\/fr\/wp-json\/wp\/v2\/media\/450010"}],"wp:attachment":[{"href":"https:\/\/bogensportdiscount.ch\/fr\/wp-json\/wp\/v2\/media?parent=427737"}],"wp:term":[{"taxonomy":"product_brand","embeddable":true,"href":"https:\/\/bogensportdiscount.ch\/fr\/wp-json\/wp\/v2\/product_brand?post=427737"},{"taxonomy":"product_cat","embeddable":true,"href":"https:\/\/bogensportdiscount.ch\/fr\/wp-json\/wp\/v2\/product_cat?post=427737"},{"taxonomy":"product_tag","embeddable":true,"href":"https:\/\/bogensportdiscount.ch\/fr\/wp-json\/wp\/v2\/product_tag?post=427737"}],"curies":[{"name":"wp","href":"https:\/\/api.w.org\/{rel}","templated":true}]}}