{"id":427392,"date":"2026-04-05T15:36:23","date_gmt":"2026-04-05T13:36:23","guid":{"rendered":"https:\/\/bogensportdiscount.ch\/produkt\/3d-combo-point-stainless-steel-65gr-50-pk\/"},"modified":"2026-04-17T13:49:51","modified_gmt":"2026-04-17T11:49:51","slug":"bearpaw-3d-combo-spitze-edelstahl-2","status":"publish","type":"product","link":"https:\/\/bogensportdiscount.ch\/fr\/produit\/bearpaw-3d-combo-spitze-edelstahl-2\/","title":{"rendered":"BEARPAW 3D COMBO POINT ACIER INOXYDABLE 65GR-125GR"},"content":{"rendered":"<p>Die BEARPAW 3D Combo Spitze aus Edelstahl ist eine Einschraubspitze f\u00fcr den Einsatz beim 3D-Bogenschiessen. Dank der Kombinations-Konstruktion l\u00e4sst sie sich vielseitig einsetzen und passt zu g\u00e4ngigen Pfeilsch\u00e4ften mit Standardgewinde.<\/p>\n<p>Die Spitze ist in vier verschiedenen Gewichten erh\u00e4ltlich \u2014 65, 85, 100 und 125 Grain \u2014 sodass Sch\u00fctzen das Pfeilgewicht und den Flug gezielt auf ihre Bed\u00fcrfnisse abstimmen k\u00f6nnen.<\/p>\n<ul>\n<li>Material: Edelstahl<\/li>\n<li>Erh\u00e4ltlich in 65 GR, 85 GR, 100 GR und 125 GR<\/li>\n<li>Einschraubsystem f\u00fcr einfache Montage<\/li>\n<li>Hergestellt in Italien<\/li>\n<\/ul>","protected":false},"excerpt":{"rendered":"<p>Einschraubspitze aus Edelstahl von BEARPAW, geeignet f\u00fcr den 3D-Bogensport. Erh\u00e4ltlich in den Gewichten 65 GR, 85 GR, 100 GR und 125 GR. Hergestellt in Italien.<\/p>","protected":false},"featured_media":453631,"comment_status":"open","ping_status":"closed","template":"","meta":[],"product_brand":[442],"product_cat":[4545],"product_tag":[],"class_list":{"0":"post-427392","1":"product","2":"type-product","3":"status-publish","4":"has-post-thumbnail","6":"product_brand-bearpaw","7":"product_cat-einschraube-spitzen-pfeil-komponenten","9":"first","10":"instock","11":"shipping-taxable","12":"purchasable","13":"product-type-variable"},"_links":{"self":[{"href":"https:\/\/bogensportdiscount.ch\/fr\/wp-json\/wp\/v2\/product\/427392","targetHints":{"allow":["GET"]}}],"collection":[{"href":"https:\/\/bogensportdiscount.ch\/fr\/wp-json\/wp\/v2\/product"}],"about":[{"href":"https:\/\/bogensportdiscount.ch\/fr\/wp-json\/wp\/v2\/types\/product"}],"replies":[{"embeddable":true,"href":"https:\/\/bogensportdiscount.ch\/fr\/wp-json\/wp\/v2\/comments?post=427392"}],"wp:featuredmedia":[{"embeddable":true,"href":"https:\/\/bogensportdiscount.ch\/fr\/wp-json\/wp\/v2\/media\/453631"}],"wp:attachment":[{"href":"https:\/\/bogensportdiscount.ch\/fr\/wp-json\/wp\/v2\/media?parent=427392"}],"wp:term":[{"taxonomy":"product_brand","embeddable":true,"href":"https:\/\/bogensportdiscount.ch\/fr\/wp-json\/wp\/v2\/product_brand?post=427392"},{"taxonomy":"product_cat","embeddable":true,"href":"https:\/\/bogensportdiscount.ch\/fr\/wp-json\/wp\/v2\/product_cat?post=427392"},{"taxonomy":"product_tag","embeddable":true,"href":"https:\/\/bogensportdiscount.ch\/fr\/wp-json\/wp\/v2\/product_tag?post=427392"}],"curies":[{"name":"wp","href":"https:\/\/api.w.org\/{rel}","templated":true}]}}