{"id":427220,"date":"2026-04-05T15:36:01","date_gmt":"2026-04-05T13:36:01","guid":{"rendered":"https:\/\/bogensportdiscount.ch\/produkt\/longbows-strongbow-68-15lbs-rh\/"},"modified":"2026-04-21T09:36:39","modified_gmt":"2026-04-21T07:36:39","slug":"bearpaw-langbogen-strongbow-68","status":"publish","type":"product","link":"https:\/\/bogensportdiscount.ch\/fr\/produit\/bearpaw-langbogen-strongbow-68\/","title":{"rendered":"BEARPAW LONGBOWS STRONGBOW 68\u2033"},"content":{"rendered":"<p>Der BEARPAW Strongbow 68&#8243; ist ein traditioneller Langbogen aus deutscher Fertigung. Mit einer Bogenl\u00e4nge von 68 Zoll eignet er sich sowohl f\u00fcr Einsteiger als auch f\u00fcr fortgeschrittene Bogensch\u00fctzen, die das traditionelle Bogenschiessen praktizieren.<\/p>\n<p>Der Strongbow ist in verschiedenen Zuggewichten von 15 bis 40 lbs erh\u00e4ltlich und l\u00e4sst sich so optimal an die individuellen Bed\u00fcrfnisse und den Trainingsstand des Sch\u00fctzen anpassen. Dank der Verf\u00fcgbarkeit in Links- und Rechtshand-Ausf\u00fchrung ist er f\u00fcr alle Sch\u00fctzen geeignet.<\/p>\n<ul>\n<li>Bogenl\u00e4nge: 68 Zoll<\/li>\n<li>Zuggewichte: 15, 20, 25, 30, 35 und 40 lbs<\/li>\n<li>Disponible pour gauchers et droitiers<\/li>\n<li>Fabriqu\u00e9 en Allemagne<\/li>\n<\/ul>","protected":false},"excerpt":{"rendered":"<p>Der BEARPAW Strongbow ist ein traditioneller Langbogen mit einer Bogenl\u00e4nge von 68 Zoll. Er ist f\u00fcr Links- und Rechtsh\u00e4nder erh\u00e4ltlich und wird in Zuggewichten von 15 bis 40 lbs angeboten. Hergestellt in Deutschland.<\/p>","protected":false},"featured_media":523296,"comment_status":"open","ping_status":"closed","template":"","meta":[],"product_brand":[442],"product_cat":[3467],"product_tag":[],"class_list":{"0":"post-427220","1":"product","2":"type-product","3":"status-publish","4":"has-post-thumbnail","6":"product_brand-bearpaw","7":"product_cat-langboegen","8":"product_shipping_class-bsd-sperrgut","10":"first","11":"instock","12":"shipping-taxable","13":"purchasable","14":"product-type-variable"},"yoast_head":"<!-- This site is optimized with the Yoast SEO plugin v27.4 - https:\/\/yoast.com\/product\/yoast-seo-wordpress\/ -->\n<title>BEARPAW LONGBOWS STRONGBOW 68&quot; - Bogensportdiscount \u2013 Arcs, fl\u00e8ches, cibles et accessoires<\/title>\n<meta name=\"description\" content=\"Achetez l&#x27;arc BEARPAW LONGBOWS STRONGBOW 68&quot; \u00e0 prix avantageux chez Bogensportdiscount \u2013 Les meilleures marques, livraison rapide depuis la Suisse.\" \/>\n<meta name=\"robots\" content=\"index, follow, max-snippet:-1, max-image-preview:large, max-video-preview:-1\" \/>\n<link rel=\"canonical\" href=\"https:\/\/bogensportdiscount.ch\/fr\/produit\/bearpaw-langbogen-strongbow-68\/\" \/>\n<meta property=\"og:locale\" content=\"fr_FR\" \/>\n<meta property=\"og:type\" content=\"article\" \/>\n<meta property=\"og:title\" content=\"BEARPAW LONGBOWS STRONGBOW 68&quot; - Bogensportdiscount \u2013 Arcs, fl\u00e8ches, cibles et accessoires\" \/>\n<meta property=\"og:description\" content=\"Achetez l&#x27;arc BEARPAW LONGBOWS STRONGBOW 68&quot; \u00e0 prix avantageux chez Bogensportdiscount \u2013 Les meilleures marques, livraison rapide depuis la Suisse.\" \/>\n<meta property=\"og:url\" content=\"https:\/\/bogensportdiscount.ch\/fr\/produit\/bearpaw-langbogen-strongbow-68\/\" \/>\n<meta property=\"og:site_name\" content=\"Bogensportdiscount \u2013 B\u00f6gen, Pfeile, Targets &amp; Zubeh\u00f6r\" \/>\n<meta property=\"article:modified_time\" content=\"2026-04-21T07:36:39+00:00\" \/>\n<meta property=\"og:image\" content=\"https:\/\/bogensportdiscount.ch\/wp-content\/uploads\/bsm-images\/A094068_1.jpg\" \/>\n\t<meta property=\"og:image:width\" content=\"1000\" \/>\n\t<meta property=\"og:image:height\" content=\"1000\" \/>\n\t<meta property=\"og:image:type\" content=\"image\/jpeg\" \/>\n<meta name=\"twitter:card\" content=\"summary_large_image\" \/>\n<script type=\"application\/ld+json\" class=\"yoast-schema-graph\">{\"@context\":\"https:\\\/\\\/schema.org\",\"@graph\":[{\"@type\":\"WebPage\",\"@id\":\"https:\\\/\\\/bogensportdiscount.ch\\\/produkt\\\/bearpaw-langbogen-strongbow-68\\\/\",\"url\":\"https:\\\/\\\/bogensportdiscount.ch\\\/produkt\\\/bearpaw-langbogen-strongbow-68\\\/\",\"name\":\"BEARPAW LONGBOWS STRONGBOW 68\\\" - Bogensportdiscount \u2013 B\u00f6gen, Pfeile, Targets &amp; Zubeh\u00f6r\",\"isPartOf\":{\"@id\":\"https:\\\/\\\/bogensportdiscount.ch\\\/#website\"},\"primaryImageOfPage\":{\"@id\":\"https:\\\/\\\/bogensportdiscount.ch\\\/produkt\\\/bearpaw-langbogen-strongbow-68\\\/#primaryimage\"},\"image\":{\"@id\":\"https:\\\/\\\/bogensportdiscount.ch\\\/produkt\\\/bearpaw-langbogen-strongbow-68\\\/#primaryimage\"},\"thumbnailUrl\":\"https:\\\/\\\/bogensportdiscount.ch\\\/wp-content\\\/uploads\\\/bsm-images\\\/A094068_1.jpg\",\"datePublished\":\"2026-04-05T13:36:01+00:00\",\"dateModified\":\"2026-04-21T07:36:39+00:00\",\"description\":\"BEARPAW LONGBOWS STRONGBOW 68\\\" g\u00fcnstig kaufen bei Bogensportdiscount \u2013 Top-Marken, schneller Versand aus der Schweiz.\",\"breadcrumb\":{\"@id\":\"https:\\\/\\\/bogensportdiscount.ch\\\/produkt\\\/bearpaw-langbogen-strongbow-68\\\/#breadcrumb\"},\"inLanguage\":\"fr-FR\",\"potentialAction\":[{\"@type\":\"ReadAction\",\"target\":[\"https:\\\/\\\/bogensportdiscount.ch\\\/produkt\\\/bearpaw-langbogen-strongbow-68\\\/\"]}]},{\"@type\":\"ImageObject\",\"inLanguage\":\"fr-FR\",\"@id\":\"https:\\\/\\\/bogensportdiscount.ch\\\/produkt\\\/bearpaw-langbogen-strongbow-68\\\/#primaryimage\",\"url\":\"https:\\\/\\\/bogensportdiscount.ch\\\/wp-content\\\/uploads\\\/bsm-images\\\/A094068_1.jpg\",\"contentUrl\":\"https:\\\/\\\/bogensportdiscount.ch\\\/wp-content\\\/uploads\\\/bsm-images\\\/A094068_1.jpg\",\"width\":1000,\"height\":1000},{\"@type\":\"BreadcrumbList\",\"@id\":\"https:\\\/\\\/bogensportdiscount.ch\\\/produkt\\\/bearpaw-langbogen-strongbow-68\\\/#breadcrumb\",\"itemListElement\":[{\"@type\":\"ListItem\",\"position\":1,\"name\":\"Home\",\"item\":\"https:\\\/\\\/bogensportdiscount.ch\\\/\"},{\"@type\":\"ListItem\",\"position\":2,\"name\":\"Shop\",\"item\":\"https:\\\/\\\/bogensportdiscount.ch\\\/shop\\\/\"},{\"@type\":\"ListItem\",\"position\":3,\"name\":\"BEARPAW LONGBOWS STRONGBOW 68&#8243;\"}]},{\"@type\":\"WebSite\",\"@id\":\"https:\\\/\\\/bogensportdiscount.ch\\\/#website\",\"url\":\"https:\\\/\\\/bogensportdiscount.ch\\\/\",\"name\":\"Bogensportdiscount\",\"description\":\"\",\"potentialAction\":[{\"@type\":\"SearchAction\",\"target\":{\"@type\":\"EntryPoint\",\"urlTemplate\":\"https:\\\/\\\/bogensportdiscount.ch\\\/?s={search_term_string}\"},\"query-input\":{\"@type\":\"PropertyValueSpecification\",\"valueRequired\":true,\"valueName\":\"search_term_string\"}}],\"inLanguage\":\"fr-FR\"}]}<\/script>\n<!-- \/ Yoast SEO plugin. -->","yoast_head_json":{"title":"BEARPAW LONGBOWS STRONGBOW 68&quot; - Bogensportdiscount \u2013 Arcs, fl\u00e8ches, cibles et accessoires","description":"Achetez l&#x27;arc BEARPAW LONGBOWS STRONGBOW 68&quot; \u00e0 prix avantageux chez Bogensportdiscount \u2013 Les meilleures marques, livraison rapide depuis la Suisse.","robots":{"index":"index","follow":"follow","max-snippet":"max-snippet:-1","max-image-preview":"max-image-preview:large","max-video-preview":"max-video-preview:-1"},"canonical":"https:\/\/bogensportdiscount.ch\/fr\/produit\/bearpaw-langbogen-strongbow-68\/","og_locale":"fr_FR","og_type":"article","og_title":"BEARPAW LONGBOWS STRONGBOW 68&quot; - Bogensportdiscount \u2013 Arcs, fl\u00e8ches, cibles et accessoires","og_description":"Achetez l&#x27;arc BEARPAW LONGBOWS STRONGBOW 68&quot; \u00e0 prix avantageux chez Bogensportdiscount \u2013 Les meilleures marques, livraison rapide depuis la Suisse.","og_url":"https:\/\/bogensportdiscount.ch\/fr\/produit\/bearpaw-langbogen-strongbow-68\/","og_site_name":"Bogensportdiscount \u2013 B\u00f6gen, Pfeile, Targets &amp; Zubeh\u00f6r","article_modified_time":"2026-04-21T07:36:39+00:00","og_image":[{"width":1000,"height":1000,"url":"https:\/\/bogensportdiscount.ch\/wp-content\/uploads\/bsm-images\/A094068_1.jpg","type":"image\/jpeg"}],"twitter_card":"summary_large_image","schema":{"@context":"https:\/\/schema.org","@graph":[{"@type":"WebPage","@id":"https:\/\/bogensportdiscount.ch\/produkt\/bearpaw-langbogen-strongbow-68\/","url":"https:\/\/bogensportdiscount.ch\/produkt\/bearpaw-langbogen-strongbow-68\/","name":"BEARPAW LONGBOWS STRONGBOW 68&quot; - Bogensportdiscount \u2013 Arcs, fl\u00e8ches, cibles et accessoires","isPartOf":{"@id":"https:\/\/bogensportdiscount.ch\/#website"},"primaryImageOfPage":{"@id":"https:\/\/bogensportdiscount.ch\/produkt\/bearpaw-langbogen-strongbow-68\/#primaryimage"},"image":{"@id":"https:\/\/bogensportdiscount.ch\/produkt\/bearpaw-langbogen-strongbow-68\/#primaryimage"},"thumbnailUrl":"https:\/\/bogensportdiscount.ch\/wp-content\/uploads\/bsm-images\/A094068_1.jpg","datePublished":"2026-04-05T13:36:01+00:00","dateModified":"2026-04-21T07:36:39+00:00","description":"Achetez l&#x27;arc BEARPAW LONGBOWS STRONGBOW 68&quot; \u00e0 prix avantageux chez Bogensportdiscount \u2013 Les meilleures marques, livraison rapide depuis la Suisse.","breadcrumb":{"@id":"https:\/\/bogensportdiscount.ch\/produkt\/bearpaw-langbogen-strongbow-68\/#breadcrumb"},"inLanguage":"fr-FR","potentialAction":[{"@type":"ReadAction","target":["https:\/\/bogensportdiscount.ch\/produkt\/bearpaw-langbogen-strongbow-68\/"]}]},{"@type":"ImageObject","inLanguage":"fr-FR","@id":"https:\/\/bogensportdiscount.ch\/produkt\/bearpaw-langbogen-strongbow-68\/#primaryimage","url":"https:\/\/bogensportdiscount.ch\/wp-content\/uploads\/bsm-images\/A094068_1.jpg","contentUrl":"https:\/\/bogensportdiscount.ch\/wp-content\/uploads\/bsm-images\/A094068_1.jpg","width":1000,"height":1000},{"@type":"BreadcrumbList","@id":"https:\/\/bogensportdiscount.ch\/produkt\/bearpaw-langbogen-strongbow-68\/#breadcrumb","itemListElement":[{"@type":"ListItem","position":1,"name":"Home","item":"https:\/\/bogensportdiscount.ch\/"},{"@type":"ListItem","position":2,"name":"Shop","item":"https:\/\/bogensportdiscount.ch\/shop\/"},{"@type":"ListItem","position":3,"name":"BEARPAW LONGBOWS STRONGBOW 68&#8243;"}]},{"@type":"WebSite","@id":"https:\/\/bogensportdiscount.ch\/#website","url":"https:\/\/bogensportdiscount.ch\/","name":"Bogensportdiscount","description":"","potentialAction":[{"@type":"SearchAction","target":{"@type":"EntryPoint","urlTemplate":"https:\/\/bogensportdiscount.ch\/?s={search_term_string}"},"query-input":{"@type":"PropertyValueSpecification","valueRequired":true,"valueName":"search_term_string"}}],"inLanguage":"fr-FR"}]}},"_links":{"self":[{"href":"https:\/\/bogensportdiscount.ch\/fr\/wp-json\/wp\/v2\/product\/427220","targetHints":{"allow":["GET"]}}],"collection":[{"href":"https:\/\/bogensportdiscount.ch\/fr\/wp-json\/wp\/v2\/product"}],"about":[{"href":"https:\/\/bogensportdiscount.ch\/fr\/wp-json\/wp\/v2\/types\/product"}],"replies":[{"embeddable":true,"href":"https:\/\/bogensportdiscount.ch\/fr\/wp-json\/wp\/v2\/comments?post=427220"}],"wp:featuredmedia":[{"embeddable":true,"href":"https:\/\/bogensportdiscount.ch\/fr\/wp-json\/wp\/v2\/media\/523296"}],"wp:attachment":[{"href":"https:\/\/bogensportdiscount.ch\/fr\/wp-json\/wp\/v2\/media?parent=427220"}],"wp:term":[{"taxonomy":"product_brand","embeddable":true,"href":"https:\/\/bogensportdiscount.ch\/fr\/wp-json\/wp\/v2\/product_brand?post=427220"},{"taxonomy":"product_cat","embeddable":true,"href":"https:\/\/bogensportdiscount.ch\/fr\/wp-json\/wp\/v2\/product_cat?post=427220"},{"taxonomy":"product_tag","embeddable":true,"href":"https:\/\/bogensportdiscount.ch\/fr\/wp-json\/wp\/v2\/product_tag?post=427220"}],"curies":[{"name":"wp","href":"https:\/\/api.w.org\/{rel}","templated":true}]}}