{"id":427032,"date":"2026-04-05T15:35:35","date_gmt":"2026-04-05T13:35:35","guid":{"rendered":"https:\/\/bogensportdiscount.ch\/produkt\/feathers-full-length-rw-barred-white-50-pk\/"},"modified":"2026-05-14T15:27:41","modified_gmt":"2026-05-14T13:27:41","slug":"bearpaw-federn-full-length-rw-barred-10-zoll","status":"publish","type":"product","link":"https:\/\/bogensportdiscount.ch\/fr\/produit\/bearpaw-federn-full-length-rw-barred-10-zoll\/","title":{"rendered":"BEARPAW Feder VOLL L\u00c4NGE, RW, Barred 50\/PK"},"content":{"rendered":"<p>Les plumes BEARPAW Full-Length RW Barred sont des plumes naturelles en pleine longueur (10 pouces) avec un motif Barred. Les plumes \u00e0 rotation droite (RW) conviennent \u00e0 l'empennage traditionnel de fl\u00e8ches en bois et en carbone.<\/p>\n<p>Les plumes sont disponibles dans les couleurs Bleu et Rouge et sont livr\u00e9es en pratiques paquets de 100 pi\u00e8ces, ce qui les rend particuli\u00e8rement adapt\u00e9es aux archers qui empennent r\u00e9guli\u00e8rement leurs propres fl\u00e8ches.<\/p>\n<ul>\n<li>Plumes naturelles pleine longueur, 10 pouces<\/li>\n<li>Orientation \u00e0 droite (RW)<\/li>\n<li>Motif Barred en Bleu ou Rouge<\/li>\n<li>50 pi\u00e8ces par paquet<\/li>\n<\/ul>","protected":false},"excerpt":{"rendered":"<table>\n<tr>\n<th>Propri\u00e9t\u00e9<\/th>\n<th>Valeur<\/th>\n<\/tr>\n<tr>\n<td>Type<\/td>\n<td>Barred color<\/td>\n<\/tr>\n<tr>\n<td>Longueur<\/td>\n<td>10 pouces<\/td>\n<\/tr>\n<tr>\n<td>Forme<\/td>\n<td>Pleine longueur<\/td>\n<\/tr>\n<tr>\n<td>Unit\u00e9 de conditionnement<\/td>\n<td>50 pi\u00e8ces<\/td>\n<\/tr>\n<tr>\n<td>Couleurs<\/td>\n<td>Bleu, Rouge<\/td>\n<\/tr>\n<\/table>","protected":false},"featured_media":527547,"comment_status":"open","ping_status":"closed","template":"","meta":[],"product_brand":[442],"product_cat":[4307],"product_tag":[],"class_list":{"0":"post-427032","1":"product","2":"type-product","3":"status-publish","4":"has-post-thumbnail","6":"product_brand-bearpaw","7":"product_cat-federn-vanes-nocks-wraps","8":"product_shipping_class-bsd-standard","10":"first","11":"instock","12":"shipping-taxable","13":"purchasable","14":"product-type-variable"},"yoast_head":"<!-- This site is optimized with the Yoast SEO plugin v27.6 - https:\/\/yoast.com\/product\/yoast-seo-wordpress\/ -->\n<title>BEARPAW Feder VOLL L\u00c4NGE, RW, Barred 50\/PK - Bogensportdiscount \u2013 B\u00f6gen, Pfeile, Targets &amp; Zubeh\u00f6r<\/title>\n<meta name=\"description\" content=\"BEARPAW Feder VOLL L\u00c4NGE, RW, Barred 50\/PK g\u00fcnstig kaufen bei Bogensportdiscount \u2013 Top-Marken, schneller Versand aus der Schweiz.\" \/>\n<meta name=\"robots\" content=\"index, follow, max-snippet:-1, max-image-preview:large, max-video-preview:-1\" \/>\n<link rel=\"canonical\" href=\"https:\/\/bogensportdiscount.ch\/fr\/produit\/bearpaw-federn-full-length-rw-barred-10-zoll\/\" \/>\n<meta property=\"og:locale\" content=\"fr_FR\" \/>\n<meta property=\"og:type\" content=\"article\" \/>\n<meta property=\"og:title\" content=\"BEARPAW Feder VOLL L\u00c4NGE, RW, Barred 50\/PK - Bogensportdiscount \u2013 B\u00f6gen, Pfeile, Targets &amp; Zubeh\u00f6r\" \/>\n<meta property=\"og:description\" content=\"BEARPAW Feder VOLL L\u00c4NGE, RW, Barred 50\/PK g\u00fcnstig kaufen bei Bogensportdiscount \u2013 Top-Marken, schneller Versand aus der Schweiz.\" \/>\n<meta property=\"og:url\" content=\"https:\/\/bogensportdiscount.ch\/fr\/produit\/bearpaw-federn-full-length-rw-barred-10-zoll\/\" \/>\n<meta property=\"og:site_name\" content=\"Bogensportdiscount \u2013 B\u00f6gen, Pfeile, Targets &amp; Zubeh\u00f6r\" \/>\n<meta property=\"article:modified_time\" content=\"2026-05-14T13:27:41+00:00\" \/>\n<meta property=\"og:image\" content=\"https:\/\/bogensportdiscount.ch\/wp-content\/uploads\/bsm-images\/a093789_ssa.png\" \/>\n\t<meta property=\"og:image:width\" content=\"400\" \/>\n\t<meta property=\"og:image:height\" content=\"247\" \/>\n\t<meta property=\"og:image:type\" content=\"image\/png\" \/>\n<meta name=\"twitter:card\" content=\"summary_large_image\" \/>\n<script type=\"application\/ld+json\" class=\"yoast-schema-graph\">{\"@context\":\"https:\\\/\\\/schema.org\",\"@graph\":[{\"@type\":\"WebPage\",\"@id\":\"https:\\\/\\\/bogensportdiscount.ch\\\/produkt\\\/bearpaw-federn-full-length-rw-barred-10-zoll\\\/\",\"url\":\"https:\\\/\\\/bogensportdiscount.ch\\\/produkt\\\/bearpaw-federn-full-length-rw-barred-10-zoll\\\/\",\"name\":\"BEARPAW Feder VOLL L\u00c4NGE, RW, Barred 50\\\/PK - Bogensportdiscount \u2013 B\u00f6gen, Pfeile, Targets &amp; Zubeh\u00f6r\",\"isPartOf\":{\"@id\":\"https:\\\/\\\/bogensportdiscount.ch\\\/#website\"},\"primaryImageOfPage\":{\"@id\":\"https:\\\/\\\/bogensportdiscount.ch\\\/produkt\\\/bearpaw-federn-full-length-rw-barred-10-zoll\\\/#primaryimage\"},\"image\":{\"@id\":\"https:\\\/\\\/bogensportdiscount.ch\\\/produkt\\\/bearpaw-federn-full-length-rw-barred-10-zoll\\\/#primaryimage\"},\"thumbnailUrl\":\"https:\\\/\\\/bogensportdiscount.ch\\\/wp-content\\\/uploads\\\/bsm-images\\\/a093789_ssa.png\",\"datePublished\":\"2026-04-05T13:35:35+00:00\",\"dateModified\":\"2026-05-14T13:27:41+00:00\",\"description\":\"BEARPAW Feder VOLL L\u00c4NGE, RW, Barred 50\\\/PK g\u00fcnstig kaufen bei Bogensportdiscount \u2013 Top-Marken, schneller Versand aus der Schweiz.\",\"breadcrumb\":{\"@id\":\"https:\\\/\\\/bogensportdiscount.ch\\\/produkt\\\/bearpaw-federn-full-length-rw-barred-10-zoll\\\/#breadcrumb\"},\"inLanguage\":\"fr-FR\",\"potentialAction\":[{\"@type\":\"ReadAction\",\"target\":[\"https:\\\/\\\/bogensportdiscount.ch\\\/produkt\\\/bearpaw-federn-full-length-rw-barred-10-zoll\\\/\"]}]},{\"@type\":\"ImageObject\",\"inLanguage\":\"fr-FR\",\"@id\":\"https:\\\/\\\/bogensportdiscount.ch\\\/produkt\\\/bearpaw-federn-full-length-rw-barred-10-zoll\\\/#primaryimage\",\"url\":\"https:\\\/\\\/bogensportdiscount.ch\\\/wp-content\\\/uploads\\\/bsm-images\\\/a093789_ssa.png\",\"contentUrl\":\"https:\\\/\\\/bogensportdiscount.ch\\\/wp-content\\\/uploads\\\/bsm-images\\\/a093789_ssa.png\",\"width\":400,\"height\":247},{\"@type\":\"BreadcrumbList\",\"@id\":\"https:\\\/\\\/bogensportdiscount.ch\\\/produkt\\\/bearpaw-federn-full-length-rw-barred-10-zoll\\\/#breadcrumb\",\"itemListElement\":[{\"@type\":\"ListItem\",\"position\":1,\"name\":\"Home\",\"item\":\"https:\\\/\\\/bogensportdiscount.ch\\\/\"},{\"@type\":\"ListItem\",\"position\":2,\"name\":\"Shop\",\"item\":\"https:\\\/\\\/bogensportdiscount.ch\\\/shop\\\/\"},{\"@type\":\"ListItem\",\"position\":3,\"name\":\"BEARPAW Feder VOLL L\u00c4NGE, RW, Barred 50\\\/PK\"}]},{\"@type\":\"WebSite\",\"@id\":\"https:\\\/\\\/bogensportdiscount.ch\\\/#website\",\"url\":\"https:\\\/\\\/bogensportdiscount.ch\\\/\",\"name\":\"Bogensportdiscount\",\"description\":\"\",\"potentialAction\":[{\"@type\":\"SearchAction\",\"target\":{\"@type\":\"EntryPoint\",\"urlTemplate\":\"https:\\\/\\\/bogensportdiscount.ch\\\/?s={search_term_string}\"},\"query-input\":{\"@type\":\"PropertyValueSpecification\",\"valueRequired\":true,\"valueName\":\"search_term_string\"}}],\"inLanguage\":\"fr-FR\"}]}<\/script>\n<!-- \/ Yoast SEO plugin. -->","yoast_head_json":{"title":"BEARPAW Feder VOLL L\u00c4NGE, RW, Barred 50\/PK - Bogensportdiscount \u2013 B\u00f6gen, Pfeile, Targets &amp; Zubeh\u00f6r","description":"BEARPAW Feder VOLL L\u00c4NGE, RW, Barred 50\/PK g\u00fcnstig kaufen bei Bogensportdiscount \u2013 Top-Marken, schneller Versand aus der Schweiz.","robots":{"index":"index","follow":"follow","max-snippet":"max-snippet:-1","max-image-preview":"max-image-preview:large","max-video-preview":"max-video-preview:-1"},"canonical":"https:\/\/bogensportdiscount.ch\/fr\/produit\/bearpaw-federn-full-length-rw-barred-10-zoll\/","og_locale":"fr_FR","og_type":"article","og_title":"BEARPAW Feder VOLL L\u00c4NGE, RW, Barred 50\/PK - Bogensportdiscount \u2013 B\u00f6gen, Pfeile, Targets &amp; Zubeh\u00f6r","og_description":"BEARPAW Feder VOLL L\u00c4NGE, RW, Barred 50\/PK g\u00fcnstig kaufen bei Bogensportdiscount \u2013 Top-Marken, schneller Versand aus der Schweiz.","og_url":"https:\/\/bogensportdiscount.ch\/fr\/produit\/bearpaw-federn-full-length-rw-barred-10-zoll\/","og_site_name":"Bogensportdiscount \u2013 B\u00f6gen, Pfeile, Targets &amp; Zubeh\u00f6r","article_modified_time":"2026-05-14T13:27:41+00:00","og_image":[{"width":400,"height":247,"url":"https:\/\/bogensportdiscount.ch\/wp-content\/uploads\/bsm-images\/a093789_ssa.png","type":"image\/png"}],"twitter_card":"summary_large_image","schema":{"@context":"https:\/\/schema.org","@graph":[{"@type":"WebPage","@id":"https:\/\/bogensportdiscount.ch\/produkt\/bearpaw-federn-full-length-rw-barred-10-zoll\/","url":"https:\/\/bogensportdiscount.ch\/produkt\/bearpaw-federn-full-length-rw-barred-10-zoll\/","name":"BEARPAW Feder VOLL L\u00c4NGE, RW, Barred 50\/PK - Bogensportdiscount \u2013 B\u00f6gen, Pfeile, Targets &amp; Zubeh\u00f6r","isPartOf":{"@id":"https:\/\/bogensportdiscount.ch\/#website"},"primaryImageOfPage":{"@id":"https:\/\/bogensportdiscount.ch\/produkt\/bearpaw-federn-full-length-rw-barred-10-zoll\/#primaryimage"},"image":{"@id":"https:\/\/bogensportdiscount.ch\/produkt\/bearpaw-federn-full-length-rw-barred-10-zoll\/#primaryimage"},"thumbnailUrl":"https:\/\/bogensportdiscount.ch\/wp-content\/uploads\/bsm-images\/a093789_ssa.png","datePublished":"2026-04-05T13:35:35+00:00","dateModified":"2026-05-14T13:27:41+00:00","description":"BEARPAW Feder VOLL L\u00c4NGE, RW, Barred 50\/PK g\u00fcnstig kaufen bei Bogensportdiscount \u2013 Top-Marken, schneller Versand aus der Schweiz.","breadcrumb":{"@id":"https:\/\/bogensportdiscount.ch\/produkt\/bearpaw-federn-full-length-rw-barred-10-zoll\/#breadcrumb"},"inLanguage":"fr-FR","potentialAction":[{"@type":"ReadAction","target":["https:\/\/bogensportdiscount.ch\/produkt\/bearpaw-federn-full-length-rw-barred-10-zoll\/"]}]},{"@type":"ImageObject","inLanguage":"fr-FR","@id":"https:\/\/bogensportdiscount.ch\/produkt\/bearpaw-federn-full-length-rw-barred-10-zoll\/#primaryimage","url":"https:\/\/bogensportdiscount.ch\/wp-content\/uploads\/bsm-images\/a093789_ssa.png","contentUrl":"https:\/\/bogensportdiscount.ch\/wp-content\/uploads\/bsm-images\/a093789_ssa.png","width":400,"height":247},{"@type":"BreadcrumbList","@id":"https:\/\/bogensportdiscount.ch\/produkt\/bearpaw-federn-full-length-rw-barred-10-zoll\/#breadcrumb","itemListElement":[{"@type":"ListItem","position":1,"name":"Home","item":"https:\/\/bogensportdiscount.ch\/"},{"@type":"ListItem","position":2,"name":"Shop","item":"https:\/\/bogensportdiscount.ch\/shop\/"},{"@type":"ListItem","position":3,"name":"BEARPAW Feder VOLL L\u00c4NGE, RW, Barred 50\/PK"}]},{"@type":"WebSite","@id":"https:\/\/bogensportdiscount.ch\/#website","url":"https:\/\/bogensportdiscount.ch\/","name":"Bogensportdiscount","description":"","potentialAction":[{"@type":"SearchAction","target":{"@type":"EntryPoint","urlTemplate":"https:\/\/bogensportdiscount.ch\/?s={search_term_string}"},"query-input":{"@type":"PropertyValueSpecification","valueRequired":true,"valueName":"search_term_string"}}],"inLanguage":"fr-FR"}]}},"_links":{"self":[{"href":"https:\/\/bogensportdiscount.ch\/fr\/wp-json\/wp\/v2\/product\/427032","targetHints":{"allow":["GET"]}}],"collection":[{"href":"https:\/\/bogensportdiscount.ch\/fr\/wp-json\/wp\/v2\/product"}],"about":[{"href":"https:\/\/bogensportdiscount.ch\/fr\/wp-json\/wp\/v2\/types\/product"}],"replies":[{"embeddable":true,"href":"https:\/\/bogensportdiscount.ch\/fr\/wp-json\/wp\/v2\/comments?post=427032"}],"wp:featuredmedia":[{"embeddable":true,"href":"https:\/\/bogensportdiscount.ch\/fr\/wp-json\/wp\/v2\/media\/527547"}],"wp:attachment":[{"href":"https:\/\/bogensportdiscount.ch\/fr\/wp-json\/wp\/v2\/media?parent=427032"}],"wp:term":[{"taxonomy":"product_brand","embeddable":true,"href":"https:\/\/bogensportdiscount.ch\/fr\/wp-json\/wp\/v2\/product_brand?post=427032"},{"taxonomy":"product_cat","embeddable":true,"href":"https:\/\/bogensportdiscount.ch\/fr\/wp-json\/wp\/v2\/product_cat?post=427032"},{"taxonomy":"product_tag","embeddable":true,"href":"https:\/\/bogensportdiscount.ch\/fr\/wp-json\/wp\/v2\/product_tag?post=427032"}],"curies":[{"name":"wp","href":"https:\/\/api.w.org\/{rel}","templated":true}]}}