{"id":426549,"date":"2026-04-05T15:34:36","date_gmt":"2026-04-05T13:34:36","guid":{"rendered":"https:\/\/bogensportdiscount.ch\/produkt\/shooting-glove-deerskin-full-palm-leather-with-cordovan-fingertips-small\/"},"modified":"2026-05-14T15:27:38","modified_gmt":"2026-05-14T13:27:38","slug":"bearpaw-schiesshandschuh-deerskin-vollpalme-leder-cordovan-fingerkuppen","status":"publish","type":"product","link":"https:\/\/bogensportdiscount.ch\/fr\/produit\/bearpaw-schiesshandschuh-deerskin-vollpalme-leder-cordovan-fingerkuppen\/","title":{"rendered":"BEARPAW Gant de tir Cuir de cerf pleine paume avec bouts de doigts Cordovan"},"content":{"rendered":"<p>Le gant de tir BEARPAW Deerskin est un gant de tir \u00e0 l'arc classique en cuir de cerf souple. La construction paume enti\u00e8re assure un ajustement confortable et un maintien s\u00fbr sur la poign\u00e9e, tandis que les bouts de doigts en Cordovan prot\u00e8gent de mani\u00e8re fiable les trois doigts de traction contre la corde de l'arc.<\/p>\n<p>Le Cordovan est un cuir particuli\u00e8rement r\u00e9sistant et lisse, qui se distingue par sa haute durabilit\u00e9 et permet une image de traction uniforme. Le gant convient aux archers de tir traditionnel qui pr\u00e9f\u00e8rent un gant \u00e0 paume enti\u00e8re.<\/p>\n<ul>\n<li>Dessus en cuir de cerf souple (Deerskin)<\/li>\n<li>Design paume enti\u00e8re pour un bon maintien et un confort optimal<\/li>\n<li>Bouts de doigts en Cordovan pour une durabilit\u00e9 accrue<\/li>\n<li>Disponible en S, M, L et XL<\/li>\n<\/ul>","protected":false},"excerpt":{"rendered":"<table>\n<tr>\n<th>Propri\u00e9t\u00e9<\/th>\n<th>Valeur<\/th>\n<\/tr>\n<tr>\n<td>Marque<\/td>\n<td>Bearpaw<\/td>\n<\/tr>\n<tr>\n<td>Pays d'origine<\/td>\n<td>Pakistan<\/td>\n<\/tr>\n<\/table>","protected":false},"featured_media":453423,"comment_status":"open","ping_status":"closed","template":"","meta":[],"product_brand":[442],"product_cat":[4447],"product_tag":[],"class_list":{"0":"post-426549","1":"product","2":"type-product","3":"status-publish","4":"has-post-thumbnail","6":"product_brand-bearpaw","7":"product_cat-schiesshandschuh","8":"product_shipping_class-bsd-standard","10":"first","11":"instock","12":"shipping-taxable","13":"purchasable","14":"product-type-variable"},"yoast_head":"<!-- This site is optimized with the Yoast SEO plugin v27.6 - https:\/\/yoast.com\/product\/yoast-seo-wordpress\/ -->\n<title>BEARPAW GANT DE TIR CUIR DE CERF PLEINE PAUME AVEC BOUTS DE DOIGTS EN CORDOVAN - Bogensportdiscount \u2013 Arcs, fl\u00e8ches, cibles et accessoires<\/title>\n<meta name=\"description\" content=\"Achetez le BEARPAW GANT DE TIR CUIR DE CERF PLEINE PAUME AVEC BOUTS DE DOIGTS EN CORDOVAN \u00e0 prix avantageux chez Bogensportdiscount \u2013 Grandes marques, livraison rapide depuis la Suisse.\" \/>\n<meta name=\"robots\" content=\"index, follow, max-snippet:-1, max-image-preview:large, max-video-preview:-1\" \/>\n<link rel=\"canonical\" href=\"https:\/\/bogensportdiscount.ch\/fr\/produit\/bearpaw-schiesshandschuh-deerskin-vollpalme-leder-cordovan-fingerkuppen\/\" \/>\n<meta property=\"og:locale\" content=\"fr_FR\" \/>\n<meta property=\"og:type\" content=\"article\" \/>\n<meta property=\"og:title\" content=\"BEARPAW GANT DE TIR CUIR DE CERF PLEINE PAUME AVEC BOUTS DE DOIGTS EN CORDOVAN - Bogensportdiscount \u2013 Arcs, fl\u00e8ches, cibles et accessoires\" \/>\n<meta property=\"og:description\" content=\"Achetez le BEARPAW GANT DE TIR CUIR DE CERF PLEINE PAUME AVEC BOUTS DE DOIGTS EN CORDOVAN \u00e0 prix avantageux chez Bogensportdiscount \u2013 Grandes marques, livraison rapide depuis la Suisse.\" \/>\n<meta property=\"og:url\" content=\"https:\/\/bogensportdiscount.ch\/fr\/produit\/bearpaw-schiesshandschuh-deerskin-vollpalme-leder-cordovan-fingerkuppen\/\" \/>\n<meta property=\"og:site_name\" content=\"Bogensportdiscount \u2013 B\u00f6gen, Pfeile, Targets &amp; Zubeh\u00f6r\" \/>\n<meta property=\"article:modified_time\" content=\"2026-05-14T13:27:38+00:00\" \/>\n<meta property=\"og:image\" content=\"https:\/\/bogensportdiscount.ch\/wp-content\/uploads\/bsm-images\/a093223_1.png\" \/>\n\t<meta property=\"og:image:width\" content=\"205\" \/>\n\t<meta property=\"og:image:height\" content=\"400\" \/>\n\t<meta property=\"og:image:type\" content=\"image\/png\" \/>\n<meta name=\"twitter:card\" content=\"summary_large_image\" \/>\n<script type=\"application\/ld+json\" class=\"yoast-schema-graph\">{\"@context\":\"https:\\\/\\\/schema.org\",\"@graph\":[{\"@type\":\"WebPage\",\"@id\":\"https:\\\/\\\/bogensportdiscount.ch\\\/produkt\\\/bearpaw-schiesshandschuh-deerskin-vollpalme-leder-cordovan-fingerkuppen\\\/\",\"url\":\"https:\\\/\\\/bogensportdiscount.ch\\\/produkt\\\/bearpaw-schiesshandschuh-deerskin-vollpalme-leder-cordovan-fingerkuppen\\\/\",\"name\":\"BEARPAW Schiesshandschuh Hirschleder volle Handflaeche mit Cordovan Fingerkuppen - Bogensportdiscount \u2013 B\u00f6gen, Pfeile, Targets &amp; Zubeh\u00f6r\",\"isPartOf\":{\"@id\":\"https:\\\/\\\/bogensportdiscount.ch\\\/#website\"},\"primaryImageOfPage\":{\"@id\":\"https:\\\/\\\/bogensportdiscount.ch\\\/produkt\\\/bearpaw-schiesshandschuh-deerskin-vollpalme-leder-cordovan-fingerkuppen\\\/#primaryimage\"},\"image\":{\"@id\":\"https:\\\/\\\/bogensportdiscount.ch\\\/produkt\\\/bearpaw-schiesshandschuh-deerskin-vollpalme-leder-cordovan-fingerkuppen\\\/#primaryimage\"},\"thumbnailUrl\":\"https:\\\/\\\/bogensportdiscount.ch\\\/wp-content\\\/uploads\\\/bsm-images\\\/a093223_1.png\",\"datePublished\":\"2026-04-05T13:34:36+00:00\",\"dateModified\":\"2026-05-14T13:27:38+00:00\",\"description\":\"BEARPAW Schiesshandschuh Hirschleder volle Handflaeche mit Cordovan Fingerkuppen g\u00fcnstig kaufen bei Bogensportdiscount \u2013 Top-Marken, schneller Versand aus der Schweiz.\",\"breadcrumb\":{\"@id\":\"https:\\\/\\\/bogensportdiscount.ch\\\/produkt\\\/bearpaw-schiesshandschuh-deerskin-vollpalme-leder-cordovan-fingerkuppen\\\/#breadcrumb\"},\"inLanguage\":\"fr-FR\",\"potentialAction\":[{\"@type\":\"ReadAction\",\"target\":[\"https:\\\/\\\/bogensportdiscount.ch\\\/produkt\\\/bearpaw-schiesshandschuh-deerskin-vollpalme-leder-cordovan-fingerkuppen\\\/\"]}]},{\"@type\":\"ImageObject\",\"inLanguage\":\"fr-FR\",\"@id\":\"https:\\\/\\\/bogensportdiscount.ch\\\/produkt\\\/bearpaw-schiesshandschuh-deerskin-vollpalme-leder-cordovan-fingerkuppen\\\/#primaryimage\",\"url\":\"https:\\\/\\\/bogensportdiscount.ch\\\/wp-content\\\/uploads\\\/bsm-images\\\/a093223_1.png\",\"contentUrl\":\"https:\\\/\\\/bogensportdiscount.ch\\\/wp-content\\\/uploads\\\/bsm-images\\\/a093223_1.png\",\"width\":205,\"height\":400},{\"@type\":\"BreadcrumbList\",\"@id\":\"https:\\\/\\\/bogensportdiscount.ch\\\/produkt\\\/bearpaw-schiesshandschuh-deerskin-vollpalme-leder-cordovan-fingerkuppen\\\/#breadcrumb\",\"itemListElement\":[{\"@type\":\"ListItem\",\"position\":1,\"name\":\"Home\",\"item\":\"https:\\\/\\\/bogensportdiscount.ch\\\/\"},{\"@type\":\"ListItem\",\"position\":2,\"name\":\"Shop\",\"item\":\"https:\\\/\\\/bogensportdiscount.ch\\\/shop\\\/\"},{\"@type\":\"ListItem\",\"position\":3,\"name\":\"BEARPAW SCHIESSHANDSCHUH HIRSCHLEDER VOLLE HANDFLAECHE MIT CORDOVAN FINGERKUPPEN\"}]},{\"@type\":\"WebSite\",\"@id\":\"https:\\\/\\\/bogensportdiscount.ch\\\/#website\",\"url\":\"https:\\\/\\\/bogensportdiscount.ch\\\/\",\"name\":\"Bogensportdiscount\",\"description\":\"\",\"potentialAction\":[{\"@type\":\"SearchAction\",\"target\":{\"@type\":\"EntryPoint\",\"urlTemplate\":\"https:\\\/\\\/bogensportdiscount.ch\\\/?s={search_term_string}\"},\"query-input\":{\"@type\":\"PropertyValueSpecification\",\"valueRequired\":true,\"valueName\":\"search_term_string\"}}],\"inLanguage\":\"fr-FR\"}]}<\/script>\n<!-- \/ Yoast SEO plugin. -->","yoast_head_json":{"title":"BEARPAW GANT DE TIR CUIR DE CERF PLEINE PAUME AVEC BOUTS DE DOIGTS EN CORDOVAN - Bogensportdiscount \u2013 Arcs, fl\u00e8ches, cibles et accessoires","description":"Achetez le BEARPAW GANT DE TIR CUIR DE CERF PLEINE PAUME AVEC BOUTS DE DOIGTS EN CORDOVAN \u00e0 prix avantageux chez Bogensportdiscount \u2013 Grandes marques, livraison rapide depuis la Suisse.","robots":{"index":"index","follow":"follow","max-snippet":"max-snippet:-1","max-image-preview":"max-image-preview:large","max-video-preview":"max-video-preview:-1"},"canonical":"https:\/\/bogensportdiscount.ch\/fr\/produit\/bearpaw-schiesshandschuh-deerskin-vollpalme-leder-cordovan-fingerkuppen\/","og_locale":"fr_FR","og_type":"article","og_title":"BEARPAW GANT DE TIR CUIR DE CERF PLEINE PAUME AVEC BOUTS DE DOIGTS EN CORDOVAN - Bogensportdiscount \u2013 Arcs, fl\u00e8ches, cibles et accessoires","og_description":"Achetez le BEARPAW GANT DE TIR CUIR DE CERF PLEINE PAUME AVEC BOUTS DE DOIGTS EN CORDOVAN \u00e0 prix avantageux chez Bogensportdiscount \u2013 Grandes marques, livraison rapide depuis la Suisse.","og_url":"https:\/\/bogensportdiscount.ch\/fr\/produit\/bearpaw-schiesshandschuh-deerskin-vollpalme-leder-cordovan-fingerkuppen\/","og_site_name":"Bogensportdiscount \u2013 B\u00f6gen, Pfeile, Targets &amp; Zubeh\u00f6r","article_modified_time":"2026-05-14T13:27:38+00:00","og_image":[{"width":205,"height":400,"url":"https:\/\/bogensportdiscount.ch\/wp-content\/uploads\/bsm-images\/a093223_1.png","type":"image\/png"}],"twitter_card":"summary_large_image","schema":{"@context":"https:\/\/schema.org","@graph":[{"@type":"WebPage","@id":"https:\/\/bogensportdiscount.ch\/produkt\/bearpaw-schiesshandschuh-deerskin-vollpalme-leder-cordovan-fingerkuppen\/","url":"https:\/\/bogensportdiscount.ch\/produkt\/bearpaw-schiesshandschuh-deerskin-vollpalme-leder-cordovan-fingerkuppen\/","name":"BEARPAW Gant de tir en cuir de cerf pleine paume avec bouts de doigts en Cordovan - Bogensportdiscount \u2013 Arcs, fl\u00e8ches, cibles et accessoires","isPartOf":{"@id":"https:\/\/bogensportdiscount.ch\/#website"},"primaryImageOfPage":{"@id":"https:\/\/bogensportdiscount.ch\/produkt\/bearpaw-schiesshandschuh-deerskin-vollpalme-leder-cordovan-fingerkuppen\/#primaryimage"},"image":{"@id":"https:\/\/bogensportdiscount.ch\/produkt\/bearpaw-schiesshandschuh-deerskin-vollpalme-leder-cordovan-fingerkuppen\/#primaryimage"},"thumbnailUrl":"https:\/\/bogensportdiscount.ch\/wp-content\/uploads\/bsm-images\/a093223_1.png","datePublished":"2026-04-05T13:34:36+00:00","dateModified":"2026-05-14T13:27:38+00:00","description":"Achetez le gant de tir BEARPAW en cuir de cerf pleine paume avec bouts de doigts en Cordovan \u00e0 prix avantageux chez Bogensportdiscount \u2013 Top marques, livraison rapide depuis la Suisse.","breadcrumb":{"@id":"https:\/\/bogensportdiscount.ch\/produkt\/bearpaw-schiesshandschuh-deerskin-vollpalme-leder-cordovan-fingerkuppen\/#breadcrumb"},"inLanguage":"fr-FR","potentialAction":[{"@type":"ReadAction","target":["https:\/\/bogensportdiscount.ch\/produkt\/bearpaw-schiesshandschuh-deerskin-vollpalme-leder-cordovan-fingerkuppen\/"]}]},{"@type":"ImageObject","inLanguage":"fr-FR","@id":"https:\/\/bogensportdiscount.ch\/produkt\/bearpaw-schiesshandschuh-deerskin-vollpalme-leder-cordovan-fingerkuppen\/#primaryimage","url":"https:\/\/bogensportdiscount.ch\/wp-content\/uploads\/bsm-images\/a093223_1.png","contentUrl":"https:\/\/bogensportdiscount.ch\/wp-content\/uploads\/bsm-images\/a093223_1.png","width":205,"height":400},{"@type":"BreadcrumbList","@id":"https:\/\/bogensportdiscount.ch\/produkt\/bearpaw-schiesshandschuh-deerskin-vollpalme-leder-cordovan-fingerkuppen\/#breadcrumb","itemListElement":[{"@type":"ListItem","position":1,"name":"Home","item":"https:\/\/bogensportdiscount.ch\/"},{"@type":"ListItem","position":2,"name":"Shop","item":"https:\/\/bogensportdiscount.ch\/shop\/"},{"@type":"ListItem","position":3,"name":"BEARPAW SCHIESSHANDSCHUH HIRSCHLEDER VOLLE HANDFLAECHE MIT CORDOVAN FINGERKUPPEN"}]},{"@type":"WebSite","@id":"https:\/\/bogensportdiscount.ch\/#website","url":"https:\/\/bogensportdiscount.ch\/","name":"Bogensportdiscount","description":"","potentialAction":[{"@type":"SearchAction","target":{"@type":"EntryPoint","urlTemplate":"https:\/\/bogensportdiscount.ch\/?s={search_term_string}"},"query-input":{"@type":"PropertyValueSpecification","valueRequired":true,"valueName":"search_term_string"}}],"inLanguage":"fr-FR"}]}},"_links":{"self":[{"href":"https:\/\/bogensportdiscount.ch\/fr\/wp-json\/wp\/v2\/product\/426549","targetHints":{"allow":["GET"]}}],"collection":[{"href":"https:\/\/bogensportdiscount.ch\/fr\/wp-json\/wp\/v2\/product"}],"about":[{"href":"https:\/\/bogensportdiscount.ch\/fr\/wp-json\/wp\/v2\/types\/product"}],"replies":[{"embeddable":true,"href":"https:\/\/bogensportdiscount.ch\/fr\/wp-json\/wp\/v2\/comments?post=426549"}],"wp:featuredmedia":[{"embeddable":true,"href":"https:\/\/bogensportdiscount.ch\/fr\/wp-json\/wp\/v2\/media\/453423"}],"wp:attachment":[{"href":"https:\/\/bogensportdiscount.ch\/fr\/wp-json\/wp\/v2\/media?parent=426549"}],"wp:term":[{"taxonomy":"product_brand","embeddable":true,"href":"https:\/\/bogensportdiscount.ch\/fr\/wp-json\/wp\/v2\/product_brand?post=426549"},{"taxonomy":"product_cat","embeddable":true,"href":"https:\/\/bogensportdiscount.ch\/fr\/wp-json\/wp\/v2\/product_cat?post=426549"},{"taxonomy":"product_tag","embeddable":true,"href":"https:\/\/bogensportdiscount.ch\/fr\/wp-json\/wp\/v2\/product_tag?post=426549"}],"curies":[{"name":"wp","href":"https:\/\/api.w.org\/{rel}","templated":true}]}}