{"id":426472,"date":"2026-04-05T15:34:25","date_gmt":"2026-04-05T13:34:25","guid":{"rendered":"https:\/\/bogensportdiscount.ch\/produkt\/shooting-glove-archery-full-palm-leather-with-leather-fingertips-xxs\/"},"modified":"2026-05-14T15:27:38","modified_gmt":"2026-05-14T13:27:38","slug":"bearpaw-schiesshandschuh-archery-vollleder-leder-fingerkuppen","status":"publish","type":"product","link":"https:\/\/bogensportdiscount.ch\/fr\/produit\/bearpaw-schiesshandschuh-archery-vollleder-leder-fingerkuppen\/","title":{"rendered":"BEARPAW GANT DE TIR BOGENSPORT PAUME COMPL\u00c8TE CUIR AVEC BOUT DE DOIGTS CUIR"},"content":{"rendered":"<p>Le gant de tir BEARPAW est fabriqu\u00e9 en cuir pleine fleur de haute qualit\u00e9 et offre aux arch\u00e8res et aux archers une protection fiable pour l'ensemble de la paume. Les bouts de doigts en cuir assurent un tirage agr\u00e9able et prot\u00e8gent les doigts lors du rel\u00e2chement r\u00e9p\u00e9t\u00e9 de la corde de l'arc.<\/p>\n<p>Gr\u00e2ce \u00e0 la couverture compl\u00e8te de la paume, le gant convient particuli\u00e8rement aux tireurs qui pr\u00e9f\u00e8rent une protection int\u00e9grale lors du tir. Le cuir s'adapte avec le temps \u00e0 la main et offre un confort de port optimal.<\/p>\n<ul>\n<li>Construction en cuir pleine fleur pour la paume et les bouts de doigts<\/li>\n<li>Large choix de tailles : XXS \u00e0 XXL<\/li>\n<li>Convient pour le tir \u00e0 l'arc<\/li>\n<li>Mat\u00e9riau naturel durable<\/li>\n<\/ul>","protected":false},"excerpt":{"rendered":"<table>\n<tr>\n<th>Propri\u00e9t\u00e9<\/th>\n<th>Valeur<\/th>\n<\/tr>\n<tr>\n<td>Marque<\/td>\n<td>Bearpaw<\/td>\n<\/tr>\n<tr>\n<td>Pays d'origine<\/td>\n<td>Pakistan<\/td>\n<\/tr>\n<\/table>","protected":false},"featured_media":453631,"comment_status":"open","ping_status":"closed","template":"","meta":[],"product_brand":[442],"product_cat":[4447],"product_tag":[],"class_list":{"0":"post-426472","1":"product","2":"type-product","3":"status-publish","4":"has-post-thumbnail","6":"product_brand-bearpaw","7":"product_cat-schiesshandschuh","8":"product_shipping_class-bsd-standard","10":"first","11":"instock","12":"shipping-taxable","13":"purchasable","14":"product-type-variable"},"yoast_head":"<!-- This site is optimized with the Yoast SEO plugin v27.6 - https:\/\/yoast.com\/product\/yoast-seo-wordpress\/ -->\n<title>BEARPAW GANT DE TIR BOGENSPORT PLEINE PAUME CUIR AVEC BOUTS DE DOIGTS EN CUIR - Bogensportdiscount \u2013 Arcs, Fl\u00e8ches, Targets &amp; Accessoires<\/title>\n<meta name=\"description\" content=\"BEARPAW GANT DE TIR BOGENSPORT PLEINE PAUME CUIR AVEC BOUTS DE DOIGTS EN CUIR \u00e0 prix avantageux chez Bogensportdiscount \u2013 Top marques, livraison rapide depuis la Suisse.\" \/>\n<meta name=\"robots\" content=\"index, follow, max-snippet:-1, max-image-preview:large, max-video-preview:-1\" \/>\n<link rel=\"canonical\" href=\"https:\/\/bogensportdiscount.ch\/fr\/produit\/bearpaw-schiesshandschuh-archery-vollleder-leder-fingerkuppen\/\" \/>\n<meta property=\"og:locale\" content=\"fr_FR\" \/>\n<meta property=\"og:type\" content=\"article\" \/>\n<meta property=\"og:title\" content=\"BEARPAW GANT DE TIR BOGENSPORT PLEINE PAUME CUIR AVEC BOUTS DE DOIGTS EN CUIR - Bogensportdiscount \u2013 Arcs, Fl\u00e8ches, Targets &amp; Accessoires\" \/>\n<meta property=\"og:description\" content=\"BEARPAW GANT DE TIR BOGENSPORT PLEINE PAUME CUIR AVEC BOUTS DE DOIGTS EN CUIR \u00e0 prix avantageux chez Bogensportdiscount \u2013 Top marques, livraison rapide depuis la Suisse.\" \/>\n<meta property=\"og:url\" content=\"https:\/\/bogensportdiscount.ch\/fr\/produit\/bearpaw-schiesshandschuh-archery-vollleder-leder-fingerkuppen\/\" \/>\n<meta property=\"og:site_name\" content=\"Bogensportdiscount \u2013 B\u00f6gen, Pfeile, Targets &amp; Zubeh\u00f6r\" \/>\n<meta property=\"article:modified_time\" content=\"2026-05-14T13:27:38+00:00\" \/>\n<meta property=\"og:image\" content=\"https:\/\/bogensportdiscount.ch\/wp-content\/uploads\/2026\/04\/bogensportdiscount.ch-pfeile-boegen-zubehoer-fuer-anfaenger-und-profis-zum-besten-preis-Symbolbild-kein-foto-zu-diesem-artikel_01.jpg\" \/>\n\t<meta property=\"og:image:width\" content=\"1080\" \/>\n\t<meta property=\"og:image:height\" content=\"1080\" \/>\n\t<meta property=\"og:image:type\" content=\"image\/jpeg\" \/>\n<meta name=\"twitter:card\" content=\"summary_large_image\" \/>\n<script type=\"application\/ld+json\" class=\"yoast-schema-graph\">{\"@context\":\"https:\\\/\\\/schema.org\",\"@graph\":[{\"@type\":\"WebPage\",\"@id\":\"https:\\\/\\\/bogensportdiscount.ch\\\/produkt\\\/bearpaw-schiesshandschuh-archery-vollleder-leder-fingerkuppen\\\/\",\"url\":\"https:\\\/\\\/bogensportdiscount.ch\\\/produkt\\\/bearpaw-schiesshandschuh-archery-vollleder-leder-fingerkuppen\\\/\",\"name\":\"BEARPAW SCHIESSHANDSCHUH BOGENSPORT VOLLE HANDFL\u00c4CHE LEDER MIT LEDER-FINGERKUPPEN - Bogensportdiscount \u2013 B\u00f6gen, Pfeile, Targets &amp; Zubeh\u00f6r\",\"isPartOf\":{\"@id\":\"https:\\\/\\\/bogensportdiscount.ch\\\/#website\"},\"primaryImageOfPage\":{\"@id\":\"https:\\\/\\\/bogensportdiscount.ch\\\/produkt\\\/bearpaw-schiesshandschuh-archery-vollleder-leder-fingerkuppen\\\/#primaryimage\"},\"image\":{\"@id\":\"https:\\\/\\\/bogensportdiscount.ch\\\/produkt\\\/bearpaw-schiesshandschuh-archery-vollleder-leder-fingerkuppen\\\/#primaryimage\"},\"thumbnailUrl\":\"https:\\\/\\\/bogensportdiscount.ch\\\/wp-content\\\/uploads\\\/2026\\\/04\\\/bogensportdiscount.ch-pfeile-boegen-zubehoer-fuer-anfaenger-und-profis-zum-besten-preis-Symbolbild-kein-foto-zu-diesem-artikel_01.jpg\",\"datePublished\":\"2026-04-05T13:34:25+00:00\",\"dateModified\":\"2026-05-14T13:27:38+00:00\",\"description\":\"BEARPAW SCHIESSHANDSCHUH BOGENSPORT VOLLE HANDFL\u00c4CHE LEDER MIT LEDER-FINGERKUPPEN g\u00fcnstig kaufen bei Bogensportdiscount \u2013 Top-Marken, schneller Versand aus der Schweiz.\",\"breadcrumb\":{\"@id\":\"https:\\\/\\\/bogensportdiscount.ch\\\/produkt\\\/bearpaw-schiesshandschuh-archery-vollleder-leder-fingerkuppen\\\/#breadcrumb\"},\"inLanguage\":\"fr-FR\",\"potentialAction\":[{\"@type\":\"ReadAction\",\"target\":[\"https:\\\/\\\/bogensportdiscount.ch\\\/produkt\\\/bearpaw-schiesshandschuh-archery-vollleder-leder-fingerkuppen\\\/\"]}]},{\"@type\":\"ImageObject\",\"inLanguage\":\"fr-FR\",\"@id\":\"https:\\\/\\\/bogensportdiscount.ch\\\/produkt\\\/bearpaw-schiesshandschuh-archery-vollleder-leder-fingerkuppen\\\/#primaryimage\",\"url\":\"https:\\\/\\\/bogensportdiscount.ch\\\/wp-content\\\/uploads\\\/2026\\\/04\\\/bogensportdiscount.ch-pfeile-boegen-zubehoer-fuer-anfaenger-und-profis-zum-besten-preis-Symbolbild-kein-foto-zu-diesem-artikel_01.jpg\",\"contentUrl\":\"https:\\\/\\\/bogensportdiscount.ch\\\/wp-content\\\/uploads\\\/2026\\\/04\\\/bogensportdiscount.ch-pfeile-boegen-zubehoer-fuer-anfaenger-und-profis-zum-besten-preis-Symbolbild-kein-foto-zu-diesem-artikel_01.jpg\",\"width\":1080,\"height\":1080},{\"@type\":\"BreadcrumbList\",\"@id\":\"https:\\\/\\\/bogensportdiscount.ch\\\/produkt\\\/bearpaw-schiesshandschuh-archery-vollleder-leder-fingerkuppen\\\/#breadcrumb\",\"itemListElement\":[{\"@type\":\"ListItem\",\"position\":1,\"name\":\"Home\",\"item\":\"https:\\\/\\\/bogensportdiscount.ch\\\/\"},{\"@type\":\"ListItem\",\"position\":2,\"name\":\"Shop\",\"item\":\"https:\\\/\\\/bogensportdiscount.ch\\\/shop\\\/\"},{\"@type\":\"ListItem\",\"position\":3,\"name\":\"BEARPAW SCHIESSHANDSCHUH BOGENSPORT VOLLE HANDFLAECHE LEDER MIT LEDER-FINGERKUPPEN\"}]},{\"@type\":\"WebSite\",\"@id\":\"https:\\\/\\\/bogensportdiscount.ch\\\/#website\",\"url\":\"https:\\\/\\\/bogensportdiscount.ch\\\/\",\"name\":\"Bogensportdiscount\",\"description\":\"\",\"potentialAction\":[{\"@type\":\"SearchAction\",\"target\":{\"@type\":\"EntryPoint\",\"urlTemplate\":\"https:\\\/\\\/bogensportdiscount.ch\\\/?s={search_term_string}\"},\"query-input\":{\"@type\":\"PropertyValueSpecification\",\"valueRequired\":true,\"valueName\":\"search_term_string\"}}],\"inLanguage\":\"fr-FR\"}]}<\/script>\n<!-- \/ Yoast SEO plugin. -->","yoast_head_json":{"title":"BEARPAW GANT DE TIR BOGENSPORT PLEINE PAUME CUIR AVEC BOUTS DE DOIGTS EN CUIR - Bogensportdiscount \u2013 Arcs, Fl\u00e8ches, Targets &amp; Accessoires","description":"BEARPAW GANT DE TIR BOGENSPORT PLEINE PAUME CUIR AVEC BOUTS DE DOIGTS EN CUIR \u00e0 prix avantageux chez Bogensportdiscount \u2013 Top marques, livraison rapide depuis la Suisse.","robots":{"index":"index","follow":"follow","max-snippet":"max-snippet:-1","max-image-preview":"max-image-preview:large","max-video-preview":"max-video-preview:-1"},"canonical":"https:\/\/bogensportdiscount.ch\/fr\/produit\/bearpaw-schiesshandschuh-archery-vollleder-leder-fingerkuppen\/","og_locale":"fr_FR","og_type":"article","og_title":"BEARPAW GANT DE TIR BOGENSPORT PLEINE PAUME CUIR AVEC BOUTS DE DOIGTS EN CUIR - Bogensportdiscount \u2013 Arcs, Fl\u00e8ches, Targets &amp; Accessoires","og_description":"BEARPAW GANT DE TIR BOGENSPORT PLEINE PAUME CUIR AVEC BOUTS DE DOIGTS EN CUIR \u00e0 prix avantageux chez Bogensportdiscount \u2013 Top marques, livraison rapide depuis la Suisse.","og_url":"https:\/\/bogensportdiscount.ch\/fr\/produit\/bearpaw-schiesshandschuh-archery-vollleder-leder-fingerkuppen\/","og_site_name":"Bogensportdiscount \u2013 B\u00f6gen, Pfeile, Targets &amp; Zubeh\u00f6r","article_modified_time":"2026-05-14T13:27:38+00:00","og_image":[{"width":1080,"height":1080,"url":"https:\/\/bogensportdiscount.ch\/wp-content\/uploads\/2026\/04\/bogensportdiscount.ch-pfeile-boegen-zubehoer-fuer-anfaenger-und-profis-zum-besten-preis-Symbolbild-kein-foto-zu-diesem-artikel_01.jpg","type":"image\/jpeg"}],"twitter_card":"summary_large_image","schema":{"@context":"https:\/\/schema.org","@graph":[{"@type":"WebPage","@id":"https:\/\/bogensportdiscount.ch\/produkt\/bearpaw-schiesshandschuh-archery-vollleder-leder-fingerkuppen\/","url":"https:\/\/bogensportdiscount.ch\/produkt\/bearpaw-schiesshandschuh-archery-vollleder-leder-fingerkuppen\/","name":"BEARPAW GANT DE TIR BOGENSPORT PLEINE PAUME CUIR AVEC BOUTS DE DOIGTS EN CUIR - Bogensportdiscount \u2013 Arcs, Fl\u00e8ches, Targets &amp; Accessoires","isPartOf":{"@id":"https:\/\/bogensportdiscount.ch\/#website"},"primaryImageOfPage":{"@id":"https:\/\/bogensportdiscount.ch\/produkt\/bearpaw-schiesshandschuh-archery-vollleder-leder-fingerkuppen\/#primaryimage"},"image":{"@id":"https:\/\/bogensportdiscount.ch\/produkt\/bearpaw-schiesshandschuh-archery-vollleder-leder-fingerkuppen\/#primaryimage"},"thumbnailUrl":"https:\/\/bogensportdiscount.ch\/wp-content\/uploads\/2026\/04\/bogensportdiscount.ch-pfeile-boegen-zubehoer-fuer-anfaenger-und-profis-zum-besten-preis-Symbolbild-kein-foto-zu-diesem-artikel_01.jpg","datePublished":"2026-04-05T13:34:25+00:00","dateModified":"2026-05-14T13:27:38+00:00","description":"BEARPAW GANT DE TIR BOGENSPORT PLEINE PAUME CUIR AVEC BOUTS DE DOIGTS EN CUIR \u00e0 prix avantageux chez Bogensportdiscount \u2013 Top marques, livraison rapide depuis la Suisse.","breadcrumb":{"@id":"https:\/\/bogensportdiscount.ch\/produkt\/bearpaw-schiesshandschuh-archery-vollleder-leder-fingerkuppen\/#breadcrumb"},"inLanguage":"fr-FR","potentialAction":[{"@type":"ReadAction","target":["https:\/\/bogensportdiscount.ch\/produkt\/bearpaw-schiesshandschuh-archery-vollleder-leder-fingerkuppen\/"]}]},{"@type":"ImageObject","inLanguage":"fr-FR","@id":"https:\/\/bogensportdiscount.ch\/produkt\/bearpaw-schiesshandschuh-archery-vollleder-leder-fingerkuppen\/#primaryimage","url":"https:\/\/bogensportdiscount.ch\/wp-content\/uploads\/2026\/04\/bogensportdiscount.ch-pfeile-boegen-zubehoer-fuer-anfaenger-und-profis-zum-besten-preis-Symbolbild-kein-foto-zu-diesem-artikel_01.jpg","contentUrl":"https:\/\/bogensportdiscount.ch\/wp-content\/uploads\/2026\/04\/bogensportdiscount.ch-pfeile-boegen-zubehoer-fuer-anfaenger-und-profis-zum-besten-preis-Symbolbild-kein-foto-zu-diesem-artikel_01.jpg","width":1080,"height":1080},{"@type":"BreadcrumbList","@id":"https:\/\/bogensportdiscount.ch\/produkt\/bearpaw-schiesshandschuh-archery-vollleder-leder-fingerkuppen\/#breadcrumb","itemListElement":[{"@type":"ListItem","position":1,"name":"Home","item":"https:\/\/bogensportdiscount.ch\/"},{"@type":"ListItem","position":2,"name":"Shop","item":"https:\/\/bogensportdiscount.ch\/shop\/"},{"@type":"ListItem","position":3,"name":"BEARPAW SCHIESSHANDSCHUH BOGENSPORT VOLLE HANDFLAECHE LEDER MIT LEDER-FINGERKUPPEN"}]},{"@type":"WebSite","@id":"https:\/\/bogensportdiscount.ch\/#website","url":"https:\/\/bogensportdiscount.ch\/","name":"Bogensportdiscount","description":"","potentialAction":[{"@type":"SearchAction","target":{"@type":"EntryPoint","urlTemplate":"https:\/\/bogensportdiscount.ch\/?s={search_term_string}"},"query-input":{"@type":"PropertyValueSpecification","valueRequired":true,"valueName":"search_term_string"}}],"inLanguage":"fr-FR"}]}},"_links":{"self":[{"href":"https:\/\/bogensportdiscount.ch\/fr\/wp-json\/wp\/v2\/product\/426472","targetHints":{"allow":["GET"]}}],"collection":[{"href":"https:\/\/bogensportdiscount.ch\/fr\/wp-json\/wp\/v2\/product"}],"about":[{"href":"https:\/\/bogensportdiscount.ch\/fr\/wp-json\/wp\/v2\/types\/product"}],"replies":[{"embeddable":true,"href":"https:\/\/bogensportdiscount.ch\/fr\/wp-json\/wp\/v2\/comments?post=426472"}],"wp:featuredmedia":[{"embeddable":true,"href":"https:\/\/bogensportdiscount.ch\/fr\/wp-json\/wp\/v2\/media\/453631"}],"wp:attachment":[{"href":"https:\/\/bogensportdiscount.ch\/fr\/wp-json\/wp\/v2\/media?parent=426472"}],"wp:term":[{"taxonomy":"product_brand","embeddable":true,"href":"https:\/\/bogensportdiscount.ch\/fr\/wp-json\/wp\/v2\/product_brand?post=426472"},{"taxonomy":"product_cat","embeddable":true,"href":"https:\/\/bogensportdiscount.ch\/fr\/wp-json\/wp\/v2\/product_cat?post=426472"},{"taxonomy":"product_tag","embeddable":true,"href":"https:\/\/bogensportdiscount.ch\/fr\/wp-json\/wp\/v2\/product_tag?post=426472"}],"curies":[{"name":"wp","href":"https:\/\/api.w.org\/{rel}","templated":true}]}}