{"id":426293,"date":"2026-04-05T15:33:54","date_gmt":"2026-04-05T13:33:54","guid":{"rendered":"https:\/\/bogensportdiscount.ch\/produkt\/traditional-armguards-easy-kids-honey-brown-18-5cm\/"},"modified":"2026-05-14T15:27:37","modified_gmt":"2026-05-14T13:27:37","slug":"bearpaw-traditioneller-armschutz-easy-kids-honey","status":"publish","type":"product","link":"https:\/\/bogensportdiscount.ch\/fr\/produit\/bearpaw-traditioneller-armschutz-easy-kids-honey\/","title":{"rendered":"BEARPAW PROT\u00c8GE-BRAS TRADITIONNEL EASY KIDS HONEY"},"content":{"rendered":"<p>Le prot\u00e8ge-bras BEARPAW Easy Kids Honey est con\u00e7u pour r\u00e9pondre aux besoins des jeunes archers et arch\u00e8res. Le design traditionnel convient particuli\u00e8rement \u00e0 l'initiation au tir \u00e0 l'arc ainsi qu'\u00e0 la pratique de l'arc classique et de l'arc long.<\/p>\n<p>Le prot\u00e8ge-bras prot\u00e8ge l'avant-bras du claquement de la corde et est disponible en deux couleurs \u2013 Black et Brown \u2013 permettant une combinaison personnalis\u00e9e.<\/p>\n<ul>\n<li>Sp\u00e9cialement con\u00e7u pour les enfants<\/li>\n<li>Adapt\u00e9 au tir \u00e0 l'arc traditionnel<\/li>\n<li>Disponible en Black et Brown<\/li>\n<li>Marque : BEARPAW<\/li>\n<\/ul>","protected":false},"excerpt":{"rendered":"<table>\n<tr>\n<th>Propri\u00e9t\u00e9<\/th>\n<th>Valeur<\/th>\n<\/tr>\n<tr>\n<td>Marque<\/td>\n<td>Bearpaw<\/td>\n<\/tr>\n<tr>\n<td>Pays d'origine<\/td>\n<td>Pakistan<\/td>\n<\/tr>\n<\/table>","protected":false},"featured_media":522780,"comment_status":"open","ping_status":"closed","template":"","meta":[],"product_brand":[442],"product_cat":[4157],"product_tag":[],"class_list":{"0":"post-426293","1":"product","2":"type-product","3":"status-publish","4":"has-post-thumbnail","6":"product_brand-bearpaw","7":"product_cat-traditioneller-armschutz","8":"product_shipping_class-bsd-standard","10":"first","11":"instock","12":"shipping-taxable","13":"purchasable","14":"product-type-variable"},"yoast_head":"<!-- This site is optimized with the Yoast SEO plugin v27.6 - https:\/\/yoast.com\/product\/yoast-seo-wordpress\/ -->\n<title>BEARPAW PROT\u00c8GE-BRAS TRADITIONNEL EASY KIDS HONEY - Bogensportdiscount \u2013 Arcs, Fl\u00e8ches, Cibles &amp; Accessoires<\/title>\n<meta name=\"description\" content=\"Achetez le BEARPAW PROT\u00c8GE-BRAS TRADITIONNEL EASY KIDS HONEY \u00e0 prix avantageux chez Bogensportdiscount \u2013 Les meilleures marques, livraison rapide depuis la Suisse.\" \/>\n<meta name=\"robots\" content=\"index, follow, max-snippet:-1, max-image-preview:large, max-video-preview:-1\" \/>\n<link rel=\"canonical\" href=\"https:\/\/bogensportdiscount.ch\/fr\/produit\/bearpaw-traditioneller-armschutz-easy-kids-honey\/\" \/>\n<meta property=\"og:locale\" content=\"fr_FR\" \/>\n<meta property=\"og:type\" content=\"article\" \/>\n<meta property=\"og:title\" content=\"BEARPAW PROT\u00c8GE-BRAS TRADITIONNEL EASY KIDS HONEY - Bogensportdiscount \u2013 Arcs, Fl\u00e8ches, Cibles &amp; Accessoires\" \/>\n<meta property=\"og:description\" content=\"Achetez le BEARPAW PROT\u00c8GE-BRAS TRADITIONNEL EASY KIDS HONEY \u00e0 prix avantageux chez Bogensportdiscount \u2013 Les meilleures marques, livraison rapide depuis la Suisse.\" \/>\n<meta property=\"og:url\" content=\"https:\/\/bogensportdiscount.ch\/fr\/produit\/bearpaw-traditioneller-armschutz-easy-kids-honey\/\" \/>\n<meta property=\"og:site_name\" content=\"Bogensportdiscount \u2013 B\u00f6gen, Pfeile, Targets &amp; Zubeh\u00f6r\" \/>\n<meta property=\"article:modified_time\" content=\"2026-05-14T13:27:37+00:00\" \/>\n<meta property=\"og:image\" content=\"https:\/\/bogensportdiscount.ch\/wp-content\/uploads\/2026\/04\/bogensportdiscount.ch-pfeile-boegen-zubehoer-fuer-anfaenger-und-profis-zum-besten-preis-Symbolbild-kein-foto-zu-diesem-artikel_01.jpg\" \/>\n\t<meta property=\"og:image:width\" content=\"1080\" \/>\n\t<meta property=\"og:image:height\" content=\"1080\" \/>\n\t<meta property=\"og:image:type\" content=\"image\/jpeg\" \/>\n<meta name=\"twitter:card\" content=\"summary_large_image\" \/>\n<script type=\"application\/ld+json\" class=\"yoast-schema-graph\">{\"@context\":\"https:\\\/\\\/schema.org\",\"@graph\":[{\"@type\":\"WebPage\",\"@id\":\"https:\\\/\\\/bogensportdiscount.ch\\\/produkt\\\/bearpaw-traditioneller-armschutz-easy-kids-honey\\\/\",\"url\":\"https:\\\/\\\/bogensportdiscount.ch\\\/produkt\\\/bearpaw-traditioneller-armschutz-easy-kids-honey\\\/\",\"name\":\"BEARPAW TRADITIONELLE ARMSCH\u00dcTZE EASY KIDS HONEY - Bogensportdiscount \u2013 B\u00f6gen, Pfeile, Targets &amp; Zubeh\u00f6r\",\"isPartOf\":{\"@id\":\"https:\\\/\\\/bogensportdiscount.ch\\\/#website\"},\"primaryImageOfPage\":{\"@id\":\"https:\\\/\\\/bogensportdiscount.ch\\\/produkt\\\/bearpaw-traditioneller-armschutz-easy-kids-honey\\\/#primaryimage\"},\"image\":{\"@id\":\"https:\\\/\\\/bogensportdiscount.ch\\\/produkt\\\/bearpaw-traditioneller-armschutz-easy-kids-honey\\\/#primaryimage\"},\"thumbnailUrl\":\"https:\\\/\\\/bogensportdiscount.ch\\\/wp-content\\\/uploads\\\/2026\\\/04\\\/a092925_1.png\",\"datePublished\":\"2026-04-05T13:33:54+00:00\",\"dateModified\":\"2026-05-14T13:27:37+00:00\",\"description\":\"BEARPAW TRADITIONELLE ARMSCH\u00dcTZE EASY KIDS HONEY g\u00fcnstig kaufen bei Bogensportdiscount \u2013 Top-Marken, schneller Versand aus der Schweiz.\",\"breadcrumb\":{\"@id\":\"https:\\\/\\\/bogensportdiscount.ch\\\/produkt\\\/bearpaw-traditioneller-armschutz-easy-kids-honey\\\/#breadcrumb\"},\"inLanguage\":\"fr-FR\",\"potentialAction\":[{\"@type\":\"ReadAction\",\"target\":[\"https:\\\/\\\/bogensportdiscount.ch\\\/produkt\\\/bearpaw-traditioneller-armschutz-easy-kids-honey\\\/\"]}]},{\"@type\":\"ImageObject\",\"inLanguage\":\"fr-FR\",\"@id\":\"https:\\\/\\\/bogensportdiscount.ch\\\/produkt\\\/bearpaw-traditioneller-armschutz-easy-kids-honey\\\/#primaryimage\",\"url\":\"https:\\\/\\\/bogensportdiscount.ch\\\/wp-content\\\/uploads\\\/2026\\\/04\\\/a092925_1.png\",\"contentUrl\":\"https:\\\/\\\/bogensportdiscount.ch\\\/wp-content\\\/uploads\\\/2026\\\/04\\\/a092925_1.png\",\"width\":400,\"height\":380},{\"@type\":\"BreadcrumbList\",\"@id\":\"https:\\\/\\\/bogensportdiscount.ch\\\/produkt\\\/bearpaw-traditioneller-armschutz-easy-kids-honey\\\/#breadcrumb\",\"itemListElement\":[{\"@type\":\"ListItem\",\"position\":1,\"name\":\"Home\",\"item\":\"https:\\\/\\\/bogensportdiscount.ch\\\/\"},{\"@type\":\"ListItem\",\"position\":2,\"name\":\"Shop\",\"item\":\"https:\\\/\\\/bogensportdiscount.ch\\\/shop\\\/\"},{\"@type\":\"ListItem\",\"position\":3,\"name\":\"BEARPAW TRADITIONELLE ARMSCHUETZE EASY KIDS HONEY\"}]},{\"@type\":\"WebSite\",\"@id\":\"https:\\\/\\\/bogensportdiscount.ch\\\/#website\",\"url\":\"https:\\\/\\\/bogensportdiscount.ch\\\/\",\"name\":\"Bogensportdiscount\",\"description\":\"\",\"potentialAction\":[{\"@type\":\"SearchAction\",\"target\":{\"@type\":\"EntryPoint\",\"urlTemplate\":\"https:\\\/\\\/bogensportdiscount.ch\\\/?s={search_term_string}\"},\"query-input\":{\"@type\":\"PropertyValueSpecification\",\"valueRequired\":true,\"valueName\":\"search_term_string\"}}],\"inLanguage\":\"fr-FR\"}]}<\/script>\n<!-- \/ Yoast SEO plugin. -->","yoast_head_json":{"title":"BEARPAW PROT\u00c8GE-BRAS TRADITIONNEL EASY KIDS HONEY - Bogensportdiscount \u2013 Arcs, Fl\u00e8ches, Cibles &amp; Accessoires","description":"Achetez le BEARPAW PROT\u00c8GE-BRAS TRADITIONNEL EASY KIDS HONEY \u00e0 prix avantageux chez Bogensportdiscount \u2013 Les meilleures marques, livraison rapide depuis la Suisse.","robots":{"index":"index","follow":"follow","max-snippet":"max-snippet:-1","max-image-preview":"max-image-preview:large","max-video-preview":"max-video-preview:-1"},"canonical":"https:\/\/bogensportdiscount.ch\/fr\/produit\/bearpaw-traditioneller-armschutz-easy-kids-honey\/","og_locale":"fr_FR","og_type":"article","og_title":"BEARPAW PROT\u00c8GE-BRAS TRADITIONNEL EASY KIDS HONEY - Bogensportdiscount \u2013 Arcs, Fl\u00e8ches, Cibles &amp; Accessoires","og_description":"Achetez le BEARPAW PROT\u00c8GE-BRAS TRADITIONNEL EASY KIDS HONEY \u00e0 prix avantageux chez Bogensportdiscount \u2013 Les meilleures marques, livraison rapide depuis la Suisse.","og_url":"https:\/\/bogensportdiscount.ch\/fr\/produit\/bearpaw-traditioneller-armschutz-easy-kids-honey\/","og_site_name":"Bogensportdiscount \u2013 B\u00f6gen, Pfeile, Targets &amp; Zubeh\u00f6r","article_modified_time":"2026-05-14T13:27:37+00:00","og_image":[{"width":1080,"height":1080,"url":"https:\/\/bogensportdiscount.ch\/wp-content\/uploads\/2026\/04\/bogensportdiscount.ch-pfeile-boegen-zubehoer-fuer-anfaenger-und-profis-zum-besten-preis-Symbolbild-kein-foto-zu-diesem-artikel_01.jpg","type":"image\/jpeg"}],"twitter_card":"summary_large_image","schema":{"@context":"https:\/\/schema.org","@graph":[{"@type":"WebPage","@id":"https:\/\/bogensportdiscount.ch\/produkt\/bearpaw-traditioneller-armschutz-easy-kids-honey\/","url":"https:\/\/bogensportdiscount.ch\/produkt\/bearpaw-traditioneller-armschutz-easy-kids-honey\/","name":"BEARPAW PROT\u00c8GE-BRAS TRADITIONNEL EASY KIDS HONEY - Bogensportdiscount \u2013 Arcs, Fl\u00e8ches, Cibles &amp; Accessoires","isPartOf":{"@id":"https:\/\/bogensportdiscount.ch\/#website"},"primaryImageOfPage":{"@id":"https:\/\/bogensportdiscount.ch\/produkt\/bearpaw-traditioneller-armschutz-easy-kids-honey\/#primaryimage"},"image":{"@id":"https:\/\/bogensportdiscount.ch\/produkt\/bearpaw-traditioneller-armschutz-easy-kids-honey\/#primaryimage"},"thumbnailUrl":"https:\/\/bogensportdiscount.ch\/wp-content\/uploads\/2026\/04\/a092925_1.png","datePublished":"2026-04-05T13:33:54+00:00","dateModified":"2026-05-14T13:27:37+00:00","description":"Achetez le BEARPAW PROT\u00c8GE-BRAS TRADITIONNEL EASY KIDS HONEY \u00e0 prix avantageux chez Bogensportdiscount \u2013 Les meilleures marques, livraison rapide depuis la Suisse.","breadcrumb":{"@id":"https:\/\/bogensportdiscount.ch\/produkt\/bearpaw-traditioneller-armschutz-easy-kids-honey\/#breadcrumb"},"inLanguage":"fr-FR","potentialAction":[{"@type":"ReadAction","target":["https:\/\/bogensportdiscount.ch\/produkt\/bearpaw-traditioneller-armschutz-easy-kids-honey\/"]}]},{"@type":"ImageObject","inLanguage":"fr-FR","@id":"https:\/\/bogensportdiscount.ch\/produkt\/bearpaw-traditioneller-armschutz-easy-kids-honey\/#primaryimage","url":"https:\/\/bogensportdiscount.ch\/wp-content\/uploads\/2026\/04\/a092925_1.png","contentUrl":"https:\/\/bogensportdiscount.ch\/wp-content\/uploads\/2026\/04\/a092925_1.png","width":400,"height":380},{"@type":"BreadcrumbList","@id":"https:\/\/bogensportdiscount.ch\/produkt\/bearpaw-traditioneller-armschutz-easy-kids-honey\/#breadcrumb","itemListElement":[{"@type":"ListItem","position":1,"name":"Home","item":"https:\/\/bogensportdiscount.ch\/"},{"@type":"ListItem","position":2,"name":"Shop","item":"https:\/\/bogensportdiscount.ch\/shop\/"},{"@type":"ListItem","position":3,"name":"BEARPAW TRADITIONELLE ARMSCHUETZE EASY KIDS HONEY"}]},{"@type":"WebSite","@id":"https:\/\/bogensportdiscount.ch\/#website","url":"https:\/\/bogensportdiscount.ch\/","name":"Bogensportdiscount","description":"","potentialAction":[{"@type":"SearchAction","target":{"@type":"EntryPoint","urlTemplate":"https:\/\/bogensportdiscount.ch\/?s={search_term_string}"},"query-input":{"@type":"PropertyValueSpecification","valueRequired":true,"valueName":"search_term_string"}}],"inLanguage":"fr-FR"}]}},"_links":{"self":[{"href":"https:\/\/bogensportdiscount.ch\/fr\/wp-json\/wp\/v2\/product\/426293","targetHints":{"allow":["GET"]}}],"collection":[{"href":"https:\/\/bogensportdiscount.ch\/fr\/wp-json\/wp\/v2\/product"}],"about":[{"href":"https:\/\/bogensportdiscount.ch\/fr\/wp-json\/wp\/v2\/types\/product"}],"replies":[{"embeddable":true,"href":"https:\/\/bogensportdiscount.ch\/fr\/wp-json\/wp\/v2\/comments?post=426293"}],"wp:featuredmedia":[{"embeddable":true,"href":"https:\/\/bogensportdiscount.ch\/fr\/wp-json\/wp\/v2\/media\/522780"}],"wp:attachment":[{"href":"https:\/\/bogensportdiscount.ch\/fr\/wp-json\/wp\/v2\/media?parent=426293"}],"wp:term":[{"taxonomy":"product_brand","embeddable":true,"href":"https:\/\/bogensportdiscount.ch\/fr\/wp-json\/wp\/v2\/product_brand?post=426293"},{"taxonomy":"product_cat","embeddable":true,"href":"https:\/\/bogensportdiscount.ch\/fr\/wp-json\/wp\/v2\/product_cat?post=426293"},{"taxonomy":"product_tag","embeddable":true,"href":"https:\/\/bogensportdiscount.ch\/fr\/wp-json\/wp\/v2\/product_tag?post=426293"}],"curies":[{"name":"wp","href":"https:\/\/api.w.org\/{rel}","templated":true}]}}