{"id":426282,"date":"2026-04-05T15:33:53","date_gmt":"2026-04-05T13:33:53","guid":{"rendered":"https:\/\/bogensportdiscount.ch\/produkt\/shooting-glove-summer-mesh-full-palm-with-cordura-fingertips-xs-black\/"},"modified":"2026-05-14T15:27:37","modified_gmt":"2026-05-14T13:27:37","slug":"bearpaw-schiesshandschuh-summer-mesh-full-palm-cordura-fingertips","status":"publish","type":"product","link":"https:\/\/bogensportdiscount.ch\/fr\/produit\/bearpaw-schiesshandschuh-summer-mesh-full-palm-cordura-fingertips\/","title":{"rendered":"BEARPAW GANT DE TIR SUMMER MESH PAUME COMPL\u00c8TE AVEC BOUTS DE DOIGTS EN CORDURA"},"content":{"rendered":"<p>Le gant de tir BEARPAW Summer Mesh Full Palm est sp\u00e9cialement con\u00e7u pour les archers qui s'entra\u00eenent dans des climats chauds ou durant les mois d'\u00e9t\u00e9. Le mat\u00e9riau mesh l\u00e9ger offre une excellente ventilation et \u00e9vite la surchauffe de la main lors de longues sessions de tir.<\/p>\n<p>Avec une protection compl\u00e8te de la paume et des bouts de doigts renforc\u00e9s en robuste Cordura, ce gant offre protection et durabilit\u00e9. La fabrication r\u00e9sistante en fait un compagnon fiable pour la pratique du tir \u00e0 l'arc.<\/p>\n<ul>\n<li>Mat\u00e9riau mesh pour une ventilation optimale<\/li>\n<li>Bouts de doigts en Cordura pour une r\u00e9sistance accrue \u00e0 l'usure<\/li>\n<li>Protection compl\u00e8te de la paume<\/li>\n<li>Disponible en plusieurs tailles<\/li>\n<\/ul>","protected":false},"excerpt":{"rendered":"<table>\n<tr>\n<th>Propri\u00e9t\u00e9<\/th>\n<th>Valeur<\/th>\n<\/tr>\n<tr>\n<td>Marque<\/td>\n<td>Bearpaw<\/td>\n<\/tr>\n<tr>\n<td>Pays d'origine<\/td>\n<td>Pakistan<\/td>\n<\/tr>\n<\/table>","protected":false},"featured_media":522779,"comment_status":"open","ping_status":"closed","template":"","meta":[],"product_brand":[442],"product_cat":[4447],"product_tag":[],"class_list":{"0":"post-426282","1":"product","2":"type-product","3":"status-publish","4":"has-post-thumbnail","6":"product_brand-bearpaw","7":"product_cat-schiesshandschuh","8":"product_shipping_class-bsd-standard","10":"first","11":"instock","12":"shipping-taxable","13":"purchasable","14":"product-type-variable"},"yoast_head":"<!-- This site is optimized with the Yoast SEO plugin v27.6 - https:\/\/yoast.com\/product\/yoast-seo-wordpress\/ -->\n<title>BEARPAW GANT DE TIR SUMMER MESH PLEINE PAUME AVEC BOUTS DE DOIGTS CORDURA - Bogensportdiscount \u2013 Arcs, fl\u00e8ches, cibles &amp; accessoires<\/title>\n<meta name=\"description\" content=\"Achetez le gant de tir BEARPAW SUMMER MESH pleine paume avec bouts de doigts CORDURA \u00e0 prix avantageux chez Bogensportdiscount \u2013 Grandes marques, livraison rapide depuis la Suisse.\" \/>\n<meta name=\"robots\" content=\"index, follow, max-snippet:-1, max-image-preview:large, max-video-preview:-1\" \/>\n<link rel=\"canonical\" href=\"https:\/\/bogensportdiscount.ch\/fr\/produit\/bearpaw-schiesshandschuh-summer-mesh-full-palm-cordura-fingertips\/\" \/>\n<meta property=\"og:locale\" content=\"fr_FR\" \/>\n<meta property=\"og:type\" content=\"article\" \/>\n<meta property=\"og:title\" content=\"BEARPAW GANT DE TIR SUMMER MESH PLEINE PAUME AVEC BOUTS DE DOIGTS CORDURA - Bogensportdiscount \u2013 Arcs, fl\u00e8ches, cibles &amp; accessoires\" \/>\n<meta property=\"og:description\" content=\"Achetez le gant de tir BEARPAW SUMMER MESH pleine paume avec bouts de doigts CORDURA \u00e0 prix avantageux chez Bogensportdiscount \u2013 Grandes marques, livraison rapide depuis la Suisse.\" \/>\n<meta property=\"og:url\" content=\"https:\/\/bogensportdiscount.ch\/fr\/produit\/bearpaw-schiesshandschuh-summer-mesh-full-palm-cordura-fingertips\/\" \/>\n<meta property=\"og:site_name\" content=\"Bogensportdiscount \u2013 B\u00f6gen, Pfeile, Targets &amp; Zubeh\u00f6r\" \/>\n<meta property=\"article:modified_time\" content=\"2026-05-14T13:27:37+00:00\" \/>\n<meta property=\"og:image\" content=\"https:\/\/bogensportdiscount.ch\/wp-content\/uploads\/2026\/04\/bogensportdiscount.ch-pfeile-boegen-zubehoer-fuer-anfaenger-und-profis-zum-besten-preis-Symbolbild-kein-foto-zu-diesem-artikel_01.jpg\" \/>\n\t<meta property=\"og:image:width\" content=\"1080\" \/>\n\t<meta property=\"og:image:height\" content=\"1080\" \/>\n\t<meta property=\"og:image:type\" content=\"image\/jpeg\" \/>\n<meta name=\"twitter:card\" content=\"summary_large_image\" \/>\n<script type=\"application\/ld+json\" class=\"yoast-schema-graph\">{\"@context\":\"https:\\\/\\\/schema.org\",\"@graph\":[{\"@type\":\"WebPage\",\"@id\":\"https:\\\/\\\/bogensportdiscount.ch\\\/produkt\\\/bearpaw-schiesshandschuh-summer-mesh-full-palm-cordura-fingertips\\\/\",\"url\":\"https:\\\/\\\/bogensportdiscount.ch\\\/produkt\\\/bearpaw-schiesshandschuh-summer-mesh-full-palm-cordura-fingertips\\\/\",\"name\":\"BEARPAW SCHIESSHANDSCHUH SUMMER MESH VOLLE HANDFL\u00c4CHE MIT CORDURA FINGERSPITZEN - Bogensportdiscount \u2013 B\u00f6gen, Pfeile, Targets &amp; Zubeh\u00f6r\",\"isPartOf\":{\"@id\":\"https:\\\/\\\/bogensportdiscount.ch\\\/#website\"},\"primaryImageOfPage\":{\"@id\":\"https:\\\/\\\/bogensportdiscount.ch\\\/produkt\\\/bearpaw-schiesshandschuh-summer-mesh-full-palm-cordura-fingertips\\\/#primaryimage\"},\"image\":{\"@id\":\"https:\\\/\\\/bogensportdiscount.ch\\\/produkt\\\/bearpaw-schiesshandschuh-summer-mesh-full-palm-cordura-fingertips\\\/#primaryimage\"},\"thumbnailUrl\":\"https:\\\/\\\/bogensportdiscount.ch\\\/wp-content\\\/uploads\\\/2026\\\/04\\\/a092918_1.png\",\"datePublished\":\"2026-04-05T13:33:53+00:00\",\"dateModified\":\"2026-05-14T13:27:37+00:00\",\"description\":\"BEARPAW SCHIESSHANDSCHUH SUMMER MESH VOLLE HANDFL\u00c4CHE MIT CORDURA FINGERSPITZEN g\u00fcnstig kaufen bei Bogensportdiscount \u2013 Top-Marken, schneller Versand aus der Schweiz.\",\"breadcrumb\":{\"@id\":\"https:\\\/\\\/bogensportdiscount.ch\\\/produkt\\\/bearpaw-schiesshandschuh-summer-mesh-full-palm-cordura-fingertips\\\/#breadcrumb\"},\"inLanguage\":\"fr-FR\",\"potentialAction\":[{\"@type\":\"ReadAction\",\"target\":[\"https:\\\/\\\/bogensportdiscount.ch\\\/produkt\\\/bearpaw-schiesshandschuh-summer-mesh-full-palm-cordura-fingertips\\\/\"]}]},{\"@type\":\"ImageObject\",\"inLanguage\":\"fr-FR\",\"@id\":\"https:\\\/\\\/bogensportdiscount.ch\\\/produkt\\\/bearpaw-schiesshandschuh-summer-mesh-full-palm-cordura-fingertips\\\/#primaryimage\",\"url\":\"https:\\\/\\\/bogensportdiscount.ch\\\/wp-content\\\/uploads\\\/2026\\\/04\\\/a092918_1.png\",\"contentUrl\":\"https:\\\/\\\/bogensportdiscount.ch\\\/wp-content\\\/uploads\\\/2026\\\/04\\\/a092918_1.png\",\"width\":189,\"height\":400},{\"@type\":\"BreadcrumbList\",\"@id\":\"https:\\\/\\\/bogensportdiscount.ch\\\/produkt\\\/bearpaw-schiesshandschuh-summer-mesh-full-palm-cordura-fingertips\\\/#breadcrumb\",\"itemListElement\":[{\"@type\":\"ListItem\",\"position\":1,\"name\":\"Home\",\"item\":\"https:\\\/\\\/bogensportdiscount.ch\\\/\"},{\"@type\":\"ListItem\",\"position\":2,\"name\":\"Shop\",\"item\":\"https:\\\/\\\/bogensportdiscount.ch\\\/shop\\\/\"},{\"@type\":\"ListItem\",\"position\":3,\"name\":\"BEARPAW SCHIESSHANDSCHUH SUMMER MESH VOLLE HANDFLAECHE MIT CORDURA FINGERSPITZEN\"}]},{\"@type\":\"WebSite\",\"@id\":\"https:\\\/\\\/bogensportdiscount.ch\\\/#website\",\"url\":\"https:\\\/\\\/bogensportdiscount.ch\\\/\",\"name\":\"Bogensportdiscount\",\"description\":\"\",\"potentialAction\":[{\"@type\":\"SearchAction\",\"target\":{\"@type\":\"EntryPoint\",\"urlTemplate\":\"https:\\\/\\\/bogensportdiscount.ch\\\/?s={search_term_string}\"},\"query-input\":{\"@type\":\"PropertyValueSpecification\",\"valueRequired\":true,\"valueName\":\"search_term_string\"}}],\"inLanguage\":\"fr-FR\"}]}<\/script>\n<!-- \/ Yoast SEO plugin. -->","yoast_head_json":{"title":"BEARPAW GANT DE TIR SUMMER MESH PLEINE PAUME AVEC BOUTS DE DOIGTS CORDURA - Bogensportdiscount \u2013 Arcs, fl\u00e8ches, cibles &amp; accessoires","description":"Achetez le gant de tir BEARPAW SUMMER MESH pleine paume avec bouts de doigts CORDURA \u00e0 prix avantageux chez Bogensportdiscount \u2013 Grandes marques, livraison rapide depuis la Suisse.","robots":{"index":"index","follow":"follow","max-snippet":"max-snippet:-1","max-image-preview":"max-image-preview:large","max-video-preview":"max-video-preview:-1"},"canonical":"https:\/\/bogensportdiscount.ch\/fr\/produit\/bearpaw-schiesshandschuh-summer-mesh-full-palm-cordura-fingertips\/","og_locale":"fr_FR","og_type":"article","og_title":"BEARPAW GANT DE TIR SUMMER MESH PLEINE PAUME AVEC BOUTS DE DOIGTS CORDURA - Bogensportdiscount \u2013 Arcs, fl\u00e8ches, cibles &amp; accessoires","og_description":"Achetez le gant de tir BEARPAW SUMMER MESH pleine paume avec bouts de doigts CORDURA \u00e0 prix avantageux chez Bogensportdiscount \u2013 Grandes marques, livraison rapide depuis la Suisse.","og_url":"https:\/\/bogensportdiscount.ch\/fr\/produit\/bearpaw-schiesshandschuh-summer-mesh-full-palm-cordura-fingertips\/","og_site_name":"Bogensportdiscount \u2013 B\u00f6gen, Pfeile, Targets &amp; Zubeh\u00f6r","article_modified_time":"2026-05-14T13:27:37+00:00","og_image":[{"width":1080,"height":1080,"url":"https:\/\/bogensportdiscount.ch\/wp-content\/uploads\/2026\/04\/bogensportdiscount.ch-pfeile-boegen-zubehoer-fuer-anfaenger-und-profis-zum-besten-preis-Symbolbild-kein-foto-zu-diesem-artikel_01.jpg","type":"image\/jpeg"}],"twitter_card":"summary_large_image","schema":{"@context":"https:\/\/schema.org","@graph":[{"@type":"WebPage","@id":"https:\/\/bogensportdiscount.ch\/produkt\/bearpaw-schiesshandschuh-summer-mesh-full-palm-cordura-fingertips\/","url":"https:\/\/bogensportdiscount.ch\/produkt\/bearpaw-schiesshandschuh-summer-mesh-full-palm-cordura-fingertips\/","name":"BEARPAW GANT DE TIR SUMMER MESH PLEINE PAUME AVEC BOUTS DE DOIGTS CORDURA - Bogensportdiscount \u2013 Arcs, fl\u00e8ches, cibles &amp; accessoires","isPartOf":{"@id":"https:\/\/bogensportdiscount.ch\/#website"},"primaryImageOfPage":{"@id":"https:\/\/bogensportdiscount.ch\/produkt\/bearpaw-schiesshandschuh-summer-mesh-full-palm-cordura-fingertips\/#primaryimage"},"image":{"@id":"https:\/\/bogensportdiscount.ch\/produkt\/bearpaw-schiesshandschuh-summer-mesh-full-palm-cordura-fingertips\/#primaryimage"},"thumbnailUrl":"https:\/\/bogensportdiscount.ch\/wp-content\/uploads\/2026\/04\/a092918_1.png","datePublished":"2026-04-05T13:33:53+00:00","dateModified":"2026-05-14T13:27:37+00:00","description":"Achetez le gant de tir BEARPAW SUMMER MESH pleine paume avec bouts de doigts CORDURA \u00e0 prix avantageux chez Bogensportdiscount \u2013 Grandes marques, livraison rapide depuis la Suisse.","breadcrumb":{"@id":"https:\/\/bogensportdiscount.ch\/produkt\/bearpaw-schiesshandschuh-summer-mesh-full-palm-cordura-fingertips\/#breadcrumb"},"inLanguage":"fr-FR","potentialAction":[{"@type":"ReadAction","target":["https:\/\/bogensportdiscount.ch\/produkt\/bearpaw-schiesshandschuh-summer-mesh-full-palm-cordura-fingertips\/"]}]},{"@type":"ImageObject","inLanguage":"fr-FR","@id":"https:\/\/bogensportdiscount.ch\/produkt\/bearpaw-schiesshandschuh-summer-mesh-full-palm-cordura-fingertips\/#primaryimage","url":"https:\/\/bogensportdiscount.ch\/wp-content\/uploads\/2026\/04\/a092918_1.png","contentUrl":"https:\/\/bogensportdiscount.ch\/wp-content\/uploads\/2026\/04\/a092918_1.png","width":189,"height":400},{"@type":"BreadcrumbList","@id":"https:\/\/bogensportdiscount.ch\/produkt\/bearpaw-schiesshandschuh-summer-mesh-full-palm-cordura-fingertips\/#breadcrumb","itemListElement":[{"@type":"ListItem","position":1,"name":"Home","item":"https:\/\/bogensportdiscount.ch\/"},{"@type":"ListItem","position":2,"name":"Shop","item":"https:\/\/bogensportdiscount.ch\/shop\/"},{"@type":"ListItem","position":3,"name":"BEARPAW SCHIESSHANDSCHUH SUMMER MESH VOLLE HANDFLAECHE MIT CORDURA FINGERSPITZEN"}]},{"@type":"WebSite","@id":"https:\/\/bogensportdiscount.ch\/#website","url":"https:\/\/bogensportdiscount.ch\/","name":"Bogensportdiscount","description":"","potentialAction":[{"@type":"SearchAction","target":{"@type":"EntryPoint","urlTemplate":"https:\/\/bogensportdiscount.ch\/?s={search_term_string}"},"query-input":{"@type":"PropertyValueSpecification","valueRequired":true,"valueName":"search_term_string"}}],"inLanguage":"fr-FR"}]}},"_links":{"self":[{"href":"https:\/\/bogensportdiscount.ch\/fr\/wp-json\/wp\/v2\/product\/426282","targetHints":{"allow":["GET"]}}],"collection":[{"href":"https:\/\/bogensportdiscount.ch\/fr\/wp-json\/wp\/v2\/product"}],"about":[{"href":"https:\/\/bogensportdiscount.ch\/fr\/wp-json\/wp\/v2\/types\/product"}],"replies":[{"embeddable":true,"href":"https:\/\/bogensportdiscount.ch\/fr\/wp-json\/wp\/v2\/comments?post=426282"}],"wp:featuredmedia":[{"embeddable":true,"href":"https:\/\/bogensportdiscount.ch\/fr\/wp-json\/wp\/v2\/media\/522779"}],"wp:attachment":[{"href":"https:\/\/bogensportdiscount.ch\/fr\/wp-json\/wp\/v2\/media?parent=426282"}],"wp:term":[{"taxonomy":"product_brand","embeddable":true,"href":"https:\/\/bogensportdiscount.ch\/fr\/wp-json\/wp\/v2\/product_brand?post=426282"},{"taxonomy":"product_cat","embeddable":true,"href":"https:\/\/bogensportdiscount.ch\/fr\/wp-json\/wp\/v2\/product_cat?post=426282"},{"taxonomy":"product_tag","embeddable":true,"href":"https:\/\/bogensportdiscount.ch\/fr\/wp-json\/wp\/v2\/product_tag?post=426282"}],"curies":[{"name":"wp","href":"https:\/\/api.w.org\/{rel}","templated":true}]}}