{"id":426168,"date":"2026-04-05T15:33:36","date_gmt":"2026-04-05T13:33:36","guid":{"rendered":"https:\/\/bogensportdiscount.ch\/produkt\/pocket-quiver-slide-in-black\/"},"modified":"2026-05-14T15:27:36","modified_gmt":"2026-05-14T13:27:36","slug":"bearpaw-pocket-quiver-slide-in","status":"publish","type":"product","link":"https:\/\/bogensportdiscount.ch\/fr\/produit\/bearpaw-pocket-quiver-slide-in\/","title":{"rendered":"BEARPAW Carquois de poche Slide In"},"content":{"rendered":"<p>Le BEARPAW Pocket Quiver Slide In est un carquois traditionnel qui se distingue par sa pratique construction coulissante. Gr\u00e2ce \u00e0 sa conception compacte, ce carquois convient particuli\u00e8rement aux archers qui accordent de l'importance \u00e0 la mobilit\u00e9 et \u00e0 la facilit\u00e9 d'utilisation.<\/p>\n<p>Gr\u00e2ce \u00e0 sa fabrication robuste sign\u00e9e BEARPAW, ce carquois maintient les fl\u00e8ches solidement en place. La construction Slide-In permet une insertion et un retrait rapides et simples des fl\u00e8ches pendant l'entra\u00eenement ou la comp\u00e9tition.<\/p>\n<ul>\n<li>Pratique construction Slide-In<\/li>\n<li>Construction compacte et l\u00e9g\u00e8re<\/li>\n<li>S\u00e9curisation fiable des fl\u00e8ches<\/li>\n<li>Qualit\u00e9 BEARPAW \u00e9prouv\u00e9e<\/li>\n<\/ul>","protected":false},"excerpt":{"rendered":"<table>\n<tr>\n<th>Propri\u00e9t\u00e9<\/th>\n<th>Valeur<\/th>\n<\/tr>\n<tr>\n<td>Marque<\/td>\n<td>Bearpaw<\/td>\n<\/tr>\n<tr>\n<td>Pays d'origine<\/td>\n<td>Pakistan<\/td>\n<\/tr>\n<\/table>","protected":false},"featured_media":453631,"comment_status":"open","ping_status":"closed","template":"","meta":[],"product_brand":[442],"product_cat":[4149],"product_tag":[],"class_list":{"0":"post-426168","1":"product","2":"type-product","3":"status-publish","4":"has-post-thumbnail","6":"product_brand-bearpaw","7":"product_cat-traditioneller-koecher","8":"product_shipping_class-bsd-standard","10":"first","11":"instock","12":"shipping-taxable","13":"purchasable","14":"product-type-variable"},"yoast_head":"<!-- This site is optimized with the Yoast SEO plugin v27.6 - https:\/\/yoast.com\/product\/yoast-seo-wordpress\/ -->\n<title>Carquois de poche BEARPAW Slide In - Bogensportdiscount \u2013 Arcs, fl\u00e8ches, cibles et accessoires<\/title>\n<meta name=\"description\" content=\"Achetez le carquois de poche BEARPAW Slide In \u00e0 un prix avantageux chez Bogensportdiscount \u2013 Les meilleures marques, livraison rapide depuis la Suisse.\" \/>\n<meta name=\"robots\" content=\"index, follow, max-snippet:-1, max-image-preview:large, max-video-preview:-1\" \/>\n<link rel=\"canonical\" href=\"https:\/\/bogensportdiscount.ch\/fr\/produit\/bearpaw-pocket-quiver-slide-in\/\" \/>\n<meta property=\"og:locale\" content=\"fr_FR\" \/>\n<meta property=\"og:type\" content=\"article\" \/>\n<meta property=\"og:title\" content=\"Carquois de poche BEARPAW Slide In - Bogensportdiscount \u2013 Arcs, fl\u00e8ches, cibles et accessoires\" \/>\n<meta property=\"og:description\" content=\"Achetez le carquois de poche BEARPAW Slide In \u00e0 un prix avantageux chez Bogensportdiscount \u2013 Les meilleures marques, livraison rapide depuis la Suisse.\" \/>\n<meta property=\"og:url\" content=\"https:\/\/bogensportdiscount.ch\/fr\/produit\/bearpaw-pocket-quiver-slide-in\/\" \/>\n<meta property=\"og:site_name\" content=\"Bogensportdiscount \u2013 B\u00f6gen, Pfeile, Targets &amp; Zubeh\u00f6r\" \/>\n<meta property=\"article:modified_time\" content=\"2026-05-14T13:27:36+00:00\" \/>\n<meta property=\"og:image\" content=\"https:\/\/bogensportdiscount.ch\/wp-content\/uploads\/2026\/04\/bogensportdiscount.ch-pfeile-boegen-zubehoer-fuer-anfaenger-und-profis-zum-besten-preis-Symbolbild-kein-foto-zu-diesem-artikel_01.jpg\" \/>\n\t<meta property=\"og:image:width\" content=\"1080\" \/>\n\t<meta property=\"og:image:height\" content=\"1080\" \/>\n\t<meta property=\"og:image:type\" content=\"image\/jpeg\" \/>\n<meta name=\"twitter:card\" content=\"summary_large_image\" \/>\n<script type=\"application\/ld+json\" class=\"yoast-schema-graph\">{\"@context\":\"https:\\\/\\\/schema.org\",\"@graph\":[{\"@type\":\"WebPage\",\"@id\":\"https:\\\/\\\/bogensportdiscount.ch\\\/produkt\\\/bearpaw-pocket-quiver-slide-in\\\/\",\"url\":\"https:\\\/\\\/bogensportdiscount.ch\\\/produkt\\\/bearpaw-pocket-quiver-slide-in\\\/\",\"name\":\"BEARPAW Hosentaschen-K\u00f6cher Slide In - Bogensportdiscount \u2013 B\u00f6gen, Pfeile, Targets &amp; Zubeh\u00f6r\",\"isPartOf\":{\"@id\":\"https:\\\/\\\/bogensportdiscount.ch\\\/#website\"},\"primaryImageOfPage\":{\"@id\":\"https:\\\/\\\/bogensportdiscount.ch\\\/produkt\\\/bearpaw-pocket-quiver-slide-in\\\/#primaryimage\"},\"image\":{\"@id\":\"https:\\\/\\\/bogensportdiscount.ch\\\/produkt\\\/bearpaw-pocket-quiver-slide-in\\\/#primaryimage\"},\"thumbnailUrl\":\"https:\\\/\\\/bogensportdiscount.ch\\\/wp-content\\\/uploads\\\/2026\\\/04\\\/bogensportdiscount.ch-pfeile-boegen-zubehoer-fuer-anfaenger-und-profis-zum-besten-preis-Symbolbild-kein-foto-zu-diesem-artikel_01.jpg\",\"datePublished\":\"2026-04-05T13:33:36+00:00\",\"dateModified\":\"2026-05-14T13:27:36+00:00\",\"description\":\"BEARPAW Hosentaschen-K\u00f6cher Slide In g\u00fcnstig kaufen bei Bogensportdiscount \u2013 Top-Marken, schneller Versand aus der Schweiz.\",\"breadcrumb\":{\"@id\":\"https:\\\/\\\/bogensportdiscount.ch\\\/produkt\\\/bearpaw-pocket-quiver-slide-in\\\/#breadcrumb\"},\"inLanguage\":\"fr-FR\",\"potentialAction\":[{\"@type\":\"ReadAction\",\"target\":[\"https:\\\/\\\/bogensportdiscount.ch\\\/produkt\\\/bearpaw-pocket-quiver-slide-in\\\/\"]}]},{\"@type\":\"ImageObject\",\"inLanguage\":\"fr-FR\",\"@id\":\"https:\\\/\\\/bogensportdiscount.ch\\\/produkt\\\/bearpaw-pocket-quiver-slide-in\\\/#primaryimage\",\"url\":\"https:\\\/\\\/bogensportdiscount.ch\\\/wp-content\\\/uploads\\\/2026\\\/04\\\/bogensportdiscount.ch-pfeile-boegen-zubehoer-fuer-anfaenger-und-profis-zum-besten-preis-Symbolbild-kein-foto-zu-diesem-artikel_01.jpg\",\"contentUrl\":\"https:\\\/\\\/bogensportdiscount.ch\\\/wp-content\\\/uploads\\\/2026\\\/04\\\/bogensportdiscount.ch-pfeile-boegen-zubehoer-fuer-anfaenger-und-profis-zum-besten-preis-Symbolbild-kein-foto-zu-diesem-artikel_01.jpg\",\"width\":1080,\"height\":1080},{\"@type\":\"BreadcrumbList\",\"@id\":\"https:\\\/\\\/bogensportdiscount.ch\\\/produkt\\\/bearpaw-pocket-quiver-slide-in\\\/#breadcrumb\",\"itemListElement\":[{\"@type\":\"ListItem\",\"position\":1,\"name\":\"Home\",\"item\":\"https:\\\/\\\/bogensportdiscount.ch\\\/\"},{\"@type\":\"ListItem\",\"position\":2,\"name\":\"Shop\",\"item\":\"https:\\\/\\\/bogensportdiscount.ch\\\/shop\\\/\"},{\"@type\":\"ListItem\",\"position\":3,\"name\":\"BEARPAW Hosentaschen-Koecher Slide In\"}]},{\"@type\":\"WebSite\",\"@id\":\"https:\\\/\\\/bogensportdiscount.ch\\\/#website\",\"url\":\"https:\\\/\\\/bogensportdiscount.ch\\\/\",\"name\":\"Bogensportdiscount\",\"description\":\"\",\"potentialAction\":[{\"@type\":\"SearchAction\",\"target\":{\"@type\":\"EntryPoint\",\"urlTemplate\":\"https:\\\/\\\/bogensportdiscount.ch\\\/?s={search_term_string}\"},\"query-input\":{\"@type\":\"PropertyValueSpecification\",\"valueRequired\":true,\"valueName\":\"search_term_string\"}}],\"inLanguage\":\"fr-FR\"}]}<\/script>\n<!-- \/ Yoast SEO plugin. -->","yoast_head_json":{"title":"Carquois de poche BEARPAW Slide In - Bogensportdiscount \u2013 Arcs, fl\u00e8ches, cibles et accessoires","description":"Achetez le carquois de poche BEARPAW Slide In \u00e0 un prix avantageux chez Bogensportdiscount \u2013 Les meilleures marques, livraison rapide depuis la Suisse.","robots":{"index":"index","follow":"follow","max-snippet":"max-snippet:-1","max-image-preview":"max-image-preview:large","max-video-preview":"max-video-preview:-1"},"canonical":"https:\/\/bogensportdiscount.ch\/fr\/produit\/bearpaw-pocket-quiver-slide-in\/","og_locale":"fr_FR","og_type":"article","og_title":"Carquois de poche BEARPAW Slide In - Bogensportdiscount \u2013 Arcs, fl\u00e8ches, cibles et accessoires","og_description":"Achetez le carquois de poche BEARPAW Slide In \u00e0 un prix avantageux chez Bogensportdiscount \u2013 Les meilleures marques, livraison rapide depuis la Suisse.","og_url":"https:\/\/bogensportdiscount.ch\/fr\/produit\/bearpaw-pocket-quiver-slide-in\/","og_site_name":"Bogensportdiscount \u2013 B\u00f6gen, Pfeile, Targets &amp; Zubeh\u00f6r","article_modified_time":"2026-05-14T13:27:36+00:00","og_image":[{"width":1080,"height":1080,"url":"https:\/\/bogensportdiscount.ch\/wp-content\/uploads\/2026\/04\/bogensportdiscount.ch-pfeile-boegen-zubehoer-fuer-anfaenger-und-profis-zum-besten-preis-Symbolbild-kein-foto-zu-diesem-artikel_01.jpg","type":"image\/jpeg"}],"twitter_card":"summary_large_image","schema":{"@context":"https:\/\/schema.org","@graph":[{"@type":"WebPage","@id":"https:\/\/bogensportdiscount.ch\/produkt\/bearpaw-pocket-quiver-slide-in\/","url":"https:\/\/bogensportdiscount.ch\/produkt\/bearpaw-pocket-quiver-slide-in\/","name":"Carquois de poche BEARPAW Slide In - Bogensportdiscount \u2013 Arcs, fl\u00e8ches, cibles et accessoires","isPartOf":{"@id":"https:\/\/bogensportdiscount.ch\/#website"},"primaryImageOfPage":{"@id":"https:\/\/bogensportdiscount.ch\/produkt\/bearpaw-pocket-quiver-slide-in\/#primaryimage"},"image":{"@id":"https:\/\/bogensportdiscount.ch\/produkt\/bearpaw-pocket-quiver-slide-in\/#primaryimage"},"thumbnailUrl":"https:\/\/bogensportdiscount.ch\/wp-content\/uploads\/2026\/04\/bogensportdiscount.ch-pfeile-boegen-zubehoer-fuer-anfaenger-und-profis-zum-besten-preis-Symbolbild-kein-foto-zu-diesem-artikel_01.jpg","datePublished":"2026-04-05T13:33:36+00:00","dateModified":"2026-05-14T13:27:36+00:00","description":"Achetez le carquois de poche BEARPAW Slide In \u00e0 un prix avantageux chez Bogensportdiscount \u2013 Les meilleures marques, livraison rapide depuis la Suisse.","breadcrumb":{"@id":"https:\/\/bogensportdiscount.ch\/produkt\/bearpaw-pocket-quiver-slide-in\/#breadcrumb"},"inLanguage":"fr-FR","potentialAction":[{"@type":"ReadAction","target":["https:\/\/bogensportdiscount.ch\/produkt\/bearpaw-pocket-quiver-slide-in\/"]}]},{"@type":"ImageObject","inLanguage":"fr-FR","@id":"https:\/\/bogensportdiscount.ch\/produkt\/bearpaw-pocket-quiver-slide-in\/#primaryimage","url":"https:\/\/bogensportdiscount.ch\/wp-content\/uploads\/2026\/04\/bogensportdiscount.ch-pfeile-boegen-zubehoer-fuer-anfaenger-und-profis-zum-besten-preis-Symbolbild-kein-foto-zu-diesem-artikel_01.jpg","contentUrl":"https:\/\/bogensportdiscount.ch\/wp-content\/uploads\/2026\/04\/bogensportdiscount.ch-pfeile-boegen-zubehoer-fuer-anfaenger-und-profis-zum-besten-preis-Symbolbild-kein-foto-zu-diesem-artikel_01.jpg","width":1080,"height":1080},{"@type":"BreadcrumbList","@id":"https:\/\/bogensportdiscount.ch\/produkt\/bearpaw-pocket-quiver-slide-in\/#breadcrumb","itemListElement":[{"@type":"ListItem","position":1,"name":"Home","item":"https:\/\/bogensportdiscount.ch\/"},{"@type":"ListItem","position":2,"name":"Shop","item":"https:\/\/bogensportdiscount.ch\/shop\/"},{"@type":"ListItem","position":3,"name":"BEARPAW Hosentaschen-Koecher Slide In"}]},{"@type":"WebSite","@id":"https:\/\/bogensportdiscount.ch\/#website","url":"https:\/\/bogensportdiscount.ch\/","name":"Bogensportdiscount","description":"","potentialAction":[{"@type":"SearchAction","target":{"@type":"EntryPoint","urlTemplate":"https:\/\/bogensportdiscount.ch\/?s={search_term_string}"},"query-input":{"@type":"PropertyValueSpecification","valueRequired":true,"valueName":"search_term_string"}}],"inLanguage":"fr-FR"}]}},"_links":{"self":[{"href":"https:\/\/bogensportdiscount.ch\/fr\/wp-json\/wp\/v2\/product\/426168","targetHints":{"allow":["GET"]}}],"collection":[{"href":"https:\/\/bogensportdiscount.ch\/fr\/wp-json\/wp\/v2\/product"}],"about":[{"href":"https:\/\/bogensportdiscount.ch\/fr\/wp-json\/wp\/v2\/types\/product"}],"replies":[{"embeddable":true,"href":"https:\/\/bogensportdiscount.ch\/fr\/wp-json\/wp\/v2\/comments?post=426168"}],"wp:featuredmedia":[{"embeddable":true,"href":"https:\/\/bogensportdiscount.ch\/fr\/wp-json\/wp\/v2\/media\/453631"}],"wp:attachment":[{"href":"https:\/\/bogensportdiscount.ch\/fr\/wp-json\/wp\/v2\/media?parent=426168"}],"wp:term":[{"taxonomy":"product_brand","embeddable":true,"href":"https:\/\/bogensportdiscount.ch\/fr\/wp-json\/wp\/v2\/product_brand?post=426168"},{"taxonomy":"product_cat","embeddable":true,"href":"https:\/\/bogensportdiscount.ch\/fr\/wp-json\/wp\/v2\/product_cat?post=426168"},{"taxonomy":"product_tag","embeddable":true,"href":"https:\/\/bogensportdiscount.ch\/fr\/wp-json\/wp\/v2\/product_tag?post=426168"}],"curies":[{"name":"wp","href":"https:\/\/api.w.org\/{rel}","templated":true}]}}