{"id":426151,"date":"2026-04-05T15:33:33","date_gmt":"2026-04-05T13:33:33","guid":{"rendered":"https:\/\/bogensportdiscount.ch\/produkt\/compound-sight-nytrx-pro-x4-4-pin-4-5-dovetail-010-rh\/"},"modified":"2026-04-22T14:12:04","modified_gmt":"2026-04-22T12:12:04","slug":"hha-compound-visier-nytrx-pro-x4-4-pin-dovetail-010","status":"publish","type":"product","link":"https:\/\/bogensportdiscount.ch\/fr\/produit\/hha-compound-visier-nytrx-pro-x4-4-pin-dovetail-010\/","title":{"rendered":"HHA Compound-Visier Nytrx Pro X4 4-Pin 4&#8243;-5&#8243; Dovetail .010&#8243;"},"content":{"rendered":"<p>Das HHA Nytrx Pro X4 Compound-Visier ist auf Jagd- und 3D-Anwendungen ausgelegt. Die 4-Pin-Konfiguration erm\u00f6glicht die gleichzeitige Einstellung mehrerer Entfernungen, w\u00e4hrend das Dovetail-Montagesystem eine stabile und pr\u00e4zise Befestigung am Bogen gew\u00e4hrleistet.<\/p>\n<p>Mit einer Einstellbreite von 4&#8243; bis 5&#8243; l\u00e4sst sich das Visier flexibel an verschiedene Bogenkonfigurationen anpassen. Das Modell ist sowohl f\u00fcr Rechts- als auch f\u00fcr Linksh\u00e4nder erh\u00e4ltlich.<\/p>\n<ul>\n<li>Configuration \u00e0 4 pins pour plusieurs r\u00e9glages de distance<\/li>\n<li>Syst\u00e8me de montage en queue d'aronde pour une fixation s\u00e9curis\u00e9e<\/li>\n<li>Einstellbreite 4&#8243; bis 5&#8243;<\/li>\n<li>Disponible pour gauchers et droitiers<\/li>\n<\/ul>","protected":false},"excerpt":{"rendered":"<p>Das HHA Nytrx Pro X4 ist ein Compound-Visier mit 4-Pin-Konfiguration und einem Dovetail-System. Es ist in einer Einstellbreite von 4&#8243; bis 5&#8243; erh\u00e4ltlich und eignet sich f\u00fcr Links- und Rechtsh\u00e4nder.<\/p>","protected":false},"featured_media":523307,"comment_status":"open","ping_status":"closed","template":"","meta":[],"product_brand":[528],"product_cat":[4263],"product_tag":[],"class_list":{"0":"post-426151","1":"product","2":"type-product","3":"status-publish","4":"has-post-thumbnail","6":"product_brand-hha","7":"product_cat-jagd-und-3d-visiere","8":"product_shipping_class-bsd-standard","10":"first","11":"onbackorder","12":"shipping-taxable","13":"purchasable","14":"product-type-variable"},"yoast_head":"<!-- This site is optimized with the Yoast SEO plugin v27.4 - https:\/\/yoast.com\/product\/yoast-seo-wordpress\/ -->\n<title>Viseur HHA Compound Nytrx Pro X4 \u00e0 4 rep\u00e8res, 4&quot;-5&quot;, queue d&#x27;aronde, 0,010&quot; - Bogensportdiscount \u2013 Arcs, fl\u00e8ches, cibles et accessoires<\/title>\n<meta name=\"description\" content=\"Viseur HHA Compound Nytrx Pro X4 \u00e0 4 points d&#x27;alignement, 4&quot;-5&quot;, queue d&#x27;aronde, 0,010&quot; : achetez-le \u00e0 prix avantageux chez Bogensportdiscount \u2013 Les meilleures marques, livraison rapide depuis la Suisse.\" \/>\n<meta name=\"robots\" content=\"index, follow, max-snippet:-1, max-image-preview:large, max-video-preview:-1\" \/>\n<link rel=\"canonical\" href=\"https:\/\/bogensportdiscount.ch\/fr\/produit\/hha-compound-visier-nytrx-pro-x4-4-pin-dovetail-010\/\" \/>\n<meta property=\"og:locale\" content=\"fr_FR\" \/>\n<meta property=\"og:type\" content=\"article\" \/>\n<meta property=\"og:title\" content=\"Viseur HHA Compound Nytrx Pro X4 \u00e0 4 rep\u00e8res, 4&quot;-5&quot;, queue d&#x27;aronde, 0,010&quot; - Bogensportdiscount \u2013 Arcs, fl\u00e8ches, cibles et accessoires\" \/>\n<meta property=\"og:description\" content=\"Viseur HHA Compound Nytrx Pro X4 \u00e0 4 points d&#x27;alignement, 4&quot;-5&quot;, queue d&#x27;aronde, 0,010&quot; : achetez-le \u00e0 prix avantageux chez Bogensportdiscount \u2013 Les meilleures marques, livraison rapide depuis la Suisse.\" \/>\n<meta property=\"og:url\" content=\"https:\/\/bogensportdiscount.ch\/fr\/produit\/hha-compound-visier-nytrx-pro-x4-4-pin-dovetail-010\/\" \/>\n<meta property=\"og:site_name\" content=\"Bogensportdiscount \u2013 B\u00f6gen, Pfeile, Targets &amp; Zubeh\u00f6r\" \/>\n<meta property=\"article:modified_time\" content=\"2026-04-22T12:12:04+00:00\" \/>\n<meta property=\"og:image\" content=\"https:\/\/bogensportdiscount.ch\/wp-content\/uploads\/bsm-images\/A092751_1.png\" \/>\n\t<meta property=\"og:image:width\" content=\"1200\" \/>\n\t<meta property=\"og:image:height\" content=\"1200\" \/>\n\t<meta property=\"og:image:type\" content=\"image\/png\" \/>\n<meta name=\"twitter:card\" content=\"summary_large_image\" \/>\n<script type=\"application\/ld+json\" class=\"yoast-schema-graph\">{\"@context\":\"https:\\\/\\\/schema.org\",\"@graph\":[{\"@type\":\"WebPage\",\"@id\":\"https:\\\/\\\/bogensportdiscount.ch\\\/produkt\\\/hha-compound-visier-nytrx-pro-x4-4-pin-dovetail-010\\\/\",\"url\":\"https:\\\/\\\/bogensportdiscount.ch\\\/produkt\\\/hha-compound-visier-nytrx-pro-x4-4-pin-dovetail-010\\\/\",\"name\":\"HHA Compound-Visier Nytrx Pro X4 4-Pin 4\\\"-5\\\" Dovetail .010\\\" - Bogensportdiscount \u2013 B\u00f6gen, Pfeile, Targets &amp; Zubeh\u00f6r\",\"isPartOf\":{\"@id\":\"https:\\\/\\\/bogensportdiscount.ch\\\/#website\"},\"primaryImageOfPage\":{\"@id\":\"https:\\\/\\\/bogensportdiscount.ch\\\/produkt\\\/hha-compound-visier-nytrx-pro-x4-4-pin-dovetail-010\\\/#primaryimage\"},\"image\":{\"@id\":\"https:\\\/\\\/bogensportdiscount.ch\\\/produkt\\\/hha-compound-visier-nytrx-pro-x4-4-pin-dovetail-010\\\/#primaryimage\"},\"thumbnailUrl\":\"https:\\\/\\\/bogensportdiscount.ch\\\/wp-content\\\/uploads\\\/bsm-images\\\/A092751_1.png\",\"datePublished\":\"2026-04-05T13:33:33+00:00\",\"dateModified\":\"2026-04-22T12:12:04+00:00\",\"description\":\"HHA Compound-Visier Nytrx Pro X4 4-Pin 4\\\"-5\\\" Dovetail .010\\\" g\u00fcnstig kaufen bei Bogensportdiscount \u2013 Top-Marken, schneller Versand aus der Schweiz.\",\"breadcrumb\":{\"@id\":\"https:\\\/\\\/bogensportdiscount.ch\\\/produkt\\\/hha-compound-visier-nytrx-pro-x4-4-pin-dovetail-010\\\/#breadcrumb\"},\"inLanguage\":\"fr-FR\",\"potentialAction\":[{\"@type\":\"ReadAction\",\"target\":[\"https:\\\/\\\/bogensportdiscount.ch\\\/produkt\\\/hha-compound-visier-nytrx-pro-x4-4-pin-dovetail-010\\\/\"]}]},{\"@type\":\"ImageObject\",\"inLanguage\":\"fr-FR\",\"@id\":\"https:\\\/\\\/bogensportdiscount.ch\\\/produkt\\\/hha-compound-visier-nytrx-pro-x4-4-pin-dovetail-010\\\/#primaryimage\",\"url\":\"https:\\\/\\\/bogensportdiscount.ch\\\/wp-content\\\/uploads\\\/bsm-images\\\/A092751_1.png\",\"contentUrl\":\"https:\\\/\\\/bogensportdiscount.ch\\\/wp-content\\\/uploads\\\/bsm-images\\\/A092751_1.png\",\"width\":1200,\"height\":1200},{\"@type\":\"BreadcrumbList\",\"@id\":\"https:\\\/\\\/bogensportdiscount.ch\\\/produkt\\\/hha-compound-visier-nytrx-pro-x4-4-pin-dovetail-010\\\/#breadcrumb\",\"itemListElement\":[{\"@type\":\"ListItem\",\"position\":1,\"name\":\"Home\",\"item\":\"https:\\\/\\\/bogensportdiscount.ch\\\/\"},{\"@type\":\"ListItem\",\"position\":2,\"name\":\"Shop\",\"item\":\"https:\\\/\\\/bogensportdiscount.ch\\\/shop\\\/\"},{\"@type\":\"ListItem\",\"position\":3,\"name\":\"HHA Compound-Visier Nytrx Pro X4 4-Pin 4&#8243;-5&#8243; Dovetail .010&#8243;\"}]},{\"@type\":\"WebSite\",\"@id\":\"https:\\\/\\\/bogensportdiscount.ch\\\/#website\",\"url\":\"https:\\\/\\\/bogensportdiscount.ch\\\/\",\"name\":\"Bogensportdiscount\",\"description\":\"\",\"potentialAction\":[{\"@type\":\"SearchAction\",\"target\":{\"@type\":\"EntryPoint\",\"urlTemplate\":\"https:\\\/\\\/bogensportdiscount.ch\\\/?s={search_term_string}\"},\"query-input\":{\"@type\":\"PropertyValueSpecification\",\"valueRequired\":true,\"valueName\":\"search_term_string\"}}],\"inLanguage\":\"fr-FR\"}]}<\/script>\n<!-- \/ Yoast SEO plugin. -->","yoast_head_json":{"title":"Viseur HHA Compound Nytrx Pro X4 \u00e0 4 rep\u00e8res, 4&quot;-5&quot;, queue d&#x27;aronde, 0,010&quot; - Bogensportdiscount \u2013 Arcs, fl\u00e8ches, cibles et accessoires","description":"Viseur HHA Compound Nytrx Pro X4 \u00e0 4 points d&#x27;alignement, 4&quot;-5&quot;, queue d&#x27;aronde, 0,010&quot; : achetez-le \u00e0 prix avantageux chez Bogensportdiscount \u2013 Les meilleures marques, livraison rapide depuis la Suisse.","robots":{"index":"index","follow":"follow","max-snippet":"max-snippet:-1","max-image-preview":"max-image-preview:large","max-video-preview":"max-video-preview:-1"},"canonical":"https:\/\/bogensportdiscount.ch\/fr\/produit\/hha-compound-visier-nytrx-pro-x4-4-pin-dovetail-010\/","og_locale":"fr_FR","og_type":"article","og_title":"Viseur HHA Compound Nytrx Pro X4 \u00e0 4 rep\u00e8res, 4&quot;-5&quot;, queue d&#x27;aronde, 0,010&quot; - Bogensportdiscount \u2013 Arcs, fl\u00e8ches, cibles et accessoires","og_description":"Viseur HHA Compound Nytrx Pro X4 \u00e0 4 points d&#x27;alignement, 4&quot;-5&quot;, queue d&#x27;aronde, 0,010&quot; : achetez-le \u00e0 prix avantageux chez Bogensportdiscount \u2013 Les meilleures marques, livraison rapide depuis la Suisse.","og_url":"https:\/\/bogensportdiscount.ch\/fr\/produit\/hha-compound-visier-nytrx-pro-x4-4-pin-dovetail-010\/","og_site_name":"Bogensportdiscount \u2013 B\u00f6gen, Pfeile, Targets &amp; Zubeh\u00f6r","article_modified_time":"2026-04-22T12:12:04+00:00","og_image":[{"width":1200,"height":1200,"url":"https:\/\/bogensportdiscount.ch\/wp-content\/uploads\/bsm-images\/A092751_1.png","type":"image\/png"}],"twitter_card":"summary_large_image","schema":{"@context":"https:\/\/schema.org","@graph":[{"@type":"WebPage","@id":"https:\/\/bogensportdiscount.ch\/produkt\/hha-compound-visier-nytrx-pro-x4-4-pin-dovetail-010\/","url":"https:\/\/bogensportdiscount.ch\/produkt\/hha-compound-visier-nytrx-pro-x4-4-pin-dovetail-010\/","name":"Viseur HHA Compound Nytrx Pro X4 \u00e0 4 rep\u00e8res, 4&quot;-5&quot;, queue d&#x27;aronde, 0,010&quot; - Bogensportdiscount \u2013 Arcs, fl\u00e8ches, cibles et accessoires","isPartOf":{"@id":"https:\/\/bogensportdiscount.ch\/#website"},"primaryImageOfPage":{"@id":"https:\/\/bogensportdiscount.ch\/produkt\/hha-compound-visier-nytrx-pro-x4-4-pin-dovetail-010\/#primaryimage"},"image":{"@id":"https:\/\/bogensportdiscount.ch\/produkt\/hha-compound-visier-nytrx-pro-x4-4-pin-dovetail-010\/#primaryimage"},"thumbnailUrl":"https:\/\/bogensportdiscount.ch\/wp-content\/uploads\/bsm-images\/A092751_1.png","datePublished":"2026-04-05T13:33:33+00:00","dateModified":"2026-04-22T12:12:04+00:00","description":"Viseur HHA Compound Nytrx Pro X4 \u00e0 4 points d&#x27;alignement, 4&quot;-5&quot;, queue d&#x27;aronde, 0,010&quot; : achetez-le \u00e0 prix avantageux chez Bogensportdiscount \u2013 Les meilleures marques, livraison rapide depuis la Suisse.","breadcrumb":{"@id":"https:\/\/bogensportdiscount.ch\/produkt\/hha-compound-visier-nytrx-pro-x4-4-pin-dovetail-010\/#breadcrumb"},"inLanguage":"fr-FR","potentialAction":[{"@type":"ReadAction","target":["https:\/\/bogensportdiscount.ch\/produkt\/hha-compound-visier-nytrx-pro-x4-4-pin-dovetail-010\/"]}]},{"@type":"ImageObject","inLanguage":"fr-FR","@id":"https:\/\/bogensportdiscount.ch\/produkt\/hha-compound-visier-nytrx-pro-x4-4-pin-dovetail-010\/#primaryimage","url":"https:\/\/bogensportdiscount.ch\/wp-content\/uploads\/bsm-images\/A092751_1.png","contentUrl":"https:\/\/bogensportdiscount.ch\/wp-content\/uploads\/bsm-images\/A092751_1.png","width":1200,"height":1200},{"@type":"BreadcrumbList","@id":"https:\/\/bogensportdiscount.ch\/produkt\/hha-compound-visier-nytrx-pro-x4-4-pin-dovetail-010\/#breadcrumb","itemListElement":[{"@type":"ListItem","position":1,"name":"Home","item":"https:\/\/bogensportdiscount.ch\/"},{"@type":"ListItem","position":2,"name":"Shop","item":"https:\/\/bogensportdiscount.ch\/shop\/"},{"@type":"ListItem","position":3,"name":"HHA Compound-Visier Nytrx Pro X4 4-Pin 4&#8243;-5&#8243; Dovetail .010&#8243;"}]},{"@type":"WebSite","@id":"https:\/\/bogensportdiscount.ch\/#website","url":"https:\/\/bogensportdiscount.ch\/","name":"Bogensportdiscount","description":"","potentialAction":[{"@type":"SearchAction","target":{"@type":"EntryPoint","urlTemplate":"https:\/\/bogensportdiscount.ch\/?s={search_term_string}"},"query-input":{"@type":"PropertyValueSpecification","valueRequired":true,"valueName":"search_term_string"}}],"inLanguage":"fr-FR"}]}},"_links":{"self":[{"href":"https:\/\/bogensportdiscount.ch\/fr\/wp-json\/wp\/v2\/product\/426151","targetHints":{"allow":["GET"]}}],"collection":[{"href":"https:\/\/bogensportdiscount.ch\/fr\/wp-json\/wp\/v2\/product"}],"about":[{"href":"https:\/\/bogensportdiscount.ch\/fr\/wp-json\/wp\/v2\/types\/product"}],"replies":[{"embeddable":true,"href":"https:\/\/bogensportdiscount.ch\/fr\/wp-json\/wp\/v2\/comments?post=426151"}],"wp:featuredmedia":[{"embeddable":true,"href":"https:\/\/bogensportdiscount.ch\/fr\/wp-json\/wp\/v2\/media\/523307"}],"wp:attachment":[{"href":"https:\/\/bogensportdiscount.ch\/fr\/wp-json\/wp\/v2\/media?parent=426151"}],"wp:term":[{"taxonomy":"product_brand","embeddable":true,"href":"https:\/\/bogensportdiscount.ch\/fr\/wp-json\/wp\/v2\/product_brand?post=426151"},{"taxonomy":"product_cat","embeddable":true,"href":"https:\/\/bogensportdiscount.ch\/fr\/wp-json\/wp\/v2\/product_cat?post=426151"},{"taxonomy":"product_tag","embeddable":true,"href":"https:\/\/bogensportdiscount.ch\/fr\/wp-json\/wp\/v2\/product_tag?post=426151"}],"curies":[{"name":"wp","href":"https:\/\/api.w.org\/{rel}","templated":true}]}}