{"id":426148,"date":"2026-04-05T15:33:33","date_gmt":"2026-04-05T13:33:33","guid":{"rendered":"https:\/\/bogensportdiscount.ch\/produkt\/compound-sight-nytrx-pro-x4-4-pin-4-5-dovetail-019-rh\/"},"modified":"2026-04-17T13:49:35","modified_gmt":"2026-04-17T11:49:35","slug":"hha-compound-visier-nytrx-pro-x4-4-pin-dovetail-019","status":"publish","type":"product","link":"https:\/\/bogensportdiscount.ch\/fr\/produit\/hha-compound-visier-nytrx-pro-x4-4-pin-dovetail-019\/","title":{"rendered":"HHA COMPOUND SIGHT NYTRX PRO X4 4 PIN 4\u2033-5\u2033 DOVETAIL .019\u2033"},"content":{"rendered":"<p>Das HHA Nytrx Pro X4 ist ein 4-Pin Compound-Visier mit Dovetail-Befestigung, ausgelegt f\u00fcr den Einsatz beim Jagd- und 3D-Bogenschiessen. Es ist in der Ausf\u00fchrung f\u00fcr Rechtshand (RH) und Linkshand (LH) erh\u00e4ltlich.<\/p>\n<p>Die Dovetail-Montage erm\u00f6glicht eine einfache und stabile Befestigung am Bogen. Mit einem Einstellbereich von 4&#8243; bis 5&#8243; l\u00e4sst sich das Visier an verschiedene Setups anpassen. Die Pindicke von .019&#8243; bietet eine pr\u00e4zise Zielerfassung.<\/p>\n<ul>\n<li>4-Pin-Konfiguration f\u00fcr mehrere Distanzen<\/li>\n<li>Dovetail-Montage f\u00fcr schnelle Ausrichtung<\/li>\n<li>Pindicke .019&#8243; f\u00fcr pr\u00e4zises Zielen<\/li>\n<li>Verf\u00fcgbar f\u00fcr Rechts- und Linkshandsch\u00fctzen<\/li>\n<\/ul>","protected":false},"excerpt":{"rendered":"<p>Das HHA Nytrx Pro X4 ist ein Compound-Visier mit 4-Pin-Konfiguration und Dovetail-Montage. Es ist in einer Einstellbreite von 4&#8243;\u20135&#8243; erh\u00e4ltlich und eignet sich f\u00fcr Rechts- und Linkshandsch\u00fctzen. Die Pindicke betr\u00e4gt .019&#8243;.<\/p>","protected":false},"featured_media":447918,"comment_status":"open","ping_status":"closed","template":"","meta":[],"product_brand":[528],"product_cat":[4263],"product_tag":[],"class_list":{"0":"post-426148","1":"product","2":"type-product","3":"status-publish","4":"has-post-thumbnail","6":"product_brand-hha","7":"product_cat-jagd-und-3d-visiere","9":"first","10":"instock","11":"shipping-taxable","12":"purchasable","13":"product-type-variable"},"_links":{"self":[{"href":"https:\/\/bogensportdiscount.ch\/fr\/wp-json\/wp\/v2\/product\/426148","targetHints":{"allow":["GET"]}}],"collection":[{"href":"https:\/\/bogensportdiscount.ch\/fr\/wp-json\/wp\/v2\/product"}],"about":[{"href":"https:\/\/bogensportdiscount.ch\/fr\/wp-json\/wp\/v2\/types\/product"}],"replies":[{"embeddable":true,"href":"https:\/\/bogensportdiscount.ch\/fr\/wp-json\/wp\/v2\/comments?post=426148"}],"wp:featuredmedia":[{"embeddable":true,"href":"https:\/\/bogensportdiscount.ch\/fr\/wp-json\/wp\/v2\/media\/447918"}],"wp:attachment":[{"href":"https:\/\/bogensportdiscount.ch\/fr\/wp-json\/wp\/v2\/media?parent=426148"}],"wp:term":[{"taxonomy":"product_brand","embeddable":true,"href":"https:\/\/bogensportdiscount.ch\/fr\/wp-json\/wp\/v2\/product_brand?post=426148"},{"taxonomy":"product_cat","embeddable":true,"href":"https:\/\/bogensportdiscount.ch\/fr\/wp-json\/wp\/v2\/product_cat?post=426148"},{"taxonomy":"product_tag","embeddable":true,"href":"https:\/\/bogensportdiscount.ch\/fr\/wp-json\/wp\/v2\/product_tag?post=426148"}],"curies":[{"name":"wp","href":"https:\/\/api.w.org\/{rel}","templated":true}]}}