{"id":426130,"date":"2026-04-05T15:33:29","date_gmt":"2026-04-05T13:33:29","guid":{"rendered":"https:\/\/bogensportdiscount.ch\/produkt\/compound-sight-nytrx-pro-x3-3-pin-4-5-dovetail-019-rh\/"},"modified":"2026-04-17T13:49:35","modified_gmt":"2026-04-17T11:49:35","slug":"hha-compound-visier-nytrx-pro-x3-3-pin-4-5-dovetail-019","status":"publish","type":"product","link":"https:\/\/bogensportdiscount.ch\/fr\/produit\/hha-compound-visier-nytrx-pro-x3-3-pin-4-5-dovetail-019\/","title":{"rendered":"HHA Visi\u00e8re Compound Nytrx Pro X3 3-Pin 4\u2033-5\u2033 Dovetail .019\u2033"},"content":{"rendered":"<p>Das HHA Nytrx Pro X3 ist ein Compound-Visier aus dem Jagd- und 3D-Bereich, das mit einer 3-Pin-Einheit im Format .019&#8243; ausgestattet ist. Die Dovetail-Montage erm\u00f6glicht eine schnelle und sichere Befestigung am Bogen.<\/p>\n<p>Der Einstellbereich von 4&#8243; bis 5&#8243; bietet Flexibilit\u00e4t bei der Montage und Positionierung. Das Visier ist sowohl f\u00fcr Rechtshand- als auch f\u00fcr Linksh\u00e4nder-Bogensch\u00fctzen erh\u00e4ltlich.<\/p>\n<ul>\n<li>3-Pin-Konfiguration mit .019&#8243; Stiftdurchmesser<\/li>\n<li>Dovetail-Montagesystem<\/li>\n<li>Einstellbereich 4&#8243;\u20135&#8243;<\/li>\n<li>Erh\u00e4ltlich in Rechtshand (RH) und Linkshand (LH)<\/li>\n<\/ul>","protected":false},"excerpt":{"rendered":"<p>Das HHA Nytrx Pro X3 ist ein Compound-Visier mit 3-Pin-Konfiguration und Dovetail-Montage, erh\u00e4ltlich f\u00fcr Links- und Rechtshandbogensch\u00fctzen. Der Stifte-Durchmesser betr\u00e4gt .019&#8243; und der verstellbare Bereich umfasst 4&#8243;\u20135&#8243;.<\/p>","protected":false},"featured_media":447924,"comment_status":"open","ping_status":"closed","template":"","meta":[],"product_brand":[528],"product_cat":[4263],"product_tag":[],"class_list":{"0":"post-426130","1":"product","2":"type-product","3":"status-publish","4":"has-post-thumbnail","6":"product_brand-hha","7":"product_cat-jagd-und-3d-visiere","9":"first","10":"instock","11":"shipping-taxable","12":"purchasable","13":"product-type-variable"},"_links":{"self":[{"href":"https:\/\/bogensportdiscount.ch\/fr\/wp-json\/wp\/v2\/product\/426130","targetHints":{"allow":["GET"]}}],"collection":[{"href":"https:\/\/bogensportdiscount.ch\/fr\/wp-json\/wp\/v2\/product"}],"about":[{"href":"https:\/\/bogensportdiscount.ch\/fr\/wp-json\/wp\/v2\/types\/product"}],"replies":[{"embeddable":true,"href":"https:\/\/bogensportdiscount.ch\/fr\/wp-json\/wp\/v2\/comments?post=426130"}],"wp:featuredmedia":[{"embeddable":true,"href":"https:\/\/bogensportdiscount.ch\/fr\/wp-json\/wp\/v2\/media\/447924"}],"wp:attachment":[{"href":"https:\/\/bogensportdiscount.ch\/fr\/wp-json\/wp\/v2\/media?parent=426130"}],"wp:term":[{"taxonomy":"product_brand","embeddable":true,"href":"https:\/\/bogensportdiscount.ch\/fr\/wp-json\/wp\/v2\/product_brand?post=426130"},{"taxonomy":"product_cat","embeddable":true,"href":"https:\/\/bogensportdiscount.ch\/fr\/wp-json\/wp\/v2\/product_cat?post=426130"},{"taxonomy":"product_tag","embeddable":true,"href":"https:\/\/bogensportdiscount.ch\/fr\/wp-json\/wp\/v2\/product_tag?post=426130"}],"curies":[{"name":"wp","href":"https:\/\/api.w.org\/{rel}","templated":true}]}}