{"id":426088,"date":"2026-04-05T15:33:21","date_gmt":"2026-04-05T13:33:21","guid":{"rendered":"https:\/\/bogensportdiscount.ch\/produkt\/compound-sight-nytrx-pro-x2-double-pin-green-red-side-mount-019-rh\/"},"modified":"2026-04-17T13:49:34","modified_gmt":"2026-04-17T11:49:34","slug":"hha-compound-visier-nytrx-pro-x2-doppel-pin","status":"publish","type":"product","link":"https:\/\/bogensportdiscount.ch\/fr\/produit\/hha-compound-visier-nytrx-pro-x2-doppel-pin\/","title":{"rendered":"HHA Visi\u00e8re Compound Nytrx Pro X2 double pin"},"content":{"rendered":"<p>Das HHA Nytrx Pro X2 ist ein Compound-Visier mit Doppel-Pin-Konfiguration aus US-amerikanischer Fertigung. Es ist f\u00fcr beide Handausf\u00fchrungen (Links- und Rechtshand) verf\u00fcgbar und bietet damit eine breite Einsatzkompatibilit\u00e4t.<\/p>\n<p>Die w\u00e4hlbaren Fadenfarben Gr\u00fcn und Rot erm\u00f6glichen eine individuelle Anpassung an die eigenen Sehgewohnheiten und die jeweiligen Lichtverh\u00e4ltnisse beim Schiessen. Das Visier ist in den Kategorien Jagd- und 3D-Visiere eingeordnet und damit f\u00fcr den Feldeinsatz konzipiert.<\/p>\n<ul>\n<li>Doppel-Pin-System f\u00fcr zwei vordefinierte Distanzen<\/li>\n<li>Erh\u00e4ltlich f\u00fcr Links- und Rechtshandsch\u00fctzen<\/li>\n<li>Fadenfarben Gr\u00fcn und Rot w\u00e4hlbar<\/li>\n<li>Fabriqu\u00e9 aux \u00c9tats-Unis<\/li>\n<\/ul>","protected":false},"excerpt":{"rendered":"<p>Das HHA Nytrx Pro X2 ist ein Compound-Visier mit zwei Pins, erh\u00e4ltlich f\u00fcr Links- und Rechtshandsch\u00fctzen. Es wird in den Fadenfarben Gr\u00fcn und Rot angeboten und eignet sich f\u00fcr den Einsatz bei der Jagd sowie im 3D-Bogensport.<\/p>","protected":false},"featured_media":447935,"comment_status":"open","ping_status":"closed","template":"","meta":[],"product_brand":[528],"product_cat":[4263],"product_tag":[],"class_list":{"0":"post-426088","1":"product","2":"type-product","3":"status-publish","4":"has-post-thumbnail","6":"product_brand-hha","7":"product_cat-jagd-und-3d-visiere","9":"first","10":"instock","11":"shipping-taxable","12":"purchasable","13":"product-type-variable"},"_links":{"self":[{"href":"https:\/\/bogensportdiscount.ch\/fr\/wp-json\/wp\/v2\/product\/426088","targetHints":{"allow":["GET"]}}],"collection":[{"href":"https:\/\/bogensportdiscount.ch\/fr\/wp-json\/wp\/v2\/product"}],"about":[{"href":"https:\/\/bogensportdiscount.ch\/fr\/wp-json\/wp\/v2\/types\/product"}],"replies":[{"embeddable":true,"href":"https:\/\/bogensportdiscount.ch\/fr\/wp-json\/wp\/v2\/comments?post=426088"}],"wp:featuredmedia":[{"embeddable":true,"href":"https:\/\/bogensportdiscount.ch\/fr\/wp-json\/wp\/v2\/media\/447935"}],"wp:attachment":[{"href":"https:\/\/bogensportdiscount.ch\/fr\/wp-json\/wp\/v2\/media?parent=426088"}],"wp:term":[{"taxonomy":"product_brand","embeddable":true,"href":"https:\/\/bogensportdiscount.ch\/fr\/wp-json\/wp\/v2\/product_brand?post=426088"},{"taxonomy":"product_cat","embeddable":true,"href":"https:\/\/bogensportdiscount.ch\/fr\/wp-json\/wp\/v2\/product_cat?post=426088"},{"taxonomy":"product_tag","embeddable":true,"href":"https:\/\/bogensportdiscount.ch\/fr\/wp-json\/wp\/v2\/product_tag?post=426088"}],"curies":[{"name":"wp","href":"https:\/\/api.w.org\/{rel}","templated":true}]}}