{"id":426082,"date":"2026-04-05T15:33:20","date_gmt":"2026-04-05T13:33:20","guid":{"rendered":"https:\/\/bogensportdiscount.ch\/produkt\/vanes-quad-x-2-2-fluo-yellow-100-pk\/"},"modified":"2026-04-17T12:15:06","modified_gmt":"2026-04-17T10:15:06","slug":"flexfletch-vanes-quad-x-2-2","status":"publish","type":"product","link":"https:\/\/bogensportdiscount.ch\/fr\/produit\/flexfletch-vanes-quad-x-2-2\/","title":{"rendered":"FLEX-FLETCH QUAD X 2.2 VANE"},"content":{"rendered":"<p>Die FLEXFLETCH Quad X 2.2 sind Kunststoffvanes f\u00fcr die Beflederung von Pfeilen. Mit ihrer robusten Konstruktion und konsistenten Flugeigenschaften eignen sie sich f\u00fcr Freizeit- und Wettkampfsch\u00fctzen.<\/p>\n<p>Die Vanes sind in mehreren attraktiven Farben erh\u00e4ltlich \u2014 Gr\u00fcn, Orange, Rot, Weiss und Gelb \u2014 und erm\u00f6glichen eine individuelle Pfeilgestaltung. Flex-Fletch Produkte werden in den USA hergestellt und stehen f\u00fcr verl\u00e4ssliche Qualit\u00e4t im Bogensport.<\/p>","protected":false},"excerpt":{"rendered":"<p>FLEXFLETCH Quad X 2.2 Kunststoffvanes in verschiedenen Farben. Hochwertige Beflederungsvanes f\u00fcr den Bogensport mit bew\u00e4hrter Qualit\u00e4t und Zuverl\u00e4ssigkeit.<\/p>","protected":false},"featured_media":450396,"comment_status":"open","ping_status":"closed","template":"","meta":[],"product_brand":[826],"product_cat":[4552],"product_tag":[],"class_list":{"0":"post-426082","1":"product","2":"type-product","3":"status-publish","4":"has-post-thumbnail","6":"product_brand-flexfletch","7":"product_cat-plastik-vanes-vanes-nocks-wraps","9":"first","10":"instock","11":"shipping-taxable","12":"purchasable","13":"product-type-variable"},"_links":{"self":[{"href":"https:\/\/bogensportdiscount.ch\/fr\/wp-json\/wp\/v2\/product\/426082","targetHints":{"allow":["GET"]}}],"collection":[{"href":"https:\/\/bogensportdiscount.ch\/fr\/wp-json\/wp\/v2\/product"}],"about":[{"href":"https:\/\/bogensportdiscount.ch\/fr\/wp-json\/wp\/v2\/types\/product"}],"replies":[{"embeddable":true,"href":"https:\/\/bogensportdiscount.ch\/fr\/wp-json\/wp\/v2\/comments?post=426082"}],"wp:featuredmedia":[{"embeddable":true,"href":"https:\/\/bogensportdiscount.ch\/fr\/wp-json\/wp\/v2\/media\/450396"}],"wp:attachment":[{"href":"https:\/\/bogensportdiscount.ch\/fr\/wp-json\/wp\/v2\/media?parent=426082"}],"wp:term":[{"taxonomy":"product_brand","embeddable":true,"href":"https:\/\/bogensportdiscount.ch\/fr\/wp-json\/wp\/v2\/product_brand?post=426082"},{"taxonomy":"product_cat","embeddable":true,"href":"https:\/\/bogensportdiscount.ch\/fr\/wp-json\/wp\/v2\/product_cat?post=426082"},{"taxonomy":"product_tag","embeddable":true,"href":"https:\/\/bogensportdiscount.ch\/fr\/wp-json\/wp\/v2\/product_tag?post=426082"}],"curies":[{"name":"wp","href":"https:\/\/api.w.org\/{rel}","templated":true}]}}