{"id":426069,"date":"2026-04-05T15:33:19","date_gmt":"2026-04-05T13:33:19","guid":{"rendered":"https:\/\/bogensportdiscount.ch\/produkt\/vanes-ffp-418-fluo-green-100-pk\/"},"modified":"2026-04-17T12:15:02","modified_gmt":"2026-04-17T10:15:02","slug":"flexfletch-vanes-ffp-418","status":"publish","type":"product","link":"https:\/\/bogensportdiscount.ch\/fr\/produit\/flexfletch-vanes-ffp-418\/","title":{"rendered":"FLEX-FLETCH FFP-418 VANE"},"content":{"rendered":"<p>Die Flexfletch Vanes FFP-418 sind qualitativ hochwertige Kunststoff-Befiederungen f\u00fcr Pfeile. Sie bieten eine zuverl\u00e4ssige Performance und erm\u00f6glichen eine konsistente Flugbahn.<\/p>\n<p>Verf\u00fcgbar in 9 verschiedenen Farben (Schwarz, Blau, Gold, Gr\u00fcn, Orange, Violett, Rot, Weiss, Gelb), sodass du deine Pfeile nach Vorliebe gestalten kannst. Die robusten Plastik-Vanes sind langlebig und wartungsfreundlich.<\/p>\n<ul>\n<li>Bew\u00e4hrte Flexfletch-Qualit\u00e4t<\/li>\n<li>Mehrere Farbvarianten<\/li>\n<li>Langlebige Kunststoff-Konstruktion<\/li>\n<li>Optimale Flugstabilit\u00e4t<\/li>\n<\/ul>","protected":false},"excerpt":{"rendered":"<p>Kunststoff-Befiederung FFP-418 von Flexfletch in verschiedenen Farben. Hochwertige Plastik-Vanes f\u00fcr pr\u00e4zise Flugbahn und optimale Stabilit\u00e4t.<\/p>","protected":false},"featured_media":450421,"comment_status":"open","ping_status":"closed","template":"","meta":[],"product_brand":[826],"product_cat":[4552],"product_tag":[],"class_list":{"0":"post-426069","1":"product","2":"type-product","3":"status-publish","4":"has-post-thumbnail","6":"product_brand-flexfletch","7":"product_cat-plastik-vanes-vanes-nocks-wraps","9":"first","10":"instock","11":"shipping-taxable","12":"purchasable","13":"product-type-variable"},"_links":{"self":[{"href":"https:\/\/bogensportdiscount.ch\/fr\/wp-json\/wp\/v2\/product\/426069","targetHints":{"allow":["GET"]}}],"collection":[{"href":"https:\/\/bogensportdiscount.ch\/fr\/wp-json\/wp\/v2\/product"}],"about":[{"href":"https:\/\/bogensportdiscount.ch\/fr\/wp-json\/wp\/v2\/types\/product"}],"replies":[{"embeddable":true,"href":"https:\/\/bogensportdiscount.ch\/fr\/wp-json\/wp\/v2\/comments?post=426069"}],"wp:featuredmedia":[{"embeddable":true,"href":"https:\/\/bogensportdiscount.ch\/fr\/wp-json\/wp\/v2\/media\/450421"}],"wp:attachment":[{"href":"https:\/\/bogensportdiscount.ch\/fr\/wp-json\/wp\/v2\/media?parent=426069"}],"wp:term":[{"taxonomy":"product_brand","embeddable":true,"href":"https:\/\/bogensportdiscount.ch\/fr\/wp-json\/wp\/v2\/product_brand?post=426069"},{"taxonomy":"product_cat","embeddable":true,"href":"https:\/\/bogensportdiscount.ch\/fr\/wp-json\/wp\/v2\/product_cat?post=426069"},{"taxonomy":"product_tag","embeddable":true,"href":"https:\/\/bogensportdiscount.ch\/fr\/wp-json\/wp\/v2\/product_tag?post=426069"}],"curies":[{"name":"wp","href":"https:\/\/api.w.org\/{rel}","templated":true}]}}