{"id":425877,"date":"2026-04-05T15:32:50","date_gmt":"2026-04-05T13:32:50","guid":{"rendered":"https:\/\/bogensportdiscount.ch\/produkt\/compound-sight-nytrx-x3-3-pin-4-5-dovetail-019-rh\/"},"modified":"2026-04-17T13:49:31","modified_gmt":"2026-04-17T11:49:31","slug":"hha-compound-visier-nytrx-x3-3-pin-4-5-dovetail-019","status":"publish","type":"product","link":"https:\/\/bogensportdiscount.ch\/fr\/produit\/hha-compound-visier-nytrx-x3-3-pin-4-5-dovetail-019\/","title":{"rendered":"HHA Visi\u00e8re Compound Nytrx X3 3-Pin 4\u2033-5\u2033 Dovetail .019\u2033"},"content":{"rendered":"<p>Das HHA Nytrx X3 ist ein Compound-Visier f\u00fcr den Jagd- und 3D-Einsatz. Mit seiner 3-Pin-Konfiguration und dem Dovetail-Montagesystem l\u00e4sst es sich schnell und sicher am Bogen befestigen. Es ist in einer Links- und Rechtshand-Ausf\u00fchrung erh\u00e4ltlich und damit f\u00fcr eine breite Palette von Sch\u00fctzen geeignet.<\/p>\n<p>Der Einstellbereich von 4&#8243; bis 5&#8243; erm\u00f6glicht eine flexible Anpassung an verschiedene B\u00f6gen. Die .019&#8243; Pins bieten eine pr\u00e4zise Zielerfassung auch unter schwierigen Lichtverh\u00e4ltnissen.<\/p>\n<ul>\n<li>3-Pin-Konfiguration f\u00fcr mehrere Entfernungen<\/li>\n<li>Dovetail-Montagesystem f\u00fcr einfache Befestigung<\/li>\n<li>Einstellbereich 4&#8243;\u20135&#8243;<\/li>\n<li>Erh\u00e4ltlich in Links- und Rechtshand-Ausf\u00fchrung<\/li>\n<\/ul>","protected":false},"excerpt":{"rendered":"<p>Das HHA Nytrx X3 ist ein Compound-Visier mit 3-Pin-Konfiguration und Dovetail-Halterung. Es ist f\u00fcr einen Einstellbereich von 4&#8243; bis 5&#8243; ausgelegt und verf\u00fcgbar in Links- und Rechtshand-Ausf\u00fchrung. Die Faseroptik-Pins haben einen Durchmesser von .019&#8243;.<\/p>","protected":false},"featured_media":436002,"comment_status":"open","ping_status":"closed","template":"","meta":[],"product_brand":[528],"product_cat":[4263],"product_tag":[],"class_list":{"0":"post-425877","1":"product","2":"type-product","3":"status-publish","4":"has-post-thumbnail","6":"product_brand-hha","7":"product_cat-jagd-und-3d-visiere","9":"first","10":"instock","11":"shipping-taxable","12":"purchasable","13":"product-type-variable"},"_links":{"self":[{"href":"https:\/\/bogensportdiscount.ch\/fr\/wp-json\/wp\/v2\/product\/425877","targetHints":{"allow":["GET"]}}],"collection":[{"href":"https:\/\/bogensportdiscount.ch\/fr\/wp-json\/wp\/v2\/product"}],"about":[{"href":"https:\/\/bogensportdiscount.ch\/fr\/wp-json\/wp\/v2\/types\/product"}],"replies":[{"embeddable":true,"href":"https:\/\/bogensportdiscount.ch\/fr\/wp-json\/wp\/v2\/comments?post=425877"}],"wp:featuredmedia":[{"embeddable":true,"href":"https:\/\/bogensportdiscount.ch\/fr\/wp-json\/wp\/v2\/media\/436002"}],"wp:attachment":[{"href":"https:\/\/bogensportdiscount.ch\/fr\/wp-json\/wp\/v2\/media?parent=425877"}],"wp:term":[{"taxonomy":"product_brand","embeddable":true,"href":"https:\/\/bogensportdiscount.ch\/fr\/wp-json\/wp\/v2\/product_brand?post=425877"},{"taxonomy":"product_cat","embeddable":true,"href":"https:\/\/bogensportdiscount.ch\/fr\/wp-json\/wp\/v2\/product_cat?post=425877"},{"taxonomy":"product_tag","embeddable":true,"href":"https:\/\/bogensportdiscount.ch\/fr\/wp-json\/wp\/v2\/product_tag?post=425877"}],"curies":[{"name":"wp","href":"https:\/\/api.w.org\/{rel}","templated":true}]}}