{"id":425593,"date":"2026-04-05T15:32:12","date_gmt":"2026-04-05T13:32:12","guid":{"rendered":"https:\/\/bogensportdiscount.ch\/produkt\/compound-sight-nytrx-x1-single-pin-4-5-dovetail-010-rh\/"},"modified":"2026-04-17T13:49:30","modified_gmt":"2026-04-17T11:49:30","slug":"hha-compound-visier-nytrx-x1-single-pin-4-5-zoll-dovetail-010","status":"publish","type":"product","link":"https:\/\/bogensportdiscount.ch\/fr\/produit\/hha-compound-visier-nytrx-x1-single-pin-4-5-zoll-dovetail-010\/","title":{"rendered":"HHA COMPOUND SIGHT NYTRX X1 SINGLE PIN 4\u2033-5\u2033 DOVETAIL .010\u2033"},"content":{"rendered":"<p>Das HHA Nytrx X1 ist ein Single-Pin-Compound-Visier f\u00fcr Jagd- und 3D-Bogenschiessen. Die Dovetail-Montage erm\u00f6glicht eine einfache und pr\u00e4zise Befestigung am Bogen, w\u00e4hrend der feine .010&#8243;-Pin eine saubere Zielerfassung unterst\u00fctzt.<\/p>\n<p>Das Visier ist in zwei Arml\u00e4ngen (4&#8243; und 5&#8243;) erh\u00e4ltlich und kann sowohl von Rechts- als auch von Linksh\u00e4ndern verwendet werden. Hergestellt in den USA steht das Nytrx X1 f\u00fcr solide Verarbeitung aus dem Hause HHA.<\/p>\n<ul>\n<li>Single-Pin-Visier f\u00fcr \u00fcbersichtliches Zielbild<\/li>\n<li>Feiner .010&#8243;-Pin f\u00fcr pr\u00e4zise Ausrichtung<\/li>\n<li>Dovetail-Montage f\u00fcr stabile Befestigung<\/li>\n<li>Disponible pour gaucher et droitier<\/li>\n<\/ul>","protected":false},"excerpt":{"rendered":"<p>Das HHA Nytrx X1 ist ein Single-Pin-Compound-Visier mit Dovetail-Montage und einem Pinduchmesser von .010&#8243;. Es ist in einer 4&#8243;- sowie 5&#8243;-Ausf\u00fchrung erh\u00e4ltlich und f\u00fcr Links- wie Rechtshandbogensch\u00fctzen geeignet.<\/p>","protected":false},"featured_media":436330,"comment_status":"open","ping_status":"closed","template":"","meta":[],"product_brand":[528],"product_cat":[4263],"product_tag":[],"class_list":{"0":"post-425593","1":"product","2":"type-product","3":"status-publish","4":"has-post-thumbnail","6":"product_brand-hha","7":"product_cat-jagd-und-3d-visiere","9":"first","10":"onbackorder","11":"shipping-taxable","12":"purchasable","13":"product-type-variable"},"_links":{"self":[{"href":"https:\/\/bogensportdiscount.ch\/fr\/wp-json\/wp\/v2\/product\/425593","targetHints":{"allow":["GET"]}}],"collection":[{"href":"https:\/\/bogensportdiscount.ch\/fr\/wp-json\/wp\/v2\/product"}],"about":[{"href":"https:\/\/bogensportdiscount.ch\/fr\/wp-json\/wp\/v2\/types\/product"}],"replies":[{"embeddable":true,"href":"https:\/\/bogensportdiscount.ch\/fr\/wp-json\/wp\/v2\/comments?post=425593"}],"wp:featuredmedia":[{"embeddable":true,"href":"https:\/\/bogensportdiscount.ch\/fr\/wp-json\/wp\/v2\/media\/436330"}],"wp:attachment":[{"href":"https:\/\/bogensportdiscount.ch\/fr\/wp-json\/wp\/v2\/media?parent=425593"}],"wp:term":[{"taxonomy":"product_brand","embeddable":true,"href":"https:\/\/bogensportdiscount.ch\/fr\/wp-json\/wp\/v2\/product_brand?post=425593"},{"taxonomy":"product_cat","embeddable":true,"href":"https:\/\/bogensportdiscount.ch\/fr\/wp-json\/wp\/v2\/product_cat?post=425593"},{"taxonomy":"product_tag","embeddable":true,"href":"https:\/\/bogensportdiscount.ch\/fr\/wp-json\/wp\/v2\/product_tag?post=425593"}],"curies":[{"name":"wp","href":"https:\/\/api.w.org\/{rel}","templated":true}]}}