{"id":425453,"date":"2026-04-05T15:31:52","date_gmt":"2026-04-05T13:31:52","guid":{"rendered":"https:\/\/bogensportdiscount.ch\/produkt\/shafts-carbon-gold-tip-kinetic-kaos-id5-2-200-32-12-pk\/"},"modified":"2026-04-19T11:54:42","modified_gmt":"2026-04-19T09:54:42","slug":"goldtip-carbon-jagdschaft-kinetic-kaos-id52","status":"publish","type":"product","link":"https:\/\/bogensportdiscount.ch\/fr\/produit\/goldtip-carbon-jagdschaft-kinetic-kaos-id52\/","title":{"rendered":"SCHAEFTE CARBON GOLD TIP KINETIC KAOS ID5.2 12\/PK"},"content":{"rendered":"<p>Die Gold Tip Kinetic Kaos ID5.2 sind Carbon-Jagdsch\u00e4fte mit einem Innendurchmesser von 5,2 mm und einer Geradheitstoleranz von \u00b10,0025 Zoll. Sie sind in den L\u00e4ngen 30&#8243; und 32&#8243; sowie in den Spine-Werten 200, 300, 340, 400 und 500 erh\u00e4ltlich, womit sie f\u00fcr ein breites Spektrum an Zuggewichten und Bogenst\u00e4rken geeignet sind.<\/p>\n<p>Die Sch\u00e4fte werden in 12er-Packungen geliefert und eignen sich durch ihre Vielseitigkeit sowohl f\u00fcr den Jagdeinsatz als auch f\u00fcr anspruchsvolle Trainingsanwendungen. Der kleinere Innendurchmesser ID5.2 bietet dabei Vorteile bei der Windanf\u00e4lligkeit und der Eindringtiefe beim Jagdeinsatz.<\/p>\n<ul>\n<li>Geradheitstoleranz \u00b10,0025 Zoll f\u00fcr gleichm\u00e4ssige Flugeigenschaften<\/li>\n<li>Innendurchmesser 5,2 mm<\/li>\n<li>F\u00fcnf Spine-Optionen (200\u2013500) f\u00fcr verschiedene Zuggewichte<\/li>\n<li>Verpackungseinheit 12 Sch\u00e4fte<\/li>\n<\/ul>","protected":false},"excerpt":{"rendered":"<table>\n<tr>\n<th>Propri\u00e9t\u00e9<\/th>\n<th>Valeur<\/th>\n<\/tr>\n<tr>\n<td>Marque<\/td>\n<td>Gold Tip<\/td>\n<\/tr>\n<tr>\n<td>Diam\u00e8tre int\u00e9rieur (ID)<\/td>\n<td>5,2 mm<\/td>\n<\/tr>\n<tr>\n<td>Tol\u00e9rance de rectitude<\/td>\n<td>\u00b10,0025 Zoll<\/td>\n<\/tr>\n<tr>\n<td>Unit\u00e9 de conditionnement<\/td>\n<td>12 pi\u00e8ces<\/td>\n<\/tr>\n<tr>\n<td>Longueurs disponibles<\/td>\n<td>30&#8243;, 32&#8243;<\/td>\n<\/tr>\n<tr>\n<td>Verf\u00fcgbare Spine-Werte<\/td>\n<td>200, 300, 340, 400, 500<\/td>\n<\/tr>\n<tr>\n<td>Pays de fabrication<\/td>\n<td>Mexique<\/td>\n<\/tr>\n<\/table>","protected":false},"featured_media":449518,"comment_status":"open","ping_status":"closed","template":"","meta":[],"product_brand":[855],"product_cat":[4503],"product_tag":[],"class_list":{"0":"post-425453","1":"product","2":"type-product","3":"status-publish","4":"has-post-thumbnail","6":"product_brand-goldtip","7":"product_cat-carbon-jagd-schaefte","9":"first","10":"instock","11":"shipping-taxable","12":"purchasable","13":"product-type-variable"},"_links":{"self":[{"href":"https:\/\/bogensportdiscount.ch\/fr\/wp-json\/wp\/v2\/product\/425453","targetHints":{"allow":["GET"]}}],"collection":[{"href":"https:\/\/bogensportdiscount.ch\/fr\/wp-json\/wp\/v2\/product"}],"about":[{"href":"https:\/\/bogensportdiscount.ch\/fr\/wp-json\/wp\/v2\/types\/product"}],"replies":[{"embeddable":true,"href":"https:\/\/bogensportdiscount.ch\/fr\/wp-json\/wp\/v2\/comments?post=425453"}],"wp:featuredmedia":[{"embeddable":true,"href":"https:\/\/bogensportdiscount.ch\/fr\/wp-json\/wp\/v2\/media\/449518"}],"wp:attachment":[{"href":"https:\/\/bogensportdiscount.ch\/fr\/wp-json\/wp\/v2\/media?parent=425453"}],"wp:term":[{"taxonomy":"product_brand","embeddable":true,"href":"https:\/\/bogensportdiscount.ch\/fr\/wp-json\/wp\/v2\/product_brand?post=425453"},{"taxonomy":"product_cat","embeddable":true,"href":"https:\/\/bogensportdiscount.ch\/fr\/wp-json\/wp\/v2\/product_cat?post=425453"},{"taxonomy":"product_tag","embeddable":true,"href":"https:\/\/bogensportdiscount.ch\/fr\/wp-json\/wp\/v2\/product_tag?post=425453"}],"curies":[{"name":"wp","href":"https:\/\/api.w.org\/{rel}","templated":true}]}}