{"id":425417,"date":"2026-04-05T15:31:46","date_gmt":"2026-04-05T13:31:46","guid":{"rendered":"https:\/\/bogensportdiscount.ch\/produkt\/shafts-carbon-gold-tip-black-label-quantum-id5-2-250-32-12-pk\/"},"modified":"2026-04-19T11:54:42","modified_gmt":"2026-04-19T09:54:42","slug":"gold-tip-carbon-jagdschaft-black-label-quantum-id52","status":"publish","type":"product","link":"https:\/\/bogensportdiscount.ch\/fr\/produit\/gold-tip-carbon-jagdschaft-black-label-quantum-id52\/","title":{"rendered":"SCHAEFTE CARBON GOLD TIP BLACK LABEL QUANTUM ID5.2 12\/PK"},"content":{"rendered":"<p>Der Gold Tip Black Label Quantum ID5.2 ist ein Carbon-Jagdschaft mit einem Innendurchmesser von 5.2 mm. Er ist in den Spine-St\u00e4rken 250, 300, 340 und 400 erh\u00e4ltlich und deckt damit ein breites Spektrum an Zuggewichten ab.<\/p>\n<p>Dank des Carbon-Materials bietet der Schaft ein gutes Verh\u00e4ltnis von Gewicht und Steifigkeit, was ihn f\u00fcr den Jagdeinsatz geeignet macht. Die ID5.2-Spezifikation erm\u00f6glicht die Verwendung von Eins\u00e4tzen und Spitzen im entsprechenden Kleinkaliber-Format.<\/p>\n<ul>\n<li>Construction en carbone pour un faible poids<\/li>\n<li>Innendurchmesser 5.2 mm<\/li>\n<li>Vier Spine-Optionen: 250, 300, 340, 400<\/li>\n<li>Geeignet f\u00fcr Jagdanwendungen<\/li>\n<\/ul>","protected":false},"excerpt":{"rendered":"<table>\n<tr>\n<th>Propri\u00e9t\u00e9<\/th>\n<th>Valeur<\/th>\n<\/tr>\n<tr>\n<td>Marque<\/td>\n<td>Gold Tip<\/td>\n<\/tr>\n<tr>\n<td>Mod\u00e8le<\/td>\n<td>Black Label Quantum ID5.2<\/td>\n<\/tr>\n<tr>\n<td>Mat\u00e9riau<\/td>\n<td>Carbone<\/td>\n<\/tr>\n<tr>\n<td>Colonne vert\u00e9brale<\/td>\n<td>250, 300, 340, 400<\/td>\n<\/tr>\n<tr>\n<td>Pays d'origine<\/td>\n<td>Mexique<\/td>\n<\/tr>\n<\/table>","protected":false},"featured_media":449583,"comment_status":"open","ping_status":"closed","template":"","meta":[],"product_brand":[855],"product_cat":[4503],"product_tag":[],"class_list":{"0":"post-425417","1":"product","2":"type-product","3":"status-publish","4":"has-post-thumbnail","6":"product_brand-goldtip","7":"product_cat-carbon-jagd-schaefte","9":"first","10":"instock","11":"shipping-taxable","12":"purchasable","13":"product-type-variable"},"_links":{"self":[{"href":"https:\/\/bogensportdiscount.ch\/fr\/wp-json\/wp\/v2\/product\/425417","targetHints":{"allow":["GET"]}}],"collection":[{"href":"https:\/\/bogensportdiscount.ch\/fr\/wp-json\/wp\/v2\/product"}],"about":[{"href":"https:\/\/bogensportdiscount.ch\/fr\/wp-json\/wp\/v2\/types\/product"}],"replies":[{"embeddable":true,"href":"https:\/\/bogensportdiscount.ch\/fr\/wp-json\/wp\/v2\/comments?post=425417"}],"wp:featuredmedia":[{"embeddable":true,"href":"https:\/\/bogensportdiscount.ch\/fr\/wp-json\/wp\/v2\/media\/449583"}],"wp:attachment":[{"href":"https:\/\/bogensportdiscount.ch\/fr\/wp-json\/wp\/v2\/media?parent=425417"}],"wp:term":[{"taxonomy":"product_brand","embeddable":true,"href":"https:\/\/bogensportdiscount.ch\/fr\/wp-json\/wp\/v2\/product_brand?post=425417"},{"taxonomy":"product_cat","embeddable":true,"href":"https:\/\/bogensportdiscount.ch\/fr\/wp-json\/wp\/v2\/product_cat?post=425417"},{"taxonomy":"product_tag","embeddable":true,"href":"https:\/\/bogensportdiscount.ch\/fr\/wp-json\/wp\/v2\/product_tag?post=425417"}],"curies":[{"name":"wp","href":"https:\/\/api.w.org\/{rel}","templated":true}]}}