{"id":425350,"date":"2026-04-05T15:31:38","date_gmt":"2026-04-05T13:31:38","guid":{"rendered":"https:\/\/bogensportdiscount.ch\/produkt\/compound-reckoning-39-gen-2-2025-deadlock-cam-rotating-mod-rh-50-60lbs-26-5-30-5-forest\/"},"modified":"2026-05-14T15:27:33","modified_gmt":"2026-05-14T13:27:33","slug":"bowtech-compoundbogen-reckoning-39-gen-2-2025-deadlock-cam-rotating-mod","status":"publish","type":"product","link":"https:\/\/bogensportdiscount.ch\/fr\/produit\/bowtech-compoundbogen-reckoning-39-gen-2-2025-deadlock-cam-rotating-mod\/","title":{"rendered":"BOWTECH COMPOUNDBOGEN RECKONING 39 GEN 2 &#8211; 2025 DEADLOCK CAM ROTATING MOD"},"content":{"rendered":"<p>Le BOWTECH Reckoning 39 Gen 2 (2025) est un arc \u00e0 poulies avec un entre-axes de 39 pouces, con\u00e7u pour les tireurs recherchant une combinaison \u00e9quilibr\u00e9e de longueur, de stabilit\u00e9 et de vitesse. Avec une vitesse IBO de 326 FPS et une brace height de 6.75 pouces, il convient aussi bien \u00e0 la pratique sur parcours que sur cible.<\/p>\n<p>Le syst\u00e8me Deadlock Cam avec Rotating Mod permet un r\u00e9glage pr\u00e9cis de l'allonge dans une plage de 26.5 \u00e0 30.5 pouces sans co\u00fbts d'outillage suppl\u00e9mentaires. La puissance est disponible en trois niveaux (50, 60 et 70 lbs.), chaque niveau pouvant \u00eatre r\u00e9duit jusqu'\u00e0 10 lbs.<\/p>\n<ul>\n<li>Entre-axes de 39&#8243; pour une haute stabilit\u00e9 \u00e0 l'allonge<\/li>\n<li>Deadlock Cam avec Rotating Mod pour un r\u00e9glage flexible de l'allonge<\/li>\n<li>Vitesse IBO de 326 FPS<\/li>\n<li>Disponible en version droitier et gaucher ainsi qu'en six couleurs<\/li>\n<\/ul>","protected":false},"excerpt":{"rendered":"<table>\n<tr>\n<th>Propri\u00e9t\u00e9<\/th>\n<th>Valeur<\/th>\n<\/tr>\n<tr>\n<td>Entre-axes<\/td>\n<td>39&#8243;<\/td>\n<\/tr>\n<tr>\n<td>Brace Height<\/td>\n<td>6,75 pouces<\/td>\n<\/tr>\n<tr>\n<td>Longueur de tir<\/td>\n<td>26.5&#8243;\u201330.5&#8243;<\/td>\n<\/tr>\n<tr>\n<td>Poids<\/td>\n<td>2.22 kg<\/td>\n<\/tr>\n<tr>\n<td>Vitesse (IBO)<\/td>\n<td>326 FPS<\/td>\n<\/tr>\n<tr>\n<td>Poids de traction<\/td>\n<td>50 lbs., 60 lbs., 70 lbs. (r\u00e9ductible de -10 lbs. chacun)<\/td>\n<\/tr>\n<tr>\n<td>Main<\/td>\n<td>main gauche \/ main droite<\/td>\n<\/tr>\n<tr>\n<td>Couleur<\/td>\n<td>Blue, Forest, Green, Orange, Red, White<\/td>\n<\/tr>\n<\/table>","protected":false},"featured_media":453380,"comment_status":"open","ping_status":"closed","template":"","meta":[],"product_brand":[451],"product_cat":[4523],"product_tag":[],"class_list":{"0":"post-425350","1":"product","2":"type-product","3":"status-publish","4":"has-post-thumbnail","6":"product_brand-bowtech","7":"product_cat-compound-boegen--35","8":"product_shipping_class-bsd-sperrgut","10":"first","11":"instock","12":"shipping-taxable","13":"purchasable","14":"product-type-variable"},"yoast_head":"<!-- This site is optimized with the Yoast SEO plugin v27.6 - https:\/\/yoast.com\/product\/yoast-seo-wordpress\/ -->\n<title>BOWTECH COMPOUNDBOGEN RECKONING 39 GEN 2 - 2025 DEADLOCK CAM ROTATING MOD - Bogensportdiscount \u2013 B\u00f6gen, Pfeile, Targets &amp; Zubeh\u00f6r<\/title>\n<meta name=\"description\" content=\"BOWTECH COMPOUNDBOGEN RECKONING 39 GEN 2 - 2025 DEADLOCK CAM ROTATING MOD g\u00fcnstig kaufen bei Bogensportdiscount \u2013 Top-Marken, schneller Versand aus der Schweiz.\" \/>\n<meta name=\"robots\" content=\"index, follow, max-snippet:-1, max-image-preview:large, max-video-preview:-1\" \/>\n<link rel=\"canonical\" href=\"https:\/\/bogensportdiscount.ch\/fr\/produit\/bowtech-compoundbogen-reckoning-39-gen-2-2025-deadlock-cam-rotating-mod\/\" \/>\n<meta property=\"og:locale\" content=\"fr_FR\" \/>\n<meta property=\"og:type\" content=\"article\" \/>\n<meta property=\"og:title\" content=\"BOWTECH COMPOUNDBOGEN RECKONING 39 GEN 2 - 2025 DEADLOCK CAM ROTATING MOD - Bogensportdiscount \u2013 B\u00f6gen, Pfeile, Targets &amp; Zubeh\u00f6r\" \/>\n<meta property=\"og:description\" content=\"BOWTECH COMPOUNDBOGEN RECKONING 39 GEN 2 - 2025 DEADLOCK CAM ROTATING MOD g\u00fcnstig kaufen bei Bogensportdiscount \u2013 Top-Marken, schneller Versand aus der Schweiz.\" \/>\n<meta property=\"og:url\" content=\"https:\/\/bogensportdiscount.ch\/fr\/produit\/bowtech-compoundbogen-reckoning-39-gen-2-2025-deadlock-cam-rotating-mod\/\" \/>\n<meta property=\"og:site_name\" content=\"Bogensportdiscount \u2013 B\u00f6gen, Pfeile, Targets &amp; Zubeh\u00f6r\" \/>\n<meta property=\"article:modified_time\" content=\"2026-05-14T13:27:33+00:00\" \/>\n<meta property=\"og:image\" content=\"https:\/\/bogensportdiscount.ch\/wp-content\/uploads\/bsm-images\/a091704_1.jpg\" \/>\n\t<meta property=\"og:image:width\" content=\"90\" \/>\n\t<meta property=\"og:image:height\" content=\"400\" \/>\n\t<meta property=\"og:image:type\" content=\"image\/jpeg\" \/>\n<meta name=\"twitter:card\" content=\"summary_large_image\" \/>\n<meta name=\"twitter:label1\" content=\"Dur\u00e9e de lecture estim\u00e9e\" \/>\n\t<meta name=\"twitter:data1\" content=\"1 minute\" \/>\n<script type=\"application\/ld+json\" class=\"yoast-schema-graph\">{\"@context\":\"https:\\\/\\\/schema.org\",\"@graph\":[{\"@type\":\"WebPage\",\"@id\":\"https:\\\/\\\/bogensportdiscount.ch\\\/produkt\\\/bowtech-compoundbogen-reckoning-39-gen-2-2025-deadlock-cam-rotating-mod\\\/\",\"url\":\"https:\\\/\\\/bogensportdiscount.ch\\\/produkt\\\/bowtech-compoundbogen-reckoning-39-gen-2-2025-deadlock-cam-rotating-mod\\\/\",\"name\":\"BOWTECH COMPOUNDBOGEN RECKONING 39 GEN 2 - 2025 DEADLOCK CAM ROTATING MOD - Bogensportdiscount \u2013 B\u00f6gen, Pfeile, Targets &amp; Zubeh\u00f6r\",\"isPartOf\":{\"@id\":\"https:\\\/\\\/bogensportdiscount.ch\\\/#website\"},\"primaryImageOfPage\":{\"@id\":\"https:\\\/\\\/bogensportdiscount.ch\\\/produkt\\\/bowtech-compoundbogen-reckoning-39-gen-2-2025-deadlock-cam-rotating-mod\\\/#primaryimage\"},\"image\":{\"@id\":\"https:\\\/\\\/bogensportdiscount.ch\\\/produkt\\\/bowtech-compoundbogen-reckoning-39-gen-2-2025-deadlock-cam-rotating-mod\\\/#primaryimage\"},\"thumbnailUrl\":\"https:\\\/\\\/bogensportdiscount.ch\\\/wp-content\\\/uploads\\\/bsm-images\\\/a091704_1.jpg\",\"datePublished\":\"2026-04-05T13:31:38+00:00\",\"dateModified\":\"2026-05-14T13:27:33+00:00\",\"description\":\"BOWTECH COMPOUNDBOGEN RECKONING 39 GEN 2 - 2025 DEADLOCK CAM ROTATING MOD g\u00fcnstig kaufen bei Bogensportdiscount \u2013 Top-Marken, schneller Versand aus der Schweiz.\",\"breadcrumb\":{\"@id\":\"https:\\\/\\\/bogensportdiscount.ch\\\/produkt\\\/bowtech-compoundbogen-reckoning-39-gen-2-2025-deadlock-cam-rotating-mod\\\/#breadcrumb\"},\"inLanguage\":\"fr-FR\",\"potentialAction\":[{\"@type\":\"ReadAction\",\"target\":[\"https:\\\/\\\/bogensportdiscount.ch\\\/produkt\\\/bowtech-compoundbogen-reckoning-39-gen-2-2025-deadlock-cam-rotating-mod\\\/\"]}]},{\"@type\":\"ImageObject\",\"inLanguage\":\"fr-FR\",\"@id\":\"https:\\\/\\\/bogensportdiscount.ch\\\/produkt\\\/bowtech-compoundbogen-reckoning-39-gen-2-2025-deadlock-cam-rotating-mod\\\/#primaryimage\",\"url\":\"https:\\\/\\\/bogensportdiscount.ch\\\/wp-content\\\/uploads\\\/bsm-images\\\/a091704_1.jpg\",\"contentUrl\":\"https:\\\/\\\/bogensportdiscount.ch\\\/wp-content\\\/uploads\\\/bsm-images\\\/a091704_1.jpg\",\"width\":90,\"height\":400},{\"@type\":\"BreadcrumbList\",\"@id\":\"https:\\\/\\\/bogensportdiscount.ch\\\/produkt\\\/bowtech-compoundbogen-reckoning-39-gen-2-2025-deadlock-cam-rotating-mod\\\/#breadcrumb\",\"itemListElement\":[{\"@type\":\"ListItem\",\"position\":1,\"name\":\"Home\",\"item\":\"https:\\\/\\\/bogensportdiscount.ch\\\/\"},{\"@type\":\"ListItem\",\"position\":2,\"name\":\"Shop\",\"item\":\"https:\\\/\\\/bogensportdiscount.ch\\\/shop\\\/\"},{\"@type\":\"ListItem\",\"position\":3,\"name\":\"BOWTECH COMPOUND RECKONING 39 GEN 2 &#8211; 2025 DEADLOCK CAM ROTATING MOD\"}]},{\"@type\":\"WebSite\",\"@id\":\"https:\\\/\\\/bogensportdiscount.ch\\\/#website\",\"url\":\"https:\\\/\\\/bogensportdiscount.ch\\\/\",\"name\":\"Bogensportdiscount\",\"description\":\"\",\"potentialAction\":[{\"@type\":\"SearchAction\",\"target\":{\"@type\":\"EntryPoint\",\"urlTemplate\":\"https:\\\/\\\/bogensportdiscount.ch\\\/?s={search_term_string}\"},\"query-input\":{\"@type\":\"PropertyValueSpecification\",\"valueRequired\":true,\"valueName\":\"search_term_string\"}}],\"inLanguage\":\"fr-FR\"}]}<\/script>\n<!-- \/ Yoast SEO plugin. -->","yoast_head_json":{"title":"BOWTECH COMPOUNDBOGEN RECKONING 39 GEN 2 - 2025 DEADLOCK CAM ROTATING MOD - Bogensportdiscount \u2013 B\u00f6gen, Pfeile, Targets &amp; Zubeh\u00f6r","description":"BOWTECH COMPOUNDBOGEN RECKONING 39 GEN 2 - 2025 DEADLOCK CAM ROTATING MOD g\u00fcnstig kaufen bei Bogensportdiscount \u2013 Top-Marken, schneller Versand aus der Schweiz.","robots":{"index":"index","follow":"follow","max-snippet":"max-snippet:-1","max-image-preview":"max-image-preview:large","max-video-preview":"max-video-preview:-1"},"canonical":"https:\/\/bogensportdiscount.ch\/fr\/produit\/bowtech-compoundbogen-reckoning-39-gen-2-2025-deadlock-cam-rotating-mod\/","og_locale":"fr_FR","og_type":"article","og_title":"BOWTECH COMPOUNDBOGEN RECKONING 39 GEN 2 - 2025 DEADLOCK CAM ROTATING MOD - Bogensportdiscount \u2013 B\u00f6gen, Pfeile, Targets &amp; Zubeh\u00f6r","og_description":"BOWTECH COMPOUNDBOGEN RECKONING 39 GEN 2 - 2025 DEADLOCK CAM ROTATING MOD g\u00fcnstig kaufen bei Bogensportdiscount \u2013 Top-Marken, schneller Versand aus der Schweiz.","og_url":"https:\/\/bogensportdiscount.ch\/fr\/produit\/bowtech-compoundbogen-reckoning-39-gen-2-2025-deadlock-cam-rotating-mod\/","og_site_name":"Bogensportdiscount \u2013 B\u00f6gen, Pfeile, Targets &amp; Zubeh\u00f6r","article_modified_time":"2026-05-14T13:27:33+00:00","og_image":[{"width":90,"height":400,"url":"https:\/\/bogensportdiscount.ch\/wp-content\/uploads\/bsm-images\/a091704_1.jpg","type":"image\/jpeg"}],"twitter_card":"summary_large_image","twitter_misc":{"Dur\u00e9e de lecture estim\u00e9e":"1 minute"},"schema":{"@context":"https:\/\/schema.org","@graph":[{"@type":"WebPage","@id":"https:\/\/bogensportdiscount.ch\/produkt\/bowtech-compoundbogen-reckoning-39-gen-2-2025-deadlock-cam-rotating-mod\/","url":"https:\/\/bogensportdiscount.ch\/produkt\/bowtech-compoundbogen-reckoning-39-gen-2-2025-deadlock-cam-rotating-mod\/","name":"BOWTECH COMPOUNDBOGEN RECKONING 39 GEN 2 - 2025 DEADLOCK CAM ROTATING MOD - Bogensportdiscount \u2013 B\u00f6gen, Pfeile, Targets &amp; Zubeh\u00f6r","isPartOf":{"@id":"https:\/\/bogensportdiscount.ch\/#website"},"primaryImageOfPage":{"@id":"https:\/\/bogensportdiscount.ch\/produkt\/bowtech-compoundbogen-reckoning-39-gen-2-2025-deadlock-cam-rotating-mod\/#primaryimage"},"image":{"@id":"https:\/\/bogensportdiscount.ch\/produkt\/bowtech-compoundbogen-reckoning-39-gen-2-2025-deadlock-cam-rotating-mod\/#primaryimage"},"thumbnailUrl":"https:\/\/bogensportdiscount.ch\/wp-content\/uploads\/bsm-images\/a091704_1.jpg","datePublished":"2026-04-05T13:31:38+00:00","dateModified":"2026-05-14T13:27:33+00:00","description":"BOWTECH COMPOUNDBOGEN RECKONING 39 GEN 2 - 2025 DEADLOCK CAM ROTATING MOD g\u00fcnstig kaufen bei Bogensportdiscount \u2013 Top-Marken, schneller Versand aus der Schweiz.","breadcrumb":{"@id":"https:\/\/bogensportdiscount.ch\/produkt\/bowtech-compoundbogen-reckoning-39-gen-2-2025-deadlock-cam-rotating-mod\/#breadcrumb"},"inLanguage":"fr-FR","potentialAction":[{"@type":"ReadAction","target":["https:\/\/bogensportdiscount.ch\/produkt\/bowtech-compoundbogen-reckoning-39-gen-2-2025-deadlock-cam-rotating-mod\/"]}]},{"@type":"ImageObject","inLanguage":"fr-FR","@id":"https:\/\/bogensportdiscount.ch\/produkt\/bowtech-compoundbogen-reckoning-39-gen-2-2025-deadlock-cam-rotating-mod\/#primaryimage","url":"https:\/\/bogensportdiscount.ch\/wp-content\/uploads\/bsm-images\/a091704_1.jpg","contentUrl":"https:\/\/bogensportdiscount.ch\/wp-content\/uploads\/bsm-images\/a091704_1.jpg","width":90,"height":400},{"@type":"BreadcrumbList","@id":"https:\/\/bogensportdiscount.ch\/produkt\/bowtech-compoundbogen-reckoning-39-gen-2-2025-deadlock-cam-rotating-mod\/#breadcrumb","itemListElement":[{"@type":"ListItem","position":1,"name":"Home","item":"https:\/\/bogensportdiscount.ch\/"},{"@type":"ListItem","position":2,"name":"Shop","item":"https:\/\/bogensportdiscount.ch\/shop\/"},{"@type":"ListItem","position":3,"name":"BOWTECH COMPOUND RECKONING 39 GEN 2 &#8211; 2025 DEADLOCK CAM ROTATING MOD"}]},{"@type":"WebSite","@id":"https:\/\/bogensportdiscount.ch\/#website","url":"https:\/\/bogensportdiscount.ch\/","name":"Bogensportdiscount","description":"","potentialAction":[{"@type":"SearchAction","target":{"@type":"EntryPoint","urlTemplate":"https:\/\/bogensportdiscount.ch\/?s={search_term_string}"},"query-input":{"@type":"PropertyValueSpecification","valueRequired":true,"valueName":"search_term_string"}}],"inLanguage":"fr-FR"}]}},"_links":{"self":[{"href":"https:\/\/bogensportdiscount.ch\/fr\/wp-json\/wp\/v2\/product\/425350","targetHints":{"allow":["GET"]}}],"collection":[{"href":"https:\/\/bogensportdiscount.ch\/fr\/wp-json\/wp\/v2\/product"}],"about":[{"href":"https:\/\/bogensportdiscount.ch\/fr\/wp-json\/wp\/v2\/types\/product"}],"replies":[{"embeddable":true,"href":"https:\/\/bogensportdiscount.ch\/fr\/wp-json\/wp\/v2\/comments?post=425350"}],"wp:featuredmedia":[{"embeddable":true,"href":"https:\/\/bogensportdiscount.ch\/fr\/wp-json\/wp\/v2\/media\/453380"}],"wp:attachment":[{"href":"https:\/\/bogensportdiscount.ch\/fr\/wp-json\/wp\/v2\/media?parent=425350"}],"wp:term":[{"taxonomy":"product_brand","embeddable":true,"href":"https:\/\/bogensportdiscount.ch\/fr\/wp-json\/wp\/v2\/product_brand?post=425350"},{"taxonomy":"product_cat","embeddable":true,"href":"https:\/\/bogensportdiscount.ch\/fr\/wp-json\/wp\/v2\/product_cat?post=425350"},{"taxonomy":"product_tag","embeddable":true,"href":"https:\/\/bogensportdiscount.ch\/fr\/wp-json\/wp\/v2\/product_tag?post=425350"}],"curies":[{"name":"wp","href":"https:\/\/api.w.org\/{rel}","templated":true}]}}