{"id":423895,"date":"2026-04-05T15:27:44","date_gmt":"2026-04-05T13:27:44","guid":{"rendered":"https:\/\/bogensportdiscount.ch\/produkt\/g24-barebow-weight-self-amortized-assy-125mm-4x-black-and-3x-blue\/"},"modified":"2026-05-14T15:27:29","modified_gmt":"2026-05-14T13:27:29","slug":"gillo-barebow-gewicht-g24-selbstdaempfend-125mm","status":"publish","type":"product","link":"https:\/\/bogensportdiscount.ch\/fr\/produit\/gillo-barebow-gewicht-g24-selbstdaempfend-125mm\/","title":{"rendered":"GILLO G24 POIDS POUR ARC CLASSIQUE AUTO-AMORTISSANT ASSY-125MM- 4X NOIR ET 3X"},"content":{"rendered":"<p>Le poids Barebow GILLO G24 est un poids de poign\u00e9e auto-amortissant en acier inoxydable, sp\u00e9cialement d\u00e9velopp\u00e9 pour une utilisation sur les arcs Barebow. La longueur de 125 mm et l'amortissement int\u00e9gr\u00e9 assurent une position stable de l'arc et r\u00e9duisent les vibrations apr\u00e8s le tir.<\/p>\n<p>Le kit contient 4 poids noirs et 3 poids suppl\u00e9mentaires, permettant un r\u00e9glage flexible de l'\u00e9quilibre sur la poign\u00e9e. La combinaison de diff\u00e9rents poids permet d'adapter le setup aux besoins individuels de l'archer.<\/p>\n<ul>\n<li>Design auto-amortissant pour r\u00e9duire les vibrations<\/li>\n<li>Acier inoxydable de haute qualit\u00e9, fabrication italienne<\/li>\n<li>Longueur 125 mm<\/li>\n<li>Adapt\u00e9 aux setups Barebow<\/li>\n<\/ul>","protected":false},"excerpt":{"rendered":"<table>\n<tr>\n<th>Propri\u00e9t\u00e9<\/th>\n<th>Valeur<\/th>\n<\/tr>\n<tr>\n<td>Type<\/td>\n<td>Poids de poign\u00e9e<\/td>\n<\/tr>\n<tr>\n<td>Mat\u00e9riau<\/td>\n<td>Acier inoxydable<\/td>\n<\/tr>\n<tr>\n<td>Longueur<\/td>\n<td>125 mm<\/td>\n<\/tr>\n<tr>\n<td>Origine<\/td>\n<td>Italie<\/td>\n<\/tr>\n<\/table>","protected":false},"featured_media":523362,"comment_status":"open","ping_status":"closed","template":"","meta":[],"product_brand":[854],"product_cat":[4199],"product_tag":[],"class_list":{"0":"post-423895","1":"product","2":"type-product","3":"status-publish","4":"has-post-thumbnail","6":"product_brand-gillo","7":"product_cat-gewichte","8":"product_shipping_class-bsd-standard","10":"first","11":"instock","12":"shipping-taxable","13":"purchasable","14":"product-type-variable"},"yoast_head":"<!-- This site is optimized with the Yoast SEO plugin v27.6 - https:\/\/yoast.com\/product\/yoast-seo-wordpress\/ -->\n<title>GILLO G24 BLANKBOGEN GEWICHT SELBSTD\u00c4MPFEND ASSY-125MM- 4X SCHWARZ UND 3X - Bogensportdiscount \u2013 B\u00f6gen, Pfeile, Targets &amp; Zubeh\u00f6r<\/title>\n<meta name=\"description\" content=\"GILLO G24 BLANKBOGEN GEWICHT SELBSTD\u00c4MPFEND ASSY-125MM- 4X SCHWARZ UND 3X g\u00fcnstig kaufen bei Bogensportdiscount \u2013 Top-Marken, schneller Versand aus der Schweiz.\" \/>\n<meta name=\"robots\" content=\"index, follow, max-snippet:-1, max-image-preview:large, max-video-preview:-1\" \/>\n<link rel=\"canonical\" href=\"https:\/\/bogensportdiscount.ch\/fr\/produit\/gillo-barebow-gewicht-g24-selbstdaempfend-125mm\/\" \/>\n<meta property=\"og:locale\" content=\"fr_FR\" \/>\n<meta property=\"og:type\" content=\"article\" \/>\n<meta property=\"og:title\" content=\"GILLO G24 BLANKBOGEN GEWICHT SELBSTD\u00c4MPFEND ASSY-125MM- 4X SCHWARZ UND 3X - Bogensportdiscount \u2013 B\u00f6gen, Pfeile, Targets &amp; Zubeh\u00f6r\" \/>\n<meta property=\"og:description\" content=\"GILLO G24 BLANKBOGEN GEWICHT SELBSTD\u00c4MPFEND ASSY-125MM- 4X SCHWARZ UND 3X g\u00fcnstig kaufen bei Bogensportdiscount \u2013 Top-Marken, schneller Versand aus der Schweiz.\" \/>\n<meta property=\"og:url\" content=\"https:\/\/bogensportdiscount.ch\/fr\/produit\/gillo-barebow-gewicht-g24-selbstdaempfend-125mm\/\" \/>\n<meta property=\"og:site_name\" content=\"Bogensportdiscount \u2013 B\u00f6gen, Pfeile, Targets &amp; Zubeh\u00f6r\" \/>\n<meta property=\"article:modified_time\" content=\"2026-05-14T13:27:29+00:00\" \/>\n<meta property=\"og:image\" content=\"https:\/\/bogensportdiscount.ch\/wp-content\/uploads\/bsm-images\/A088750_1.jpg\" \/>\n\t<meta property=\"og:image:width\" content=\"1660\" \/>\n\t<meta property=\"og:image:height\" content=\"478\" \/>\n\t<meta property=\"og:image:type\" content=\"image\/jpeg\" \/>\n<meta name=\"twitter:card\" content=\"summary_large_image\" \/>\n<script type=\"application\/ld+json\" class=\"yoast-schema-graph\">{\"@context\":\"https:\\\/\\\/schema.org\",\"@graph\":[{\"@type\":\"WebPage\",\"@id\":\"https:\\\/\\\/bogensportdiscount.ch\\\/produkt\\\/gillo-barebow-gewicht-g24-selbstdaempfend-125mm\\\/\",\"url\":\"https:\\\/\\\/bogensportdiscount.ch\\\/produkt\\\/gillo-barebow-gewicht-g24-selbstdaempfend-125mm\\\/\",\"name\":\"GILLO G24 BLANKBOGEN GEWICHT SELBSTD\u00c4MPFEND ASSY-125MM- 4X SCHWARZ UND 3X - Bogensportdiscount \u2013 B\u00f6gen, Pfeile, Targets &amp; Zubeh\u00f6r\",\"isPartOf\":{\"@id\":\"https:\\\/\\\/bogensportdiscount.ch\\\/#website\"},\"primaryImageOfPage\":{\"@id\":\"https:\\\/\\\/bogensportdiscount.ch\\\/produkt\\\/gillo-barebow-gewicht-g24-selbstdaempfend-125mm\\\/#primaryimage\"},\"image\":{\"@id\":\"https:\\\/\\\/bogensportdiscount.ch\\\/produkt\\\/gillo-barebow-gewicht-g24-selbstdaempfend-125mm\\\/#primaryimage\"},\"thumbnailUrl\":\"https:\\\/\\\/bogensportdiscount.ch\\\/wp-content\\\/uploads\\\/bsm-images\\\/A088750_1.jpg\",\"datePublished\":\"2026-04-05T13:27:44+00:00\",\"dateModified\":\"2026-05-14T13:27:29+00:00\",\"description\":\"GILLO G24 BLANKBOGEN GEWICHT SELBSTD\u00c4MPFEND ASSY-125MM- 4X SCHWARZ UND 3X g\u00fcnstig kaufen bei Bogensportdiscount \u2013 Top-Marken, schneller Versand aus der Schweiz.\",\"breadcrumb\":{\"@id\":\"https:\\\/\\\/bogensportdiscount.ch\\\/produkt\\\/gillo-barebow-gewicht-g24-selbstdaempfend-125mm\\\/#breadcrumb\"},\"inLanguage\":\"fr-FR\",\"potentialAction\":[{\"@type\":\"ReadAction\",\"target\":[\"https:\\\/\\\/bogensportdiscount.ch\\\/produkt\\\/gillo-barebow-gewicht-g24-selbstdaempfend-125mm\\\/\"]}]},{\"@type\":\"ImageObject\",\"inLanguage\":\"fr-FR\",\"@id\":\"https:\\\/\\\/bogensportdiscount.ch\\\/produkt\\\/gillo-barebow-gewicht-g24-selbstdaempfend-125mm\\\/#primaryimage\",\"url\":\"https:\\\/\\\/bogensportdiscount.ch\\\/wp-content\\\/uploads\\\/bsm-images\\\/A088750_1.jpg\",\"contentUrl\":\"https:\\\/\\\/bogensportdiscount.ch\\\/wp-content\\\/uploads\\\/bsm-images\\\/A088750_1.jpg\",\"width\":1660,\"height\":478},{\"@type\":\"BreadcrumbList\",\"@id\":\"https:\\\/\\\/bogensportdiscount.ch\\\/produkt\\\/gillo-barebow-gewicht-g24-selbstdaempfend-125mm\\\/#breadcrumb\",\"itemListElement\":[{\"@type\":\"ListItem\",\"position\":1,\"name\":\"Home\",\"item\":\"https:\\\/\\\/bogensportdiscount.ch\\\/\"},{\"@type\":\"ListItem\",\"position\":2,\"name\":\"Shop\",\"item\":\"https:\\\/\\\/bogensportdiscount.ch\\\/shop\\\/\"},{\"@type\":\"ListItem\",\"position\":3,\"name\":\"GILLO G24 BAREBOW GEWICHT SELF AMORTIZED ASSY-125MM- 4X SCHWARZ UND 3X\"}]},{\"@type\":\"WebSite\",\"@id\":\"https:\\\/\\\/bogensportdiscount.ch\\\/#website\",\"url\":\"https:\\\/\\\/bogensportdiscount.ch\\\/\",\"name\":\"Bogensportdiscount\",\"description\":\"\",\"potentialAction\":[{\"@type\":\"SearchAction\",\"target\":{\"@type\":\"EntryPoint\",\"urlTemplate\":\"https:\\\/\\\/bogensportdiscount.ch\\\/?s={search_term_string}\"},\"query-input\":{\"@type\":\"PropertyValueSpecification\",\"valueRequired\":true,\"valueName\":\"search_term_string\"}}],\"inLanguage\":\"fr-FR\"}]}<\/script>\n<!-- \/ Yoast SEO plugin. -->","yoast_head_json":{"title":"GILLO G24 BLANKBOGEN GEWICHT SELBSTD\u00c4MPFEND ASSY-125MM- 4X SCHWARZ UND 3X - Bogensportdiscount \u2013 B\u00f6gen, Pfeile, Targets &amp; Zubeh\u00f6r","description":"GILLO G24 BLANKBOGEN GEWICHT SELBSTD\u00c4MPFEND ASSY-125MM- 4X SCHWARZ UND 3X g\u00fcnstig kaufen bei Bogensportdiscount \u2013 Top-Marken, schneller Versand aus der Schweiz.","robots":{"index":"index","follow":"follow","max-snippet":"max-snippet:-1","max-image-preview":"max-image-preview:large","max-video-preview":"max-video-preview:-1"},"canonical":"https:\/\/bogensportdiscount.ch\/fr\/produit\/gillo-barebow-gewicht-g24-selbstdaempfend-125mm\/","og_locale":"fr_FR","og_type":"article","og_title":"GILLO G24 BLANKBOGEN GEWICHT SELBSTD\u00c4MPFEND ASSY-125MM- 4X SCHWARZ UND 3X - Bogensportdiscount \u2013 B\u00f6gen, Pfeile, Targets &amp; Zubeh\u00f6r","og_description":"GILLO G24 BLANKBOGEN GEWICHT SELBSTD\u00c4MPFEND ASSY-125MM- 4X SCHWARZ UND 3X g\u00fcnstig kaufen bei Bogensportdiscount \u2013 Top-Marken, schneller Versand aus der Schweiz.","og_url":"https:\/\/bogensportdiscount.ch\/fr\/produit\/gillo-barebow-gewicht-g24-selbstdaempfend-125mm\/","og_site_name":"Bogensportdiscount \u2013 B\u00f6gen, Pfeile, Targets &amp; Zubeh\u00f6r","article_modified_time":"2026-05-14T13:27:29+00:00","og_image":[{"width":1660,"height":478,"url":"https:\/\/bogensportdiscount.ch\/wp-content\/uploads\/bsm-images\/A088750_1.jpg","type":"image\/jpeg"}],"twitter_card":"summary_large_image","schema":{"@context":"https:\/\/schema.org","@graph":[{"@type":"WebPage","@id":"https:\/\/bogensportdiscount.ch\/produkt\/gillo-barebow-gewicht-g24-selbstdaempfend-125mm\/","url":"https:\/\/bogensportdiscount.ch\/produkt\/gillo-barebow-gewicht-g24-selbstdaempfend-125mm\/","name":"GILLO G24 BLANKBOGEN GEWICHT SELBSTD\u00c4MPFEND ASSY-125MM- 4X SCHWARZ UND 3X - Bogensportdiscount \u2013 B\u00f6gen, Pfeile, Targets &amp; Zubeh\u00f6r","isPartOf":{"@id":"https:\/\/bogensportdiscount.ch\/#website"},"primaryImageOfPage":{"@id":"https:\/\/bogensportdiscount.ch\/produkt\/gillo-barebow-gewicht-g24-selbstdaempfend-125mm\/#primaryimage"},"image":{"@id":"https:\/\/bogensportdiscount.ch\/produkt\/gillo-barebow-gewicht-g24-selbstdaempfend-125mm\/#primaryimage"},"thumbnailUrl":"https:\/\/bogensportdiscount.ch\/wp-content\/uploads\/bsm-images\/A088750_1.jpg","datePublished":"2026-04-05T13:27:44+00:00","dateModified":"2026-05-14T13:27:29+00:00","description":"GILLO G24 BLANKBOGEN GEWICHT SELBSTD\u00c4MPFEND ASSY-125MM- 4X SCHWARZ UND 3X g\u00fcnstig kaufen bei Bogensportdiscount \u2013 Top-Marken, schneller Versand aus der Schweiz.","breadcrumb":{"@id":"https:\/\/bogensportdiscount.ch\/produkt\/gillo-barebow-gewicht-g24-selbstdaempfend-125mm\/#breadcrumb"},"inLanguage":"fr-FR","potentialAction":[{"@type":"ReadAction","target":["https:\/\/bogensportdiscount.ch\/produkt\/gillo-barebow-gewicht-g24-selbstdaempfend-125mm\/"]}]},{"@type":"ImageObject","inLanguage":"fr-FR","@id":"https:\/\/bogensportdiscount.ch\/produkt\/gillo-barebow-gewicht-g24-selbstdaempfend-125mm\/#primaryimage","url":"https:\/\/bogensportdiscount.ch\/wp-content\/uploads\/bsm-images\/A088750_1.jpg","contentUrl":"https:\/\/bogensportdiscount.ch\/wp-content\/uploads\/bsm-images\/A088750_1.jpg","width":1660,"height":478},{"@type":"BreadcrumbList","@id":"https:\/\/bogensportdiscount.ch\/produkt\/gillo-barebow-gewicht-g24-selbstdaempfend-125mm\/#breadcrumb","itemListElement":[{"@type":"ListItem","position":1,"name":"Home","item":"https:\/\/bogensportdiscount.ch\/"},{"@type":"ListItem","position":2,"name":"Shop","item":"https:\/\/bogensportdiscount.ch\/shop\/"},{"@type":"ListItem","position":3,"name":"GILLO G24 BAREBOW GEWICHT SELF AMORTIZED ASSY-125MM- 4X SCHWARZ UND 3X"}]},{"@type":"WebSite","@id":"https:\/\/bogensportdiscount.ch\/#website","url":"https:\/\/bogensportdiscount.ch\/","name":"Bogensportdiscount","description":"","potentialAction":[{"@type":"SearchAction","target":{"@type":"EntryPoint","urlTemplate":"https:\/\/bogensportdiscount.ch\/?s={search_term_string}"},"query-input":{"@type":"PropertyValueSpecification","valueRequired":true,"valueName":"search_term_string"}}],"inLanguage":"fr-FR"}]}},"_links":{"self":[{"href":"https:\/\/bogensportdiscount.ch\/fr\/wp-json\/wp\/v2\/product\/423895","targetHints":{"allow":["GET"]}}],"collection":[{"href":"https:\/\/bogensportdiscount.ch\/fr\/wp-json\/wp\/v2\/product"}],"about":[{"href":"https:\/\/bogensportdiscount.ch\/fr\/wp-json\/wp\/v2\/types\/product"}],"replies":[{"embeddable":true,"href":"https:\/\/bogensportdiscount.ch\/fr\/wp-json\/wp\/v2\/comments?post=423895"}],"wp:featuredmedia":[{"embeddable":true,"href":"https:\/\/bogensportdiscount.ch\/fr\/wp-json\/wp\/v2\/media\/523362"}],"wp:attachment":[{"href":"https:\/\/bogensportdiscount.ch\/fr\/wp-json\/wp\/v2\/media?parent=423895"}],"wp:term":[{"taxonomy":"product_brand","embeddable":true,"href":"https:\/\/bogensportdiscount.ch\/fr\/wp-json\/wp\/v2\/product_brand?post=423895"},{"taxonomy":"product_cat","embeddable":true,"href":"https:\/\/bogensportdiscount.ch\/fr\/wp-json\/wp\/v2\/product_cat?post=423895"},{"taxonomy":"product_tag","embeddable":true,"href":"https:\/\/bogensportdiscount.ch\/fr\/wp-json\/wp\/v2\/product_tag?post=423895"}],"curies":[{"name":"wp","href":"https:\/\/api.w.org\/{rel}","templated":true}]}}