{"id":423875,"date":"2026-04-05T15:27:41","date_gmt":"2026-04-05T13:27:41","guid":{"rendered":"https:\/\/bogensportdiscount.ch\/produkt\/limbs-carbon-foam-gillo-q5-target-66-24lbs\/"},"modified":"2026-05-14T15:27:29","modified_gmt":"2026-05-14T13:27:29","slug":"gillo-recurve-wurfarme-carbon-foam-q5-target","status":"publish","type":"product","link":"https:\/\/bogensportdiscount.ch\/fr\/produit\/gillo-recurve-wurfarme-carbon-foam-q5-target\/","title":{"rendered":"GILLO branches CARBON FOAM Q5 TARGET"},"content":{"rendered":"<p>Les branches recurve GILLO Carbon Foam Q5 Target sont des branches de remplacement haut de gamme pour arcs recurve. Elles sont constitu\u00e9es d'une construction Carbon Foam et offrent un \u00e9quilibre optimal entre stabilit\u00e9 et performance dans le tir de cible.<\/p>\n<p>Ces branches sont disponibles en plusieurs poids de tir de 24 \u00e0 40 lbs et en trois longueurs diff\u00e9rentes, ce qui les rend adapt\u00e9es \u00e0 diff\u00e9rents arcs et archers. Le mod\u00e8le Q5 Target est sp\u00e9cialement con\u00e7u pour le tir de cible et offre des performances fiables \u00e0 l'entra\u00eenement et en comp\u00e9tition.<\/p>","protected":false},"excerpt":{"rendered":"<table>\n<tr>\n<th>Propri\u00e9t\u00e9<\/th>\n<th>Valeur<\/th>\n<\/tr>\n<tr>\n<td>Poids de traction<\/td>\n<td>24 lbs, 28 lbs, 32 lbs, 36 lbs, 40 lbs<\/td>\n<\/tr>\n<tr>\n<td>Longueur<\/td>\n<td>66&#8243;, 68&#8243;, 70&#8243;<\/td>\n<\/tr>\n<tr>\n<td>Mat\u00e9riau<\/td>\n<td>Carbon Foam<\/td>\n<\/tr>\n<tr>\n<td>Mod\u00e8le<\/td>\n<td>Q5 Target<\/td>\n<\/tr>\n<\/table>","protected":false},"featured_media":523364,"comment_status":"open","ping_status":"closed","template":"","meta":[],"product_brand":[854],"product_cat":[4520],"product_tag":[],"class_list":{"0":"post-423875","1":"product","2":"type-product","3":"status-publish","4":"has-post-thumbnail","6":"product_brand-gillo","7":"product_cat-recurve-wurfarme","8":"product_shipping_class-bsd-standard","10":"first","11":"instock","12":"shipping-taxable","13":"purchasable","14":"product-type-variable"},"yoast_head":"<!-- This site is optimized with the Yoast SEO plugin v27.6 - https:\/\/yoast.com\/product\/yoast-seo-wordpress\/ -->\n<title>GILLO Wurfarme CARBON FOAM Q5 TARGET - Bogensportdiscount \u2013 B\u00f6gen, Pfeile, Targets &amp; Zubeh\u00f6r<\/title>\n<meta name=\"description\" content=\"GILLO Wurfarme CARBON FOAM Q5 TARGET g\u00fcnstig kaufen bei Bogensportdiscount \u2013 Top-Marken, schneller Versand aus der Schweiz.\" \/>\n<meta name=\"robots\" content=\"index, follow, max-snippet:-1, max-image-preview:large, max-video-preview:-1\" \/>\n<link rel=\"canonical\" href=\"https:\/\/bogensportdiscount.ch\/fr\/produit\/gillo-recurve-wurfarme-carbon-foam-q5-target\/\" \/>\n<meta property=\"og:locale\" content=\"fr_FR\" \/>\n<meta property=\"og:type\" content=\"article\" \/>\n<meta property=\"og:title\" content=\"GILLO Wurfarme CARBON FOAM Q5 TARGET - Bogensportdiscount \u2013 B\u00f6gen, Pfeile, Targets &amp; Zubeh\u00f6r\" \/>\n<meta property=\"og:description\" content=\"GILLO Wurfarme CARBON FOAM Q5 TARGET g\u00fcnstig kaufen bei Bogensportdiscount \u2013 Top-Marken, schneller Versand aus der Schweiz.\" \/>\n<meta property=\"og:url\" content=\"https:\/\/bogensportdiscount.ch\/fr\/produit\/gillo-recurve-wurfarme-carbon-foam-q5-target\/\" \/>\n<meta property=\"og:site_name\" content=\"Bogensportdiscount \u2013 B\u00f6gen, Pfeile, Targets &amp; Zubeh\u00f6r\" \/>\n<meta property=\"article:modified_time\" content=\"2026-05-14T13:27:29+00:00\" \/>\n<meta property=\"og:image\" content=\"https:\/\/bogensportdiscount.ch\/wp-content\/uploads\/bsm-images\/A088722_1.jpg\" \/>\n\t<meta property=\"og:image:width\" content=\"6641\" \/>\n\t<meta property=\"og:image:height\" content=\"1394\" \/>\n\t<meta property=\"og:image:type\" content=\"image\/jpeg\" \/>\n<meta name=\"twitter:card\" content=\"summary_large_image\" \/>\n<script type=\"application\/ld+json\" class=\"yoast-schema-graph\">{\"@context\":\"https:\\\/\\\/schema.org\",\"@graph\":[{\"@type\":\"WebPage\",\"@id\":\"https:\\\/\\\/bogensportdiscount.ch\\\/produkt\\\/gillo-recurve-wurfarme-carbon-foam-q5-target\\\/\",\"url\":\"https:\\\/\\\/bogensportdiscount.ch\\\/produkt\\\/gillo-recurve-wurfarme-carbon-foam-q5-target\\\/\",\"name\":\"GILLO Wurfarme CARBON FOAM Q5 TARGET - Bogensportdiscount \u2013 B\u00f6gen, Pfeile, Targets &amp; Zubeh\u00f6r\",\"isPartOf\":{\"@id\":\"https:\\\/\\\/bogensportdiscount.ch\\\/#website\"},\"primaryImageOfPage\":{\"@id\":\"https:\\\/\\\/bogensportdiscount.ch\\\/produkt\\\/gillo-recurve-wurfarme-carbon-foam-q5-target\\\/#primaryimage\"},\"image\":{\"@id\":\"https:\\\/\\\/bogensportdiscount.ch\\\/produkt\\\/gillo-recurve-wurfarme-carbon-foam-q5-target\\\/#primaryimage\"},\"thumbnailUrl\":\"https:\\\/\\\/bogensportdiscount.ch\\\/wp-content\\\/uploads\\\/bsm-images\\\/A088722_1.jpg\",\"datePublished\":\"2026-04-05T13:27:41+00:00\",\"dateModified\":\"2026-05-14T13:27:29+00:00\",\"description\":\"GILLO Wurfarme CARBON FOAM Q5 TARGET g\u00fcnstig kaufen bei Bogensportdiscount \u2013 Top-Marken, schneller Versand aus der Schweiz.\",\"breadcrumb\":{\"@id\":\"https:\\\/\\\/bogensportdiscount.ch\\\/produkt\\\/gillo-recurve-wurfarme-carbon-foam-q5-target\\\/#breadcrumb\"},\"inLanguage\":\"fr-FR\",\"potentialAction\":[{\"@type\":\"ReadAction\",\"target\":[\"https:\\\/\\\/bogensportdiscount.ch\\\/produkt\\\/gillo-recurve-wurfarme-carbon-foam-q5-target\\\/\"]}]},{\"@type\":\"ImageObject\",\"inLanguage\":\"fr-FR\",\"@id\":\"https:\\\/\\\/bogensportdiscount.ch\\\/produkt\\\/gillo-recurve-wurfarme-carbon-foam-q5-target\\\/#primaryimage\",\"url\":\"https:\\\/\\\/bogensportdiscount.ch\\\/wp-content\\\/uploads\\\/bsm-images\\\/A088722_1.jpg\",\"contentUrl\":\"https:\\\/\\\/bogensportdiscount.ch\\\/wp-content\\\/uploads\\\/bsm-images\\\/A088722_1.jpg\",\"width\":6641,\"height\":1394},{\"@type\":\"BreadcrumbList\",\"@id\":\"https:\\\/\\\/bogensportdiscount.ch\\\/produkt\\\/gillo-recurve-wurfarme-carbon-foam-q5-target\\\/#breadcrumb\",\"itemListElement\":[{\"@type\":\"ListItem\",\"position\":1,\"name\":\"Home\",\"item\":\"https:\\\/\\\/bogensportdiscount.ch\\\/\"},{\"@type\":\"ListItem\",\"position\":2,\"name\":\"Shop\",\"item\":\"https:\\\/\\\/bogensportdiscount.ch\\\/shop\\\/\"},{\"@type\":\"ListItem\",\"position\":3,\"name\":\"Wurfarme Carbon FOAM GILLO Q5 Target\"}]},{\"@type\":\"WebSite\",\"@id\":\"https:\\\/\\\/bogensportdiscount.ch\\\/#website\",\"url\":\"https:\\\/\\\/bogensportdiscount.ch\\\/\",\"name\":\"Bogensportdiscount\",\"description\":\"\",\"potentialAction\":[{\"@type\":\"SearchAction\",\"target\":{\"@type\":\"EntryPoint\",\"urlTemplate\":\"https:\\\/\\\/bogensportdiscount.ch\\\/?s={search_term_string}\"},\"query-input\":{\"@type\":\"PropertyValueSpecification\",\"valueRequired\":true,\"valueName\":\"search_term_string\"}}],\"inLanguage\":\"fr-FR\"}]}<\/script>\n<!-- \/ Yoast SEO plugin. -->","yoast_head_json":{"title":"GILLO Wurfarme CARBON FOAM Q5 TARGET - Bogensportdiscount \u2013 B\u00f6gen, Pfeile, Targets &amp; Zubeh\u00f6r","description":"GILLO Wurfarme CARBON FOAM Q5 TARGET g\u00fcnstig kaufen bei Bogensportdiscount \u2013 Top-Marken, schneller Versand aus der Schweiz.","robots":{"index":"index","follow":"follow","max-snippet":"max-snippet:-1","max-image-preview":"max-image-preview:large","max-video-preview":"max-video-preview:-1"},"canonical":"https:\/\/bogensportdiscount.ch\/fr\/produit\/gillo-recurve-wurfarme-carbon-foam-q5-target\/","og_locale":"fr_FR","og_type":"article","og_title":"GILLO Wurfarme CARBON FOAM Q5 TARGET - Bogensportdiscount \u2013 B\u00f6gen, Pfeile, Targets &amp; Zubeh\u00f6r","og_description":"GILLO Wurfarme CARBON FOAM Q5 TARGET g\u00fcnstig kaufen bei Bogensportdiscount \u2013 Top-Marken, schneller Versand aus der Schweiz.","og_url":"https:\/\/bogensportdiscount.ch\/fr\/produit\/gillo-recurve-wurfarme-carbon-foam-q5-target\/","og_site_name":"Bogensportdiscount \u2013 B\u00f6gen, Pfeile, Targets &amp; Zubeh\u00f6r","article_modified_time":"2026-05-14T13:27:29+00:00","og_image":[{"url":"https:\/\/bogensportdiscount.ch\/wp-content\/uploads\/bsm-images\/A088722_1.jpg","width":6641,"height":1394,"type":"image\/jpeg"}],"twitter_card":"summary_large_image","schema":{"@context":"https:\/\/schema.org","@graph":[{"@type":"WebPage","@id":"https:\/\/bogensportdiscount.ch\/produkt\/gillo-recurve-wurfarme-carbon-foam-q5-target\/","url":"https:\/\/bogensportdiscount.ch\/produkt\/gillo-recurve-wurfarme-carbon-foam-q5-target\/","name":"GILLO Wurfarme CARBON FOAM Q5 TARGET - Bogensportdiscount \u2013 B\u00f6gen, Pfeile, Targets &amp; Zubeh\u00f6r","isPartOf":{"@id":"https:\/\/bogensportdiscount.ch\/#website"},"primaryImageOfPage":{"@id":"https:\/\/bogensportdiscount.ch\/produkt\/gillo-recurve-wurfarme-carbon-foam-q5-target\/#primaryimage"},"image":{"@id":"https:\/\/bogensportdiscount.ch\/produkt\/gillo-recurve-wurfarme-carbon-foam-q5-target\/#primaryimage"},"thumbnailUrl":"https:\/\/bogensportdiscount.ch\/wp-content\/uploads\/bsm-images\/A088722_1.jpg","datePublished":"2026-04-05T13:27:41+00:00","dateModified":"2026-05-14T13:27:29+00:00","description":"GILLO Wurfarme CARBON FOAM Q5 TARGET g\u00fcnstig kaufen bei Bogensportdiscount \u2013 Top-Marken, schneller Versand aus der Schweiz.","breadcrumb":{"@id":"https:\/\/bogensportdiscount.ch\/produkt\/gillo-recurve-wurfarme-carbon-foam-q5-target\/#breadcrumb"},"inLanguage":"fr-FR","potentialAction":[{"@type":"ReadAction","target":["https:\/\/bogensportdiscount.ch\/produkt\/gillo-recurve-wurfarme-carbon-foam-q5-target\/"]}]},{"@type":"ImageObject","inLanguage":"fr-FR","@id":"https:\/\/bogensportdiscount.ch\/produkt\/gillo-recurve-wurfarme-carbon-foam-q5-target\/#primaryimage","url":"https:\/\/bogensportdiscount.ch\/wp-content\/uploads\/bsm-images\/A088722_1.jpg","contentUrl":"https:\/\/bogensportdiscount.ch\/wp-content\/uploads\/bsm-images\/A088722_1.jpg","width":6641,"height":1394},{"@type":"BreadcrumbList","@id":"https:\/\/bogensportdiscount.ch\/produkt\/gillo-recurve-wurfarme-carbon-foam-q5-target\/#breadcrumb","itemListElement":[{"@type":"ListItem","position":1,"name":"Home","item":"https:\/\/bogensportdiscount.ch\/"},{"@type":"ListItem","position":2,"name":"Shop","item":"https:\/\/bogensportdiscount.ch\/shop\/"},{"@type":"ListItem","position":3,"name":"Wurfarme Carbon FOAM GILLO Q5 Target"}]},{"@type":"WebSite","@id":"https:\/\/bogensportdiscount.ch\/#website","url":"https:\/\/bogensportdiscount.ch\/","name":"Bogensportdiscount","description":"","potentialAction":[{"@type":"SearchAction","target":{"@type":"EntryPoint","urlTemplate":"https:\/\/bogensportdiscount.ch\/?s={search_term_string}"},"query-input":{"@type":"PropertyValueSpecification","valueRequired":true,"valueName":"search_term_string"}}],"inLanguage":"fr-FR"}]}},"_links":{"self":[{"href":"https:\/\/bogensportdiscount.ch\/fr\/wp-json\/wp\/v2\/product\/423875","targetHints":{"allow":["GET"]}}],"collection":[{"href":"https:\/\/bogensportdiscount.ch\/fr\/wp-json\/wp\/v2\/product"}],"about":[{"href":"https:\/\/bogensportdiscount.ch\/fr\/wp-json\/wp\/v2\/types\/product"}],"replies":[{"embeddable":true,"href":"https:\/\/bogensportdiscount.ch\/fr\/wp-json\/wp\/v2\/comments?post=423875"}],"wp:featuredmedia":[{"embeddable":true,"href":"https:\/\/bogensportdiscount.ch\/fr\/wp-json\/wp\/v2\/media\/523364"}],"wp:attachment":[{"href":"https:\/\/bogensportdiscount.ch\/fr\/wp-json\/wp\/v2\/media?parent=423875"}],"wp:term":[{"taxonomy":"product_brand","embeddable":true,"href":"https:\/\/bogensportdiscount.ch\/fr\/wp-json\/wp\/v2\/product_brand?post=423875"},{"taxonomy":"product_cat","embeddable":true,"href":"https:\/\/bogensportdiscount.ch\/fr\/wp-json\/wp\/v2\/product_cat?post=423875"},{"taxonomy":"product_tag","embeddable":true,"href":"https:\/\/bogensportdiscount.ch\/fr\/wp-json\/wp\/v2\/product_tag?post=423875"}],"curies":[{"name":"wp","href":"https:\/\/api.w.org\/{rel}","templated":true}]}}