{"id":422284,"date":"2026-04-05T15:23:52","date_gmt":"2026-04-05T13:23:52","guid":{"rendered":"https:\/\/bogensportdiscount.ch\/produkt\/compound-proven-34-ld-deadlock-cam-rot-mod-rh-60-70lbs-27-5-33-black\/"},"modified":"2026-04-17T13:50:43","modified_gmt":"2026-04-17T11:50:43","slug":"bowtech-compound-proven-34-ld-deadlock-cam-rot-mod","status":"publish","type":"product","link":"https:\/\/bogensportdiscount.ch\/fr\/produit\/bowtech-compound-proven-34-ld-deadlock-cam-rot-mod\/","title":{"rendered":"BOWTECH COMPOUND PROVEN 34 LD DEADLOCK CAM ROUGE. MOD"},"content":{"rendered":"<p>Der BOWTECH Proven 34 LD ist ein Compoundbogen aus dem Hause Bowtech, ausgestattet mit dem Deadlock Cam-System und einem rotierenden Modul (Rot. Mod). Das rotierende Modul erlaubt eine einfache Anpassung des Zuggewichts, ohne den Bogen vollst\u00e4ndig umpfeifen zu m\u00fcssen.<\/p>\n<p>Mit einer Achsenl\u00e4nge von 34 Zoll ist der Proven 34 LD in der Kategorie der Compoundb\u00f6gen unter 35 Zoll eingeordnet und bietet damit eine ausgewogene Balance zwischen Handlichkeit und Stabilit\u00e4t \u2013 sowohl auf dem Hochsitz als auch im Freiland. Der Bogen ist in den Zuggewichtsbereichen 40\u201350 lbs, 50\u201360 lbs und 60\u201370 lbs erh\u00e4ltlich.<\/p>\n<ul>\n<li>Deadlock Cam-System f\u00fcr pr\u00e4zisen und gleichm\u00e4ssigen Zuglauf<\/li>\n<li>Rotierendes Modul zur flexiblen Zuggewichtsanpassung<\/li>\n<li>Verf\u00fcgbar f\u00fcr Links- und Rechtshand<\/li>\n<li>Drei Zuggewichtsstufen von 40 bis 70 lbs<\/li>\n<\/ul>","protected":false},"excerpt":{"rendered":"<p><strong>Marque :<\/strong> Bowtech<br \/><strong>Axle-to-axle (inch):<\/strong> 31,5<br \/><strong>Brace height (inch):<\/strong> 6,25<br \/><strong>Module:<\/strong> Rotating mod<br \/><strong>mat\u00e9riel :<\/strong> Aluminum<\/p>","protected":false},"featured_media":436677,"comment_status":"open","ping_status":"closed","template":"","meta":[],"product_brand":[451],"product_cat":[4524],"product_tag":[],"class_list":{"0":"post-422284","1":"product","2":"type-product","3":"status-publish","4":"has-post-thumbnail","6":"product_brand-bowtech","7":"product_cat-jagdboegen-compound-boegen-boegen","9":"first","10":"instock","11":"shipping-taxable","12":"purchasable","13":"product-type-variable"},"_links":{"self":[{"href":"https:\/\/bogensportdiscount.ch\/fr\/wp-json\/wp\/v2\/product\/422284","targetHints":{"allow":["GET"]}}],"collection":[{"href":"https:\/\/bogensportdiscount.ch\/fr\/wp-json\/wp\/v2\/product"}],"about":[{"href":"https:\/\/bogensportdiscount.ch\/fr\/wp-json\/wp\/v2\/types\/product"}],"replies":[{"embeddable":true,"href":"https:\/\/bogensportdiscount.ch\/fr\/wp-json\/wp\/v2\/comments?post=422284"}],"wp:featuredmedia":[{"embeddable":true,"href":"https:\/\/bogensportdiscount.ch\/fr\/wp-json\/wp\/v2\/media\/436677"}],"wp:attachment":[{"href":"https:\/\/bogensportdiscount.ch\/fr\/wp-json\/wp\/v2\/media?parent=422284"}],"wp:term":[{"taxonomy":"product_brand","embeddable":true,"href":"https:\/\/bogensportdiscount.ch\/fr\/wp-json\/wp\/v2\/product_brand?post=422284"},{"taxonomy":"product_cat","embeddable":true,"href":"https:\/\/bogensportdiscount.ch\/fr\/wp-json\/wp\/v2\/product_cat?post=422284"},{"taxonomy":"product_tag","embeddable":true,"href":"https:\/\/bogensportdiscount.ch\/fr\/wp-json\/wp\/v2\/product_tag?post=422284"}],"curies":[{"name":"wp","href":"https:\/\/api.w.org\/{rel}","templated":true}]}}