{"id":422269,"date":"2026-04-05T15:23:50","date_gmt":"2026-04-05T13:23:50","guid":{"rendered":"https:\/\/bogensportdiscount.ch\/produkt\/extenders-acs-lx-3-black\/"},"modified":"2026-05-14T15:27:25","modified_gmt":"2026-05-14T13:27:25","slug":"wiawis-extender-acs-lx","status":"publish","type":"product","link":"https:\/\/bogensportdiscount.ch\/fr\/produit\/wiawis-extender-acs-lx\/","title":{"rendered":"WIAWIS RALLONGES ACS-LX"},"content":{"rendered":"<p>L'extender WIAWIS ACS-LX permet le montage flexible de stabilisateurs lat\u00e9raux et V-bar sur l'arc. En choisissant la longueur appropri\u00e9e, il est possible de r\u00e9gler pr\u00e9cis\u00e9ment le centre de gravit\u00e9 du syst\u00e8me d'arc, ce qui am\u00e9liore la stabilit\u00e9 au moment du tir.<\/p>\n<p>L'extender est disponible dans les longueurs 3&#8243;, 4&#8243;, 5&#8243; et 6&#8243;, permettant aux archers de personnaliser leur configuration selon leurs besoins. Il fait partie de la gamme ACS-LX de WIAWIS et est con\u00e7u pour une utilisation en comp\u00e9tition sportive.<\/p>\n<ul>\n<li>Disponible en quatre longueurs : 3&#8243;, 4&#8243;, 5&#8243;, 6&#8243;<\/li>\n<li>Compatible avec les syst\u00e8mes de stabilisateurs standard<\/li>\n<li>Permet un r\u00e9glage individuel du centre de gravit\u00e9<\/li>\n<li>Adapt\u00e9 \u00e0 la comp\u00e9tition d'arc classique<\/li>\n<\/ul>","protected":false},"excerpt":{"rendered":"<table>\n<tr>\n<th>Propri\u00e9t\u00e9<\/th>\n<th>Valeur<\/th>\n<\/tr>\n<tr>\n<td>Marque<\/td>\n<td>Wiawis<\/td>\n<\/tr>\n<tr>\n<td>Pays d'origine<\/td>\n<td>Chine<\/td>\n<\/tr>\n<\/table>","protected":false},"featured_media":450105,"comment_status":"open","ping_status":"closed","template":"","meta":[],"product_brand":[473],"product_cat":[4264],"product_tag":[],"class_list":{"0":"post-422269","1":"product","2":"type-product","3":"status-publish","4":"has-post-thumbnail","6":"product_brand-wiawis","7":"product_cat-extender","8":"product_shipping_class-bsd-standard","10":"first","11":"instock","12":"shipping-taxable","13":"purchasable","14":"product-type-variable"},"yoast_head":"<!-- This site is optimized with the Yoast SEO plugin v27.6 - https:\/\/yoast.com\/product\/yoast-seo-wordpress\/ -->\n<title>WIAWIS RALLONGES ACS-LX - Bogensportdiscount \u2013 Arcs, Fl\u00e8ches, Cibles &amp; Accessoires<\/title>\n<meta name=\"description\" content=\"Achetez les WIAWIS RALLONGES ACS-LX \u00e0 prix avantageux chez Bogensportdiscount \u2013 Top marques, livraison rapide depuis la Suisse.\" \/>\n<meta name=\"robots\" content=\"index, follow, max-snippet:-1, max-image-preview:large, max-video-preview:-1\" \/>\n<link rel=\"canonical\" href=\"https:\/\/bogensportdiscount.ch\/fr\/produit\/wiawis-extender-acs-lx\/\" \/>\n<meta property=\"og:locale\" content=\"fr_FR\" \/>\n<meta property=\"og:type\" content=\"article\" \/>\n<meta property=\"og:title\" content=\"WIAWIS RALLONGES ACS-LX - Bogensportdiscount \u2013 Arcs, Fl\u00e8ches, Cibles &amp; Accessoires\" \/>\n<meta property=\"og:description\" content=\"Achetez les WIAWIS RALLONGES ACS-LX \u00e0 prix avantageux chez Bogensportdiscount \u2013 Top marques, livraison rapide depuis la Suisse.\" \/>\n<meta property=\"og:url\" content=\"https:\/\/bogensportdiscount.ch\/fr\/produit\/wiawis-extender-acs-lx\/\" \/>\n<meta property=\"og:site_name\" content=\"Bogensportdiscount \u2013 B\u00f6gen, Pfeile, Targets &amp; Zubeh\u00f6r\" \/>\n<meta property=\"article:modified_time\" content=\"2026-05-14T13:27:25+00:00\" \/>\n<meta property=\"og:image\" content=\"https:\/\/bogensportdiscount.ch\/wp-content\/uploads\/bsm-images\/A087835_1.png\" \/>\n\t<meta property=\"og:image:width\" content=\"579\" \/>\n\t<meta property=\"og:image:height\" content=\"3703\" \/>\n\t<meta property=\"og:image:type\" content=\"image\/png\" \/>\n<meta name=\"twitter:card\" content=\"summary_large_image\" \/>\n<script type=\"application\/ld+json\" class=\"yoast-schema-graph\">{\"@context\":\"https:\\\/\\\/schema.org\",\"@graph\":[{\"@type\":\"WebPage\",\"@id\":\"https:\\\/\\\/bogensportdiscount.ch\\\/produkt\\\/wiawis-extender-acs-lx\\\/\",\"url\":\"https:\\\/\\\/bogensportdiscount.ch\\\/produkt\\\/wiawis-extender-acs-lx\\\/\",\"name\":\"WIAWIS VERL\u00c4NGERUNGEN ACS-LX - Bogensportdiscount \u2013 B\u00f6gen, Pfeile, Targets &amp; Zubeh\u00f6r\",\"isPartOf\":{\"@id\":\"https:\\\/\\\/bogensportdiscount.ch\\\/#website\"},\"primaryImageOfPage\":{\"@id\":\"https:\\\/\\\/bogensportdiscount.ch\\\/produkt\\\/wiawis-extender-acs-lx\\\/#primaryimage\"},\"image\":{\"@id\":\"https:\\\/\\\/bogensportdiscount.ch\\\/produkt\\\/wiawis-extender-acs-lx\\\/#primaryimage\"},\"thumbnailUrl\":\"https:\\\/\\\/bogensportdiscount.ch\\\/wp-content\\\/uploads\\\/bsm-images\\\/A087835_1.png\",\"datePublished\":\"2026-04-05T13:23:50+00:00\",\"dateModified\":\"2026-05-14T13:27:25+00:00\",\"description\":\"WIAWIS VERL\u00c4NGERUNGEN ACS-LX g\u00fcnstig kaufen bei Bogensportdiscount \u2013 Top-Marken, schneller Versand aus der Schweiz.\",\"breadcrumb\":{\"@id\":\"https:\\\/\\\/bogensportdiscount.ch\\\/produkt\\\/wiawis-extender-acs-lx\\\/#breadcrumb\"},\"inLanguage\":\"fr-FR\",\"potentialAction\":[{\"@type\":\"ReadAction\",\"target\":[\"https:\\\/\\\/bogensportdiscount.ch\\\/produkt\\\/wiawis-extender-acs-lx\\\/\"]}]},{\"@type\":\"ImageObject\",\"inLanguage\":\"fr-FR\",\"@id\":\"https:\\\/\\\/bogensportdiscount.ch\\\/produkt\\\/wiawis-extender-acs-lx\\\/#primaryimage\",\"url\":\"https:\\\/\\\/bogensportdiscount.ch\\\/wp-content\\\/uploads\\\/bsm-images\\\/A087835_1.png\",\"contentUrl\":\"https:\\\/\\\/bogensportdiscount.ch\\\/wp-content\\\/uploads\\\/bsm-images\\\/A087835_1.png\",\"width\":579,\"height\":3703},{\"@type\":\"BreadcrumbList\",\"@id\":\"https:\\\/\\\/bogensportdiscount.ch\\\/produkt\\\/wiawis-extender-acs-lx\\\/#breadcrumb\",\"itemListElement\":[{\"@type\":\"ListItem\",\"position\":1,\"name\":\"Home\",\"item\":\"https:\\\/\\\/bogensportdiscount.ch\\\/\"},{\"@type\":\"ListItem\",\"position\":2,\"name\":\"Shop\",\"item\":\"https:\\\/\\\/bogensportdiscount.ch\\\/shop\\\/\"},{\"@type\":\"ListItem\",\"position\":3,\"name\":\"WIAWIS VERLAENGERUNGEN ACS-LX\"}]},{\"@type\":\"WebSite\",\"@id\":\"https:\\\/\\\/bogensportdiscount.ch\\\/#website\",\"url\":\"https:\\\/\\\/bogensportdiscount.ch\\\/\",\"name\":\"Bogensportdiscount\",\"description\":\"\",\"potentialAction\":[{\"@type\":\"SearchAction\",\"target\":{\"@type\":\"EntryPoint\",\"urlTemplate\":\"https:\\\/\\\/bogensportdiscount.ch\\\/?s={search_term_string}\"},\"query-input\":{\"@type\":\"PropertyValueSpecification\",\"valueRequired\":true,\"valueName\":\"search_term_string\"}}],\"inLanguage\":\"fr-FR\"}]}<\/script>\n<!-- \/ Yoast SEO plugin. -->","yoast_head_json":{"title":"WIAWIS RALLONGES ACS-LX - Bogensportdiscount \u2013 Arcs, Fl\u00e8ches, Cibles &amp; Accessoires","description":"Achetez les WIAWIS RALLONGES ACS-LX \u00e0 prix avantageux chez Bogensportdiscount \u2013 Top marques, livraison rapide depuis la Suisse.","robots":{"index":"index","follow":"follow","max-snippet":"max-snippet:-1","max-image-preview":"max-image-preview:large","max-video-preview":"max-video-preview:-1"},"canonical":"https:\/\/bogensportdiscount.ch\/fr\/produit\/wiawis-extender-acs-lx\/","og_locale":"fr_FR","og_type":"article","og_title":"WIAWIS RALLONGES ACS-LX - Bogensportdiscount \u2013 Arcs, Fl\u00e8ches, Cibles &amp; Accessoires","og_description":"Achetez les WIAWIS RALLONGES ACS-LX \u00e0 prix avantageux chez Bogensportdiscount \u2013 Top marques, livraison rapide depuis la Suisse.","og_url":"https:\/\/bogensportdiscount.ch\/fr\/produit\/wiawis-extender-acs-lx\/","og_site_name":"Bogensportdiscount \u2013 B\u00f6gen, Pfeile, Targets &amp; Zubeh\u00f6r","article_modified_time":"2026-05-14T13:27:25+00:00","og_image":[{"width":579,"height":3703,"url":"https:\/\/bogensportdiscount.ch\/wp-content\/uploads\/bsm-images\/A087835_1.png","type":"image\/png"}],"twitter_card":"summary_large_image","schema":{"@context":"https:\/\/schema.org","@graph":[{"@type":"WebPage","@id":"https:\/\/bogensportdiscount.ch\/produkt\/wiawis-extender-acs-lx\/","url":"https:\/\/bogensportdiscount.ch\/produkt\/wiawis-extender-acs-lx\/","name":"WIAWIS RALLONGES ACS-LX - Bogensportdiscount \u2013 Arcs, Fl\u00e8ches, Cibles &amp; Accessoires","isPartOf":{"@id":"https:\/\/bogensportdiscount.ch\/#website"},"primaryImageOfPage":{"@id":"https:\/\/bogensportdiscount.ch\/produkt\/wiawis-extender-acs-lx\/#primaryimage"},"image":{"@id":"https:\/\/bogensportdiscount.ch\/produkt\/wiawis-extender-acs-lx\/#primaryimage"},"thumbnailUrl":"https:\/\/bogensportdiscount.ch\/wp-content\/uploads\/bsm-images\/A087835_1.png","datePublished":"2026-04-05T13:23:50+00:00","dateModified":"2026-05-14T13:27:25+00:00","description":"Achetez les WIAWIS RALLONGES ACS-LX \u00e0 prix avantageux chez Bogensportdiscount \u2013 Top marques, livraison rapide depuis la Suisse.","breadcrumb":{"@id":"https:\/\/bogensportdiscount.ch\/produkt\/wiawis-extender-acs-lx\/#breadcrumb"},"inLanguage":"fr-FR","potentialAction":[{"@type":"ReadAction","target":["https:\/\/bogensportdiscount.ch\/produkt\/wiawis-extender-acs-lx\/"]}]},{"@type":"ImageObject","inLanguage":"fr-FR","@id":"https:\/\/bogensportdiscount.ch\/produkt\/wiawis-extender-acs-lx\/#primaryimage","url":"https:\/\/bogensportdiscount.ch\/wp-content\/uploads\/bsm-images\/A087835_1.png","contentUrl":"https:\/\/bogensportdiscount.ch\/wp-content\/uploads\/bsm-images\/A087835_1.png","width":579,"height":3703},{"@type":"BreadcrumbList","@id":"https:\/\/bogensportdiscount.ch\/produkt\/wiawis-extender-acs-lx\/#breadcrumb","itemListElement":[{"@type":"ListItem","position":1,"name":"Home","item":"https:\/\/bogensportdiscount.ch\/"},{"@type":"ListItem","position":2,"name":"Shop","item":"https:\/\/bogensportdiscount.ch\/shop\/"},{"@type":"ListItem","position":3,"name":"WIAWIS VERLAENGERUNGEN ACS-LX"}]},{"@type":"WebSite","@id":"https:\/\/bogensportdiscount.ch\/#website","url":"https:\/\/bogensportdiscount.ch\/","name":"Bogensportdiscount","description":"","potentialAction":[{"@type":"SearchAction","target":{"@type":"EntryPoint","urlTemplate":"https:\/\/bogensportdiscount.ch\/?s={search_term_string}"},"query-input":{"@type":"PropertyValueSpecification","valueRequired":true,"valueName":"search_term_string"}}],"inLanguage":"fr-FR"}]}},"_links":{"self":[{"href":"https:\/\/bogensportdiscount.ch\/fr\/wp-json\/wp\/v2\/product\/422269","targetHints":{"allow":["GET"]}}],"collection":[{"href":"https:\/\/bogensportdiscount.ch\/fr\/wp-json\/wp\/v2\/product"}],"about":[{"href":"https:\/\/bogensportdiscount.ch\/fr\/wp-json\/wp\/v2\/types\/product"}],"replies":[{"embeddable":true,"href":"https:\/\/bogensportdiscount.ch\/fr\/wp-json\/wp\/v2\/comments?post=422269"}],"wp:featuredmedia":[{"embeddable":true,"href":"https:\/\/bogensportdiscount.ch\/fr\/wp-json\/wp\/v2\/media\/450105"}],"wp:attachment":[{"href":"https:\/\/bogensportdiscount.ch\/fr\/wp-json\/wp\/v2\/media?parent=422269"}],"wp:term":[{"taxonomy":"product_brand","embeddable":true,"href":"https:\/\/bogensportdiscount.ch\/fr\/wp-json\/wp\/v2\/product_brand?post=422269"},{"taxonomy":"product_cat","embeddable":true,"href":"https:\/\/bogensportdiscount.ch\/fr\/wp-json\/wp\/v2\/product_cat?post=422269"},{"taxonomy":"product_tag","embeddable":true,"href":"https:\/\/bogensportdiscount.ch\/fr\/wp-json\/wp\/v2\/product_tag?post=422269"}],"curies":[{"name":"wp","href":"https:\/\/api.w.org\/{rel}","templated":true}]}}