{"id":422148,"date":"2026-04-05T15:23:35","date_gmt":"2026-04-05T13:23:35","guid":{"rendered":"https:\/\/bogensportdiscount.ch\/produkt\/driver-plus-slider-for-mathews-bridge-lock-accustat-ii-scope-rh-5-pin-019-stealth\/"},"modified":"2026-04-21T09:22:15","modified_gmt":"2026-04-21T07:22:15","slug":"axcel-driver-plus-slider-picatinny-accustat-ii-scope-rh-5-pin-019-tactical","status":"publish","type":"product","link":"https:\/\/bogensportdiscount.ch\/fr\/produit\/axcel-driver-plus-slider-picatinny-accustat-ii-scope-rh-5-pin-019-tactical\/","title":{"rendered":"AXCEL DRIVER PLUS SLIDER FUER MATHEWS BRIDGE-LOCK ACCUSTAT II ZIELFERNROHR &#8211; RH 5-PIN .019"},"content":{"rendered":"<p>Das AXCEL Driver Plus Slider Picatinny AccuStat II Scope ist ein Compound-Visier f\u00fcr Rechtsh\u00e4nder, ausgelegt f\u00fcr den Einsatz bei der Jagd sowie im 3D-Bogensport. Die integrierte Picatinny-Schiene erm\u00f6glicht die Montage von Zubeh\u00f6r direkt am Visier.<\/p>\n<p>Das Visier ist mit dem AccuStat II Scope ausgestattet und bietet 5 Pins mit einem Fadendurchmesser von .019 Zoll. Die Slider-Funktion erlaubt eine pr\u00e4zise Entfernungseinstellung w\u00e4hrend des Schusses. Die Tactical-Ausf\u00fchrung richtet sich an Bogensch\u00fctzen mit erh\u00f6hten Anforderungen an Robustheit und Funktionalit\u00e4t.<\/p>\n<ul>\n<li>5-Pin-Konfiguration mit .019 Fadendurchmesser<\/li>\n<li>Picatinny-Schiene f\u00fcr Zubeh\u00f6rmontage<\/li>\n<li>AccuStat II Scope integriert<\/li>\n<li>F\u00fcr Rechtsh\u00e4nder, Tactical-Ausf\u00fchrung<\/li>\n<\/ul>","protected":false},"excerpt":{"rendered":"<p>Das AXCEL Driver Plus Slider ist ein rechtsh\u00e4ndiges Compound-Visier mit Picatinny-Schiene und AccuStat II Scope. Es verf\u00fcgt \u00fcber 5 Pins mit einem Fadendurchmesser von .019 und ist in der Tactical-Ausf\u00fchrung erh\u00e4ltlich. Hergestellt in den USA.<\/p>","protected":false},"featured_media":452079,"comment_status":"open","ping_status":"closed","template":"","meta":[],"product_brand":[467],"product_cat":[4263],"product_tag":[],"class_list":{"0":"post-422148","1":"product","2":"type-product","3":"status-publish","4":"has-post-thumbnail","6":"product_brand-axcel","7":"product_cat-jagd-und-3d-visiere","8":"product_shipping_class-bsd-standard","10":"first","11":"instock","12":"shipping-taxable","13":"purchasable","14":"product-type-variable"},"yoast_head":"<!-- This site is optimized with the Yoast SEO plugin v27.4 - https:\/\/yoast.com\/product\/yoast-seo-wordpress\/ -->\n<title>AXCEL DRIVER PLUS SLIDER POUR LUNETTE MATHEWS BRIDGE-LOCK ACCUSTAT II - RH 5 broches .019 - Bogensportdiscount \u2013 Arcs, fl\u00e8ches, cibles et accessoires<\/title>\n<meta name=\"description\" content=\"AXCEL DRIVER PLUS SLIDER POUR LUNETTE DE VIS\u00c9E MATHEWS BRIDGE-LOCK ACCUSTAT II - RH 5 broches .019 : achetez-le \u00e0 prix avantageux chez Bogensportdiscount \u2013 Les meilleures marques, livraison rapide depuis la Suisse.\" \/>\n<meta name=\"robots\" content=\"index, follow, max-snippet:-1, max-image-preview:large, max-video-preview:-1\" \/>\n<link rel=\"canonical\" href=\"https:\/\/bogensportdiscount.ch\/fr\/produit\/axcel-driver-plus-slider-picatinny-accustat-ii-scope-rh-5-pin-019-tactical\/\" \/>\n<meta property=\"og:locale\" content=\"fr_FR\" \/>\n<meta property=\"og:type\" content=\"article\" \/>\n<meta property=\"og:title\" content=\"AXCEL DRIVER PLUS SLIDER POUR LUNETTE MATHEWS BRIDGE-LOCK ACCUSTAT II - RH 5 broches .019 - Bogensportdiscount \u2013 Arcs, fl\u00e8ches, cibles et accessoires\" \/>\n<meta property=\"og:description\" content=\"AXCEL DRIVER PLUS SLIDER POUR LUNETTE DE VIS\u00c9E MATHEWS BRIDGE-LOCK ACCUSTAT II - RH 5 broches .019 : achetez-le \u00e0 prix avantageux chez Bogensportdiscount \u2013 Les meilleures marques, livraison rapide depuis la Suisse.\" \/>\n<meta property=\"og:url\" content=\"https:\/\/bogensportdiscount.ch\/fr\/produit\/axcel-driver-plus-slider-picatinny-accustat-ii-scope-rh-5-pin-019-tactical\/\" \/>\n<meta property=\"og:site_name\" content=\"Bogensportdiscount \u2013 B\u00f6gen, Pfeile, Targets &amp; Zubeh\u00f6r\" \/>\n<meta property=\"article:modified_time\" content=\"2026-04-21T07:22:15+00:00\" \/>\n<meta property=\"og:image\" content=\"https:\/\/bogensportdiscount.ch\/wp-content\/uploads\/bsm-images\/A087642_1.png\" \/>\n\t<meta property=\"og:image:width\" content=\"1440\" \/>\n\t<meta property=\"og:image:height\" content=\"1440\" \/>\n\t<meta property=\"og:image:type\" content=\"image\/png\" \/>\n<meta name=\"twitter:card\" content=\"summary_large_image\" \/>\n<meta name=\"twitter:label1\" content=\"Dur\u00e9e de lecture estim\u00e9e\" \/>\n\t<meta name=\"twitter:data1\" content=\"1 minute\" \/>\n<script type=\"application\/ld+json\" class=\"yoast-schema-graph\">{\"@context\":\"https:\\\/\\\/schema.org\",\"@graph\":[{\"@type\":\"WebPage\",\"@id\":\"https:\\\/\\\/bogensportdiscount.ch\\\/produkt\\\/axcel-driver-plus-slider-picatinny-accustat-ii-scope-rh-5-pin-019-tactical\\\/\",\"url\":\"https:\\\/\\\/bogensportdiscount.ch\\\/produkt\\\/axcel-driver-plus-slider-picatinny-accustat-ii-scope-rh-5-pin-019-tactical\\\/\",\"name\":\"AXCEL DRIVER PLUS SLIDER FUER MATHEWS BRIDGE-LOCK ACCUSTAT II ZIELFERNROHR - RH 5-PIN .019 - Bogensportdiscount \u2013 B\u00f6gen, Pfeile, Targets &amp; Zubeh\u00f6r\",\"isPartOf\":{\"@id\":\"https:\\\/\\\/bogensportdiscount.ch\\\/#website\"},\"primaryImageOfPage\":{\"@id\":\"https:\\\/\\\/bogensportdiscount.ch\\\/produkt\\\/axcel-driver-plus-slider-picatinny-accustat-ii-scope-rh-5-pin-019-tactical\\\/#primaryimage\"},\"image\":{\"@id\":\"https:\\\/\\\/bogensportdiscount.ch\\\/produkt\\\/axcel-driver-plus-slider-picatinny-accustat-ii-scope-rh-5-pin-019-tactical\\\/#primaryimage\"},\"thumbnailUrl\":\"https:\\\/\\\/bogensportdiscount.ch\\\/wp-content\\\/uploads\\\/bsm-images\\\/A087642_1.png\",\"datePublished\":\"2026-04-05T13:23:35+00:00\",\"dateModified\":\"2026-04-21T07:22:15+00:00\",\"description\":\"AXCEL DRIVER PLUS SLIDER FUER MATHEWS BRIDGE-LOCK ACCUSTAT II ZIELFERNROHR - RH 5-PIN .019 g\u00fcnstig kaufen bei Bogensportdiscount \u2013 Top-Marken, schneller Versand aus der Schweiz.\",\"breadcrumb\":{\"@id\":\"https:\\\/\\\/bogensportdiscount.ch\\\/produkt\\\/axcel-driver-plus-slider-picatinny-accustat-ii-scope-rh-5-pin-019-tactical\\\/#breadcrumb\"},\"inLanguage\":\"fr-FR\",\"potentialAction\":[{\"@type\":\"ReadAction\",\"target\":[\"https:\\\/\\\/bogensportdiscount.ch\\\/produkt\\\/axcel-driver-plus-slider-picatinny-accustat-ii-scope-rh-5-pin-019-tactical\\\/\"]}]},{\"@type\":\"ImageObject\",\"inLanguage\":\"fr-FR\",\"@id\":\"https:\\\/\\\/bogensportdiscount.ch\\\/produkt\\\/axcel-driver-plus-slider-picatinny-accustat-ii-scope-rh-5-pin-019-tactical\\\/#primaryimage\",\"url\":\"https:\\\/\\\/bogensportdiscount.ch\\\/wp-content\\\/uploads\\\/bsm-images\\\/A087642_1.png\",\"contentUrl\":\"https:\\\/\\\/bogensportdiscount.ch\\\/wp-content\\\/uploads\\\/bsm-images\\\/A087642_1.png\",\"width\":1440,\"height\":1440},{\"@type\":\"BreadcrumbList\",\"@id\":\"https:\\\/\\\/bogensportdiscount.ch\\\/produkt\\\/axcel-driver-plus-slider-picatinny-accustat-ii-scope-rh-5-pin-019-tactical\\\/#breadcrumb\",\"itemListElement\":[{\"@type\":\"ListItem\",\"position\":1,\"name\":\"Home\",\"item\":\"https:\\\/\\\/bogensportdiscount.ch\\\/\"},{\"@type\":\"ListItem\",\"position\":2,\"name\":\"Shop\",\"item\":\"https:\\\/\\\/bogensportdiscount.ch\\\/shop\\\/\"},{\"@type\":\"ListItem\",\"position\":3,\"name\":\"AXCEL DRIVER PLUS SLIDER FUER MATHEWS BRIDGE-LOCK ACCUSTAT II ZIELFERNROHR &#8211; RH 5-PIN .019\"}]},{\"@type\":\"WebSite\",\"@id\":\"https:\\\/\\\/bogensportdiscount.ch\\\/#website\",\"url\":\"https:\\\/\\\/bogensportdiscount.ch\\\/\",\"name\":\"Bogensportdiscount\",\"description\":\"\",\"potentialAction\":[{\"@type\":\"SearchAction\",\"target\":{\"@type\":\"EntryPoint\",\"urlTemplate\":\"https:\\\/\\\/bogensportdiscount.ch\\\/?s={search_term_string}\"},\"query-input\":{\"@type\":\"PropertyValueSpecification\",\"valueRequired\":true,\"valueName\":\"search_term_string\"}}],\"inLanguage\":\"fr-FR\"}]}<\/script>\n<!-- \/ Yoast SEO plugin. -->","yoast_head_json":{"title":"AXCEL DRIVER PLUS SLIDER POUR LUNETTE MATHEWS BRIDGE-LOCK ACCUSTAT II - RH 5 broches .019 - Bogensportdiscount \u2013 Arcs, fl\u00e8ches, cibles et accessoires","description":"AXCEL DRIVER PLUS SLIDER POUR LUNETTE DE VIS\u00c9E MATHEWS BRIDGE-LOCK ACCUSTAT II - RH 5 broches .019 : achetez-le \u00e0 prix avantageux chez Bogensportdiscount \u2013 Les meilleures marques, livraison rapide depuis la Suisse.","robots":{"index":"index","follow":"follow","max-snippet":"max-snippet:-1","max-image-preview":"max-image-preview:large","max-video-preview":"max-video-preview:-1"},"canonical":"https:\/\/bogensportdiscount.ch\/fr\/produit\/axcel-driver-plus-slider-picatinny-accustat-ii-scope-rh-5-pin-019-tactical\/","og_locale":"fr_FR","og_type":"article","og_title":"AXCEL DRIVER PLUS SLIDER POUR LUNETTE MATHEWS BRIDGE-LOCK ACCUSTAT II - RH 5 broches .019 - Bogensportdiscount \u2013 Arcs, fl\u00e8ches, cibles et accessoires","og_description":"AXCEL DRIVER PLUS SLIDER POUR LUNETTE DE VIS\u00c9E MATHEWS BRIDGE-LOCK ACCUSTAT II - RH 5 broches .019 : achetez-le \u00e0 prix avantageux chez Bogensportdiscount \u2013 Les meilleures marques, livraison rapide depuis la Suisse.","og_url":"https:\/\/bogensportdiscount.ch\/fr\/produit\/axcel-driver-plus-slider-picatinny-accustat-ii-scope-rh-5-pin-019-tactical\/","og_site_name":"Bogensportdiscount \u2013 B\u00f6gen, Pfeile, Targets &amp; Zubeh\u00f6r","article_modified_time":"2026-04-21T07:22:15+00:00","og_image":[{"width":1440,"height":1440,"url":"https:\/\/bogensportdiscount.ch\/wp-content\/uploads\/bsm-images\/A087642_1.png","type":"image\/png"}],"twitter_card":"summary_large_image","twitter_misc":{"Dur\u00e9e de lecture estim\u00e9e":"1 minute"},"schema":{"@context":"https:\/\/schema.org","@graph":[{"@type":"WebPage","@id":"https:\/\/bogensportdiscount.ch\/produkt\/axcel-driver-plus-slider-picatinny-accustat-ii-scope-rh-5-pin-019-tactical\/","url":"https:\/\/bogensportdiscount.ch\/produkt\/axcel-driver-plus-slider-picatinny-accustat-ii-scope-rh-5-pin-019-tactical\/","name":"AXCEL DRIVER PLUS SLIDER POUR LUNETTE MATHEWS BRIDGE-LOCK ACCUSTAT II - RH 5 broches .019 - Bogensportdiscount \u2013 Arcs, fl\u00e8ches, cibles et accessoires","isPartOf":{"@id":"https:\/\/bogensportdiscount.ch\/#website"},"primaryImageOfPage":{"@id":"https:\/\/bogensportdiscount.ch\/produkt\/axcel-driver-plus-slider-picatinny-accustat-ii-scope-rh-5-pin-019-tactical\/#primaryimage"},"image":{"@id":"https:\/\/bogensportdiscount.ch\/produkt\/axcel-driver-plus-slider-picatinny-accustat-ii-scope-rh-5-pin-019-tactical\/#primaryimage"},"thumbnailUrl":"https:\/\/bogensportdiscount.ch\/wp-content\/uploads\/bsm-images\/A087642_1.png","datePublished":"2026-04-05T13:23:35+00:00","dateModified":"2026-04-21T07:22:15+00:00","description":"AXCEL DRIVER PLUS SLIDER POUR LUNETTE DE VIS\u00c9E MATHEWS BRIDGE-LOCK ACCUSTAT II - RH 5 broches .019 : achetez-le \u00e0 prix avantageux chez Bogensportdiscount \u2013 Les meilleures marques, livraison rapide depuis la Suisse.","breadcrumb":{"@id":"https:\/\/bogensportdiscount.ch\/produkt\/axcel-driver-plus-slider-picatinny-accustat-ii-scope-rh-5-pin-019-tactical\/#breadcrumb"},"inLanguage":"fr-FR","potentialAction":[{"@type":"ReadAction","target":["https:\/\/bogensportdiscount.ch\/produkt\/axcel-driver-plus-slider-picatinny-accustat-ii-scope-rh-5-pin-019-tactical\/"]}]},{"@type":"ImageObject","inLanguage":"fr-FR","@id":"https:\/\/bogensportdiscount.ch\/produkt\/axcel-driver-plus-slider-picatinny-accustat-ii-scope-rh-5-pin-019-tactical\/#primaryimage","url":"https:\/\/bogensportdiscount.ch\/wp-content\/uploads\/bsm-images\/A087642_1.png","contentUrl":"https:\/\/bogensportdiscount.ch\/wp-content\/uploads\/bsm-images\/A087642_1.png","width":1440,"height":1440},{"@type":"BreadcrumbList","@id":"https:\/\/bogensportdiscount.ch\/produkt\/axcel-driver-plus-slider-picatinny-accustat-ii-scope-rh-5-pin-019-tactical\/#breadcrumb","itemListElement":[{"@type":"ListItem","position":1,"name":"Home","item":"https:\/\/bogensportdiscount.ch\/"},{"@type":"ListItem","position":2,"name":"Shop","item":"https:\/\/bogensportdiscount.ch\/shop\/"},{"@type":"ListItem","position":3,"name":"AXCEL DRIVER PLUS SLIDER FUER MATHEWS BRIDGE-LOCK ACCUSTAT II ZIELFERNROHR &#8211; RH 5-PIN .019"}]},{"@type":"WebSite","@id":"https:\/\/bogensportdiscount.ch\/#website","url":"https:\/\/bogensportdiscount.ch\/","name":"Bogensportdiscount","description":"","potentialAction":[{"@type":"SearchAction","target":{"@type":"EntryPoint","urlTemplate":"https:\/\/bogensportdiscount.ch\/?s={search_term_string}"},"query-input":{"@type":"PropertyValueSpecification","valueRequired":true,"valueName":"search_term_string"}}],"inLanguage":"fr-FR"}]}},"_links":{"self":[{"href":"https:\/\/bogensportdiscount.ch\/fr\/wp-json\/wp\/v2\/product\/422148","targetHints":{"allow":["GET"]}}],"collection":[{"href":"https:\/\/bogensportdiscount.ch\/fr\/wp-json\/wp\/v2\/product"}],"about":[{"href":"https:\/\/bogensportdiscount.ch\/fr\/wp-json\/wp\/v2\/types\/product"}],"replies":[{"embeddable":true,"href":"https:\/\/bogensportdiscount.ch\/fr\/wp-json\/wp\/v2\/comments?post=422148"}],"wp:featuredmedia":[{"embeddable":true,"href":"https:\/\/bogensportdiscount.ch\/fr\/wp-json\/wp\/v2\/media\/452079"}],"wp:attachment":[{"href":"https:\/\/bogensportdiscount.ch\/fr\/wp-json\/wp\/v2\/media?parent=422148"}],"wp:term":[{"taxonomy":"product_brand","embeddable":true,"href":"https:\/\/bogensportdiscount.ch\/fr\/wp-json\/wp\/v2\/product_brand?post=422148"},{"taxonomy":"product_cat","embeddable":true,"href":"https:\/\/bogensportdiscount.ch\/fr\/wp-json\/wp\/v2\/product_cat?post=422148"},{"taxonomy":"product_tag","embeddable":true,"href":"https:\/\/bogensportdiscount.ch\/fr\/wp-json\/wp\/v2\/product_tag?post=422148"}],"curies":[{"name":"wp","href":"https:\/\/api.w.org\/{rel}","templated":true}]}}